{"id":6385,"date":"2021-10-27T06:55:04","date_gmt":"2021-10-27T03:55:04","guid":{"rendered":"https:\/\/prostatefocaltherapies.com\/%d8%a7%d9%84%d8%b9%d8%b1%d9%88%d8%b6-%d8%a7%d9%84%d8%af%d9%88%d9%84%d9%8a%d8%a9\/"},"modified":"2025-09-26T06:30:16","modified_gmt":"2025-09-26T03:30:16","slug":"%d8%a7%d9%84%d8%b9%d8%b1%d9%88%d8%b6-%d8%a7%d9%84%d8%af%d9%88%d9%84%d9%8a%d8%a9","status":"publish","type":"page","link":"https:\/\/prostatefocaltherapies.com\/ar\/%d8%a7%d9%84%d8%b9%d8%b1%d9%88%d8%b6-%d8%a7%d9%84%d8%af%d9%88%d9%84%d9%8a%d8%a9\/","title":{"rendered":"\u0627\u0644\u0639\u0631\u0648\u0636 \u0627\u0644\u062f\u0648\u0644\u064a\u0629"},"content":{"rendered":"\t\t<div data-elementor-type=\"wp-page\" data-elementor-id=\"6385\" class=\"elementor elementor-6385 elementor-842\" data-elementor-post-type=\"page\">\n\t\t\t\t\t\t<section class=\"elementor-section elementor-top-section elementor-element elementor-element-200966f elementor-section-boxed elementor-section-height-default elementor-section-height-default\" data-id=\"200966f\" data-element_type=\"section\">\n\t\t\t\t\t\t<div class=\"elementor-container elementor-column-gap-default\">\n\t\t\t\t\t<div class=\"elementor-column elementor-col-100 elementor-top-column elementor-element elementor-element-0137aa2\" data-id=\"0137aa2\" data-element_type=\"column\" data-settings=\"{&quot;background_background&quot;:&quot;classic&quot;}\">\n\t\t\t<div class=\"elementor-widget-wrap elementor-element-populated\">\n\t\t\t\t\t\t<div class=\"elementor-element elementor-element-43d5dac elementor-widget elementor-widget-heading\" data-id=\"43d5dac\" data-element_type=\"widget\" data-widget_type=\"heading.default\">\n\t\t\t\t<div class=\"elementor-widget-container\">\n\t\t\t\t\t<h1 class=\"elementor-heading-title elementor-size-default\"> \u0627\u0644\u0639\u0631\u0648\u0636 \u0627\u0644\u062f\u0648\u0644\u064a\u0629<\/h1>\t\t\t\t<\/div>\n\t\t\t\t<\/div>\n\t\t\t\t\t<\/div>\n\t\t<\/div>\n\t\t\t\t\t<\/div>\n\t\t<\/section>\n\t\t\t\t<section class=\"elementor-section elementor-top-section elementor-element elementor-element-459aa05 elementor-section-boxed elementor-section-height-default elementor-section-height-default\" data-id=\"459aa05\" data-element_type=\"section\">\n\t\t\t\t\t\t<div class=\"elementor-container elementor-column-gap-default\">\n\t\t\t\t\t<div class=\"elementor-column elementor-col-100 elementor-top-column elementor-element elementor-element-1e570e39\" data-id=\"1e570e39\" data-element_type=\"column\">\n\t\t\t<div class=\"elementor-widget-wrap elementor-element-populated\">\n\t\t\t\t\t\t<div class=\"elementor-element elementor-element-5a639d37 elementor-widget elementor-widget-text-editor\" data-id=\"5a639d37\" data-element_type=\"widget\" data-widget_type=\"text-editor.default\">\n\t\t\t\t<div class=\"elementor-widget-container\">\n\t\t\t\t\t\t\t\t\t\n<p><strong>1.<\/strong> Tamam M \u0648 Adalet I \u0648 <strong>Bakir B \u0648<\/strong> T\u00fcrkmen C \u0648 Darendeliler F \u0648 Ba\u015f F \u0648 Sanl\u0131 Y \u0648 Kuyumcu S \u0648 Cantez S. <em>&#8220;\u062f\u0648\u0631 \u0623\u0633\u0627\u0644\u064a\u0628 \u0627\u0644\u062a\u0635\u0648\u064a\u0631 \u0628\u0627\u0644\u0645\u0648\u062c\u0627\u062a \u0641\u0648\u0642 \u0627\u0644\u0635\u0648\u062a\u064a\u0629 \u0648\u0627\u0644\u0648\u0645\u0636\u0627\u0646\u064a\u0629 \u0641\u064a \u062a\u062d\u062f\u064a\u062f \u0645\u0633\u0628\u0628\u0627\u062a \u0642\u0635\u0648\u0631 \u0627\u0644\u063a\u062f\u0629 \u0627\u0644\u062f\u0631\u0642\u064a\u0629 \u0627\u0644\u062e\u0644\u0642\u064a &#8221;<\/em> . \u0627\u0644\u0645\u0624\u062a\u0645\u0631 \u0627\u0644\u0633\u0646\u0648\u064a \u0644\u0644\u062c\u0645\u0639\u064a\u0629 \u0627\u0644\u0623\u0648\u0631\u0648\u0628\u064a\u0629 \u0644\u0644\u0637\u0628 \u0627\u0644\u0646\u0648\u0648\u064a \u060c \u0623\u062b\u064a\u0646\u0627 \u060c 2006<\/p>\n\n<p><strong>2.<\/strong> Tamam M \u0648 <strong>Bakir B \u0648<\/strong> Adalet I \u0648 Darendeliler F \u0648 Ba\u015f F \u0648 Sanl\u0131 Y \u0648 Cantez S. <em>&#8220;\u062a\u0642\u064a\u064a\u0645 \u0627\u0644\u063a\u062f\u0629 \u0627\u0644\u062f\u0631\u0642\u064a\u0629 \u062e\u0627\u0631\u062c \u0627\u0644\u0631\u062d\u0645 \u0639\u0646\u062f \u0627\u0644\u0623\u0637\u0641\u0627\u0644 \u0627\u0644\u0645\u0635\u0627\u0628\u064a\u0646 \u0628\u0642\u0635\u0648\u0631 \u0627\u0644\u063a\u062f\u0629 \u0627\u0644\u062f\u0631\u0642\u064a\u0629 \u0627\u0644\u062e\u0644\u0642\u064a \u0639\u0646 \u0637\u0631\u064a\u0642 \u0627\u0644\u062a\u0635\u0648\u064a\u0631 \u0628\u0627\u0644\u0645\u0648\u062c\u0627\u062a \u0641\u0648\u0642 \u0627\u0644\u0635\u0648\u062a\u064a\u0629 \u062f\u0648\u0628\u0644\u0631 \u0627\u0644\u0645\u0644\u0648\u0646 \u0648\u062a\u0635\u0648\u064a\u0631 \u0627\u0644\u0646\u0648\u064a\u062f\u0627\u062a \u0627\u0644\u0645\u0634\u0639\u0629 &#8221;.<\/em> \u0627\u0644\u0645\u0624\u062a\u0645\u0631 \u0627\u0644\u0633\u0646\u0648\u064a \u0644\u0644\u062c\u0645\u0639\u064a\u0629 \u0627\u0644\u0623\u0648\u0631\u0648\u0628\u064a\u0629 \u0644\u0644\u0637\u0628 \u0627\u0644\u0646\u0648\u0648\u064a \u060c \u0623\u062b\u064a\u0646\u0627 \u060c 2006<\/p>\n\n<p><strong>3<\/strong> . <em>Salmaslioglu<\/em> A\u060c Tunaci M\u060c Acunas G\u060c <strong>Bakir B\u060c<\/strong> Ucar A\u060c Guven K\u060c Adalet I\u060c Erbil Y.<\/p>\n\n<p><strong>4<\/strong> . Guven K\u060c Terzibasioglu E\u060c Ucar A\u060c <strong>Bakir B.<\/strong> <em>&#8221; \u0627\u0644\u0642\u064a\u0644\u0629 \u0627\u0644\u0645\u062e\u0627\u0637\u064a\u0629 \u0644\u0644\u0645\u0631\u064a\u0621 \u0627\u0644\u062a\u064a \u062a\u0633\u0628\u0628 \u0623\u0639\u0631\u0627\u0636 \u0627\u0644\u0630\u0628\u062d\u0629 \u0627\u0644\u0635\u062f\u0631\u064a\u0629 \u0627\u0644\u0645\u0639\u0627\u0644\u062c\u0629 \u0628\u0627\u0644\u062a\u0635\u0631\u064a\u0641 \u0639\u0646 \u0637\u0631\u064a\u0642 \u0627\u0644\u062c\u0644\u062f &#8221;<\/em> \u0627\u0644\u0627\u062c\u062a\u0645\u0627\u0639 \u0627\u0644\u0633\u0646\u0648\u064a \u0648\u062f\u0648\u0631\u0629 \u0627\u0644\u062f\u0631\u0627\u0633\u0627\u062a \u0627\u0644\u0639\u0644\u064a\u0627 \u0644\u0644\u062c\u0645\u0639\u064a\u0629 \u0627\u0644\u0623\u0648\u0631\u0648\u0628\u064a\u0629 \u0644\u0623\u0634\u0639\u0629 \u0627\u0644\u062c\u0647\u0627\u0632 \u0627\u0644\u0647\u0636\u0645\u064a \u0648\u0627\u0644\u0628\u0637\u0646 \u060c \u0627\u0633\u0637\u0646\u0628\u0648\u0644 \u060c 2008 <\/p>\n\n<p><strong>5.<\/strong> \u0130yibozkurt AC\u060c Kalelio\u011flu \u0130\u060c \u00c7etin C\u060c Topuz S\u060c <strong>Bak\u0131r B\u060c<\/strong> Y\u0131ld\u0131r\u0131m A\u060c Berkman S. <em>&#8221; \u062d\u0627\u0644\u062a\u0627\u0646 \u0646\u0627\u062f\u0631\u062a\u0627\u0646 \u0645\u0646 \u0623\u0648\u0631\u0627\u0645 \u0627\u0644\u0623\u0639\u0636\u0627\u0621 \u0627\u0644\u062a\u0646\u0627\u0633\u0644\u064a\u0629 \u0627\u0644\u0645\u0631\u062a\u0628\u0637\u0629 \u0628\u0645\u062a\u0644\u0627\u0632\u0645\u0629 \u0628\u0648\u062a\u0632 \u062c\u064a\u063a\u0631\u0632.<\/em> (ESGO) \u060c \u0628\u0644\u063a\u0631\u0627\u062f \u060c \u0635\u0631\u0628\u064a\u0627 \u060c 2009.<\/p>\n\n<p><strong>6.<\/strong> Y\u0131lmaz E\u060c <strong><em>Bak\u0131r B\u060c<\/em><\/strong> <em>Kalelio\u011flu<\/em> H.I\u060c Has R\u060c Y\u00fcksel A\u060c Ayd\u0131n K\u060c Sencer S. \u0627\u0644\u0623\u0634\u0639\u0629 SPR 2010 \u060c \u0628\u0648\u0633\u0637\u0646 \u060c \u0645\u0627\u0633\u0627\u062a\u0634\u0648\u0633\u062a\u0633 \u060c 2010<\/p>\n\n<p><strong>7.<\/strong> Y. Sanli\u060c C. Turkmen\u060c <strong><em>B. Bakir\u060c<\/em><\/strong> I. Adalet\u060c S. Unal\u060c A. Mudun\u060c C. Iyibozkurt\u060c S. Topuz. <em>&#8220;\u062f\u0648\u0631 FDG-PET \/ CT \u0641\u064a \u0627\u0644\u062a\u062f\u0631\u064a\u062c \u0648 \/ \u0623\u0648 \u062a\u0642\u064a\u064a\u0645 \u0627\u0644\u0627\u0633\u062a\u062c\u0627\u0628\u0629 \u0627\u0644\u0639\u0644\u0627\u062c\u064a\u0629 \u0644\u0645\u0631\u0636\u0649 \u0633\u0631\u0637\u0627\u0646 \u0639\u0646\u0642 \u0627\u0644\u0631\u062d\u0645.&#8221;<\/em> \u0627\u0644\u0645\u0624\u062a\u0645\u0631 \u0627\u0644\u0633\u0646\u0648\u064a \u0644\u0644\u062c\u0645\u0639\u064a\u0629 \u0627\u0644\u0623\u0648\u0631\u0648\u0628\u064a\u0629 \u0644\u0644\u0637\u0628 \u0627\u0644\u0646\u0648\u0648\u064a. \u0641\u064a\u064a\u0646\u0627 \u060c \u0627\u0644\u0646\u0645\u0633\u0627 \u060c <em>2010<\/em><\/p>\n\n<p><strong>8. <\/strong> \u0633\u0627\u0646\u0644\u064a Y. \u0627\u0644\u062a\u0631\u0643\u0645\u0627\u0646 \u062c; \u0645\u062f\u0648\u0646 \u0623. \u0639\u062f\u0627\u0644\u0629 \u0627\u0644\u0623\u0648\u0644\u0649. Unal SN. \u0628\u0643\u064a\u0631 \u0628. \u062a\u0648\u0628\u0648\u0632 \u0633. \u0625\u064a\u064a\u0628\u0648\u0632\u0643\u0648\u0631\u062a \u0633\u064a<sup>. <\/sup><em>&#8220;\u0647\u0644 \u064a\u062c\u0628 \u0623\u0646 \u064a\u0643\u0648\u0646 FDG-PET \/ CT \u0647\u0648 \u0637\u0631\u064a\u0642\u0629 \u0627\u0644\u062a\u0635\u0648\u064a\u0631 \u0627\u0644\u0623\u0648\u0644\u0649 \u0644\u0625\u0639\u0627\u062f\u0629 \u0627\u0644\u0625\u0635\u0627\u0628\u0629 \u0648 \/ \u0623\u0648 \u062a\u0642\u064a\u064a\u0645 \u0627\u0644\u062a\u0643\u0631\u0627\u0631 \u0641\u064a \u0627\u0644\u0645\u0631\u0636\u0649 \u0627\u0644\u0645\u0635\u0627\u0628\u064a\u0646 \u0628\u0633\u0631\u0637\u0627\u0646 \u0627\u0644\u0645\u0628\u064a\u0636\u061f&#8221; <\/em>\u0627\u0644\u0627\u062c\u062a\u0645\u0627\u0639 \u0627\u0644\u0633\u0646\u0648\u064a 57 \u0644\u062c\u0645\u0639\u064a\u0629 \u0627\u0644\u0637\u0628 \u0627\u0644\u0646\u0648\u0648\u064a \u061b \u0633\u0648\u0644\u062a \u0644\u064a\u0643 \u0633\u064a\u062a\u064a \u060c \u064a\u0648\u062a\u0627. 2010<\/p>\n\n<p><strong>9.<\/strong> Ahmet G\u00f6\u00e7mez\u060c Merve Gulbiz Kartal\u060c <strong>Bar\u0131<\/strong> <strong>\u015f<\/strong> <strong>Bak\u0131r<\/strong> \u060c B\u00fclent Acuna\u015f. \u0645\u0642\u0627\u0631\u0646\u0629 \u0628\u064a\u0646 \u0643\u0641\u0627\u0621\u0629 \u0635\u0648\u0631 \u062c\u0627\u062f\u0648\u0643\u0633\u064a\u062a\u0627\u062a \u062b\u0646\u0627\u0626\u064a \u0627\u0644\u0635\u0648\u062f\u064a\u0648\u0645 (Gd-EOB-DTPA) \u0627\u0644\u0645\u062a\u0623\u062e\u0631\u0629 \u0641\u064a \u0627\u0644\u062f\u0642\u064a\u0642\u0629 \u0627\u0644\u0639\u0627\u0634\u0631\u0629 \u0648\u0627\u0644\u0639\u0634\u0631\u064a\u0646 (Gd-EOB-DTPA) \u0644\u062a\u0634\u062e\u064a\u0635 \u0633\u0631\u0637\u0627\u0646 \u0627\u0644\u0643\u0628\u062f \u0627\u0644\u0635\u063a\u064a\u0631 (\u0623\u0642\u0644 \u0645\u0646 2 \u0633\u0645) \u060c ESGAR \u060c \u0628\u0631\u0627\u063a \u060c \u062c\u0645\u0647\u0648\u0631\u064a\u0629 \u0627\u0644\u062a\u0634\u064a\u0643 \u060c 2016<\/p>\n\n<p><strong>10.<\/strong> Artur Salmaslioglu \u060c Kubilay Aydin \u060c Arzu Poyanli \u060c Baris <strong>Bakir<\/strong> \u060c Mehmet Barbur \u060c Gulden Acunas \u060c Bulent Acunas \u060c \u0627\u0644\u0637\u0628\u0627\u0639\u0629 \u062b\u0644\u0627\u062b\u064a\u0629 \u0627\u0644\u0623\u0628\u0639\u0627\u062f \u0641\u064a \u0627\u0644\u0623\u0634\u0639\u0629 \u0628\u0627\u0633\u062a\u062e\u062f\u0627\u0645 \u0637\u0627\u0628\u0639\u0627\u062a \u062b\u0644\u0627\u062b\u064a\u0629 \u0627\u0644\u0623\u0628\u0639\u0627\u062f \u0645\u0646\u062e\u0641\u0636\u0629 \u0627\u0644\u062a\u0643\u0644\u0641\u0629 \u0648\u0628\u0631\u0627\u0645\u062c \u0645\u0641\u062a\u0648\u062d\u0629 \u0627\u0644\u0645\u0635\u062f\u0631 \u060c RSNA 2015 \u060c \u0634\u064a\u0643\u0627\u063a\u0648 \u060c \u0627\u0644\u0648\u0644\u0627\u064a\u0627\u062a \u0627\u0644\u0645\u062a\u062d\u062f\u0629 \u0627\u0644\u0623\u0645\u0631\u064a\u0643\u064a\u0629<\/p>\n\n<p><strong>11.<\/strong> Besli LU\u060c Asa S\u060c <strong>Bak\u0131r B\u060c<\/strong> Sayman H\u060c Sager S\u060c. \u062e\u0633\u0631\u0648\u0634\u0627\u0647 \u0628\u064a \u0622\u0631 \u060c \u062c\u0648\u0646\u0631 \u0625\u064a \u060c \u062f\u0645\u064a\u0631\u062f\u0627\u062c \u0633\u064a \u060c \u062f\u0645\u064a\u0631 \u0625\u0645 \u060c \u0623\u0648\u0633\u0644\u0648 \u0627\u0644\u0623\u0648\u0644 \u060c \u0633\u0648\u0646\u0645\u064a\u0632 \u0623\u0648\u063a\u0644\u0648 \u0643.<u> <\/u>\u0645\u0642\u0627\u0631\u0646\u0629 \u0628\u064a\u0646 Ga-68 PSMA PET \/ CT \u0648 Ga-68 PSMA PET \/ MRI \u0645\u0639 \u0627\u0644\u062a\u0635\u0648\u064a\u0631 \u0628\u0627\u0644\u0631\u0646\u064a\u0646 \u0627\u0644\u0645\u063a\u0646\u0627\u0637\u064a\u0633\u064a \u0644\u0644\u0628\u0631\u0648\u0633\u062a\u0627\u062a\u0627 \u062b\u0646\u0627\u0626\u064a \u0627\u0644\u0642\u0637\u0628 \u0645\u0646 \u062d\u064a\u062b \u0627\u0644\u0645\u0648\u0642\u0639 \u0648\u062a\u0645\u062f\u064a\u062f \u0648\u0631\u0645 \u063a\u062f\u0629 \u0627\u0644\u0628\u0631\u0648\u0633\u062a\u0627\u062a\u0627 \u0627\u0644\u0623\u0648\u0644\u064a EANM 2018 \u060c \u062f\u0648\u0633\u0644\u062f\u0648\u0631\u0641 \u060c \u0623\u0644\u0645\u0627\u0646\u064a\u0627<\/p>\n\n<p><strong>12.<\/strong> \u0643\u0648\u0643\u0633\u064a\u0627\u0646 \u0646. \u060c \u062a\u0648\u0631\u0643\u0627\u064a \u0631. \u060c \u062f\u0643\u062a\u0648\u0631\u0627\u0647 \u0641\u064a \u0627\u0644\u0637\u0628 \u060c \u0623\u0648\u0633\u0643\u0648\u062f\u0627\u0631\u0644\u064a \u0633. \u060c \u064a\u0648\u0644\u0648\u0645 \u0628. \u060c \u0623\u0643\u0627\u0631 \u0628. \u060c \u062f\u0643\u062a\u0648\u0631\u0627\u0647. <strong>\u0628\u0643\u064a\u0631 \u0628<\/strong>. \u060c \u062f\u0643\u062a\u0648\u0631\u0627\u0647 \u0641\u064a \u0627\u0644\u0637\u0628. ONLIRA &#8211; \u062a\u0645\u062b\u064a\u0644 \u0645\u0639\u0631\u0641\u064a \u062f\u0644\u0627\u0644\u064a \u0644\u0635\u0648\u0631 \u0627\u0644\u0643\u0628\u062f \u0627\u0644\u0645\u0642\u0637\u0639\u064a\u0629 \u0641\u064a \u0648\u0642\u0627\u0626\u0639 RSNA \u0634\u064a\u0643\u0627\u063a\u0648 \u060c \u0625\u0644\u064a\u0646\u0648\u064a \u060c \u0627\u0644\u0648\u0644\u0627\u064a\u0627\u062a \u0627\u0644\u0645\u062a\u062d\u062f\u0629 \u0627\u0644\u0623\u0645\u0631\u064a\u0643\u064a\u0629 \u060c 2013<\/p>\n\n<p><strong>13.<\/strong> <a>\u0646. \u062c\u0648\u0631\u062f\u0627\u0644<\/a> \u060c  <a>\u0645. \u0641\u0627\u064a\u062f\u0629<\/a> \u060c <a><strong>\u0628\u0643\u064a\u0631<\/strong><\/a> \u060c <a>\u0646. \u0623\u0644\u064a\u0634\u064a\u0641<\/a> \u060c <a>\u064a\u0648 \u062c\u064a\u0632\u0631<\/a> \u060c <a>\u062f\u064a \u062a\u064a\u0633\u062a\u0643\u064a\u0646<\/a> \u060c <a>\u0631.<\/a> <a>\u064a\u0648 \u0623\u0643\u0628\u0627\u0633<\/a> \u060c <a>\u0634\u0627\u0647\u064a\u0646<\/a> \u060c <a>\u0625\u064a \u0628\u0627\u0644\u064a\u0643<\/a> \u060c <a>\u062d. \u064a\u0646\u0627\u0631<\/a> \u060c <a>\u0625\u0645. \u0643\u0633\u0643\u064a\u0646<\/a> \u060c <a>\u0645. \u0625\u0644\u0647\u0627\u0646<\/a> \u060c <a>\u0631. \u062f\u0627\u063a\u0648\u063a\u0644\u0648<\/a> \u060c <a>\u0625\u064a \u0643\u064a \u0633\u0627\u063a\u0644\u0627\u0645<\/a> \u060c <a>\u0625\u064a \u0625\u0646 \u0623\u0648\u0631\u0627\u0644<\/a> \u060c <a>\u0641. \u0623\u064a\u0643\u0627\u0646<\/a> \u060c <a>\u0623. \u0643\u064a\u0632\u064a\u0631<\/a>. \u0627\u0644\u0639\u0644\u0627\u062c \u0628\u0627\u0644\u0642\u0648\u0633 \u0627\u0644\u0645\u0639\u062f\u0644 \u0627\u0644\u062d\u062c\u0645\u064a \u0627\u0644\u0645\u0633\u0627\u0639\u062f \u0627\u0644\u062c\u062f\u064a\u062f \u0627\u0644\u062a\u0639\u0632\u064a\u0632 \u0627\u0644\u0645\u062a\u0643\u0627\u0645\u0644 \u0627\u0644\u0645\u062a\u0632\u0627\u0645\u0646 (SIB-VMAT) \u0645\u0639 \u0627\u0644\u0639\u0644\u0627\u062c \u0627\u0644\u0643\u064a\u0645\u064a\u0627\u0626\u064a \u0627\u0644\u0645\u062a\u0632\u0627\u0645\u0646 \u0641\u064a \u0633\u0631\u0637\u0627\u0646 \u0627\u0644\u0645\u0633\u062a\u0642\u064a\u0645 \u0627\u0644\u063a\u062f\u064a \u0648\u0627\u0631\u062a\u0628\u0627\u0637 \u0627\u0644\u0627\u0633\u062a\u062c\u0627\u0628\u0629 \u0627\u0644\u0645\u0631\u0636\u064a\u0629 \u0645\u0639 \u0627\u0644\u062a\u0635\u0648\u064a\u0631 \u0628\u0627\u0644\u0631\u0646\u064a\u0646 \u0627\u0644\u0645\u063a\u0646\u0627\u0637\u064a\u0633\u064a \u0627\u0644\u0645\u0631\u062c\u062d \u0628\u0627\u0644\u0627\u0646\u062a\u0634\u0627\u0631 \u0648\u0639\u0644\u0627\u0645\u0627\u062a \u0645\u0648\u062a \u0627\u0644\u062e\u0644\u0627\u064a\u0627 \u0627\u0644\u0645\u0628\u0631\u0645\u062c. <a href=\"http:\/\/www.redjournal.org\/issue\/S0360-3016(15)X0016-2\" target=\"_blank\" rel=\"noopener\"><strong>\u0646\u0648\u0641\u0645\u0628\u0631 1, 2015<\/strong><\/a> \u0627\u0644\u0645\u062c\u0644\u062f 93 \u060c \u0627\u0644\u0639\u062f\u062f 3 \u060c \u0627\u0644\u0645\u0644\u062d\u0642 \u060c \u0627\u0644\u0635\u0641\u062d\u0629 E128 \u0627\u0644\u0627\u062c\u062a\u0645\u0627\u0639 \u0627\u0644\u0633\u0646\u0648\u064a \u0627\u0644\u0633\u0627\u0628\u0639 \u0648\u0627\u0644\u062e\u0645\u0633\u064a\u0646 \u0644 ASTRO \u060c \u0633\u0627\u0646 \u0623\u0646\u0637\u0648\u0646\u064a\u0648 \u060c \u0627\u0644\u0648\u0644\u0627\u064a\u0627\u062a \u0627\u0644\u0645\u062a\u062d\u062f\u0629 \u0627\u0644\u0623\u0645\u0631\u064a\u0643\u064a\u0629.  2015<\/p>\n\n<p><strong>14.<\/strong> Ugurlucan FG \u060c Yasa C \u060c Demir O \u060c Basaran S \u060c <strong>Bakir B \u060c<\/strong> Yalcin O. \u0627\u0644\u062a\u0647\u0627\u0628 \u0627\u0644\u0641\u0642\u0627\u0631 \u0628\u0639\u062f \u062a\u062b\u0628\u064a\u062a \u0627\u0644\u0645\u0638\u0647\u0631 \u0627\u0644\u0639\u062c\u0632\u064a \u0628\u0627\u0644\u0645\u0646\u0638\u0627\u0631: \u0645\u0636\u0627\u0639\u0641\u0627\u062a \u063a\u064a\u0631 \u0639\u0627\u062f\u064a\u0629. \u0627\u0644\u0627\u062c\u062a\u0645\u0627\u0639 \u0627\u0644\u0633\u0646\u0648\u064a \u0627\u0644\u0623\u0631\u0628\u0639\u0648\u0646 <sup>IUGA<\/sup> \u060c \u0646\u064a\u0633 \u060c \u0641\u0631\u0646\u0633\u0627 \u060c 2015<\/p>\n\n<p><strong>15.<\/strong> \u062f\u0627\u063a\u0648\u063a\u0644\u0648 \u0643\u0627\u0631\u062a\u0627\u0644 \u0625\u0645 \u062c\u064a \u060c \u0623\u0643\u0628\u064a\u0646\u0627\u0631 \u0648\u0627\u064a \u060c \u064a\u0644\u062f\u064a\u0631\u064a\u0645 \u062c\u064a \u060c \u0633\u064a\u0644\u064a\u0646\u0643 \u0625\u064a \u060c <strong>\u0628\u0627\u0643\u064a\u0631 \u0628 \u060c<\/strong> \u0623\u0643\u0648\u0646\u0627\u0633 \u0628. \u0641\u0627\u0626\u062f\u0629 \u062a\u0635\u0648\u064a\u0631 \u0627\u0644\u0623\u0645\u0639\u0627\u0621 \u0628\u0627\u0644\u062a\u0635\u0648\u064a\u0631 \u0627\u0644\u0645\u0642\u0637\u0639\u064a \u0627\u0644\u0645\u062d\u0648\u0633\u0628 \u0641\u064a \u062a\u0642\u064a\u064a\u0645 \u0623\u0645\u0631\u0627\u0636 \u0627\u0644\u0623\u0645\u0639\u0627\u0621 \u0627\u0644\u062f\u0642\u064a\u0642\u0629 \u0628\u062e\u0644\u0627\u0641 \u0627\u0644\u0623\u0645\u0631\u0627\u0636 \u0627\u0644\u0627\u0644\u062a\u0647\u0627\u0628\u064a\u0629 ESGAR \u060c 2015<\/p>\n\n<p><strong>16.<\/strong> \u062f\u0627\u063a\u0648\u063a\u0644\u0648 \u0643\u0627\u0631\u062a\u0627\u0644 \u0625\u0645 \u062c\u064a \u060c \u0633\u064a\u0644\u064a\u0646\u0643 \u0625\u064a \u060c <strong>\u0628\u0643\u064a\u0631 \u0628 \u060c<\/strong> \u0623\u0643\u0628\u064a\u0646\u0627\u0631 \u0648\u0627\u064a \u060c \u064a\u0644\u062f\u064a\u0631\u064a\u0645 \u062c\u064a \u060c \u0623\u0643\u0648\u0646\u0627\u0633 \u0628. \u062d\u0627\u0644\u0629 \u0645\u0646 \u0641\u0637\u0631\u064a\u0627\u062a \u0627\u0644\u0628\u0646\u0643\u0631\u064a\u0627\u0633 \u0648\u0645\u0631\u0627\u062c\u0639\u0629 \u0627\u0644\u0623\u062f\u0628\u064a\u0627\u062a ESGAR \u060c 2015<\/p>\n\n<p><strong>17.<\/strong> KARTAL MERVE G\u00dcLBIZ \u060c dagoglu rabia nergiz \u060c karaman sule \u060c sahin dilek \u060c \u0628\u0643\u064a\u0631 \u0628\u0627\u0631\u064a\u0633 \u060c \u0625\u0646\u062c\u064a\u0646 \u062c\u0648\u0644\u062c\u0648\u0646 \u060c \u0623\u0648\u0632\u062f\u0646 \u0625\u0644\u062c\u064a\u0646 \u060c \u0643\u064a\u062a\u0627\u0646 \u0633\u0627\u063a\u0644\u0627\u0645 \u0625\u0633\u0631\u0627 \u060c \u0628\u0648\u064a\u0627\u0646\u0644\u064a \u0623\u0631\u0632\u0648 \u060c \u0623\u0643\u0648\u0646\u0627\u0633 \u0628\u0648\u0644\u0646\u062a \u060c \u0643\u064a\u0632\u064a\u0631 \u0623\u062d\u0645\u062f \u060c \u0625\u064a\u062b\u064a\u0645 \u0639\u0646 \u0637\u0631\u064a\u0642 \u0627\u0644\u0641\u0645 \u0647\u0648 \u0623\u0637\u0644\u0633 \u0645\u062c\u0645\u0648\u0639\u0629 \u0627\u0644\u0623\u0648\u0631\u0627\u0645 \u0644\u0644\u0639\u0644\u0627\u062c \u0627\u0644\u0625\u0634\u0639\u0627\u0639\u064a \u0644\u0643\u0648\u0646\u062a\u0648\u0631\u064a\u0646 \u0627\u0644\u0623\u0639\u0636\u0627\u0621 \u0627\u0644\u0637\u0628\u064a\u0639\u064a\u0629 \u0641\u064a \u0627\u0644\u062c\u0632\u0621 \u0627\u0644\u0639\u0644\u0648\u064a \u0645\u0646 \u0627\u0644\u0628\u0637\u0646 \u064a\u0646\u0637\u0628\u0642 \u0639\u0644\u0649 \u0645\u0631\u0636\u0649 \u0643\u0644\u0627\u062a\u0633\u0643\u064a\u0646 \u0628\u0639\u062f \u0627\u0644\u062c\u0631\u0627\u062d\u0629. RSNA (2015).<\/p>\n\n<p><strong>18.<\/strong> \u0643\u0627\u0631\u062a\u0627\u0644 \u0645\u064a\u0631\u0641\u064a \u062c\u0648\u0644\u0628\u064a\u0632 \u060c \u0623\u0643\u0628\u064a\u0646\u0627\u0631 \u064a\u0648\u0646\u0633 \u0625\u0645\u0631\u064a \u060c \u062c\u0648\u062a\u0634\u0645\u064a\u0632 \u0623\u062d\u0645\u062f \u060c \u062a\u0634\u064a\u0644\u064a\u0646\u0643 \u0625\u0631\u0647\u0627\u0646 \u060c \u0628\u0643\u064a\u0631 \u0628\u0627\u0631\u064a\u0633 \u060c \u0623\u0643\u0648\u0646\u0627\u0633 \u0628\u0648\u0644\u0646\u062a \u062f\u0648\u0631 \u062a\u0635\u0648\u064a\u0631 \u0627\u0644\u062a\u063a\u0648\u0637 \u0628\u0627\u0644\u0631\u0646\u064a\u0646 \u0627\u0644\u0645\u063a\u0646\u0627\u0637\u064a\u0633\u064a \u0641\u064a \u062a\u0634\u062e\u064a\u0635 \u0627\u0636\u0637\u0631\u0627\u0628\u0627\u062a \u0642\u0627\u0639 \u0627\u0644\u062d\u0648\u0636. ESGAR 2016 (\u0645\u0644\u0635\u0642) \u060c (Kontrol No: 2721547) (2016).<\/p>\n\t\t\t\t\t\t\t\t<\/div>\n\t\t\t\t<\/div>\n\t\t\t\t\t<\/div>\n\t\t<\/div>\n\t\t\t\t\t<\/div>\n\t\t<\/section>\n\t\t\t\t<\/div>\n\t\t","protected":false},"excerpt":{"rendered":"<p>\u0627\u0644\u0639\u0631\u0648\u0636 \u0627\u0644\u062f\u0648\u0644\u064a\u0629 1. Tamam M \u0648 Adalet I \u0648 Bakir B \u0648 T\u00fcrkmen C \u0648 Darendeliler F \u0648 Ba\u015f F \u0648 Sanl\u0131 Y \u0648 Kuyumcu S \u0648 Cantez S. &#8220;\u062f\u0648\u0631 \u0623\u0633\u0627\u0644\u064a\u0628 \u0627\u0644\u062a\u0635\u0648\u064a\u0631 \u0628\u0627\u0644\u0645\u0648\u062c\u0627\u062a \u0641\u0648\u0642 \u0627\u0644\u0635\u0648\u062a\u064a\u0629 \u0648\u0627\u0644\u0648\u0645\u0636\u0627\u0646\u064a\u0629 \u0641\u064a \u062a\u062d\u062f\u064a\u062f \u0645\u0633\u0628\u0628\u0627\u062a \u0642\u0635\u0648\u0631 \u0627\u0644\u063a\u062f\u0629 \u0627\u0644\u062f\u0631\u0642\u064a\u0629 \u0627\u0644\u062e\u0644\u0642\u064a &#8221; . \u0627\u0644\u0645\u0624\u062a\u0645\u0631 \u0627\u0644\u0633\u0646\u0648\u064a \u0644\u0644\u062c\u0645\u0639\u064a\u0629 \u0627\u0644\u0623\u0648\u0631\u0648\u0628\u064a\u0629 \u0644\u0644\u0637\u0628 \u0627\u0644\u0646\u0648\u0648\u064a \u060c \u0623\u062b\u064a\u0646\u0627 \u060c 2006 [&hellip;]<\/p>\n","protected":false},"author":1,"featured_media":0,"parent":0,"menu_order":0,"comment_status":"closed","ping_status":"closed","template":"","meta":{"footnotes":""},"class_list":["post-6385","page","type-page","status-publish","hentry"],"_links":{"self":[{"href":"https:\/\/prostatefocaltherapies.com\/ar\/wp-json\/wp\/v2\/pages\/6385","targetHints":{"allow":["GET"]}}],"collection":[{"href":"https:\/\/prostatefocaltherapies.com\/ar\/wp-json\/wp\/v2\/pages"}],"about":[{"href":"https:\/\/prostatefocaltherapies.com\/ar\/wp-json\/wp\/v2\/types\/page"}],"author":[{"embeddable":true,"href":"https:\/\/prostatefocaltherapies.com\/ar\/wp-json\/wp\/v2\/users\/1"}],"replies":[{"embeddable":true,"href":"https:\/\/prostatefocaltherapies.com\/ar\/wp-json\/wp\/v2\/comments?post=6385"}],"version-history":[{"count":3,"href":"https:\/\/prostatefocaltherapies.com\/ar\/wp-json\/wp\/v2\/pages\/6385\/revisions"}],"predecessor-version":[{"id":6396,"href":"https:\/\/prostatefocaltherapies.com\/ar\/wp-json\/wp\/v2\/pages\/6385\/revisions\/6396"}],"wp:attachment":[{"href":"https:\/\/prostatefocaltherapies.com\/ar\/wp-json\/wp\/v2\/media?parent=6385"}],"curies":[{"name":"wp","href":"https:\/\/api.w.org\/{rel}","templated":true}]}}