{"id":6670,"date":"2021-11-17T22:07:07","date_gmt":"2021-11-17T19:07:07","guid":{"rendered":"https:\/\/prostatefocaltherapies.com\/%d8%a7%d8%aa%d8%b5%d9%84\/"},"modified":"2025-10-19T20:18:19","modified_gmt":"2025-10-19T17:18:19","slug":"%d8%a7%d8%aa%d8%b5%d9%84-%d8%a8%d9%86%d8%a7","status":"publish","type":"page","link":"https:\/\/prostatefocaltherapies.com\/ar\/%d8%a7%d8%aa%d8%b5%d9%84-%d8%a8%d9%86%d8%a7\/","title":{"rendered":"\u0627\u062a\u0635\u0644 \u0628\u0646\u0627"},"content":{"rendered":"\t\t<div data-elementor-type=\"wp-page\" data-elementor-id=\"6670\" class=\"elementor elementor-6670 elementor-1445\" data-elementor-post-type=\"page\">\n\t\t\t\t\t\t<section class=\"elementor-section elementor-top-section elementor-element elementor-element-02a487f elementor-section-boxed elementor-section-height-default elementor-section-height-default\" data-id=\"02a487f\" data-element_type=\"section\">\n\t\t\t\t\t\t<div class=\"elementor-container elementor-column-gap-default\">\n\t\t\t\t\t<div class=\"elementor-column elementor-col-100 elementor-top-column elementor-element elementor-element-227ca97\" data-id=\"227ca97\" data-element_type=\"column\" data-settings=\"{&quot;background_background&quot;:&quot;classic&quot;}\">\n\t\t\t<div class=\"elementor-widget-wrap elementor-element-populated\">\n\t\t\t\t\t\t<div class=\"elementor-element elementor-element-2f75f21 elementor-widget elementor-widget-heading\" data-id=\"2f75f21\" data-element_type=\"widget\" data-widget_type=\"heading.default\">\n\t\t\t\t<div class=\"elementor-widget-container\">\n\t\t\t\t\t<h1 class=\"elementor-heading-title elementor-size-default\">\u0627\u062a\u0635\u0644 \u0628\u0646\u0627<\/h1>\t\t\t\t<\/div>\n\t\t\t\t<\/div>\n\t\t\t\t\t<\/div>\n\t\t<\/div>\n\t\t\t\t\t<\/div>\n\t\t<\/section>\n\t\t\t\t<section class=\"elementor-section elementor-top-section elementor-element elementor-element-bbd47b5 elementor-section-boxed elementor-section-height-default elementor-section-height-default\" data-id=\"bbd47b5\" data-element_type=\"section\">\n\t\t\t\t\t\t<div class=\"elementor-container elementor-column-gap-default\">\n\t\t\t\t\t<div class=\"elementor-column elementor-col-50 elementor-top-column elementor-element elementor-element-e1aea2e\" data-id=\"e1aea2e\" data-element_type=\"column\">\n\t\t\t<div class=\"elementor-widget-wrap elementor-element-populated\">\n\t\t\t\t\t\t<div class=\"elementor-element elementor-element-8d216ac elementor-widget elementor-widget-image\" data-id=\"8d216ac\" data-element_type=\"widget\" data-widget_type=\"image.default\">\n\t\t\t\t<div class=\"elementor-widget-container\">\n\t\t\t\t\t\t\t\t\t\t\t\t\t\t\t<img fetchpriority=\"high\" decoding=\"async\" width=\"800\" height=\"450\" src=\"https:\/\/prostatefocaltherapies.com\/wp-content\/uploads\/2021\/11\/FileHandler-1024x576.jpg\" class=\"attachment-large size-large wp-image-6257\" alt=\"\" srcset=\"https:\/\/prostatefocaltherapies.com\/wp-content\/uploads\/2021\/11\/FileHandler-1024x576.jpg 1024w, https:\/\/prostatefocaltherapies.com\/wp-content\/uploads\/2021\/11\/FileHandler-300x169.jpg 300w, https:\/\/prostatefocaltherapies.com\/wp-content\/uploads\/2021\/11\/FileHandler-768x432.jpg 768w, https:\/\/prostatefocaltherapies.com\/wp-content\/uploads\/2021\/11\/FileHandler.jpg 1440w\" sizes=\"(max-width: 800px) 100vw, 800px\" \/>\t\t\t\t\t\t\t\t\t\t\t\t\t\t\t<\/div>\n\t\t\t\t<\/div>\n\t\t\t\t<div class=\"elementor-element elementor-element-90c7127 elementor-widget elementor-widget-text-editor\" data-id=\"90c7127\" data-element_type=\"widget\" data-widget_type=\"text-editor.default\">\n\t\t\t\t<div class=\"elementor-widget-container\">\n\t\t\t\t\t\t\t\t\t<p style=\"text-align: right;\"><b>\u0627\u0644\u0639\u0646\u0648\u0627\u0646 1:<\/b> \u0627\u0633\u0637\u0646\u0628\u0648\u0644 \u00dcniversitesi, \u0627\u0633\u0637\u0646\u0628\u0648\u0644 T\u0131p Fak\u00fcltesi, Radyoloji Anabilim Dal\u0131, 34390, \u00c7apa, Fatih\/\u0130stanbul.<\/p>\t\t\t\t\t\t\t\t<\/div>\n\t\t\t\t<\/div>\n\t\t\t\t\t<\/div>\n\t\t<\/div>\n\t\t\t\t<div class=\"elementor-column elementor-col-50 elementor-top-column elementor-element elementor-element-bcda0a8\" data-id=\"bcda0a8\" data-element_type=\"column\">\n\t\t\t<div class=\"elementor-widget-wrap elementor-element-populated\">\n\t\t\t\t\t\t<div class=\"elementor-element elementor-element-53fa71a elementor-widget elementor-widget-image\" data-id=\"53fa71a\" data-element_type=\"widget\" data-widget_type=\"image.default\">\n\t\t\t\t<div class=\"elementor-widget-container\">\n\t\t\t\t\t\t\t\t\t\t\t\t\t\t\t<img decoding=\"async\" width=\"800\" height=\"429\" src=\"https:\/\/prostatefocaltherapies.com\/wp-content\/uploads\/2021\/11\/ekranresmi20200520002137png9f8bminjpg_f8ee-1024x549.jpg\" class=\"attachment-large size-large wp-image-6258\" alt=\"\" srcset=\"https:\/\/prostatefocaltherapies.com\/wp-content\/uploads\/2021\/11\/ekranresmi20200520002137png9f8bminjpg_f8ee-1024x549.jpg 1024w, https:\/\/prostatefocaltherapies.com\/wp-content\/uploads\/2021\/11\/ekranresmi20200520002137png9f8bminjpg_f8ee-300x161.jpg 300w, https:\/\/prostatefocaltherapies.com\/wp-content\/uploads\/2021\/11\/ekranresmi20200520002137png9f8bminjpg_f8ee-768x412.jpg 768w, https:\/\/prostatefocaltherapies.com\/wp-content\/uploads\/2021\/11\/ekranresmi20200520002137png9f8bminjpg_f8ee-1536x824.jpg 1536w, https:\/\/prostatefocaltherapies.com\/wp-content\/uploads\/2021\/11\/ekranresmi20200520002137png9f8bminjpg_f8ee-2048x1098.jpg 2048w\" sizes=\"(max-width: 800px) 100vw, 800px\" \/>\t\t\t\t\t\t\t\t\t\t\t\t\t\t\t<\/div>\n\t\t\t\t<\/div>\n\t\t\t\t<div class=\"elementor-element elementor-element-a7e6aa2 elementor-widget elementor-widget-text-editor\" data-id=\"a7e6aa2\" data-element_type=\"widget\" data-widget_type=\"text-editor.default\">\n\t\t\t\t<div class=\"elementor-widget-container\">\n\t\t\t\t\t\t\t\t\t<p style=\"text-align: right;\"><b>\u0627\u0644\u0639\u0646\u0648\u0627\u0646 2:<\/b> \u0645\u0633\u062a\u0634\u0641\u0649 \u0645\u064a\u0645\u0648\u0631\u064a\u0627\u0644 \u0628\u0627\u0647\u062a\u0634\u0644\u064a \u0625\u064a\u0641\u0644\u0631 \u060c \u0642\u0633\u0645 \u0627\u0644\u0623\u0634\u0639\u0629 \u060c \u0628\u0631\u0646\u0627\u0645\u062c \u0627\u0644\u0639\u0644\u0627\u062c \u0627\u0644\u0628\u0624\u0631\u064a \u0644\u0644\u0628\u0631\u0648\u0633\u062a\u0627\u062a\u0627 \u060c \u0628\u0647\u062a\u0634\u0644\u064a \u0625\u064a\u0641\u0644\u0631 \u0645\u062d\u0644\u064a\u0633\u064a \u060c \u0639\u062f\u0646\u0627\u0646 \u0642\u0647\u0641\u064a\u062c\u064a \u0628\u0648\u0644\u0641\u0627\u0631\u064a \u060c \u0631\u0642\u0645: 227 \u0628\u0647\u062a\u0634\u0644\u064a \u0625\u064a\u0641\u0644\u0631 \/ \u0627\u0633\u0637\u0646\u0628\u0648\u0644<\/p>\t\t\t\t\t\t\t\t<\/div>\n\t\t\t\t<\/div>\n\t\t\t\t\t<\/div>\n\t\t<\/div>\n\t\t\t\t\t<\/div>\n\t\t<\/section>\n\t\t\t\t<\/div>\n\t\t","protected":false},"excerpt":{"rendered":"<p>\u0627\u062a\u0635\u0644 \u0628\u0646\u0627 \u0627\u0644\u0639\u0646\u0648\u0627\u0646 1: \u0627\u0633\u0637\u0646\u0628\u0648\u0644 \u00dcniversitesi, \u0627\u0633\u0637\u0646\u0628\u0648\u0644 T\u0131p Fak\u00fcltesi, Radyoloji Anabilim Dal\u0131, 34390, \u00c7apa, Fatih\/\u0130stanbul. \u0627\u0644\u0639\u0646\u0648\u0627\u0646 2: \u0645\u0633\u062a\u0634\u0641\u0649 \u0645\u064a\u0645\u0648\u0631\u064a\u0627\u0644 \u0628\u0627\u0647\u062a\u0634\u0644\u064a \u0625\u064a\u0641\u0644\u0631 \u060c \u0642\u0633\u0645 \u0627\u0644\u0623\u0634\u0639\u0629 \u060c \u0628\u0631\u0646\u0627\u0645\u062c \u0627\u0644\u0639\u0644\u0627\u062c \u0627\u0644\u0628\u0624\u0631\u064a \u0644\u0644\u0628\u0631\u0648\u0633\u062a\u0627\u062a\u0627 \u060c \u0628\u0647\u062a\u0634\u0644\u064a \u0625\u064a\u0641\u0644\u0631 \u0645\u062d\u0644\u064a\u0633\u064a \u060c \u0639\u062f\u0646\u0627\u0646 \u0642\u0647\u0641\u064a\u062c\u064a \u0628\u0648\u0644\u0641\u0627\u0631\u064a \u060c \u0631\u0642\u0645: 227 \u0628\u0647\u062a\u0634\u0644\u064a \u0625\u064a\u0641\u0644\u0631 \/ \u0627\u0633\u0637\u0646\u0628\u0648\u0644<\/p>\n","protected":false},"author":1,"featured_media":0,"parent":0,"menu_order":0,"comment_status":"closed","ping_status":"closed","template":"","meta":{"footnotes":""},"class_list":["post-6670","page","type-page","status-publish","hentry"],"_links":{"self":[{"href":"https:\/\/prostatefocaltherapies.com\/ar\/wp-json\/wp\/v2\/pages\/6670","targetHints":{"allow":["GET"]}}],"collection":[{"href":"https:\/\/prostatefocaltherapies.com\/ar\/wp-json\/wp\/v2\/pages"}],"about":[{"href":"https:\/\/prostatefocaltherapies.com\/ar\/wp-json\/wp\/v2\/types\/page"}],"author":[{"embeddable":true,"href":"https:\/\/prostatefocaltherapies.com\/ar\/wp-json\/wp\/v2\/users\/1"}],"replies":[{"embeddable":true,"href":"https:\/\/prostatefocaltherapies.com\/ar\/wp-json\/wp\/v2\/comments?post=6670"}],"version-history":[{"count":8,"href":"https:\/\/prostatefocaltherapies.com\/ar\/wp-json\/wp\/v2\/pages\/6670\/revisions"}],"predecessor-version":[{"id":7803,"href":"https:\/\/prostatefocaltherapies.com\/ar\/wp-json\/wp\/v2\/pages\/6670\/revisions\/7803"}],"wp:attachment":[{"href":"https:\/\/prostatefocaltherapies.com\/ar\/wp-json\/wp\/v2\/media?parent=6670"}],"curies":[{"name":"wp","href":"https:\/\/api.w.org\/{rel}","templated":true}]}}