{"id":6942,"date":"2025-05-19T16:00:04","date_gmt":"2025-05-19T13:00:04","guid":{"rendered":"https:\/\/prostatefocaltherapies.com\/%d8%a2%d8%ae%d8%b1-%d9%85%d9%86%d8%b4%d9%88%d8%b1%d8%a7%d8%aa%d9%86%d8%a7-%d8%b9%d9%86-%d8%b3%d8%b1%d8%b7%d8%a7%d9%86-%d8%a7%d9%84%d8%a8%d8%b1%d9%88%d8%b3%d8%aa%d8%a7%d8%aa%d8%a7\/"},"modified":"2025-09-26T06:30:40","modified_gmt":"2025-09-26T03:30:40","slug":"%d8%a2%d8%ae%d8%b1-%d9%85%d9%86%d8%b4%d9%88%d8%b1%d8%a7%d8%aa%d9%86%d8%a7-%d8%b9%d9%86-%d8%b3%d8%b1%d8%b7%d8%a7%d9%86-%d8%a7%d9%84%d8%a8%d8%b1%d9%88%d8%b3%d8%aa%d8%a7%d8%aa%d8%a7","status":"publish","type":"page","link":"https:\/\/prostatefocaltherapies.com\/ar\/%d8%a2%d8%ae%d8%b1-%d9%85%d9%86%d8%b4%d9%88%d8%b1%d8%a7%d8%aa%d9%86%d8%a7-%d8%b9%d9%86-%d8%b3%d8%b1%d8%b7%d8%a7%d9%86-%d8%a7%d9%84%d8%a8%d8%b1%d9%88%d8%b3%d8%aa%d8%a7%d8%aa%d8%a7\/","title":{"rendered":"\u0622\u062e\u0631 \u0645\u0646\u0634\u0648\u0631\u0627\u062a\u0646\u0627 \u0639\u0646 \u0633\u0631\u0637\u0627\u0646 \u0627\u0644\u0628\u0631\u0648\u0633\u062a\u0627\u062a\u0627"},"content":{"rendered":"\t\t<div data-elementor-type=\"wp-page\" data-elementor-id=\"6942\" class=\"elementor elementor-6942 elementor-4809\" data-elementor-post-type=\"page\">\n\t\t\t\t\t\t<section class=\"elementor-section elementor-top-section elementor-element elementor-element-9b744d6 elementor-section-boxed elementor-section-height-default elementor-section-height-default\" data-id=\"9b744d6\" data-element_type=\"section\">\n\t\t\t\t\t\t<div class=\"elementor-container elementor-column-gap-default\">\n\t\t\t\t\t<div class=\"elementor-column elementor-col-100 elementor-top-column elementor-element elementor-element-03f4606\" data-id=\"03f4606\" data-element_type=\"column\" data-settings=\"{&quot;background_background&quot;:&quot;classic&quot;}\">\n\t\t\t<div class=\"elementor-widget-wrap elementor-element-populated\">\n\t\t\t\t\t\t<div class=\"elementor-element elementor-element-b466565 elementor-widget elementor-widget-heading\" data-id=\"b466565\" data-element_type=\"widget\" data-widget_type=\"heading.default\">\n\t\t\t\t<div class=\"elementor-widget-container\">\n\t\t\t\t\t<h1 class=\"elementor-heading-title elementor-size-default\">\u0622\u062e\u0631 \u0645\u0646\u0634\u0648\u0631\u0627\u062a\u0646\u0627 \u0639\u0646 \u0633\u0631\u0637\u0627\u0646 \u0627\u0644\u0628\u0631\u0648\u0633\u062a\u0627\u062a\u0627<\/h1>\t\t\t\t<\/div>\n\t\t\t\t<\/div>\n\t\t\t\t\t<\/div>\n\t\t<\/div>\n\t\t\t\t\t<\/div>\n\t\t<\/section>\n\t\t\t\t<section class=\"elementor-section elementor-top-section elementor-element elementor-element-399c013b elementor-section-boxed elementor-section-height-default elementor-section-height-default\" data-id=\"399c013b\" data-element_type=\"section\">\n\t\t\t\t\t\t<div class=\"elementor-container elementor-column-gap-default\">\n\t\t\t\t\t<div class=\"elementor-column elementor-col-100 elementor-top-column elementor-element elementor-element-346e1d87\" data-id=\"346e1d87\" data-element_type=\"column\">\n\t\t\t<div class=\"elementor-widget-wrap elementor-element-populated\">\n\t\t\t\t\t\t<div class=\"elementor-element elementor-element-e91a342 elementor-widget elementor-widget-text-editor\" data-id=\"e91a342\" data-element_type=\"widget\" data-widget_type=\"text-editor.default\">\n\t\t\t\t<div class=\"elementor-widget-container\">\n\t\t\t\t\t\t\t\t\t<p> <b>1 &#8211; <a href=\"https:\/\/pubmed.ncbi.nlm.nih.gov\/37419773\/\" target=\"_blank\" rel=\"nofollow noopener\" data-saferedirecturl=\"https:\/\/www.google.com\/url?q=https:\/\/pubmed.ncbi.nlm.nih.gov\/37419773\/&amp;source=gmail&amp;ust=1747745795240000&amp;usg=AOvVaw0wxRYishQ83ob35qMl8xqG\">\u0627\u0644\u0627\u0633\u062a\u0626\u0635\u0627\u0644 \u0627\u0644\u0623\u0648\u0644\u064a \u0644\u0644\u063a\u062f\u0629 \u0627\u0644\u0643\u0627\u0645\u0644\u0629 \u0644\u0639\u0644\u0627\u062c \u0633\u0631\u0637\u0627\u0646 \u0627\u0644\u0628\u0631\u0648\u0633\u062a\u0627\u062a\u0627 \u0627\u0644\u0645\u0648\u0636\u0639\u064a \u0633\u0631\u064a\u0631\u064a\u0627: \u0628\u064a\u0627\u0646 \u0623\u0641\u0636\u0644 \u0627\u0644\u0645\u0645\u0627\u0631\u0633\u0627\u062a \u0644\u062c\u0645\u0639\u064a\u0629 \u0627\u0644\u0639\u0644\u0627\u062c \u0627\u0644\u0628\u0624\u0631\u064a.<\/a><\/b><\/p><p>S \u062f\u064a\u0641\u0627\u0633\u064a\u062c\u0627\u0645\u0627\u0646\u064a, S \u0643\u0648\u062a\u0627\u0645\u0627\u0631\u062a\u064a, AR \u0631\u0627\u0633\u062a\u062a\u064a\u0646\u0647\u0627\u062f, RS \u0633\u0627\u0644\u0627\u0633, \u062f\u064a \u0644\u0627 \u0631\u0648\u0632\u064a\u062a JJMCH, \u062d \u0644\u064a\u0628\u0648\u0631, P \u0628\u064a\u0646\u062a\u0648, \u0623\u062d\u0645\u062f \u0647\u0648, \u062c\u064a\u0644 \u0623\u0646\u0627, L \u0643\u0644\u0648\u062a\u0632, \u062a\u0627\u0646\u064a\u062c\u0627 SS, \u0625\u0645 \u0625\u0645\u0628\u0631\u062a\u0648\u0646, N \u0644\u0648\u0631\u0646\u062a\u0634\u0648\u0643, \u064a \u0648\u064a\u0633\u0648\u0643, \u062c\u064a \u0641\u0644\u0631, S \u0643\u0631\u0648\u0632\u064a\u062a, \u0643\u0648\u0645\u0627\u0631 \u0625\u0645 P, \u062f \u0633\u064a\u062c\u0648\u064a\u0631, ES \u0622\u062f\u0627\u0645\u0632, \u0645\u0627\u064a\u0643\u0644 Z, \u0623\u0628\u0631\u0648 A, \u0643 \u062a\u0627\u064a \u062c\u0627\u0643, \u0648\u0627\u0631\u062f JF, \u0643 \u0634\u064a\u0646\u0648\u0647\u0627\u0631\u0627, \u0643\u0627\u062a\u0632 AE, \u0641\u064a\u0644\u0631\u0632 A,  \u0627\u0644\u0630\u0642\u0646 JL, \u0633\u062a\u0631\u064a\u0643\u0631 PD, \u0628\u0627\u0643\u0648 \u0647, \u0641 \u0645\u0627\u0633\u064a\u0643, \u0623\u062d\u0645\u062f AE, \u062a\u0634\u064a\u0648 PKF, \u0643\u0631\u0648\u0641\u0648\u0631\u062f ED, \u0631\u0648\u062c\u0631\u0632 CG, \u062c\u064a \u062c\u064a \u0641\u0648\u062a\u0631\u0631, S \u0627\u0644\u0631\u0626\u064a\u0633-\u0628\u0647\u0631\u0627\u0645\u064a, \u0631\u0648\u0628\u0631\u062a\u0633\u0648\u0646 CN, \u0628 \u0647\u0627\u062f\u0627\u0634\u064a\u0643, \u0632 \u0645\u0627\u0631\u0629, \u0645 \u0641\u0627\u0644\u064a\u0631\u064a\u0648, \u062a\u0634\u0648\u0646\u063a \u0643\u064a\u0647 \u062a\u064a, V \u0643\u0627\u0633\u064a\u0641\u064a\u0633\u0641\u0627\u0646\u0627\u062b\u0627\u0646, \u062a\u0627\u0646 \u0627\u0644\u0641\u0633\u0641\u0648\u0631 \u0627\u0644\u0627\u0628\u064a\u0636, \u062f \u0644\u0648\u0645\u0627\u0633, \u0648\u0627\u0644\u0632 \u064a, \u063a\u064a\u0645\u0627\u0631\u0627\u064a\u0633 GC, \u0646\u064a\u0643\u0644 \u0645\u064a\u0631\u062a\u0632\u064a\u0648\u062a\u064a\u0633, \u0647 \u0628\u064a\u0634\u0631, \u0641\u064a\u0646\u064a\u0644\u064a A, Kasraeian A, \u0644\u064a\u0628\u0627\u0633\u062a\u0634\u064a \u0622\u0647, \u0641\u0648\u0631\u0627, \u0645\u0627\u062c\u0633\u062a\u064a\u0631 \u0631\u0648\u0632\u064a\u0646, <b>\u0628 \u0628\u0643\u064a\u0631<\/b>,  R \u0623\u0631\u0643\u0648\u062a, S \u064a\u064a, \u062c \u0646\u064a\u062a\u0634, \u0645\u0646\u063a X, \u062f\u064a \u0631\u064a\u062c\u064a TM, \u062a\u0627\u0646 YG, S \u0631\u064a\u062c\u0648\u0633\u064a, \u0628\u0646\u064a\u0627\u0645\u064a\u0646 TGR, R \u0623\u0648\u0644\u064a\u0641\u0627\u0631\u064a\u0633, \u0645 \u0646\u0648\u0631\u0627\u0644\u062f\u064a\u0646, FJ \u0628\u064a\u0627\u0646\u0643\u0648, \u0633\u064a\u0641\u0627\u0631\u0627\u0645\u0627\u0646 A, \u0643\u064a\u0645 FJ, \u0623\u0639\u0637\u064a\u062a RW, S \u062f\u0627\u0633\u0648\u0646, \u0634\u064a\u062a\u0632 TJ, S \u0634\u0648\u062c\u064a, \u0634\u0648\u0644\u0645\u0627\u0646 A, \u0641 \u0631\u0648\u064a\u0633, \u0634\u0627\u0647 TT, S \u0633\u064a\u0648\u0646\u064a\u062a\u064a, \u0632 \u0633\u0627\u0644\u0648\u0645\u0648\u0646, \u0641 \u0644\u0627\u062c\u0648\u0646\u0627, R \u062a\u0648\u0631\u064a\u0646\u064a\u0648-\u0628\u0627\u0631\u0628\u0648\u0633\u0627, \u0623\u0645\u064a\u0646\u0634\u0627\u0631\u064a\u0641\u064a A, X \u0643\u0627\u062b\u0644\u064a\u0646\u0648, \u0641 \u062c\u0648\u0646\u062a\u064a\u0631\u0648, \u0633\u062a\u0627\u0628\u064a\u0644 A,  \u062c\u0631\u0648\u0645\u064a\u062a \u064a, \u0644\u064a\u062f\u0628\u064a\u062a\u0631 L, \u0645 \u063a\u0631\u0627\u062a\u0648\u0646, \u0633\u062a\u064a\u0641\u0646 \u062c\u0648\u0646\u0632 \u064a, \u0628\u0648\u0644\u0627\u0633\u064a\u0643 \u062a\u064a \u062c\u064a\u0647; \u062c\u0645\u0639\u064a\u0629 \u0627\u0644\u0639\u0644\u0627\u062c \u0627\u0644\u0628\u0624\u0631\u064a.\u064a\u0648\u0631\u0648 \u0623\u0648\u0631\u0648\u0644. 2023 \u062f\u064a\u0633\u0645\u0628\u0631 \u061b 84(6):547-560. \u062f\u0648\u064a: 10.1016 \/ j.eururo.2023.06.013. Epub 2023 \u064a\u0648\u0644\u064a\u0648 5.PMID: \u0645\u0631\u0627\u062c\u0639\u0629 37419773.    <\/p><p><b>2 &#8211; <a href=\"https:\/\/pubmed.ncbi.nlm.nih.gov\/39232094\/\" target=\"_blank\" rel=\"nofollow noopener\" data-saferedirecturl=\"https:\/\/www.google.com\/url?q=https:\/\/pubmed.ncbi.nlm.nih.gov\/39232094\/&amp;source=gmail&amp;ust=1747745795240000&amp;usg=AOvVaw2BJgAMo2jsMBvr6Ezz6bEt\">\u0627\u0633\u062a\u0631\u0627\u062a\u064a\u062c\u064a\u0627\u062a \u0627\u0644\u062e\u0632\u0639\u0629 \u0641\u064a \u0639\u0635\u0631 \u0627\u0644\u062a\u0635\u0648\u064a\u0631 \u0628\u0627\u0644\u0631\u0646\u064a\u0646 \u0627\u0644\u0645\u063a\u0646\u0627\u0637\u064a\u0633\u064a (mpMRI): \u0645\u0631\u0627\u062c\u0639\u0629 \u0634\u0627\u0645\u0644\u0629.<\/a><\/b><\/p><p>\u0648\u064a\u0646\u062f\u064a\u0634 \u0623\u0648 \u060c \u0641\u0627\u0644\u064a\u0631\u064a\u0648 \u0625\u0645 \u060c \u064a\u064a \u0633\u064a \u0625\u062a\u0634 \u060c \u062c\u0648\u0646\u062a\u064a\u0631\u0648 \u0628\u064a \u060c <b>\u0628\u0643\u064a\u0631 \u0628<\/b> \u060c \u0643\u0627\u0633\u062a\u0646\u0631 \u0633\u064a \u060c \u0623\u062d\u0645\u062f \u0647\u0648 \u060c \u062f\u064a \u0646\u0648\u0646\u0632\u064a\u0648 \u0633\u064a \u060c \u062f\u064a \u0644\u0627 \u0631\u0648\u0632\u064a\u062a \u062c. \u0633\u0631\u0637\u0627\u0646 \u0627\u0644\u0628\u0631\u0648\u0633\u062a\u0627\u062a\u0627 \u062f\u064a\u0633. 2024 \u0633\u0628\u062a\u0645\u0628\u0631 4. \u062f\u0648\u064a: 10.1038 \/ S41391-024-00884-2. \u0639\u0628\u0631 \u0627\u0644\u0625\u0646\u062a\u0631\u0646\u062a \u0642\u0628\u0644 \u0627\u0644\u0637\u0628\u0627\u0639\u0629. \u0628\u0645\u064a\u062f: \u0645\u0631\u0627\u062c\u0639\u0629 39232094.   <\/p><p><b>3 &#8211;<\/b> <b><a href=\"https:\/\/pubmed.ncbi.nlm.nih.gov\/32002569\/\" target=\"_blank\" rel=\"nofollow noopener\" data-saferedirecturl=\"https:\/\/www.google.com\/url?q=https:\/\/pubmed.ncbi.nlm.nih.gov\/32002569\/&amp;source=gmail&amp;ust=1747745795240000&amp;usg=AOvVaw1E50VTT9OyWWI4rJJ8HjGL\">\u062f\u0648\u0631 \u0627\u0644\u0635\u0648\u0631 \u0627\u0644\u0645\u0631\u062c\u062d\u0629 T2 \u0641\u064a \u062a\u0642\u064a\u064a\u0645 \u062f\u0631\u062c\u0629 \u0627\u0645\u062a\u062f\u0627\u062f \u062e\u0627\u0631\u062c \u0627\u0644\u0628\u0631\u0648\u0633\u062a\u0627\u062a\u0627 \u0644\u0633\u0631\u0637\u0627\u0646 \u0627\u0644\u0628\u0631\u0648\u0633\u062a\u0627\u062a\u0627.<\/a><\/b><\/p><p>\u0623\u0648\u0646\u0627\u064a A, \u0632 \u0625\u0631\u062a\u0627\u0633, \u0645 \u0641\u0648\u0631\u0627\u0644, \u0647 \u0643\u0648\u0644\u0627\u0643, \u062a\u064a \u0625\u064a\u0633\u0646, <b>\u0628\u0643\u0631.<\/b>\u0639\u0628\u062f \u0631\u0627\u062f\u064a\u0648\u0644 (\u0646\u064a\u0648\u064a\u0648\u0631\u0643). 2020 \u0623\u0643\u062a\u0648\u0628\u0631; 45(10):3293-3300. \u062f\u0648\u064a: 10.1007 \/ S00261-020-02419-4.<wbr><\/wbr>\u0628\u0645\u064a\u062f: 32002569  <\/p><p><b>4 &#8211; <a href=\"https:\/\/pubmed.ncbi.nlm.nih.gov\/31507143\/\" target=\"_blank\" rel=\"nofollow noopener\" data-saferedirecturl=\"https:\/\/www.google.com\/url?q=https:\/\/pubmed.ncbi.nlm.nih.gov\/31507143\/&amp;source=gmail&amp;ust=1747745795240000&amp;usg=AOvVaw1wG5Vk13N9DGTo7lXUBcoa\">\u0627\u0631\u062a\u0628\u0627\u0637 \u0642\u064a\u0645 \u0645\u0639\u0627\u0645\u0644 \u0627\u0644\u0627\u0646\u062a\u0634\u0627\u0631 \u0627\u0644\u0638\u0627\u0647\u0631\u064a SUV (max) \u0648\u0642\u064a\u0645 \u0645\u0639\u0627\u0645\u0644 \u0627\u0644\u0627\u0646\u062a\u0634\u0627\u0631 \u0627\u0644\u0638\u0627\u0647\u0631\u0629 \u0627\u0644\u062a\u064a \u062a\u0645 \u0627\u0643\u062a\u0634\u0627\u0641\u0647\u0627 \u0628\u0648\u0627\u0633\u0637\u0629 Ga-68 PSMA PET \/ MRI \u0641\u064a \u0622\u0641\u0627\u062a \u0627\u0644\u0628\u0631\u0648\u0633\u062a\u0627\u062a\u0627 \u0627\u0644\u0623\u0648\u0644\u064a\u0629 \u0648\u0623\u0647\u0645\u064a\u062a\u0647\u0627 \u0641\u064a \u0648\u0631\u0645 \u062e\u0628\u064a\u062b \u0641\u064a \u0627\u0644\u0639\u0642\u062f\u0629 \u0627\u0644\u0644\u064a\u0645\u0641\u0627\u0648\u064a\u0629: \u0627\u0644\u0646\u062a\u0627\u0626\u062c \u0627\u0644\u0623\u0648\u0644\u064a\u0629 \u0644\u062f\u0631\u0627\u0633\u0629 \u0645\u0633\u062a\u0645\u0631\u0629.<\/a><\/b><\/p><p>Uslu-be\u015fli L, <b>Bak\u0131r B<\/b>, Asa S, G\u00fcner E, Demirda\u011f \u00c7, \u015eahin OE, Karayel E, Sa\u011fer MS, Sayman HB, S\u00f6nmezo\u011flu K.Mol Imaging Radionucl Ther. 2019 \u0633\u0628\u062a\u0645\u0628\u0631 6 \u061b 28 (3): 104-111. \u062f\u0648\u064a: 10.4274 \/ mirt.galenos.2019.<wbr><\/wbr>63825.\u0628\u0645\u064a\u062f: 31507143  <\/p><p><b>5 &#8211; <a href=\"https:\/\/pubmed.ncbi.nlm.nih.gov\/36378618\/\" target=\"_blank\" rel=\"nofollow noopener\" data-saferedirecturl=\"https:\/\/www.google.com\/url?q=https:\/\/pubmed.ncbi.nlm.nih.gov\/36378618\/&amp;source=gmail&amp;ust=1747745795240000&amp;usg=AOvVaw3SQYUETAd23NUj2CBQIrlQ\">\u0645\u0633\u062a\u0636\u062f \u0627\u0644\u063a\u0634\u0627\u0621 \u0627\u0644\u0647\u062c\u064a\u0646 Ga-68 \u0627\u0644\u062e\u0627\u0635 \u0628\u0627\u0644\u0628\u0631\u0648\u0633\u062a\u0627\u062a\u0627 PET \/ MRI \u0641\u064a \u0627\u0644\u0643\u0634\u0641 \u0639\u0646 \u0648\u0631\u0645 \u062e\u0628\u064a\u062b \u0641\u064a \u0627\u0644\u0645\u0631\u0636\u0649 \u0627\u0644\u0630\u064a\u0646 \u064a\u0639\u0627\u0646\u0648\u0646 \u0645\u0646 \u0633\u0631\u0637\u0627\u0646 \u0627\u0644\u0628\u0631\u0648\u0633\u062a\u0627\u062a\u0627 \u0627\u0644\u0645\u0634\u062e\u0635\u064a\u0646 \u062d\u062f\u064a\u062b\u0627: \u0645\u0633\u0627\u0647\u0645\u0629 \u0643\u0644 \u062c\u0632\u0621 \u0641\u064a \u0627\u0644\u0623\u062f\u0627\u0621 \u0627\u0644\u062a\u0634\u062e\u064a\u0635\u064a.<\/a><\/b><\/p><p>S \u0622\u0633\u0627, \u0647 \u0623\u0648\u0632\u063a\u0648\u0631, \u0623\u0648\u0633\u0644\u0648-\u0628\u064a\u0633\u0644\u064a L, \u0628 \u0625\u0646\u0633\u064a, S \u0635\u0642\u0631, \u062c \u062f\u0645\u064a\u0631\u062f\u0627\u063a, \u0647 \u062c\u0648\u0646\u0631, \u0633\u064a\u0645\u0627\u0646 HB, <b>\u0628 \u0628\u0643\u064a\u0631<\/b>, Sonmezoglu K.Nucl \u0645\u064a\u062f \u0643\u0648\u0645\u064a\u0648\u0646\u064a\u0629. 2023 \u064a\u0646\u0627\u064a\u0631 1; 44(1):65-73. \u062f\u0648\u064a: 10.1097 \/ MNM.0000000000000001637. Epub 2022 \u0646\u0648\u0641\u0645\u0628\u0631 16.PMID: 36378618   <\/p><p><b>6 &#8211; <a href=\"https:\/\/pubmed.ncbi.nlm.nih.gov\/34750082\/\" target=\"_blank\" rel=\"nofollow noopener\" data-saferedirecturl=\"https:\/\/www.google.com\/url?q=https:\/\/pubmed.ncbi.nlm.nih.gov\/34750082\/&amp;source=gmail&amp;ust=1747745795240000&amp;usg=AOvVaw0PmYoUFLp8mhjveVPlIjiH\">\u062a\u0623\u062b\u064a\u0631 \u0627\u0644\u0648\u0631\u0645 \u0627\u0644\u0645\u0631\u0626\u064a (PI-RADS 3) \u0639\u0644\u0649 \u0627\u0644\u062a\u0631\u0642\u064a\u0629 \u0648\u0639\u0644\u0645 \u0627\u0644\u0623\u0645\u0631\u0627\u0636 \u0627\u0644\u0636\u0627\u0631 \u0641\u064a \u0627\u0633\u062a\u0626\u0635\u0627\u0644 \u0627\u0644\u0628\u0631\u0648\u0633\u062a\u0627\u062a\u0627 \u0627\u0644\u062c\u0630\u0631\u064a \u0641\u064a \u0645\u0631\u0636\u0649 \u0633\u0631\u0637\u0627\u0646 \u0627\u0644\u0628\u0631\u0648\u0633\u062a\u0627\u062a\u0627 \u0645\u0646\u062e\u0641\u0636\u064a \u0627\u0644\u062e\u0637\u0648\u0631\u0629: \u062a\u062d\u0644\u064a\u0644 \u0642\u0627\u0626\u0645 \u0639\u0644\u0649 \u0627\u0644\u062e\u0632\u0639\u0629 \u0627\u0644\u0623\u0633\u0627\u0633\u064a\u0629.<\/a><\/b><\/p><p>\u00d6zkan A, K\u00f6seo\u011flu E, K\u0131l\u0131\u00e7 M, Baydar DE, Sa\u011fl\u0131can Y, Balbay MD, Canda AE, Kordan Y, Kiremit MC, \u00c7il B, Tu\u011fcu V, <b>Bak\u0131r B<\/b>, Esen T.Clin Genitourin Cancer. 2022 \u0641\u0628\u0631\u0627\u064a\u0631 \u061b 20 (1): e61-e67. \u062f\u0648\u064a: 10.1016 \/ j.clgc.2021.09.007. Epub 2021 \u0623\u0643\u062a\u0648\u0628\u0631 9.PMID: 34750082   <\/p><p><b>7 &#8211; <a href=\"https:\/\/pubmed.ncbi.nlm.nih.gov\/30777210\/\" target=\"_blank\" rel=\"nofollow noopener\" data-saferedirecturl=\"https:\/\/www.google.com\/url?q=https:\/\/pubmed.ncbi.nlm.nih.gov\/30777210\/&amp;source=gmail&amp;ust=1747745795240000&amp;usg=AOvVaw3gSnw5EuAXAjIEVdN4zVYG\">\u062a\u0642\u064a\u064a\u0645 \u062a\u0633\u0644\u0633\u0644 \u0627\u0644\u062a\u0635\u0648\u064a\u0631 \u0628\u0627\u0644\u0631\u0646\u064a\u0646 \u0627\u0644\u0645\u063a\u0646\u0627\u0637\u064a\u0633\u064a \u0645\u062a\u0639\u062f\u062f \u0627\u0644\u0645\u0639\u0644\u0645\u0627\u062a \u0627\u0644\u0623\u0645\u062b\u0644 \u0644\u062a\u062d\u062f\u064a\u062f \u0627\u0644\u0637\u0648\u0644 \u0627\u0644\u0645\u0631\u0636\u064a \u0644\u0644\u062a\u0644\u0627\u0645\u0633 \u0627\u0644\u0645\u062d\u0641\u0638\u0629.<\/a><\/b><\/p><p>Onay A, Vural M, Armutlu A, Ozel Y\u0131ld\u0131z S, Kiremit MC, Esen T, <b>Bak\u0131r B.<\/b>\u064a\u0648\u0631\u0648 J \u0631\u0627\u062f\u064a\u0648\u0644. 2019 \u0645\u0627\u0631\u0633 \u061b 112: 192-199. \u062f\u0648\u0649: 10.1016 \/ j.ejrad.2019.01.020. Epub 2019 \u064a\u0646\u0627\u064a\u0631 22.PMID: 30777210<\/p><p><b>8 &#8211;  <a href=\"https:\/\/pubmed.ncbi.nlm.nih.gov\/31670596\/\" target=\"_blank\" rel=\"nofollow noopener\" data-saferedirecturl=\"https:\/\/www.google.com\/url?q=https:\/\/pubmed.ncbi.nlm.nih.gov\/31670596\/&amp;source=gmail&amp;ust=1747745795240000&amp;usg=AOvVaw2MKlGgxSH-l9A9H_UtrDwl\">\u0647\u0644 \u064a\u0645\u0643\u0646 \u0627\u0644\u062a\u0646\u0628\u0624 \u0628\u0627\u0644\u062a\u0645\u062f\u062f \u062e\u0627\u0631\u062c \u0627\u0644\u0628\u0631\u0648\u0633\u062a\u0627\u062a \u0645\u0646 \u062e\u0644\u0627\u0644 \u0637\u0648\u0644 \u0645\u0644\u0627\u0645\u0633\u0629 \u0627\u0644\u0643\u0628\u0633\u0648\u0644\u0629 \u0627\u0644\u0648\u0631\u0645\u064a\u0629 \u0641\u064a \u0633\u0631\u0637\u0627\u0646 \u0627\u0644\u0628\u0631\u0648\u0633\u062a\u0627\u062a\u0627\u061f \u0627\u0644\u0639\u0644\u0627\u0642\u0629 \u0645\u0639 \u0627\u0644\u062c\u0645\u0639\u064a\u0629 \u0627\u0644\u062f\u0648\u0644\u064a\u0629 \u0644\u0623\u0645\u0631\u0627\u0636 \u0627\u0644\u0645\u0633\u0627\u0644\u0643 \u0627\u0644\u0628\u0648\u0644\u064a\u0629.<\/a><\/b><\/p><p><b>\u0628\u0643\u064a\u0631 \u0628,<\/b> \u0623\u0648\u0646\u0627\u064a \u0623, \u0641\u0648\u0631\u0627\u0644 \u0645, \u0623\u0631\u0645\u0648\u062a\u0644\u0648 \u0623, \u064a\u0644\u062f\u064a\u0632 \u0633\u0648, \u0625\u064a\u0633\u0646 \u062a.AJR \u0622\u0645 \u062c\u064a \u0631\u0648\u0646\u062a\u062c\u064a\u0646\u0648\u0644. 2020 \u0645\u0627\u0631\u0633; 214(3):588-596.  \u062f\u0648\u064a: 10.2214 \/ AJR.19.21828. Epub 2019 \u0623\u0643\u062a\u0648\u0628\u0631 31.PMID: 31670596<\/p><p><b>9 &#8211; <a href=\"https:\/\/pubmed.ncbi.nlm.nih.gov\/33862674\/\" target=\"_blank\" rel=\"nofollow noopener\" data-saferedirecturl=\"https:\/\/www.google.com\/url?q=https:\/\/pubmed.ncbi.nlm.nih.gov\/33862674\/&amp;source=gmail&amp;ust=1747745795240000&amp;usg=AOvVaw28OaZJc5rdrx1-Xl97jBHo\">\u0627\u0644\u0639\u0644\u0627\u0642\u0629 \u0628\u064a\u0646 \u0645\u0642\u062f\u0627\u0631 \u0627\u0644\u062a\u0645\u062f\u062f \u062e\u0627\u0631\u062c \u0627\u0644\u0628\u0631\u0648\u0633\u062a\u0627\u062a\u0627 \u0648\u0637\u0648\u0644 \u0627\u0644\u062a\u0644\u0627\u0645\u0633 \u0627\u0644\u0645\u062d\u0641\u0638\u064a: \u0627\u0644\u0639\u0631\u0648\u0636 \u0645\u0646 \u0635\u0648\u0631 \u0627\u0644\u062a\u0635\u0648\u064a\u0631 \u0628\u0627\u0644\u0631\u0646\u064a\u0646 \u0627\u0644\u0645\u063a\u0646\u0627\u0637\u064a\u0633\u064a \u0648\u0639\u064a\u0646\u0627\u062a \u0627\u0633\u062a\u0626\u0635\u0627\u0644 \u0627\u0644\u0628\u0631\u0648\u0633\u062a\u0627\u062a\u0627 \u0627\u0644\u062c\u0630\u0631\u064a.<\/a><\/b><\/p><p>Onay A, <b>Bak\u0131r B.<\/b>Turk J Med Sci. 2021 \u0623\u063a\u0633\u0637\u0633 30; 51(4):1940-1952. \u062f\u0648\u064a: 10.3906 \/ SAG-2012-55. \u0628\u0645\u064a\u062f: <wbr><\/wbr>33862674    <\/p>\t\t\t\t\t\t\t\t<\/div>\n\t\t\t\t<\/div>\n\t\t\t\t\t<\/div>\n\t\t<\/div>\n\t\t\t\t\t<\/div>\n\t\t<\/section>\n\t\t\t\t<\/div>\n\t\t","protected":false},"excerpt":{"rendered":"<p>\u0622\u062e\u0631 \u0645\u0646\u0634\u0648\u0631\u0627\u062a\u0646\u0627 \u0639\u0646 \u0633\u0631\u0637\u0627\u0646 \u0627\u0644\u0628\u0631\u0648\u0633\u062a\u0627\u062a\u0627 1 &#8211; \u0627\u0644\u0627\u0633\u062a\u0626\u0635\u0627\u0644 \u0627\u0644\u0623\u0648\u0644\u064a \u0644\u0644\u063a\u062f\u0629 \u0627\u0644\u0643\u0627\u0645\u0644\u0629 \u0644\u0639\u0644\u0627\u062c \u0633\u0631\u0637\u0627\u0646 \u0627\u0644\u0628\u0631\u0648\u0633\u062a\u0627\u062a\u0627 \u0627\u0644\u0645\u0648\u0636\u0639\u064a \u0633\u0631\u064a\u0631\u064a\u0627: \u0628\u064a\u0627\u0646 \u0623\u0641\u0636\u0644 \u0627\u0644\u0645\u0645\u0627\u0631\u0633\u0627\u062a \u0644\u062c\u0645\u0639\u064a\u0629 \u0627\u0644\u0639\u0644\u0627\u062c \u0627\u0644\u0628\u0624\u0631\u064a. S \u062f\u064a\u0641\u0627\u0633\u064a\u062c\u0627\u0645\u0627\u0646\u064a, S \u0643\u0648\u062a\u0627\u0645\u0627\u0631\u062a\u064a, AR \u0631\u0627\u0633\u062a\u062a\u064a\u0646\u0647\u0627\u062f, RS \u0633\u0627\u0644\u0627\u0633, \u062f\u064a \u0644\u0627 \u0631\u0648\u0632\u064a\u062a JJMCH, \u062d \u0644\u064a\u0628\u0648\u0631, P \u0628\u064a\u0646\u062a\u0648, \u0623\u062d\u0645\u062f \u0647\u0648, \u062c\u064a\u0644 \u0623\u0646\u0627, L \u0643\u0644\u0648\u062a\u0632, \u062a\u0627\u0646\u064a\u062c\u0627 SS, \u0625\u0645 \u0625\u0645\u0628\u0631\u062a\u0648\u0646, N \u0644\u0648\u0631\u0646\u062a\u0634\u0648\u0643, \u064a \u0648\u064a\u0633\u0648\u0643, \u062c\u064a \u0641\u0644\u0631, S [&hellip;]<\/p>\n","protected":false},"author":1,"featured_media":0,"parent":0,"menu_order":0,"comment_status":"closed","ping_status":"closed","template":"","meta":{"footnotes":""},"class_list":["post-6942","page","type-page","status-publish","hentry"],"_links":{"self":[{"href":"https:\/\/prostatefocaltherapies.com\/ar\/wp-json\/wp\/v2\/pages\/6942","targetHints":{"allow":["GET"]}}],"collection":[{"href":"https:\/\/prostatefocaltherapies.com\/ar\/wp-json\/wp\/v2\/pages"}],"about":[{"href":"https:\/\/prostatefocaltherapies.com\/ar\/wp-json\/wp\/v2\/types\/page"}],"author":[{"embeddable":true,"href":"https:\/\/prostatefocaltherapies.com\/ar\/wp-json\/wp\/v2\/users\/1"}],"replies":[{"embeddable":true,"href":"https:\/\/prostatefocaltherapies.com\/ar\/wp-json\/wp\/v2\/comments?post=6942"}],"version-history":[{"count":1,"href":"https:\/\/prostatefocaltherapies.com\/ar\/wp-json\/wp\/v2\/pages\/6942\/revisions"}],"predecessor-version":[{"id":6945,"href":"https:\/\/prostatefocaltherapies.com\/ar\/wp-json\/wp\/v2\/pages\/6942\/revisions\/6945"}],"wp:attachment":[{"href":"https:\/\/prostatefocaltherapies.com\/ar\/wp-json\/wp\/v2\/media?parent=6942"}],"curies":[{"name":"wp","href":"https:\/\/api.w.org\/{rel}","templated":true}]}}