{"id":6366,"date":"2021-10-27T06:55:04","date_gmt":"2021-10-27T03:55:04","guid":{"rendered":"https:\/\/prostatefocaltherapies.com\/%d0%bc%d0%b5%d0%b6%d0%b4%d1%83%d0%bd%d0%b0%d1%80%d0%be%d0%b4%d0%bd%d0%b8-%d0%bf%d1%80%d0%b5%d0%b7%d0%b5%d0%bd%d1%82%d0%b0%d1%86%d0%b8%d0%b8\/"},"modified":"2025-09-26T06:30:16","modified_gmt":"2025-09-26T03:30:16","slug":"%d0%bc%d0%b5%d0%b6%d0%b4%d1%83%d0%bd%d0%b0%d1%80%d0%be%d0%b4%d0%bd%d0%b8-%d0%bf%d1%80%d0%b5%d0%b7%d0%b5%d0%bd%d1%82%d0%b0%d1%86%d0%b8%d0%b8","status":"publish","type":"page","link":"https:\/\/prostatefocaltherapies.com\/bg\/%d0%bc%d0%b5%d0%b6%d0%b4%d1%83%d0%bd%d0%b0%d1%80%d0%be%d0%b4%d0%bd%d0%b8-%d0%bf%d1%80%d0%b5%d0%b7%d0%b5%d0%bd%d1%82%d0%b0%d1%86%d0%b8%d0%b8\/","title":{"rendered":"\u041c\u0415\u0416\u0414\u0423\u041d\u0410\u0420\u041e\u0414\u041d\u0418 \u041f\u0420\u0415\u0417\u0415\u041d\u0422\u0410\u0426\u0418\u0418"},"content":{"rendered":"\t\t<div data-elementor-type=\"wp-page\" data-elementor-id=\"6366\" class=\"elementor elementor-6366 elementor-842\" data-elementor-post-type=\"page\">\n\t\t\t\t\t\t<section class=\"elementor-section elementor-top-section elementor-element elementor-element-200966f elementor-section-boxed elementor-section-height-default elementor-section-height-default\" data-id=\"200966f\" data-element_type=\"section\">\n\t\t\t\t\t\t<div class=\"elementor-container elementor-column-gap-default\">\n\t\t\t\t\t<div class=\"elementor-column elementor-col-100 elementor-top-column elementor-element elementor-element-0137aa2\" data-id=\"0137aa2\" data-element_type=\"column\" data-settings=\"{&quot;background_background&quot;:&quot;classic&quot;}\">\n\t\t\t<div class=\"elementor-widget-wrap elementor-element-populated\">\n\t\t\t\t\t\t<div class=\"elementor-element elementor-element-43d5dac elementor-widget elementor-widget-heading\" data-id=\"43d5dac\" data-element_type=\"widget\" data-widget_type=\"heading.default\">\n\t\t\t\t<div class=\"elementor-widget-container\">\n\t\t\t\t\t<h1 class=\"elementor-heading-title elementor-size-default\"> \u041c\u0415\u0416\u0414\u0423\u041d\u0410\u0420\u041e\u0414\u041d\u0418 \u041f\u0420\u0415\u0417\u0415\u041d\u0422\u0410\u0426\u0418\u0418<\/h1>\t\t\t\t<\/div>\n\t\t\t\t<\/div>\n\t\t\t\t\t<\/div>\n\t\t<\/div>\n\t\t\t\t\t<\/div>\n\t\t<\/section>\n\t\t\t\t<section class=\"elementor-section elementor-top-section elementor-element elementor-element-459aa05 elementor-section-boxed elementor-section-height-default elementor-section-height-default\" data-id=\"459aa05\" data-element_type=\"section\">\n\t\t\t\t\t\t<div class=\"elementor-container elementor-column-gap-default\">\n\t\t\t\t\t<div class=\"elementor-column elementor-col-100 elementor-top-column elementor-element elementor-element-1e570e39\" data-id=\"1e570e39\" data-element_type=\"column\">\n\t\t\t<div class=\"elementor-widget-wrap elementor-element-populated\">\n\t\t\t\t\t\t<div class=\"elementor-element elementor-element-5a639d37 elementor-widget elementor-widget-text-editor\" data-id=\"5a639d37\" data-element_type=\"widget\" data-widget_type=\"text-editor.default\">\n\t\t\t\t<div class=\"elementor-widget-container\">\n\t\t\t\t\t\t\t\t\t\n<p><strong>1.<\/strong> Tamam M, Adalet I, <strong>Bakir B,<\/strong> T\u00fcrkmen C, Darendeliler F, Ba\u015f F, Sanl\u0131 Y, Kuyumcu S, Cantez S. <em>&#8220;\u0420\u043e\u043b\u044f\u0442\u0430 \u043d\u0430 \u0443\u043b\u0442\u0440\u0430\u0437\u0432\u0443\u043a\u043e\u0432\u0438\u0442\u0435 \u0438 \u0441\u0446\u0438\u043d\u0442\u0438\u0433\u0440\u0430\u0444\u0441\u043a\u0438 \u043c\u0435\u0442\u043e\u0434\u0438 \u043f\u0440\u0438 \u043e\u043f\u0440\u0435\u0434\u0435\u043b\u044f\u043d\u0435 \u043d\u0430 \u0435\u0442\u0438\u043e\u043b\u043e\u0433\u0438\u044f\u0442\u0430 \u043d\u0430 \u0432\u0440\u043e\u0434\u0435\u043d\u0438\u044f \u0445\u0438\u043f\u043e\u0442\u0438\u0440\u0435\u043e\u0438\u0434\u0438\u0437\u044a\u043c&#8220;<\/em> . \u0413\u043e\u0434\u0438\u0448\u0435\u043d \u043a\u043e\u043d\u0433\u0440\u0435\u0441 \u043d\u0430 \u0415\u0432\u0440\u043e\u043f\u0435\u0439\u0441\u043a\u0430\u0442\u0430 \u0430\u0441\u043e\u0446\u0438\u0430\u0446\u0438\u044f \u043f\u043e \u043d\u0443\u043a\u043b\u0435\u0430\u0440\u043d\u0430 \u043c\u0435\u0434\u0438\u0446\u0438\u043d\u0430, \u0410\u0442\u0438\u043d\u0430, 2006 \u0433<\/p>\n\n<p><strong>2.<\/strong> Tamam M, <strong>Bakir B,<\/strong> Adalet I, Darendeliler F, Ba\u015f F, Sanl\u0131 Y, Cantez S. <em>&#8220;\u041e\u0446\u0435\u043d\u043a\u0430 \u043d\u0430 \u0435\u043a\u0442\u043e\u043f\u0438\u0447\u043d\u0430 \u0449\u0438\u0442\u043e\u0432\u0438\u0434\u043d\u0430 \u0436\u043b\u0435\u0437\u0430 \u043f\u0440\u0438 \u0434\u0435\u0446\u0430 \u0441 \u0432\u0440\u043e\u0434\u0435\u043d \u0445\u0438\u043f\u043e\u0442\u0438\u043e\u0438\u0434\u0438\u0437\u044a\u043c \u0447\u0440\u0435\u0437 \u0443\u043b\u0442\u0440\u0430\u0437\u0432\u0443\u043a \u0441 \u0446\u0432\u0435\u0442\u0435\u043d \u0434\u043e\u043f\u043b\u0435\u0440 \u0438 \u0440\u0430\u0434\u0438\u043e\u043d\u0443\u043a\u043b\u0438\u0434\u043d\u0430 \u043e\u0431\u0440\u0430\u0437\u043d\u0430 \u0434\u0438\u0430\u0433\u043d\u043e\u0441\u0442\u0438\u043a\u0430&#8220;.<\/em> \u0413\u043e\u0434\u0438\u0448\u0435\u043d \u043a\u043e\u043d\u0433\u0440\u0435\u0441 \u043d\u0430 \u0415\u0432\u0440\u043e\u043f\u0435\u0439\u0441\u043a\u0430\u0442\u0430 \u0430\u0441\u043e\u0446\u0438\u0430\u0446\u0438\u044f \u043f\u043e \u043d\u0443\u043a\u043b\u0435\u0430\u0440\u043d\u0430 \u043c\u0435\u0434\u0438\u0446\u0438\u043d\u0430, \u0410\u0442\u0438\u043d\u0430, 2006 \u0433<\/p>\n\n<p><strong>3<\/strong> . Salmaslioglu A, Tunaci M, Acunas G, <strong>Bakir B,<\/strong> Ucar A, Guven K, Adalet I, Erbil Y. <em>&#8220;\u0420\u0430\u0434\u0438\u043e\u0443\u043f\u0440\u0430\u0432\u043b\u044f\u0432\u0430\u043d\u0430 \u043b\u043e\u043a\u0430\u043b\u0438\u0437\u0430\u0446\u0438\u044f \u043d\u0430 \u043c\u0430\u0441\u0438\u0442\u0435 \u043d\u0430 \u0448\u0438\u044f\u0442\u0430: \u043d\u043e\u0432 \u043f\u043e\u0434\u0445\u043e\u0434&#8220;<\/em> \u0415\u0432\u0440\u043e\u043f\u0435\u0439\u0441\u043a\u0438 \u043a\u043e\u043d\u0433\u0440\u0435\u0441 \u043f\u043e \u0440\u0430\u0434\u0438\u043e\u043b\u043e\u0433\u0438\u044f, \u0412\u0438\u0435\u043d\u0430, 2008 \u0433.<\/p>\n\n<p><strong>4<\/strong> . Guven K, Terzibasioglu E, Ucar A, <strong>Bakir B.<\/strong> <em>&#8220;\u0415\u0437\u043e\u0444\u0430\u0433\u0435\u0430\u043b\u043d\u043e \u043c\u0443\u043a\u043e\u0446\u0435\u043b\u0435, \u043f\u0440\u0438\u0447\u0438\u043d\u044f\u0432\u0430\u0449\u043e \u0441\u0438\u043c\u043f\u0442\u043e\u043c\u0438 \u043d\u0430 \u0430\u043d\u0433\u0438\u043d\u0430, \u043b\u0435\u043a\u0443\u0432\u0430\u043d\u043e \u0441 \u043f\u0435\u0440\u043a\u0443\u0442\u0430\u043d\u0435\u043d \u0434\u0440\u0435\u043d\u0430\u0436&#8220;<\/em> \u0413\u043e\u0434\u0438\u0448\u043d\u0430 \u0441\u0440\u0435\u0449\u0430 \u0438 \u0441\u043b\u0435\u0434\u0434\u0438\u043f\u043b\u043e\u043c\u0435\u043d \u043a\u0443\u0440\u0441 \u043d\u0430 \u0415\u0432\u0440\u043e\u043f\u0435\u0439\u0441\u043a\u043e\u0442\u043e \u0434\u0440\u0443\u0436\u0435\u0441\u0442\u0432\u043e \u043f\u043e \u0441\u0442\u043e\u043c\u0430\u0448\u043d\u043e-\u0447\u0440\u0435\u0432\u043d\u0430 \u0438 \u0430\u0431\u0434\u043e\u043c\u0438\u043d\u0430\u043b\u043d\u0430 \u0440\u0430\u0434\u0438\u043e\u043b\u043e\u0433\u0438\u044f, \u0418\u0441\u0442\u0430\u043d\u0431\u0443\u043b, 2008 \u0433. <\/p>\n\n<p><strong>5.<\/strong> \u0130yibozkurt AC, Kalelio\u011flu \u0130, \u00c7etin C, Topuz S, <strong>Bak\u0131r B,<\/strong> Y\u0131ld\u0131r\u0131m A, Berkman S. <em>\u201e\u0414\u0432\u0430 \u0440\u0435\u0434\u043a\u0438 \u0441\u043b\u0443\u0447\u0430\u044f \u043d\u0430 \u0433\u0435\u043d\u0438\u0442\u0430\u043b\u043d\u0438 \u0442\u0443\u043c\u043e\u0440\u0438, \u0441\u0432\u044a\u0440\u0437\u0430\u043d\u0438 \u0441\u044a\u0441 \u0441\u0438\u043d\u0434\u0440\u043e\u043c\u0430 \u043d\u0430 Peutz-Jeghers.\u201c<\/em> 16th International Meeting of the European Gnecological Society (ESGO), \u0411\u0435\u043b\u0433\u0440\u0430\u0434, \u0421\u044a\u0440\u0431\u0438\u044f, 2009 \u0433.<\/p>\n\n<p><strong>6.<\/strong> Y\u0131lmaz E, <strong><em>Bak\u0131r B,<\/em><\/strong> Kalelio\u011flu H.\u0130, Has R, Y\u00fcksel A, Ayd\u0131n K, Sencer S. <em>&#8220;\u0414\u043e\u043f\u044a\u043b\u043d\u0438\u0442\u0435\u043b\u043d\u0438 \u043d\u0430\u0445\u043e\u0434\u043a\u0438 \u043e\u0442 \u0444\u0435\u0442\u0430\u043b\u0435\u043d \u043c\u0430\u0433\u043d\u0438\u0442\u0435\u043d \u0440\u0435\u0437\u043e\u043d\u0430\u043d\u0441 \u043a\u044a\u043c \u043f\u0440\u0435\u043d\u0430\u0442\u0430\u043b\u043d\u0430\u0442\u0430 \u0441\u043e\u043d\u043e\u0433\u0440\u0430\u0444\u0441\u043a\u0430 \u0434\u0438\u0430\u0433\u043d\u043e\u0441\u0442\u0438\u043a\u0430 \u043d\u0430 \u0430\u043d\u043e\u043c\u0430\u043b\u0438\u0438 \u043d\u0430 \u0446\u0435\u043d\u0442\u0440\u0430\u043b\u043d\u0430\u0442\u0430 \u043d\u0435\u0440\u0432\u043d\u0430 \u0441\u0438\u0441\u0442\u0435\u043c\u0430&#8220;<\/em> The Society of Pediatric Radiology SPR 2010, \u0411\u043e\u0441\u0442\u044a\u043d, \u041c\u0430\u0441\u0430\u0447\u0443\u0437\u0435\u0442\u0441, 2010<\/p>\n\n<p><strong>7.<\/strong> \u0419. \u0421\u0430\u043d\u043b\u0438, \u0427. \u0422\u044e\u0440\u043a\u043c\u0435\u043d, <strong><em>\u0411. \u0411\u0430\u043a\u0438\u0440,<\/em><\/strong> \u0418. \u0410\u0434\u0430\u043b\u0435\u0442, \u0421. \u0423\u043d\u0430\u043b, \u0410. \u041c\u0443\u0434\u0443\u043d, \u0427. \u0418\u0438\u0431\u043e\u0437\u043a\u0443\u0440\u0442, \u0421. \u0422\u043e\u043f\u0443\u0437. <em>&#8220;\u0420\u043e\u043b\u044f\u0442\u0430 \u043d\u0430 FDG-PET\/CT \u0437\u0430 \u0441\u0442\u0430\u0434\u0438\u0440\u0430\u043d\u0435 \u0438\/\u0438\u043b\u0438 \u043e\u0446\u0435\u043d\u043a\u0430 \u043d\u0430 \u0442\u0435\u0440\u0430\u043f\u0435\u0432\u0442\u0438\u0447\u043d\u0438\u044f \u043e\u0442\u0433\u043e\u0432\u043e\u0440 \u043f\u0440\u0438 \u043f\u0430\u0446\u0438\u0435\u043d\u0442\u0438 \u0441 \u0440\u0430\u043a \u043d\u0430 \u043c\u0430\u0442\u043e\u0447\u043d\u0430\u0442\u0430 \u0448\u0438\u0439\u043a\u0430.&#8220;<\/em> \u0413\u043e\u0434\u0438\u0448\u0435\u043d \u043a\u043e\u043d\u0433\u0440\u0435\u0441 \u043d\u0430 \u0415\u0432\u0440\u043e\u043f\u0435\u0439\u0441\u043a\u0430\u0442\u0430 \u0430\u0441\u043e\u0446\u0438\u0430\u0446\u0438\u044f \u043f\u043e \u043d\u0443\u043a\u043b\u0435\u0430\u0440\u043d\u0430 \u043c\u0435\u0434\u0438\u0446\u0438\u043d\u0430. \u0412\u0438\u0435\u043d\u0430, \u0410\u0432\u0441\u0442\u0440\u0438\u044f, <em>2010<\/em> \u0433<\/p>\n\n<p><strong>8. <\/strong> \u0421\u0430\u043d\u043b\u0438 \u0419; \u0442\u0443\u0440\u043a\u043c\u0435\u043d\u0441\u043a\u0438 C; \u041c\u0443\u0434\u0443\u043d \u0410; \u0410\u0434\u0430\u043b\u0435\u0442 I; Unal SN.; \u0411\u0430\u043a\u0438\u0440 \u0411; \u0422\u043e\u043f\u0443\u0437 \u0421; \u0418\u0438\u0431\u043e\u0437\u043a\u0443\u0440\u0442 <sup>\u041a<\/sup>.<em>&#8222;\u0422\u0440\u044f\u0431\u0432\u0430 \u043b\u0438 FDG-PET\/CT \u0434\u0430 \u0431\u044a\u0434\u0435 \u043f\u044a\u0440\u0432\u0430\u0442\u0430 \u043b\u0438\u043d\u0438\u044f \u0437\u0430 \u043e\u0431\u0440\u0430\u0437\u043d\u0430 \u0434\u0438\u0430\u0433\u043d\u043e\u0441\u0442\u0438\u043a\u0430 \u0437\u0430 \u0432\u044a\u0437\u0441\u0442\u0430\u043d\u043e\u0432\u044f\u0432\u0430\u043d\u0435 \u0438\/\u0438\u043b\u0438 \u043e\u0446\u0435\u043d\u043a\u0430 \u043d\u0430 \u0440\u0435\u0446\u0438\u0434\u0438\u0432 \u043f\u0440\u0438 \u043f\u0430\u0446\u0438\u0435\u043d\u0442\u0438 \u0441 \u0440\u0430\u043a \u043d\u0430 \u044f\u0439\u0447\u043d\u0438\u0446\u0438\u0442\u0435?&#8220; <\/em>57-\u043c\u0430 \u0433\u043e\u0434\u0438\u0448\u043d\u0430 \u0441\u0440\u0435\u0449\u0430 \u043d\u0430 \u041e\u0431\u0449\u0435\u0441\u0442\u0432\u043e\u0442\u043e \u043f\u043e \u043d\u0443\u043a\u043b\u0435\u0430\u0440\u043d\u0430 \u043c\u0435\u0434\u0438\u0446\u0438\u043d\u0430; \u0421\u043e\u043b\u0442 \u041b\u0435\u0439\u043a \u0421\u0438\u0442\u0438, \u042e\u0442\u0430. 2010<\/p>\n\n<p><strong>9.<\/strong> \u0410\u0445\u043c\u0435\u0442 \u0413\u044c\u043e\u0447\u043c\u0435\u0437, \u041c\u0435\u0440\u0432\u0435 <strong>\u0413\u044e\u043b\u0431\u0438\u0437<\/strong> \u041a\u0430\u0440\u0442\u0430\u043b, <strong>\u0411\u0430\u0440\u0438<\/strong> <strong>\u0448 \u0411\u0430\u043a\u044a\u0440<\/strong> , \u0411\u044e\u043b\u0435\u043d\u0442 \u0410\u043a\u0443\u043d\u0430\u0448. \u0421\u0440\u0430\u0432\u043d\u0435\u043d\u0438\u0435 \u043d\u0430 \u0435\u0444\u0435\u043a\u0442\u0438\u0432\u043d\u043e\u0441\u0442\u0442\u0430 \u043d\u0430 \u0434\u0438\u043d\u0430\u0442\u0440\u0438\u0435\u0432\u0438\u044f \u0434\u0438\u043d\u0430\u0442\u0440\u0438\u0435\u0432 \u0433\u0430\u0434\u043e\u043a\u0441\u0435\u0442\u0430\u0442 (Gd-EOB-DTPA) \u0441\u044a\u0441 \u0437\u0430\u0431\u0430\u0432\u0435\u043d\u043e 10 \u0438 20-\u0442\u0430 \u043c\u0438\u043d\u0443\u0442\u0430 \u0437\u0430 \u0434\u0438\u0430\u0433\u043d\u043e\u0441\u0442\u0438\u0446\u0438\u0440\u0430\u043d\u0435 \u043d\u0430 \u043c\u0430\u043b\u044a\u043a HCC (\u043f\u043e-\u043c\u0430\u043b\u043a\u043e \u043e\u0442 2 cm), ESGAR \u041f\u0440\u0430\u0433\u0430, \u0427\u0435\u0445\u0438\u044f, 2016 \u0433.<\/p>\n\n<p><strong>10.<\/strong> \u0410\u0440\u0442\u0443\u0440 \u0421\u0430\u043b\u043c\u0430\u0441\u043b\u0438\u043e\u0433\u043b\u0443, \u041a\u0443\u0431\u0438\u043b\u0430\u0439 \u0410\u0439\u0434\u044a\u043d, \u0410\u0440\u0437\u0443 \u041f\u043e\u044f\u043d\u043b\u0438, <strong>\u0411\u0430\u0440\u0438\u0441 \u0411\u0430\u043a\u0438\u0440<\/strong> , \u041c\u0435\u0445\u043c\u0435\u0442 \u0411\u0430\u0440\u0431\u0443\u0440, \u0413\u0443\u043b\u0434\u0435\u043d \u0410\u043a\u0443\u043d\u0430\u0441, \u0411\u044e\u043b\u0435\u043d\u0442 \u0410\u043a\u0443\u043d\u0430\u0441, 3D \u043f\u0435\u0447\u0430\u0442 \u0432 \u0440\u0430\u0434\u0438\u043e\u043b\u043e\u0433\u0438\u044f\u0442\u0430 \u0441 \u043f\u043e\u043c\u043e\u0449\u0442\u0430 \u043d\u0430 \u0435\u0432\u0442\u0438\u043d\u0438 3D \u043f\u0440\u0438\u043d\u0442\u0435\u0440\u0438 \u0438 \u0441\u043e\u0444\u0442\u0443\u0435\u0440 \u0441 \u043e\u0442\u0432\u043e\u0440\u0435\u043d \u043a\u043e\u0434, RSNA 2015, \u0427\u0438\u043a\u0430\u0433\u043e, \u0421\u0410\u0429<\/p>\n\n<p><strong>11.<\/strong> Besli LU, Asa S, <strong>Bak\u0131r B,<\/strong> Sayman H, Sager S, . Khosroshah BR, G\u00fcner E, Demirdag \u00c7, Demir M, Uslu I, S\u00f6nmezoglu K.<u> <\/u>\u0421\u0440\u0430\u0432\u043d\u0435\u043d\u0438\u0435 \u043d\u0430 Ga-68 PSMA PET\/CT \u0438 Ga-68 PSMA PET\/MRI \u0441 \u0431\u0438\u043f\u0430\u0440\u0430\u043c\u0435\u0442\u0440\u0438\u0447\u0435\u043d \u042f\u041c\u0420 \u043d\u0430 \u043f\u0440\u043e\u0441\u0442\u0430\u0442\u0430\u0442\u0430 \u043f\u043e \u043e\u0442\u043d\u043e\u0448\u0435\u043d\u0438\u0435 \u043d\u0430 \u043c\u0435\u0441\u0442\u043e\u043f\u043e\u043b\u043e\u0436\u0435\u043d\u0438\u0435\u0442\u043e \u0438 \u0440\u0430\u0437\u0448\u0438\u0440\u0435\u043d\u0438\u0435\u0442\u043e \u043d\u0430 \u043f\u044a\u0440\u0432\u0438\u0447\u0435\u043d \u0442\u0443\u043c\u043e\u0440 \u043d\u0430 \u043f\u0440\u043e\u0441\u0442\u0430\u0442\u043d\u0430\u0442\u0430 \u0436\u043b\u0435\u0437\u0430 EANM 2018, \u0414\u044e\u0441\u0435\u043b\u0434\u043e\u0440\u0444, \u0413\u0435\u0440\u043c\u0430\u043d\u0438\u044f<\/p>\n\n<p><strong>12.<\/strong> \u041a\u043e\u043a\u0447\u0438\u044f\u043d \u041d., \u0422\u0443\u0440\u043a\u0430\u0439 \u0420., \u0434-\u0440, \u0423\u0441\u043a\u0443\u0434\u0430\u0440\u043b\u0438 \u0421., \u0419\u043e\u043b\u0443\u043c \u041f., \u0410\u043a\u0430\u0440 \u0411., \u0434-\u0440; <strong>\u0411\u0430\u043a\u0438\u0440 \u0411<\/strong>., \u0434-\u0440. ONLIRA &#8211; \u041f\u0440\u0435\u0434\u0441\u0442\u0430\u0432\u044f\u043d\u0435 \u043d\u0430 \u0441\u0435\u043c\u0430\u043d\u0442\u0438\u0447\u043d\u043e \u0437\u043d\u0430\u043d\u0438\u0435 \u043d\u0430 \u0447\u0435\u0440\u043d\u043e\u0434\u0440\u043e\u0431\u043d\u0438 CT \u0438\u0437\u043e\u0431\u0440\u0430\u0436\u0435\u043d\u0438\u044f \u0432 \u0434\u043e\u043a\u043b\u0430\u0434\u0438 \u043d\u0430 RSNA \u0427\u0438\u043a\u0430\u0433\u043e, \u0418\u043b\u0438\u043d\u043e\u0439\u0441, \u0421\u0410\u0429, 2013 \u0433.<\/p>\n\n<p><strong>13.<\/strong> <a>\u041d. \u0413\u044e\u0440\u0434\u0430\u043b<\/a>,  <a>\u041c. \u0424\u0430\u0439\u0434\u0430<\/a> , <a><strong>\u0411. \u0411\u0430\u043a\u0438\u0440<\/strong><\/a> , <a>\u041d. \u0410\u043b\u0438\u0448\u0435\u0432<\/a> , <a>\u0423. \u0413\u0435\u0437\u0435\u0440<\/a> , <a>\u0414. \u0422\u0430\u0441\u0442\u0435\u043a\u0438\u043d<\/a> , <a>\u0420. \u0427\u0438\u0444\u0442\u0447\u0438<\/a> , <a>\u0423. \u0410\u043a\u0431\u0430\u0441<\/a> , <a>\u0414. \u0428\u0430\u0445\u0438\u043d<\/a> , <a>\u0415. \u0411\u0430\u043b\u0438\u043a<\/a> , <a>\u0425. \u042f\u043d\u0430\u0440<\/a> , <a>\u041c. \u041a\u0435\u0441\u043a\u0438\u043d<\/a> , <a>\u041c. \u0418\u043b\u0445\u0430\u043d<\/a> , <a>\u0420.\u041d. \u0414\u0430\u0433\u043e\u0433\u043b\u0443<\/a>, <a>\u0415.\u041a. \u0421\u0430\u0433\u043b\u0430\u043c<\/a>, <a>\u0415.\u041d. \u041e\u0440\u0430\u043b<\/a>, <a>\u0424. \u0410\u0439\u043a\u0430\u043d<\/a>, <a>\u0410. \u041a\u0438\u0437\u0438\u0440<\/a>. \u041d\u0435\u043e\u0430\u0434\u044e\u0432\u0430\u043d\u0442\u043d\u0430 \u043e\u0431\u0435\u043c\u043d\u0430 \u043c\u043e\u0434\u0443\u043b\u0438\u0440\u0430\u043d\u0430 \u0434\u044a\u0433\u043e\u0432\u0430 \u0442\u0435\u0440\u0430\u043f\u0438\u044f \u0435\u0434\u043d\u043e\u0432\u0440\u0435\u043c\u0435\u043d\u043d\u043e \u0438\u043d\u0442\u0435\u0433\u0440\u0438\u0440\u0430\u043d\u043e \u0443\u0441\u0438\u043b\u0432\u0430\u043d\u0435 (SIB-VMAT) \u0441 \u0435\u0434\u043d\u043e\u0432\u0440\u0435\u043c\u0435\u043d\u043d\u0430 \u0445\u0438\u043c\u0438\u043e\u0442\u0435\u0440\u0430\u043f\u0438\u044f \u043f\u0440\u0438 \u0440\u0435\u043a\u0442\u0430\u043b\u043d\u0438 \u0430\u0434\u0435\u043d\u043e\u043a\u0430\u0440\u0446\u0438\u043d\u043e\u043c\u0438 \u0438 \u043a\u043e\u0440\u0435\u043b\u0430\u0446\u0438\u044f \u043d\u0430 \u043f\u0430\u0442\u043e\u043b\u043e\u0433\u0438\u0447\u043d\u0438\u044f \u043e\u0442\u0433\u043e\u0432\u043e\u0440 \u0441 \u0434\u0438\u0444\u0443\u0437\u0438\u043e\u043d\u043d\u043e-\u043f\u0440\u0435\u0442\u0435\u0433\u043b\u0435\u043d \u042f\u041c\u0420 \u0438 \u0430\u043f\u043e\u043f\u0442\u043e\u0442\u0438\u0447\u043d\u0438 \u043c\u0430\u0440\u043a\u0435\u0440\u0438. <a href=\"http:\/\/www.redjournal.org\/issue\/S0360-3016(15)X0016-2\" target=\"_blank\" rel=\"noopener\"><strong>\u043d\u043e\u0435\u043c\u0432\u0440\u0438 1, 2015<\/strong><\/a> \u0422\u043e\u043c 93, \u0431\u0440\u043e\u0439 3, \u0434\u043e\u043f\u044a\u043b\u043d\u0435\u043d\u0438\u0435, \u0441\u0442\u0440\u0430\u043d\u0438\u0446\u0430 E128 57-\u0442\u0430 \u0433\u043e\u0434\u0438\u0448\u043d\u0430 \u0441\u0440\u0435\u0449\u0430 \u043d\u0430 ASTRO, \u0421\u0430\u043d \u0410\u043d\u0442\u043e\u043d\u0438\u043e, \u0421\u0410\u0429.  2015<\/p>\n\n<p><strong>14.<\/strong> Ugurlucan FG, Yasa C, Demir O, Basaran S, <strong>Bakir B,<\/strong> Yalcin O. Spondylodiscitis \u0441\u043b\u0435\u0434 \u043b\u0430\u043f\u0430\u0440\u043e\u0441\u043a\u043e\u043f\u0441\u043a\u0430 \u0441\u0430\u043a\u0440\u043e\u043a\u043e\u043b\u043f\u043e\u043f\u0435\u043a\u0441\u0438\u044f: \u043d\u0435\u043e\u0431\u0438\u0447\u0430\u0439\u043d\u043e \u0443\u0441\u043b\u043e\u0436\u043d\u0435\u043d\u0438\u0435. 40 <sup>-\u0442\u0430<\/sup> \u0433\u043e\u0434\u0438\u0448\u043d\u0430 \u0441\u0440\u0435\u0449\u0430 \u043d\u0430 IUGA, \u041d\u0438\u0446\u0430, \u0424\u0440\u0430\u043d\u0446\u0438\u044f, 2015 \u0433<\/p>\n\n<p><strong>15.<\/strong> Dagoglu Kartal MG, Akp\u0131nar Y, Yildir\u0131m G, Celenk E, <strong>Bak\u0131r B,<\/strong> Acunas B. \u041f\u043e\u043b\u0435\u0437\u043d\u043e\u0441\u0442 \u043d\u0430 \u041a\u0422 \u0435\u043d\u0442\u0435\u0440\u043e\u0433\u0440\u0430\u0444\u0438\u044f\u0442\u0430 \u043f\u0440\u0438 \u043e\u0446\u0435\u043d\u043a\u0430\u0442\u0430 \u043d\u0430 \u043f\u0430\u0442\u043e\u043b\u043e\u0433\u0438\u0438 \u043d\u0430 \u0442\u044a\u043d\u043a\u0438\u0442\u0435 \u0447\u0435\u0440\u0432\u0430, \u0440\u0430\u0437\u043b\u0438\u0447\u043d\u0438 \u043e\u0442 \u0432\u044a\u0437\u043f\u0430\u043b\u0438\u0442\u0435\u043b\u043d\u0438 \u0437\u0430\u0431\u043e\u043b\u044f\u0432\u0430\u043d\u0438\u044f ESGAR, 2015<\/p>\n\n<p><strong>16.<\/strong> Dagoglu Kartal MG, Celenk E, <strong>Bak\u0131r B,<\/strong> Akp\u0131nar Y, Yildir\u0131m G, Acunas B. \u0421\u043b\u0443\u0447\u0430\u0439 \u043d\u0430 \u0430\u043a\u0442\u0438\u043d\u043e\u043c\u0438\u043a\u043e\u0437\u0438 \u043d\u0430 \u043f\u0430\u043d\u043a\u0440\u0435\u0430\u0441\u0430 \u0438 \u043f\u0440\u0435\u0433\u043b\u0435\u0434 \u043d\u0430 \u043b\u0438\u0442\u0435\u0440\u0430\u0442\u0443\u0440\u0430\u0442\u0430 ESGAR, 2015<\/p>\n\n<p><strong>17.<\/strong> KARTAL MERVE G\u00dcLBIZ,dagoglu rabia nergiz,karaman sule,sahin dilek,BAKIR BARIS,engin gulgun, ozden ilgin,KAYTAN SAGLAM ESRA,POYANLI ARZU,ACUNAS B\u00dcLENT,KIZIR AHMET,ORAL ETHEM NEZIH \u041f\u0440\u0438\u043b\u043e\u0436\u0438\u043c \u043b\u0438 \u0435 \u0430\u0442\u043b\u0430\u0441 \u043d\u0430 \u043b\u044a\u0447\u0435\u0432\u0430 \u0442\u0435\u0440\u0430\u043f\u0438\u044f \u043e\u043d\u043a\u043e\u043b\u043e\u0433\u0438\u0447\u043d\u0430 \u0433\u0440\u0443\u043f\u0430 \u0437\u0430 \u043a\u043e\u043d\u0442\u0443\u0440\u0438\u043d \u043d\u0430 \u0433\u043e\u0440\u043d\u0430\u0442\u0430 \u0447\u0430\u0441\u0442 \u043d\u0430 \u043a\u043e\u0440\u0435\u043c\u0430. RSNA (2015).<\/p>\n\n<p><strong>18.<\/strong> KARTAL MERVE G\u00dcLBIZ, AKPINAR YUNUS EMRE,G\u00d6\u00c7MEZ AHMET,\u00c7ELENK ERHAN,BAKIR BARIS, ACUNAS B\u00dcLENT \u0420\u043e\u043b\u044f \u043d\u0430 \u042f\u041c\u0420 \u0434\u0435\u0444\u0435\u043a\u043e\u0433\u0440\u0430\u0444\u0438\u044f\u0442\u0430 \u0432 \u0434\u0438\u0430\u0433\u043d\u043e\u0441\u0442\u0438\u0446\u0438\u0440\u0430\u043d\u0435\u0442\u043e \u043d\u0430 \u043d\u0430\u0440\u0443\u0448\u0435\u043d\u0438\u044f \u043d\u0430 \u0442\u0430\u0437\u043e\u0432\u043e\u0442\u043e \u0434\u044a\u043d\u043e. ESGAR 2016 (\u041f\u043b\u0430\u043a\u0430\u0442), (\u041a\u043e\u043d\u0442\u0440\u043e\u043b \u2116: 2721547) (2016).<\/p>\n\t\t\t\t\t\t\t\t<\/div>\n\t\t\t\t<\/div>\n\t\t\t\t\t<\/div>\n\t\t<\/div>\n\t\t\t\t\t<\/div>\n\t\t<\/section>\n\t\t\t\t<\/div>\n\t\t","protected":false},"excerpt":{"rendered":"<p>\u041c\u0415\u0416\u0414\u0423\u041d\u0410\u0420\u041e\u0414\u041d\u0418 \u041f\u0420\u0415\u0417\u0415\u041d\u0422\u0410\u0426\u0418\u0418 1. Tamam M, Adalet I, Bakir B, T\u00fcrkmen C, Darendeliler F, Ba\u015f F, Sanl\u0131 Y, Kuyumcu S, Cantez S. &#8220;\u0420\u043e\u043b\u044f\u0442\u0430 \u043d\u0430 \u0443\u043b\u0442\u0440\u0430\u0437\u0432\u0443\u043a\u043e\u0432\u0438\u0442\u0435 \u0438 \u0441\u0446\u0438\u043d\u0442\u0438\u0433\u0440\u0430\u0444\u0441\u043a\u0438 \u043c\u0435\u0442\u043e\u0434\u0438 \u043f\u0440\u0438 \u043e\u043f\u0440\u0435\u0434\u0435\u043b\u044f\u043d\u0435 \u043d\u0430 \u0435\u0442\u0438\u043e\u043b\u043e\u0433\u0438\u044f\u0442\u0430 \u043d\u0430 \u0432\u0440\u043e\u0434\u0435\u043d\u0438\u044f \u0445\u0438\u043f\u043e\u0442\u0438\u0440\u0435\u043e\u0438\u0434\u0438\u0437\u044a\u043c&#8220; . \u0413\u043e\u0434\u0438\u0448\u0435\u043d \u043a\u043e\u043d\u0433\u0440\u0435\u0441 \u043d\u0430 \u0415\u0432\u0440\u043e\u043f\u0435\u0439\u0441\u043a\u0430\u0442\u0430 \u0430\u0441\u043e\u0446\u0438\u0430\u0446\u0438\u044f \u043f\u043e \u043d\u0443\u043a\u043b\u0435\u0430\u0440\u043d\u0430 \u043c\u0435\u0434\u0438\u0446\u0438\u043d\u0430, \u0410\u0442\u0438\u043d\u0430, 2006 \u0433 2. Tamam M, Bakir B, Adalet I, Darendeliler F, [&hellip;]<\/p>\n","protected":false},"author":1,"featured_media":0,"parent":0,"menu_order":0,"comment_status":"closed","ping_status":"closed","template":"","meta":{"footnotes":""},"class_list":["post-6366","page","type-page","status-publish","hentry"],"_links":{"self":[{"href":"https:\/\/prostatefocaltherapies.com\/bg\/wp-json\/wp\/v2\/pages\/6366","targetHints":{"allow":["GET"]}}],"collection":[{"href":"https:\/\/prostatefocaltherapies.com\/bg\/wp-json\/wp\/v2\/pages"}],"about":[{"href":"https:\/\/prostatefocaltherapies.com\/bg\/wp-json\/wp\/v2\/types\/page"}],"author":[{"embeddable":true,"href":"https:\/\/prostatefocaltherapies.com\/bg\/wp-json\/wp\/v2\/users\/1"}],"replies":[{"embeddable":true,"href":"https:\/\/prostatefocaltherapies.com\/bg\/wp-json\/wp\/v2\/comments?post=6366"}],"version-history":[{"count":5,"href":"https:\/\/prostatefocaltherapies.com\/bg\/wp-json\/wp\/v2\/pages\/6366\/revisions"}],"predecessor-version":[{"id":6394,"href":"https:\/\/prostatefocaltherapies.com\/bg\/wp-json\/wp\/v2\/pages\/6366\/revisions\/6394"}],"wp:attachment":[{"href":"https:\/\/prostatefocaltherapies.com\/bg\/wp-json\/wp\/v2\/media?parent=6366"}],"curies":[{"name":"wp","href":"https:\/\/api.w.org\/{rel}","templated":true}]}}