{"id":6313,"date":"2021-10-27T06:33:40","date_gmt":"2021-10-27T03:33:40","guid":{"rendered":"https:\/\/prostatefocaltherapies.com\/therapie-focale-pour-lelargissement-de-la-prostate-hbp-avec-hifu\/"},"modified":"2025-09-26T06:30:15","modified_gmt":"2025-09-26T03:30:15","slug":"therapie-focale-pour-lelargissement-de-la-prostate-hbp-avec-hifu","status":"publish","type":"page","link":"https:\/\/prostatefocaltherapies.com\/fr\/therapie-focale-pour-lelargissement-de-la-prostate-hbp-avec-hifu\/","title":{"rendered":"Th\u00e9rapie focale pour l&rsquo;\u00e9largissement de la prostate &#8211; HBP (avec HIFU)"},"content":{"rendered":"\t\t<div data-elementor-type=\"wp-page\" data-elementor-id=\"6313\" class=\"elementor elementor-6313 elementor-802\" data-elementor-post-type=\"page\">\n\t\t\t\t\t\t<section class=\"elementor-section elementor-top-section elementor-element elementor-element-01b0a26 elementor-section-boxed elementor-section-height-default elementor-section-height-default\" data-id=\"01b0a26\" data-element_type=\"section\">\n\t\t\t\t\t\t<div class=\"elementor-container elementor-column-gap-default\">\n\t\t\t\t\t<div class=\"elementor-column elementor-col-100 elementor-top-column elementor-element elementor-element-b35946e\" data-id=\"b35946e\" data-element_type=\"column\" data-settings=\"{&quot;background_background&quot;:&quot;classic&quot;}\">\n\t\t\t<div class=\"elementor-widget-wrap elementor-element-populated\">\n\t\t\t\t\t\t<div class=\"elementor-element elementor-element-8c44ca7 elementor-widget elementor-widget-heading\" data-id=\"8c44ca7\" data-element_type=\"widget\" data-widget_type=\"heading.default\">\n\t\t\t\t<div class=\"elementor-widget-container\">\n\t\t\t\t\t<h1 class=\"elementor-heading-title elementor-size-default\">Th\u00e9rapie focale pour l\u2019hypertrophie de la prostate (HBP)<\/h1>\t\t\t\t<\/div>\n\t\t\t\t<\/div>\n\t\t\t\t\t<\/div>\n\t\t<\/div>\n\t\t\t\t\t<\/div>\n\t\t<\/section>\n\t\t\t\t<section class=\"elementor-section elementor-top-section elementor-element elementor-element-9629f2e elementor-section-boxed elementor-section-height-default elementor-section-height-default\" data-id=\"9629f2e\" data-element_type=\"section\">\n\t\t\t\t\t\t<div class=\"elementor-container elementor-column-gap-default\">\n\t\t\t\t\t<div class=\"elementor-column elementor-col-100 elementor-top-column elementor-element elementor-element-3c21f417\" data-id=\"3c21f417\" data-element_type=\"column\">\n\t\t\t<div class=\"elementor-widget-wrap elementor-element-populated\">\n\t\t\t\t\t\t<div class=\"elementor-element elementor-element-235d291c elementor-widget elementor-widget-text-editor\" data-id=\"235d291c\" data-element_type=\"widget\" data-widget_type=\"text-editor.default\">\n\t\t\t\t<div class=\"elementor-widget-container\">\n\t\t\t\t\t\t\t\t\t<h2>Th\u00e9rapies focales dans le traitement de l\u2019hyperplasie b\u00e9nigne de la prostate (HBP)<\/h2><p><em>(Cryoablation, HIFU, IRE)<\/em><\/p><p>\u00c0 ce jour, il n\u2019y a pas eu de diff\u00e9rences significatives dans l\u2019efficacit\u00e9 du traitement entre les techniques chirurgicales mini-invasives d\u00e9velopp\u00e9es pour l\u2019hyperplasie b\u00e9nigne de la prostate (HBP). Les \u00e9tudes comparant les taux de r\u00e9ussite de ces proc\u00e9dures concluent souvent que les m\u00e9thodes offrent une efficacit\u00e9 similaire et que leurs effets secondaires sont g\u00e9n\u00e9ralement \u00e0 des niveaux acceptables. Dans ces circonstances, l\u2019accent est mis sur le choix de la technique qui pr\u00e9sente le <strong>moins d\u2019effets secondaires<\/strong> parmi celles qui conviennent au patient (dans de nombreux cas, plus d\u2019une m\u00e9thode peut \u00eatre appropri\u00e9e).  <\/p><p><strong>La th\u00e9rapie focale<\/strong> est une m\u00e9thode qui diff\u00e8re de toutes les autres approches invasives pour l\u2019HBP en ce qu\u2019elle <strong>n\u2019implique aucune intervention par l\u2019ur\u00e8tre p\u00e9nien<\/strong>. Au lieu de cela, diverses sources d\u2019\u00e9nergie sont utilis\u00e9es pour <strong>ablater (d\u00e9truire)<\/strong> la partie souhait\u00e9e du tissu prostatique. <\/p><p><strong>Le traitement focal peut traiter l\u2019HBP aussi efficacement<\/strong> <strong>que les m\u00e9thodes largement accept\u00e9es <\/strong>telles que la RTUP, la RTUP plasmacin\u00e9tique ou le HoLEP, <strong>sans provoquer d\u2019effets secondaires importants<\/strong>. De plus, comme l\u2019ur\u00e8tre du p\u00e9nis n\u2019est pas accessible pendant la proc\u00e9dure, le <strong>risque de r\u00e9tr\u00e9cissement de l\u2019ur\u00e8tre<\/strong> est \u00e9vit\u00e9, ce qui constitue un autre avantage majeur. <\/p><p>Par rapport \u00e0 de nombreuses autres m\u00e9thodes chirurgicales mini-invasives (telles que la RTUP, la RTUP bipolaire-plasmacin\u00e9tique, le HoLEP), la th\u00e9rapie focale offre les avantages suivants :<\/p><ul><li>Interdiction d\u2019entrer par l\u2019ur\u00e8tre du p\u00e9nis<\/li><li>Pas besoin d\u2019anesth\u00e9sie profonde (g\u00e9n\u00e9rale)<\/li><li>Aucune n\u00e9cessit\u00e9 d\u2019hospitalisation<\/li><li>Pas de saignement pendant la proc\u00e9dure<\/li><li>Pas besoin d\u2019irrigation continue de la vessie apr\u00e8s la mise en place du cath\u00e9ter<\/li><li>S\u00fbr \u00e0 utiliser chez les patients porteurs de stimulateurs cardiaques ou c\u00e9r\u00e9braux<\/li><li>Un risque tr\u00e8s faible d\u2019\u00e9jaculation r\u00e9trograde apr\u00e8s le traitement (moins de 5&nbsp;%)<\/li><\/ul><p>Lorsqu\u2019elles sont compar\u00e9es sp\u00e9cifiquement \u00e0 <strong>Rezum<\/strong>, une m\u00e9thode qui est devenue largement utilis\u00e9e dans la pratique clinique ces derni\u00e8res ann\u00e9es en raison de ses faibles effets secondaires, les th\u00e9rapies focales offrent tous les avantages de Rezum <strong>et<\/strong> l\u2019avantage suppl\u00e9mentaire de <strong>ne n\u00e9cessiter aucune intervention ur\u00e9trale<\/strong>, \u00e9liminant ainsi le risque de r\u00e9tr\u00e9cissement ur\u00e9tral.<\/p><h2>Sources d\u2019\u00e9nergie utilis\u00e9es dans la th\u00e9rapie focale<\/h2><h3><strong>Cryoablation :<\/strong><\/h3><p>Pendant la cryoth\u00e9rapie, de fines sondes m\u00e9talliques sont ins\u00e9r\u00e9es dans la prostate \u00e0 travers la peau. Ces sondes sont remplies d\u2019un gaz qui g\u00e8le le tissu prostatique voisin. Alors que le tissu cibl\u00e9 est d\u00e9truit par la cong\u00e9lation, les structures environnantes telles que <strong>les canaux spermatiques, les nerfs, la vessie et l\u2019ur\u00e8tre restent indemnes<\/strong><strong>.<\/strong>  <\/p><p><img fetchpriority=\"high\" decoding=\"async\" class=\"alignnone wp-image-5144 size-full\" src=\"https:\/\/prostatefocaltherapies.com\/wp-content\/uploads\/2025\/08\/Prostate-Gland-Enlargement-%E2%80%93-BPH-08.png\" alt=\"\" width=\"944\" height=\"750\"><\/p><h3><strong>IRE (\u00c9lectroporation Irr\u00e9versible) :<\/strong><\/h3><p>Dans le traitement IRE, de fines sondes m\u00e9talliques sont ins\u00e9r\u00e9es \u00e0 travers la peau jusqu\u2019\u00e0 la prostate. De puissants champs \u00e9lectriques sont g\u00e9n\u00e9r\u00e9s entre les sondes, provoquant la mort cellulaire. Cette m\u00e9thode, connue sous le nom d\u2019\u00e9lectroporation irr\u00e9versible (IRE), permet d\u2019ablater le tissu prostatique souhait\u00e9. <strong>Les structures environnantes<\/strong> telles que les canaux spermatiques, les nerfs, la vessie et l\u2019ur\u00e8tre <strong>sont pr\u00e9serv\u00e9es<\/strong><strong>.<\/strong>  <\/p><p><img decoding=\"async\" class=\"alignnone wp-image-5162 size-full\" src=\"https:\/\/prostatefocaltherapies.com\/wp-content\/uploads\/2025\/08\/Focal-Therapy-for-Prostate-Gland-Enlargement-BPH-02.png\" alt=\"\" width=\"944\" height=\"563\" srcset=\"https:\/\/prostatefocaltherapies.com\/wp-content\/uploads\/2025\/08\/Focal-Therapy-for-Prostate-Gland-Enlargement-BPH-02.png 944w, https:\/\/prostatefocaltherapies.com\/wp-content\/uploads\/2025\/08\/Focal-Therapy-for-Prostate-Gland-Enlargement-BPH-02-300x179.png 300w, https:\/\/prostatefocaltherapies.com\/wp-content\/uploads\/2025\/08\/Focal-Therapy-for-Prostate-Gland-Enlargement-BPH-02-768x458.png 768w\" sizes=\"(max-width: 944px) 100vw, 944px\" \/><\/p><h3><strong>HIFU (ultrasons focalis\u00e9s de haute intensit\u00e9) :<\/strong><\/h3><p>L\u2019HIFU utilise une \u00e9nergie ultrasonore de haute intensit\u00e9 pour d\u00e9truire le tissu prostatique. Les ondes sonores se concentrent sur un point pr\u00e9cis pour g\u00e9n\u00e9rer de la chaleur. L\u2019\u00e9nergie d\u00e9livr\u00e9e \u00e0 un endroit pr\u00e9cis du corps peut faire monter la temp\u00e9rature \u00e0 environ 90 \u00b0C en quelques secondes, d\u00e9truisant ainsi les tissus. Les tissus environnants restent intacts, ce qui permet d\u2019administrer le traitement cibl\u00e9 <strong>sans endommager les tissus sains de la prostate \u00e0 proximit\u00e9<\/strong><strong>.<\/strong>   <\/p><p> <\/p><p><img decoding=\"async\" class=\"alignnone wp-image-5161 size-full\" src=\"https:\/\/prostatefocaltherapies.com\/wp-content\/uploads\/2025\/08\/Focal-Therapy-for-Prostate-Gland-Enlargement-BPH-03-1.png\" alt=\"\" width=\"864\" height=\"246\" srcset=\"https:\/\/prostatefocaltherapies.com\/wp-content\/uploads\/2025\/08\/Focal-Therapy-for-Prostate-Gland-Enlargement-BPH-03-1.png 864w, https:\/\/prostatefocaltherapies.com\/wp-content\/uploads\/2025\/08\/Focal-Therapy-for-Prostate-Gland-Enlargement-BPH-03-1-300x85.png 300w, https:\/\/prostatefocaltherapies.com\/wp-content\/uploads\/2025\/08\/Focal-Therapy-for-Prostate-Gland-Enlargement-BPH-03-1-768x219.png 768w\" sizes=\"(max-width: 864px) 100vw, 864px\" \/><\/p><p>La cryoablation et l\u2019IRE (monopolaire) sont devenues des options importantes dans le traitement de l\u2019HBP <strong>car elles ne comportent pas de risque de toxicit\u00e9 rectale<\/strong>, contrairement aux HIFU.<\/p><p>Bien qu\u2019il existe peu d\u2019\u00e9tudes dans la litt\u00e9rature sur ce sujet, la <strong>derni\u00e8re m\u00e9ta-analyse publi\u00e9e en 2023<\/strong> a rapport\u00e9 que ces m\u00e9thodes sont \u00e0 la fois <strong>efficaces et associ\u00e9es \u00e0 moins d\u2019effets secondaires<\/strong><strong>.<\/strong><\/p><p><img loading=\"lazy\" decoding=\"async\" class=\"alignnone wp-image-5381 size-large\" src=\"https:\/\/prostatefocaltherapies.com\/wp-content\/uploads\/2025\/08\/Focal-Therapy-for-Prostate-Gland-Enlargement-BPH_04-1024x657.png\" alt=\"\" width=\"800\" height=\"513\" srcset=\"https:\/\/prostatefocaltherapies.com\/wp-content\/uploads\/2025\/08\/Focal-Therapy-for-Prostate-Gland-Enlargement-BPH_04-1024x657.png 1024w, https:\/\/prostatefocaltherapies.com\/wp-content\/uploads\/2025\/08\/Focal-Therapy-for-Prostate-Gland-Enlargement-BPH_04-300x193.png 300w, https:\/\/prostatefocaltherapies.com\/wp-content\/uploads\/2025\/08\/Focal-Therapy-for-Prostate-Gland-Enlargement-BPH_04-768x493.png 768w, https:\/\/prostatefocaltherapies.com\/wp-content\/uploads\/2025\/08\/Focal-Therapy-for-Prostate-Gland-Enlargement-BPH_04-1536x986.png 1536w, https:\/\/prostatefocaltherapies.com\/wp-content\/uploads\/2025\/08\/Focal-Therapy-for-Prostate-Gland-Enlargement-BPH_04.png 1606w\" sizes=\"(max-width: 800px) 100vw, 800px\" \/><\/p>\t\t\t\t\t\t\t\t<\/div>\n\t\t\t\t<\/div>\n\t\t\t\t\t<\/div>\n\t\t<\/div>\n\t\t\t\t\t<\/div>\n\t\t<\/section>\n\t\t\t\t<\/div>\n\t\t","protected":false},"excerpt":{"rendered":"<p>Th\u00e9rapie focale pour l\u2019hypertrophie de la prostate (HBP) Th\u00e9rapies focales dans le traitement de l\u2019hyperplasie b\u00e9nigne de la prostate (HBP) (Cryoablation, HIFU, IRE) \u00c0 ce jour, il n\u2019y a pas eu de diff\u00e9rences significatives dans l\u2019efficacit\u00e9 du traitement entre les techniques chirurgicales mini-invasives d\u00e9velopp\u00e9es pour l\u2019hyperplasie b\u00e9nigne de la prostate (HBP). Les \u00e9tudes comparant les [&hellip;]<\/p>\n","protected":false},"author":1,"featured_media":0,"parent":0,"menu_order":0,"comment_status":"closed","ping_status":"closed","template":"","meta":{"footnotes":""},"class_list":["post-6313","page","type-page","status-publish","hentry"],"_links":{"self":[{"href":"https:\/\/prostatefocaltherapies.com\/fr\/wp-json\/wp\/v2\/pages\/6313","targetHints":{"allow":["GET"]}}],"collection":[{"href":"https:\/\/prostatefocaltherapies.com\/fr\/wp-json\/wp\/v2\/pages"}],"about":[{"href":"https:\/\/prostatefocaltherapies.com\/fr\/wp-json\/wp\/v2\/types\/page"}],"author":[{"embeddable":true,"href":"https:\/\/prostatefocaltherapies.com\/fr\/wp-json\/wp\/v2\/users\/1"}],"replies":[{"embeddable":true,"href":"https:\/\/prostatefocaltherapies.com\/fr\/wp-json\/wp\/v2\/comments?post=6313"}],"version-history":[{"count":1,"href":"https:\/\/prostatefocaltherapies.com\/fr\/wp-json\/wp\/v2\/pages\/6313\/revisions"}],"predecessor-version":[{"id":6329,"href":"https:\/\/prostatefocaltherapies.com\/fr\/wp-json\/wp\/v2\/pages\/6313\/revisions\/6329"}],"wp:attachment":[{"href":"https:\/\/prostatefocaltherapies.com\/fr\/wp-json\/wp\/v2\/media?parent=6313"}],"curies":[{"name":"wp","href":"https:\/\/api.w.org\/{rel}","templated":true}]}}