{"id":6349,"date":"2021-10-27T06:55:04","date_gmt":"2021-10-27T03:55:04","guid":{"rendered":"https:\/\/prostatefocaltherapies.com\/presentations-internationales\/"},"modified":"2025-09-26T06:30:16","modified_gmt":"2025-09-26T03:30:16","slug":"presentations-internationales","status":"publish","type":"page","link":"https:\/\/prostatefocaltherapies.com\/fr\/presentations-internationales\/","title":{"rendered":"PR\u00c9SENTATIONS INTERNATIONALES"},"content":{"rendered":"\t\t<div data-elementor-type=\"wp-page\" data-elementor-id=\"6349\" class=\"elementor elementor-6349 elementor-842\" data-elementor-post-type=\"page\">\n\t\t\t\t\t\t<section class=\"elementor-section elementor-top-section elementor-element elementor-element-200966f elementor-section-boxed elementor-section-height-default elementor-section-height-default\" data-id=\"200966f\" data-element_type=\"section\">\n\t\t\t\t\t\t<div class=\"elementor-container elementor-column-gap-default\">\n\t\t\t\t\t<div class=\"elementor-column elementor-col-100 elementor-top-column elementor-element elementor-element-0137aa2\" data-id=\"0137aa2\" data-element_type=\"column\" data-settings=\"{&quot;background_background&quot;:&quot;classic&quot;}\">\n\t\t\t<div class=\"elementor-widget-wrap elementor-element-populated\">\n\t\t\t\t\t\t<div class=\"elementor-element elementor-element-43d5dac elementor-widget elementor-widget-heading\" data-id=\"43d5dac\" data-element_type=\"widget\" data-widget_type=\"heading.default\">\n\t\t\t\t<div class=\"elementor-widget-container\">\n\t\t\t\t\t<h1 class=\"elementor-heading-title elementor-size-default\"> PR\u00c9SENTATIONS INTERNATIONALES<\/h1>\t\t\t\t<\/div>\n\t\t\t\t<\/div>\n\t\t\t\t\t<\/div>\n\t\t<\/div>\n\t\t\t\t\t<\/div>\n\t\t<\/section>\n\t\t\t\t<section class=\"elementor-section elementor-top-section elementor-element elementor-element-459aa05 elementor-section-boxed elementor-section-height-default elementor-section-height-default\" data-id=\"459aa05\" data-element_type=\"section\">\n\t\t\t\t\t\t<div class=\"elementor-container elementor-column-gap-default\">\n\t\t\t\t\t<div class=\"elementor-column elementor-col-100 elementor-top-column elementor-element elementor-element-1e570e39\" data-id=\"1e570e39\" data-element_type=\"column\">\n\t\t\t<div class=\"elementor-widget-wrap elementor-element-populated\">\n\t\t\t\t\t\t<div class=\"elementor-element elementor-element-5a639d37 elementor-widget elementor-widget-text-editor\" data-id=\"5a639d37\" data-element_type=\"widget\" data-widget_type=\"text-editor.default\">\n\t\t\t\t<div class=\"elementor-widget-container\">\n\t\t\t\t\t\t\t\t\t\n<p><strong>1.<\/strong> Tamam M, Adalet I, <strong>Bakir B,<\/strong> T\u00fcrkmen C, Darendeliler F, Ba\u015f F, Sanl\u0131 Y, Kuyumcu S, Cantez S. <em>\u00a0\u00bbLe r\u00f4le des m\u00e9thodes \u00e9chographiques et scintigraphiques dans la d\u00e9termination de l&rsquo;\u00e9tiologie de l&rsquo;hypothyro\u00efdie cong\u00e9nitale\u00a0\u00bb<\/em> . Congr\u00e8s annuel de l&rsquo;Association europ\u00e9enne de m\u00e9decine nucl\u00e9aire, Ath\u00e8nes, 2006<\/p>\n\n<p><strong>2.<\/strong> Tamam M, <strong>Bakir B,<\/strong> Adalet I, Darendeliler F, Ba\u015f F, Sanl\u0131 Y, Cantez S. <em>\u00ab\u00c9valuation de la glande thyro\u00efde ectopique chez les enfants atteints d&rsquo;hypothyro\u00efdie cong\u00e9nitale par \u00e9chographie doppler couleur et imagerie radionucl\u00e9ide\u00bb.<\/em> Congr\u00e8s annuel de l&rsquo;Association europ\u00e9enne de m\u00e9decine nucl\u00e9aire, Ath\u00e8nes, 2006<\/p>\n\n<p><strong>3<\/strong> . Salmaslioglu A, Tunaci M, Acunas G, <strong>Bakir B,<\/strong> Ucar A, Guven K, Adalet I, Erbil Y. <em>\u00a0\u00bbLocalisation radioguid\u00e9e des masses cervicales : une nouvelle approche\u00a0\u00bb<\/em> Congr\u00e8s europ\u00e9en de radiologie, Vienne, 2008<\/p>\n\n<p><strong>4<\/strong> . Guven K, Terzibasioglu E, Ucar A, <strong>Bakir B.<\/strong> <em>\u00abMucoc\u00e8le \u0153sophagienne provoquant des sympt\u00f4mes d&rsquo;angine de poitrine trait\u00e9s par drainage percutan\u00e9\u00bb<\/em> R\u00e9union annuelle et cours de troisi\u00e8me cycle de la Soci\u00e9t\u00e9 europ\u00e9enne de radiologie gastro-intestinale et abdominale, \u0130stanbul, 2008 <\/p>\n\n<p><strong>5.<\/strong> \u0130yibozkurt AC, Kalelio\u011flu \u0130, \u00c7etin C, Topuz S, <strong>Bak\u0131r B,<\/strong> Y\u0131ld\u0131r\u0131m A, Berkman S. <em>\u00a0\u00bbDeux cas rares de tumeurs g\u00e9nitales associ\u00e9es au syndrome de Peutz-Jeghers.\u00a0\u00bb<\/em> 16e r\u00e9union internationale de la Soci\u00e9t\u00e9 europ\u00e9enne de gyn\u00e9cologie oncologique (ESGO), Belgrade, Serbie, 2009.<\/p>\n\n<p><strong>6.<\/strong> Y\u0131lmaz E, <strong><em>Bak\u0131r B,<\/em><\/strong> Kalelio\u011flu H.\u0130, Has R, Y\u00fcksel A, Ayd\u0131n K, Sencer S. <em>\u00a0\u00bbConclusions suppl\u00e9mentaires de l&rsquo;imagerie par r\u00e9sonance magn\u00e9tique f\u0153tale pour le diagnostic \u00e9chographique pr\u00e9natal des anomalies du syst\u00e8me nerveux central\u00a0\u00bb<\/em> The Society of Pediatric Radiologie SPR 2010, Boston, Massachusetts, 2010<\/p>\n\n<p><strong>7.<\/strong> Y. Sanli, C. Turkm\u00e8ne, <strong><em>B. Bakir,<\/em><\/strong> I. Adalet, S. Unal, A. Mudun, C. Iyibozkurt, S. Topuz. <em>\u00a0\u00bbLe r\u00f4le du FDG-PET\/CT pour la stadification et\/ou l&rsquo;\u00e9valuation de la r\u00e9ponse th\u00e9rapeutique chez les patientes atteintes d&rsquo;un cancer du col de l&rsquo;ut\u00e9rus.\u00a0\u00bb<\/em> Congr\u00e8s annuel de l&rsquo;Association europ\u00e9enne de m\u00e9decine nucl\u00e9aire. Vienne, Autriche, <em>2010<\/em><\/p>\n\n<p><strong>8. <\/strong> Sanli Y&nbsp;; Turkm\u00e8ne C&nbsp;; Mudun A&nbsp;; Adalet I&nbsp;; Unal SN.&nbsp;; Bakir B&nbsp;; Topuz S&nbsp;; Iyibozkurt C<sup>. <\/sup><em>\u00ab La TEP\/TDM au FDG devrait-elle \u00eatre la modalit\u00e9 d\u2019imagerie de premi\u00e8re ligne pour la r\u00e9animation et\/ou l\u2019\u00e9valuation de la r\u00e9cidive chez les patientes atteintes d\u2019un cancer de l\u2019ovaire ? \u00bb <\/em>57e r\u00e9union annuelle de la Soci\u00e9t\u00e9 de m\u00e9decine nucl\u00e9aire&nbsp;; Salt Lake City, Utah. 2010<\/p>\n\n<p><strong>9.<\/strong> Ahmet G\u00f6\u00e7mez, Merve Gulbiz Kartal, <strong>Bar\u0131<\/strong> <strong>\u015f<\/strong> <strong>Bak\u0131r<\/strong> , B\u00fclent Acuna\u015f. Comparaison de l&rsquo;efficacit\u00e9 des images IRM am\u00e9lior\u00e9es au gadox\u00e9tate disodique retard\u00e9 \u00e0 la dixi\u00e8me et \u00e0 la vingti\u00e8me minute (Gd-EOB-DTPA) pour le diagnostic des petits CHC (moins de 2 cm), ESGAR Prague, R\u00e9publique tch\u00e8que, 2016<\/p>\n\n<p><strong>10.<\/strong> Artur Salmaslioglu, Kubilay Aydin, Arzu Poyanli, <strong>Baris Bakir<\/strong> , Mehmet Barbur, Gulden Acunas, Bulent Acunas, Impression 3D en radiologie \u00e0 l&rsquo;aide d&rsquo;imprimantes 3D \u00e0 faible co\u00fbt et de logiciels open source, RSNA 2015, Chicago, \u00c9tats-Unis<\/p>\n\n<p><strong>11.<\/strong> Besli LU, Asa S, <strong>Bakir B,<\/strong> Sayman H, Sager S, . Khosroshah BR, G\u00fcner E, Demirdag \u00c7, Demir M, Uslu I, S\u00f6nmezoglu K.<u> <\/u>Comparaison de la TEP\/TDM Ga-68 PSMA et de la TEP\/IRM Ga-68 PSMA avec une IRM prostatique biparam\u00e9trique en termes de localisation et d&rsquo;extension de la tumeur primitive de la prostate EANM 2018, D\u00fcsseldorf, Allemagne<\/p>\n\n<p><strong>12.<\/strong> Kokciyan N., Turkay R., MD, Uskudarli S., Yolum P., Acar B., PhD&nbsp;; <strong>Bakir B<\/strong>., M.D. ONLIRA &#8211; Une repr\u00e9sentation des connaissances s\u00e9mantiques des images CT du foie dans les Actes du RSNA Chicago, IL, USA, 2013<\/p>\n\n<p><strong>13.<\/strong> <a>N. G\u00fcrdal<\/a>,  <a>M. Fayda<\/a> , <a><strong>B. Bakir<\/strong><\/a> , <a>N. Alichev<\/a> , <a>U. Gezer<\/a> , <a>D. Tastekin<\/a> , <a>R. \u00c7ift\u00e7i<\/a> , <a>U. Akbas<\/a> , <a>D. Sahin<\/a> , <a>E. Balik<\/a> , <a>H. Yanar<\/a> , <a>M. Keskin<\/a> , <a>M. Ilhan<\/a> , <a>R.N. Dagoglu<\/a>, <a>E.K. Saglam<\/a>, <a>E.N. Oral<\/a>, <a>F. Aykan<\/a>, <a>A. Kizir<\/a>. Stimulation simultan\u00e9e int\u00e9gr\u00e9e de la th\u00e9rapie par arc volum\u00e9trique modul\u00e9 n\u00e9oadjuvant (SIB-VMAT) avec chimioth\u00e9rapie concomitante dans les ad\u00e9nocarcinomes rectaux et corr\u00e9lation de la r\u00e9ponse pathologique avec l\u2019IRM pond\u00e9r\u00e9e en diffusion et les marqueurs apoptotiques. <a href=\"http:\/\/www.redjournal.org\/issue\/S0360-3016(15)X0016-2\" target=\"_blank\" rel=\"noopener\"><strong>1 novembre 2015<\/strong><\/a> Volume 93, num\u00e9ro 3, suppl\u00e9ment, page E128 57e r\u00e9union annuelle d\u2019ASTRO, San Antonio, \u00c9tats-Unis.  2015<\/p>\n\n<p><strong>14.<\/strong> Ugurlucan FG, Yasa C, Demir O, Basaran S, <strong>Bakir B,<\/strong> Yalcin O. Spondylodiscite apr\u00e8s sacrocolpopexie laparoscopique : une complication inhabituelle. 40 <sup>\u00e8me<\/sup> r\u00e9union annuelle de l&rsquo;IUGA, Nice, France, 2015<\/p>\n\n<p><strong>15.<\/strong> Dago\u011flu Kartal MG, Akp\u0131nar Y, Yildir\u0131m G, Celenk E, <strong>Bak\u0131r B, Acunas<\/strong> B. Utilit\u00e9 de l\u2019ent\u00e9rographie CT dans l\u2019\u00e9valuation des pathologies de l\u2019intestin gr\u00eale autres que les maladies inflammatoires ESGAR, 2015<\/p>\n\n<p><strong>16.<\/strong> Dago\u011flu Kartal MG, Celenk E, <strong>Bak\u0131r B,<\/strong> Akp\u0131nar Y, Yildir\u0131m G, Acunas B. Un cas d\u2019actinomycoses du pancr\u00e9as et revue de la litt\u00e9rature ESGAR, 2015<\/p>\n\n<p><strong>17.<\/strong> KARTAL MERVE G\u00dcLBIZ,dagoglu rabia nergiz,karaman sule,sahin dilek,BAKIR BARIS,engin gulgun, ozden ilgin,KAYTAN SAGLAM ESRA,POYANLI ARZU,ACUNAS B\u00dcLENT,KIZIR AHMET,ORAL ETHEM NEZIH Est-ce que l\u2019atlas du groupe d\u2019oncologie de radioth\u00e9rapie pour le contour des organes normaux de l\u2019abdomen sup\u00e9rieur est applicable aux patients postop\u00e9ratoires de klatskin. RSNA (2015).<\/p>\n\n<p><strong>18.<\/strong> KARTAL, MERVE G\u00dcLBIZ, AKPINAR, YUNUS EMRE, G\u00d6\u00c7MEZ AHMET, \u00c7ELENK ERHAN, BAKIR BARIS, ACUNAS B\u00dcLENT R\u00f4le de la d\u00e9f\u00e9cographie IRM dans le diagnostic des troubles du plancher pelvien. ESGAR 2016 (Affiche), (Kontrol No: 2721547) (2016).<\/p>\n\t\t\t\t\t\t\t\t<\/div>\n\t\t\t\t<\/div>\n\t\t\t\t\t<\/div>\n\t\t<\/div>\n\t\t\t\t\t<\/div>\n\t\t<\/section>\n\t\t\t\t<\/div>\n\t\t","protected":false},"excerpt":{"rendered":"<p>PR\u00c9SENTATIONS INTERNATIONALES 1. Tamam M, Adalet I, Bakir B, T\u00fcrkmen C, Darendeliler F, Ba\u015f F, Sanl\u0131 Y, Kuyumcu S, Cantez S. \u00a0\u00bbLe r\u00f4le des m\u00e9thodes \u00e9chographiques et scintigraphiques dans la d\u00e9termination de l&rsquo;\u00e9tiologie de l&rsquo;hypothyro\u00efdie cong\u00e9nitale\u00a0\u00bb . Congr\u00e8s annuel de l&rsquo;Association europ\u00e9enne de m\u00e9decine nucl\u00e9aire, Ath\u00e8nes, 2006 2. Tamam M, Bakir B, Adalet I, Darendeliler [&hellip;]<\/p>\n","protected":false},"author":1,"featured_media":0,"parent":0,"menu_order":0,"comment_status":"closed","ping_status":"closed","template":"","meta":{"footnotes":""},"class_list":["post-6349","page","type-page","status-publish","hentry"],"_links":{"self":[{"href":"https:\/\/prostatefocaltherapies.com\/fr\/wp-json\/wp\/v2\/pages\/6349","targetHints":{"allow":["GET"]}}],"collection":[{"href":"https:\/\/prostatefocaltherapies.com\/fr\/wp-json\/wp\/v2\/pages"}],"about":[{"href":"https:\/\/prostatefocaltherapies.com\/fr\/wp-json\/wp\/v2\/types\/page"}],"author":[{"embeddable":true,"href":"https:\/\/prostatefocaltherapies.com\/fr\/wp-json\/wp\/v2\/users\/1"}],"replies":[{"embeddable":true,"href":"https:\/\/prostatefocaltherapies.com\/fr\/wp-json\/wp\/v2\/comments?post=6349"}],"version-history":[{"count":7,"href":"https:\/\/prostatefocaltherapies.com\/fr\/wp-json\/wp\/v2\/pages\/6349\/revisions"}],"predecessor-version":[{"id":6392,"href":"https:\/\/prostatefocaltherapies.com\/fr\/wp-json\/wp\/v2\/pages\/6349\/revisions\/6392"}],"wp:attachment":[{"href":"https:\/\/prostatefocaltherapies.com\/fr\/wp-json\/wp\/v2\/media?parent=6349"}],"curies":[{"name":"wp","href":"https:\/\/api.w.org\/{rel}","templated":true}]}}