{"id":6350,"date":"2021-10-27T06:49:10","date_gmt":"2021-10-27T03:49:10","guid":{"rendered":"https:\/\/prostatefocaltherapies.com\/details-professionnels\/"},"modified":"2025-09-26T06:30:15","modified_gmt":"2025-09-26T03:30:15","slug":"details-professionnels","status":"publish","type":"page","link":"https:\/\/prostatefocaltherapies.com\/fr\/details-professionnels\/","title":{"rendered":"D\u00e9tails professionnels"},"content":{"rendered":"\t\t<div data-elementor-type=\"wp-page\" data-elementor-id=\"6350\" class=\"elementor elementor-6350 elementor-823\" data-elementor-post-type=\"page\">\n\t\t\t\t\t\t<section class=\"elementor-section elementor-top-section elementor-element elementor-element-ba21469 elementor-section-boxed elementor-section-height-default elementor-section-height-default\" data-id=\"ba21469\" data-element_type=\"section\">\n\t\t\t\t\t\t<div class=\"elementor-container elementor-column-gap-default\">\n\t\t\t\t\t<div class=\"elementor-column elementor-col-100 elementor-top-column elementor-element elementor-element-2198740\" data-id=\"2198740\" data-element_type=\"column\" data-settings=\"{&quot;background_background&quot;:&quot;classic&quot;}\">\n\t\t\t<div class=\"elementor-widget-wrap elementor-element-populated\">\n\t\t\t\t\t\t<div class=\"elementor-element elementor-element-5f768f5 elementor-widget elementor-widget-heading\" data-id=\"5f768f5\" data-element_type=\"widget\" data-widget_type=\"heading.default\">\n\t\t\t\t<div class=\"elementor-widget-container\">\n\t\t\t\t\t<h1 class=\"elementor-heading-title elementor-size-default\">D\u00e9tails professionnels<\/h1>\t\t\t\t<\/div>\n\t\t\t\t<\/div>\n\t\t\t\t\t<\/div>\n\t\t<\/div>\n\t\t\t\t\t<\/div>\n\t\t<\/section>\n\t\t\t\t<section class=\"elementor-section elementor-top-section elementor-element elementor-element-5eb536b5 elementor-section-boxed elementor-section-height-default elementor-section-height-default\" data-id=\"5eb536b5\" data-element_type=\"section\">\n\t\t\t\t\t\t<div class=\"elementor-container elementor-column-gap-default\">\n\t\t\t\t\t<div class=\"elementor-column elementor-col-100 elementor-top-column elementor-element elementor-element-45bf6e75\" data-id=\"45bf6e75\" data-element_type=\"column\">\n\t\t\t<div class=\"elementor-widget-wrap elementor-element-populated\">\n\t\t\t\t\t\t<div class=\"elementor-element elementor-element-4b23114a elementor-widget elementor-widget-text-editor\" data-id=\"4b23114a\" data-element_type=\"widget\" data-widget_type=\"text-editor.default\">\n\t\t\t\t<div class=\"elementor-widget-container\">\n\t\t\t\t\t\t\t\t\t<div class=\"wp-block-image\">\n<figure class=\"alignleft size-full is-resized\"><img fetchpriority=\"high\" decoding=\"async\" class=\"wp-image-833\" src=\"https:\/\/prostatefocaltherapies.com\/wp-content\/uploads\/2021\/10\/resim-29.png\" alt=\"\" width=\"1195\" height=\"633\" srcset=\"https:\/\/prostatefocaltherapies.com\/wp-content\/uploads\/2021\/10\/resim-29.png 906w, https:\/\/prostatefocaltherapies.com\/wp-content\/uploads\/2021\/10\/resim-29-300x159.png 300w, https:\/\/prostatefocaltherapies.com\/wp-content\/uploads\/2021\/10\/resim-29-768x407.png 768w\" sizes=\"(max-width: 1195px) 100vw, 1195px\" \/><\/figure>\n<\/div>\n<p><\/p>\n<p>Bar\u0131\u015f Bak\u0131r MD est professeur de radiologie \u00e0 l&rsquo;Universit\u00e9 d&rsquo;Istanbul, Facult\u00e9 de m\u00e9decine d&rsquo;Istanbul. Il a obtenu son dipl\u00f4me de m\u00e9decine \u00e0 l&rsquo;Universit\u00e9 d&rsquo;Ankara en 1999. Il a termin\u00e9 sa sp\u00e9cialisation au D\u00e9partement de radiologie de l&rsquo;Universit\u00e9 d&rsquo;Istanbul, Facult\u00e9 de m\u00e9decine d&rsquo;Istanbul en 2005. Il a travaill\u00e9 en tant que m\u00e9decin sp\u00e9cialiste permanent entre 2005 et 2010 et en tant que professeur agr\u00e9g\u00e9 entre 2010 et 2018 \u00e0 l&rsquo;Universit\u00e9 d&rsquo;Istanbul, Facult\u00e9 de m\u00e9decine d&rsquo;Istanbul. <\/p>\n<p>Le principal domaine d&rsquo;expertise de Bar\u0131\u015f Bak\u0131r est l&rsquo;imagerie de la prostate. Jusqu&rsquo;\u00e0 aujourd&rsquo;hui, il a examin\u00e9 plus de 10 000 tests IRM multiparam\u00e9triques de la prostate, a de nombreuses publications et articles sur le sujet ainsi qu&rsquo;une exp\u00e9rience de pr\u00e9sentations de congr\u00e8s \u00e0 de nombreuses occasions. Il a visit\u00e9 le National Cancer Institute, Molecular Imaging Program (NIH) Department \u00e0 Washington dirig\u00e9 par le professeur Peter L. Choyke et le docteur Bar\u0131\u015f T\u00fcrkbey MD afin de suivre les d\u00e9veloppements scientifiques sur l&rsquo;IRM multiparam\u00e9trique de la prostate en 2013 et 2015.<\/p>\n<p>En plus du test IRM multiparam\u00e9trique de la prostate, il effectue \u00e9galement des \u00e9tudes de pratique clinique et de recherche scientifique sur les techniques d&rsquo;imagerie hybride mol\u00e9culaire (PSMA PET-mpMRI), l&rsquo;une des m\u00e9thodes d&rsquo;imagerie les plus avanc\u00e9es de la prostate, avec l&rsquo;Universit\u00e9 Cerrahpa\u015fa d&rsquo;Istanbul, la Facult\u00e9 de Cerrahpa\u015fa M\u00e9decine &#8211; D\u00e9partement de m\u00e9decine nucl\u00e9aire. <\/p>\n<p>En outre, ses principaux domaines d&rsquo;int\u00e9r\u00eat sont les proc\u00e9dures interventionnelles diagnostiques et th\u00e9rapeutiques pour la prostate. En Europe et en Am\u00e9rique, il a visit\u00e9 des centres sp\u00e9cialis\u00e9s dans la biopsie de fusion de la prostate. Il a particip\u00e9 \u00e0 des proc\u00e9dures de biopsie de fusion IRM\/TRUS de la prostate avec le Dr Antti Sakari Ranniko \u00e0 l&rsquo;h\u00f4pital Meilhati, \u00e0 Helsinki, et avec le Dr Ionel Valentin Popeneciu au d\u00e9partement d&rsquo;urologie de l&rsquo;Universit\u00e9 de Heidelberg, Heidelberg. Il a effectu\u00e9 plus de 1000 proc\u00e9dures de biopsie de fusion MR\/TRUS de la prostate jusqu\u2019\u00e0 pr\u00e9sent.  <\/p>\n<p>Bar\u0131\u015f Bak\u0131r MD s\u2019int\u00e9resse \u00e9galement aux traitements focaux du cancer de la prostate et a travaill\u00e9 \u00e0 l\u2019\u00e9tranger dans des centres sp\u00e9cialis\u00e9s dans le traitement focal de la prostate<span class=\"Apple-converted-space\">  <\/span>Traitement. Il a particip\u00e9 aux proc\u00e9dures HIFU de la prostate, \u00e0 la cryothrapie et \u00e0 l\u2019\u00e9lectroporation irr\u00e9versible &#8211; IRE (Nanoknife) effectu\u00e9es par le Prof. Dr. L. Shalhav \u00e0 l\u2019Universit\u00e9 de Chicago, le Dr. Samuel J. Peretsman \u00e0 la Novant Health Cancer Clinic, en Caroline du Nord, le Dr. Martin Loehr \u00e0 la Klinik f\u00fcr Prostate Therapie, Heidelberg, Prof.Dr. Hashim U. Ahmedi \u00e0 l\u2019Imperial College-Charing Cross Hospital, Londres, Prof. Dr. Mark Emberton, King Edward VII\u2019s Hospital, Londres et Prof. Dr. Bernardino Mi\u00f1ana L\u00f3pez \u00e0 l\u2019Universit\u00e9 de Navarre, Madrid.   Il a rendu visite au Prof. Dr. Markus Hohenfellner \u00e0 l&rsquo;Universit\u00e9 de Heidelberg, Heidelberg pour \u00e9tudier le syst\u00e8me MR-HIFU (in-bore) de la prostate. Actuellement, Bar\u0131\u015f Bak\u0131r effectue des traitements HIFU de la prostate et d\u2019\u00e9lectroporation irr\u00e9versible &#8211; IRE (Nanoknife) depuis 2019. Il est l&rsquo;un des m\u00e9decins les plus exp\u00e9riment\u00e9s dans ce domaine dans son pays. Il a effectu\u00e9 plus de 300 proc\u00e9dures de th\u00e9rapie focale du cancer de la prostate jusqu\u2019\u00e0 pr\u00e9sent.<\/p>\n<p>De plus, Bar\u0131\u015f Bak\u0131r a publi\u00e9 plus de 80 articles et assist\u00e9 \u00e0 plus de 100 conf\u00e9rences dans le cadre de r\u00e9unions nationales et internationales. Il a organis\u00e9 plusieurs cours de formation sur les m\u00e9thodes d&rsquo;IRM de la prostate et de biopsie par fusion de la prostate en Turquie. Il est membre de l&rsquo;Association nord-am\u00e9ricaine de radiologie, de l&rsquo;Association europ\u00e9enne de radiologie, de l&rsquo;Association internationale de th\u00e9rapie focale, de l&rsquo;Association europ\u00e9enne de radiologie gastro-intestinale, de l&rsquo;Association europ\u00e9enne d&rsquo;uroradiologie et de l&rsquo;Association turque de radiologie.<\/p>\n<p> <\/p>\n<p>Date de mise \u00e0 jour&nbsp;: 15.02.2023<\/p>\n<p><\/p>\t\t\t\t\t\t\t\t<\/div>\n\t\t\t\t<\/div>\n\t\t\t\t\t<\/div>\n\t\t<\/div>\n\t\t\t\t\t<\/div>\n\t\t<\/section>\n\t\t\t\t<\/div>\n\t\t","protected":false},"excerpt":{"rendered":"<p>D\u00e9tails professionnels Bar\u0131\u015f Bak\u0131r MD est professeur de radiologie \u00e0 l&rsquo;Universit\u00e9 d&rsquo;Istanbul, Facult\u00e9 de m\u00e9decine d&rsquo;Istanbul. Il a obtenu son dipl\u00f4me de m\u00e9decine \u00e0 l&rsquo;Universit\u00e9 d&rsquo;Ankara en 1999. Il a termin\u00e9 sa sp\u00e9cialisation au D\u00e9partement de radiologie de l&rsquo;Universit\u00e9 d&rsquo;Istanbul, Facult\u00e9 de m\u00e9decine d&rsquo;Istanbul en 2005. Il a travaill\u00e9 en tant que m\u00e9decin sp\u00e9cialiste permanent [&hellip;]<\/p>\n","protected":false},"author":1,"featured_media":0,"parent":0,"menu_order":0,"comment_status":"closed","ping_status":"closed","template":"","meta":{"footnotes":""},"class_list":["post-6350","page","type-page","status-publish","hentry"],"_links":{"self":[{"href":"https:\/\/prostatefocaltherapies.com\/fr\/wp-json\/wp\/v2\/pages\/6350","targetHints":{"allow":["GET"]}}],"collection":[{"href":"https:\/\/prostatefocaltherapies.com\/fr\/wp-json\/wp\/v2\/pages"}],"about":[{"href":"https:\/\/prostatefocaltherapies.com\/fr\/wp-json\/wp\/v2\/types\/page"}],"author":[{"embeddable":true,"href":"https:\/\/prostatefocaltherapies.com\/fr\/wp-json\/wp\/v2\/users\/1"}],"replies":[{"embeddable":true,"href":"https:\/\/prostatefocaltherapies.com\/fr\/wp-json\/wp\/v2\/comments?post=6350"}],"version-history":[{"count":5,"href":"https:\/\/prostatefocaltherapies.com\/fr\/wp-json\/wp\/v2\/pages\/6350\/revisions"}],"predecessor-version":[{"id":6375,"href":"https:\/\/prostatefocaltherapies.com\/fr\/wp-json\/wp\/v2\/pages\/6350\/revisions\/6375"}],"wp:attachment":[{"href":"https:\/\/prostatefocaltherapies.com\/fr\/wp-json\/wp\/v2\/media?parent=6350"}],"curies":[{"name":"wp","href":"https:\/\/api.w.org\/{rel}","templated":true}]}}