{"id":6435,"date":"2021-10-27T06:56:38","date_gmt":"2021-10-27T03:56:38","guid":{"rendered":"https:\/\/prostatefocaltherapies.com\/chapitres-de-livres-internationaux\/"},"modified":"2025-09-26T06:30:20","modified_gmt":"2025-09-26T03:30:20","slug":"chapitres-de-livres-internationaux","status":"publish","type":"page","link":"https:\/\/prostatefocaltherapies.com\/fr\/chapitres-de-livres-internationaux\/","title":{"rendered":"CHAPITRES DE LIVRES INTERNATIONAUX"},"content":{"rendered":"\t\t<div data-elementor-type=\"wp-page\" data-elementor-id=\"6435\" class=\"elementor elementor-6435 elementor-844\" data-elementor-post-type=\"page\">\n\t\t\t\t\t\t<section class=\"elementor-section elementor-top-section elementor-element elementor-element-5a5dd45 elementor-section-boxed elementor-section-height-default elementor-section-height-default\" data-id=\"5a5dd45\" data-element_type=\"section\">\n\t\t\t\t\t\t<div class=\"elementor-container elementor-column-gap-default\">\n\t\t\t\t\t<div class=\"elementor-column elementor-col-100 elementor-top-column elementor-element elementor-element-737ea23\" data-id=\"737ea23\" data-element_type=\"column\" data-settings=\"{&quot;background_background&quot;:&quot;classic&quot;}\">\n\t\t\t<div class=\"elementor-widget-wrap elementor-element-populated\">\n\t\t\t\t\t\t<div class=\"elementor-element elementor-element-9ab6a16 elementor-widget elementor-widget-heading\" data-id=\"9ab6a16\" data-element_type=\"widget\" data-widget_type=\"heading.default\">\n\t\t\t\t<div class=\"elementor-widget-container\">\n\t\t\t\t\t<h1 class=\"elementor-heading-title elementor-size-default\"> CHAPITRES DE LIVRES INTERNATIONAUX<\/h1>\t\t\t\t<\/div>\n\t\t\t\t<\/div>\n\t\t\t\t\t<\/div>\n\t\t<\/div>\n\t\t\t\t\t<\/div>\n\t\t<\/section>\n\t\t\t\t<section class=\"elementor-section elementor-top-section elementor-element elementor-element-3215e93c elementor-section-boxed elementor-section-height-default elementor-section-height-default\" data-id=\"3215e93c\" data-element_type=\"section\">\n\t\t\t\t\t\t<div class=\"elementor-container elementor-column-gap-default\">\n\t\t\t\t\t<div class=\"elementor-column elementor-col-100 elementor-top-column elementor-element elementor-element-2f40d5dd\" data-id=\"2f40d5dd\" data-element_type=\"column\">\n\t\t\t<div class=\"elementor-widget-wrap elementor-element-populated\">\n\t\t\t\t\t\t<div class=\"elementor-element elementor-element-3160a410 elementor-widget elementor-widget-text-editor\" data-id=\"3160a410\" data-element_type=\"widget\" data-widget_type=\"text-editor.default\">\n\t\t\t\t<div class=\"elementor-widget-container\">\n\t\t\t\t\t\t\t\t\t\n<p><strong>1.<\/strong> Artur Salmaslioglu, <strong>Baris Bakir<\/strong> et Merve G. Dagoglu Kartal Introduction \u00e0 l\u2019imagerie radiologique. Pathologie endocrinienne \u00e9dit\u00e9 par Ozgur Mete et Sylvia L. Asa. I. \u00c9d. Cambridge University Press, Royaume-Uni, 2016<\/p>\n\n<p><strong>2.<\/strong> \u00c9chographie Artur Salmaslioglu, <strong>Baris Bakir<\/strong> et Merve G. Dagoglu Kartal. Pathologie endocrinienne \u00e9dit\u00e9 par Ozgur Mete et Sylvia L. Asa. I. \u00c9d. Cambridge University Press, Royaume-Uni, 2016<\/p>\n\n<p><strong>3.<\/strong> Artur Salmaslioglu, <strong>Baris Bakir<\/strong> et Merve G. Dagoglu Kartal \u00c9chographie de la t\u00eate et du cou . Pathologie endocrinienne \u00e9dit\u00e9 par Ozgur Mete et Sylvia L. Asa. I. \u00c9d. Cambridge University Press, Royaume-Uni, 2016<\/p>\n\n<p><strong>4.<\/strong> Merve G. Dagoglu Kartal, <strong>Baris Bakir<\/strong> et Artur Salmaslioglu, TDM et IRM du thorax. Pathologie endocrinienne \u00e9dit\u00e9 par Ozgur Mete et Sylvia L. Asa. I. \u00c9d. Cambridge University Press, Royaume-Uni, 2016<\/p>\n\n<p><strong>5.<\/strong> Merve G. Dagoglu Kartal, <strong>Baris Bakir<\/strong> et Artur Salmaslioglu, \u00e9chographie, TDM et IRM de l\u2019abdomen. Pathologie endocrinienne \u00e9dit\u00e9 par Ozgur Mete et Sylvia L. Asa. I. \u00c9d. Cambridge University Press, Royaume-Uni, 2016<\/p>\n\t\t\t\t\t\t\t\t<\/div>\n\t\t\t\t<\/div>\n\t\t\t\t\t<\/div>\n\t\t<\/div>\n\t\t\t\t\t<\/div>\n\t\t<\/section>\n\t\t\t\t<\/div>\n\t\t","protected":false},"excerpt":{"rendered":"<p>CHAPITRES DE LIVRES INTERNATIONAUX 1. Artur Salmaslioglu, Baris Bakir et Merve G. Dagoglu Kartal Introduction \u00e0 l\u2019imagerie radiologique. Pathologie endocrinienne \u00e9dit\u00e9 par Ozgur Mete et Sylvia L. Asa. I. \u00c9d. Cambridge University Press, Royaume-Uni, 2016 2. \u00c9chographie Artur Salmaslioglu, Baris Bakir et Merve G. Dagoglu Kartal. Pathologie endocrinienne \u00e9dit\u00e9 par Ozgur Mete et Sylvia L. [&hellip;]<\/p>\n","protected":false},"author":1,"featured_media":0,"parent":0,"menu_order":0,"comment_status":"closed","ping_status":"closed","template":"","meta":{"footnotes":""},"class_list":["post-6435","page","type-page","status-publish","hentry"],"_links":{"self":[{"href":"https:\/\/prostatefocaltherapies.com\/fr\/wp-json\/wp\/v2\/pages\/6435","targetHints":{"allow":["GET"]}}],"collection":[{"href":"https:\/\/prostatefocaltherapies.com\/fr\/wp-json\/wp\/v2\/pages"}],"about":[{"href":"https:\/\/prostatefocaltherapies.com\/fr\/wp-json\/wp\/v2\/types\/page"}],"author":[{"embeddable":true,"href":"https:\/\/prostatefocaltherapies.com\/fr\/wp-json\/wp\/v2\/users\/1"}],"replies":[{"embeddable":true,"href":"https:\/\/prostatefocaltherapies.com\/fr\/wp-json\/wp\/v2\/comments?post=6435"}],"version-history":[{"count":7,"href":"https:\/\/prostatefocaltherapies.com\/fr\/wp-json\/wp\/v2\/pages\/6435\/revisions"}],"predecessor-version":[{"id":6491,"href":"https:\/\/prostatefocaltherapies.com\/fr\/wp-json\/wp\/v2\/pages\/6435\/revisions\/6491"}],"wp:attachment":[{"href":"https:\/\/prostatefocaltherapies.com\/fr\/wp-json\/wp\/v2\/media?parent=6435"}],"curies":[{"name":"wp","href":"https:\/\/api.w.org\/{rel}","templated":true}]}}