{"id":6602,"date":"2021-11-17T22:07:07","date_gmt":"2021-11-17T19:07:07","guid":{"rendered":"https:\/\/prostatefocaltherapies.com\/contacter\/"},"modified":"2025-09-26T06:30:30","modified_gmt":"2025-09-26T03:30:30","slug":"contacter","status":"publish","type":"page","link":"https:\/\/prostatefocaltherapies.com\/fr\/contacter\/","title":{"rendered":"Contacter"},"content":{"rendered":"\t\t<div data-elementor-type=\"wp-page\" data-elementor-id=\"6602\" class=\"elementor elementor-6602 elementor-1445\" data-elementor-post-type=\"page\">\n\t\t\t\t\t\t<section class=\"elementor-section elementor-top-section elementor-element elementor-element-02a487f elementor-section-boxed elementor-section-height-default elementor-section-height-default\" data-id=\"02a487f\" data-element_type=\"section\">\n\t\t\t\t\t\t<div class=\"elementor-container elementor-column-gap-default\">\n\t\t\t\t\t<div class=\"elementor-column elementor-col-100 elementor-top-column elementor-element elementor-element-227ca97\" data-id=\"227ca97\" data-element_type=\"column\" data-settings=\"{&quot;background_background&quot;:&quot;classic&quot;}\">\n\t\t\t<div class=\"elementor-widget-wrap elementor-element-populated\">\n\t\t\t\t\t\t<div class=\"elementor-element elementor-element-2f75f21 elementor-widget elementor-widget-heading\" data-id=\"2f75f21\" data-element_type=\"widget\" data-widget_type=\"heading.default\">\n\t\t\t\t<div class=\"elementor-widget-container\">\n\t\t\t\t\t<h1 class=\"elementor-heading-title elementor-size-default\">Contacter<\/h1>\t\t\t\t<\/div>\n\t\t\t\t<\/div>\n\t\t\t\t\t<\/div>\n\t\t<\/div>\n\t\t\t\t\t<\/div>\n\t\t<\/section>\n\t\t\t\t<section class=\"elementor-section elementor-top-section elementor-element elementor-element-bbd47b5 elementor-section-boxed elementor-section-height-default elementor-section-height-default\" data-id=\"bbd47b5\" data-element_type=\"section\">\n\t\t\t\t\t\t<div class=\"elementor-container elementor-column-gap-default\">\n\t\t\t\t\t<div class=\"elementor-column elementor-col-50 elementor-top-column elementor-element elementor-element-e1aea2e\" data-id=\"e1aea2e\" data-element_type=\"column\">\n\t\t\t<div class=\"elementor-widget-wrap elementor-element-populated\">\n\t\t\t\t\t\t<div class=\"elementor-element elementor-element-8d216ac elementor-widget elementor-widget-image\" data-id=\"8d216ac\" data-element_type=\"widget\" data-widget_type=\"image.default\">\n\t\t\t\t<div class=\"elementor-widget-container\">\n\t\t\t\t\t\t\t\t\t\t\t\t\t\t\t<img fetchpriority=\"high\" decoding=\"async\" width=\"800\" height=\"450\" src=\"https:\/\/prostatefocaltherapies.com\/wp-content\/uploads\/2021\/11\/FileHandler-1024x576.jpg\" class=\"attachment-large size-large wp-image-6208\" alt=\"\" srcset=\"https:\/\/prostatefocaltherapies.com\/wp-content\/uploads\/2021\/11\/FileHandler-1024x576.jpg 1024w, https:\/\/prostatefocaltherapies.com\/wp-content\/uploads\/2021\/11\/FileHandler-300x169.jpg 300w, https:\/\/prostatefocaltherapies.com\/wp-content\/uploads\/2021\/11\/FileHandler-768x432.jpg 768w, https:\/\/prostatefocaltherapies.com\/wp-content\/uploads\/2021\/11\/FileHandler.jpg 1440w\" sizes=\"(max-width: 800px) 100vw, 800px\" \/>\t\t\t\t\t\t\t\t\t\t\t\t\t\t\t<\/div>\n\t\t\t\t<\/div>\n\t\t\t\t<div class=\"elementor-element elementor-element-90c7127 elementor-widget elementor-widget-text-editor\" data-id=\"90c7127\" data-element_type=\"widget\" data-widget_type=\"text-editor.default\">\n\t\t\t\t<div class=\"elementor-widget-container\">\n\t\t\t\t\t\t\t\t\t<p><b>Adresse-1 :<\/b> \u0130stanbul \u00dcniversitesi, \u0130stanbul T\u0131p Fak\u00fcltesi, Radyoloji Anabilim Dal\u0131, 34390, \u00c7apa, Fatih\/\u0130stanbul.<\/p>\t\t\t\t\t\t\t\t<\/div>\n\t\t\t\t<\/div>\n\t\t\t\t\t<\/div>\n\t\t<\/div>\n\t\t\t\t<div class=\"elementor-column elementor-col-50 elementor-top-column elementor-element elementor-element-bcda0a8\" data-id=\"bcda0a8\" data-element_type=\"column\">\n\t\t\t<div class=\"elementor-widget-wrap elementor-element-populated\">\n\t\t\t\t\t\t<div class=\"elementor-element elementor-element-53fa71a elementor-widget elementor-widget-image\" data-id=\"53fa71a\" data-element_type=\"widget\" data-widget_type=\"image.default\">\n\t\t\t\t<div class=\"elementor-widget-container\">\n\t\t\t\t\t\t\t\t\t\t\t\t\t\t\t<img decoding=\"async\" width=\"800\" height=\"429\" src=\"https:\/\/prostatefocaltherapies.com\/wp-content\/uploads\/2021\/11\/ekranresmi20200520002137png9f8bminjpg_f8ee-1024x549.jpg\" class=\"attachment-large size-large wp-image-6209\" alt=\"\" srcset=\"https:\/\/prostatefocaltherapies.com\/wp-content\/uploads\/2021\/11\/ekranresmi20200520002137png9f8bminjpg_f8ee-1024x549.jpg 1024w, https:\/\/prostatefocaltherapies.com\/wp-content\/uploads\/2021\/11\/ekranresmi20200520002137png9f8bminjpg_f8ee-300x161.jpg 300w, https:\/\/prostatefocaltherapies.com\/wp-content\/uploads\/2021\/11\/ekranresmi20200520002137png9f8bminjpg_f8ee-768x412.jpg 768w, https:\/\/prostatefocaltherapies.com\/wp-content\/uploads\/2021\/11\/ekranresmi20200520002137png9f8bminjpg_f8ee-1536x824.jpg 1536w, https:\/\/prostatefocaltherapies.com\/wp-content\/uploads\/2021\/11\/ekranresmi20200520002137png9f8bminjpg_f8ee-2048x1098.jpg 2048w\" sizes=\"(max-width: 800px) 100vw, 800px\" \/>\t\t\t\t\t\t\t\t\t\t\t\t\t\t\t<\/div>\n\t\t\t\t<\/div>\n\t\t\t\t<div class=\"elementor-element elementor-element-a7e6aa2 elementor-widget elementor-widget-text-editor\" data-id=\"a7e6aa2\" data-element_type=\"widget\" data-widget_type=\"text-editor.default\">\n\t\t\t\t<div class=\"elementor-widget-container\">\n\t\t\t\t\t\t\t\t\t<p><b>Adresse-2 :<\/b> H\u00f4pital Memorial Bah\u00e7elievler, D\u00e9partement de radiologie, Programme de th\u00e9rapie focale de la prostate, Bah\u00e7elievler Mahallesi, Adnan Kahveci Bulvar\u0131, No&nbsp;:227 Bah\u00e7elievler\/\u0130stanbul<\/p>\t\t\t\t\t\t\t\t<\/div>\n\t\t\t\t<\/div>\n\t\t\t\t\t<\/div>\n\t\t<\/div>\n\t\t\t\t\t<\/div>\n\t\t<\/section>\n\t\t\t\t<\/div>\n\t\t","protected":false},"excerpt":{"rendered":"<p>Contacter Adresse-1 : \u0130stanbul \u00dcniversitesi, \u0130stanbul T\u0131p Fak\u00fcltesi, Radyoloji Anabilim Dal\u0131, 34390, \u00c7apa, Fatih\/\u0130stanbul. Adresse-2 : H\u00f4pital Memorial Bah\u00e7elievler, D\u00e9partement de radiologie, Programme de th\u00e9rapie focale de la prostate, Bah\u00e7elievler Mahallesi, Adnan Kahveci Bulvar\u0131, No&nbsp;:227 Bah\u00e7elievler\/\u0130stanbul<\/p>\n","protected":false},"author":1,"featured_media":0,"parent":0,"menu_order":0,"comment_status":"closed","ping_status":"closed","template":"","meta":{"footnotes":""},"class_list":["post-6602","page","type-page","status-publish","hentry"],"_links":{"self":[{"href":"https:\/\/prostatefocaltherapies.com\/fr\/wp-json\/wp\/v2\/pages\/6602","targetHints":{"allow":["GET"]}}],"collection":[{"href":"https:\/\/prostatefocaltherapies.com\/fr\/wp-json\/wp\/v2\/pages"}],"about":[{"href":"https:\/\/prostatefocaltherapies.com\/fr\/wp-json\/wp\/v2\/types\/page"}],"author":[{"embeddable":true,"href":"https:\/\/prostatefocaltherapies.com\/fr\/wp-json\/wp\/v2\/users\/1"}],"replies":[{"embeddable":true,"href":"https:\/\/prostatefocaltherapies.com\/fr\/wp-json\/wp\/v2\/comments?post=6602"}],"version-history":[{"count":1,"href":"https:\/\/prostatefocaltherapies.com\/fr\/wp-json\/wp\/v2\/pages\/6602\/revisions"}],"predecessor-version":[{"id":6617,"href":"https:\/\/prostatefocaltherapies.com\/fr\/wp-json\/wp\/v2\/pages\/6602\/revisions\/6617"}],"wp:attachment":[{"href":"https:\/\/prostatefocaltherapies.com\/fr\/wp-json\/wp\/v2\/media?parent=6602"}],"curies":[{"name":"wp","href":"https:\/\/api.w.org\/{rel}","templated":true}]}}