{"id":6932,"date":"2025-05-19T16:00:04","date_gmt":"2025-05-19T13:00:04","guid":{"rendered":"https:\/\/prostatefocaltherapies.com\/nos-dernieres-publications-sur-le-cancer-de-la-prostate\/"},"modified":"2025-09-26T06:30:40","modified_gmt":"2025-09-26T03:30:40","slug":"nos-dernieres-publications-sur-le-cancer-de-la-prostate","status":"publish","type":"page","link":"https:\/\/prostatefocaltherapies.com\/fr\/nos-dernieres-publications-sur-le-cancer-de-la-prostate\/","title":{"rendered":"NOS DERNI\u00c8RES PUBLICATIONS SUR LE CANCER DE LA PROSTATE"},"content":{"rendered":"\t\t<div data-elementor-type=\"wp-page\" data-elementor-id=\"6932\" class=\"elementor elementor-6932 elementor-4809\" data-elementor-post-type=\"page\">\n\t\t\t\t\t\t<section class=\"elementor-section elementor-top-section elementor-element elementor-element-9b744d6 elementor-section-boxed elementor-section-height-default elementor-section-height-default\" data-id=\"9b744d6\" data-element_type=\"section\">\n\t\t\t\t\t\t<div class=\"elementor-container elementor-column-gap-default\">\n\t\t\t\t\t<div class=\"elementor-column elementor-col-100 elementor-top-column elementor-element elementor-element-03f4606\" data-id=\"03f4606\" data-element_type=\"column\" data-settings=\"{&quot;background_background&quot;:&quot;classic&quot;}\">\n\t\t\t<div class=\"elementor-widget-wrap elementor-element-populated\">\n\t\t\t\t\t\t<div class=\"elementor-element elementor-element-b466565 elementor-widget elementor-widget-heading\" data-id=\"b466565\" data-element_type=\"widget\" data-widget_type=\"heading.default\">\n\t\t\t\t<div class=\"elementor-widget-container\">\n\t\t\t\t\t<h1 class=\"elementor-heading-title elementor-size-default\">NOS DERNI\u00c8RES PUBLICATIONS SUR LE CANCER DE LA PROSTATE<\/h1>\t\t\t\t<\/div>\n\t\t\t\t<\/div>\n\t\t\t\t\t<\/div>\n\t\t<\/div>\n\t\t\t\t\t<\/div>\n\t\t<\/section>\n\t\t\t\t<section class=\"elementor-section elementor-top-section elementor-element elementor-element-399c013b elementor-section-boxed elementor-section-height-default elementor-section-height-default\" data-id=\"399c013b\" data-element_type=\"section\">\n\t\t\t\t\t\t<div class=\"elementor-container elementor-column-gap-default\">\n\t\t\t\t\t<div class=\"elementor-column elementor-col-100 elementor-top-column elementor-element elementor-element-346e1d87\" data-id=\"346e1d87\" data-element_type=\"column\">\n\t\t\t<div class=\"elementor-widget-wrap elementor-element-populated\">\n\t\t\t\t\t\t<div class=\"elementor-element elementor-element-e91a342 elementor-widget elementor-widget-text-editor\" data-id=\"e91a342\" data-element_type=\"widget\" data-widget_type=\"text-editor.default\">\n\t\t\t\t<div class=\"elementor-widget-container\">\n\t\t\t\t\t\t\t\t\t<p> <b>1 &#8211; <a href=\"https:\/\/pubmed.ncbi.nlm.nih.gov\/37419773\/\" target=\"_blank\" rel=\"nofollow noopener\" data-saferedirecturl=\"https:\/\/www.google.com\/url?q=https:\/\/pubmed.ncbi.nlm.nih.gov\/37419773\/&amp;source=gmail&amp;ust=1747745795240000&amp;usg=AOvVaw0wxRYishQ83ob35qMl8xqG\">Ablation primaire de la glande enti\u00e8re pour le traitement du cancer de la prostate cliniquement localis\u00e9 : une d\u00e9claration de bonnes pratiques de la Focal Therapy Society.<\/a><\/b><\/p><p>Deivasigamani S, Kotamarti S, Rastinehad AR, Salas RS, de la Rosette JJMCH, Lepor H, Pinto P, Ahmed HU, Gill I, Klotz L, Taneja SS, Emberton M, Lawrentschuk N, Wysock J, Feller JF, Crouzet S, Kumar M P, Seguier D, Adams ES, Michael Z, Abreu A, Jack Tay K, Ward JF, Shinohara K, Katz AE, Villers A,  Chin JL, Stricker, Baco E, Macek P, Ahmad AE, Chiu PKF, Crawford ED, Rogers CG, Futterer JJ, Rais-Bahrami S, Robertson CN, Hadaschik B, Marra G, Valerio M, Chong KT, Kasivisvanathan V, Tan WP, Lomas D, Walz J, Guimaraes GC, Mertziotis NI, Becher E, Finelli A, Kasraeian A, Lebastchi AH, Vora A, Rosen MA, <b>Bakir B<\/b>,  Arcot R, Yee S, Netsch C, Meng X, de Reijke TM, Tan YG, Regusci S, Benjamin TGR, Olivares R, Noureldin M, Bianco FJ, Sivaraman A, Kim FJ, Given RW, Dason S, Sheetz TJ, Shoji S, Schulman A, Royce P, Shah TT, Scionti S, Salomon G, Laguna P, Tourinho-Barbosa R, Aminsharifi A, Cathelineau X, Gontero P, Stabile A,  Grummet J, Ledbetter L, Graton M, Stephen Jones J, Polascik TJ&nbsp;; Focal Therapy Society.Eur Urol. 2023 d\u00e9c. 84(6):547-560. DOI : 10.1016\/j.eururo.2023.06.013. Epub 2023 Jul 5.PMID&nbsp;: Examen 37419773.    <\/p><p><b>2 &#8211; <a href=\"https:\/\/pubmed.ncbi.nlm.nih.gov\/39232094\/\" target=\"_blank\" rel=\"nofollow noopener\" data-saferedirecturl=\"https:\/\/www.google.com\/url?q=https:\/\/pubmed.ncbi.nlm.nih.gov\/39232094\/&amp;source=gmail&amp;ust=1747745795240000&amp;usg=AOvVaw2BJgAMo2jsMBvr6Ezz6bEt\">Strat\u00e9gies de biopsie \u00e0 l\u2019\u00e8re de l\u2019IRMmp : une revue compl\u00e8te.<\/a><\/b><\/p><p>Windisch O, Valerio M, Yee CH, Gontero P, <b>Bakir B<\/b>, Kastner C, Ahmed HU, De Nunzio C, de la Rosette J.Cancer de la prostate Dis. 2024 Sep 4. DOI : 10.1038\/S41391-024-00884-2. En ligne avant l\u2019impression. PMID : 39232094 revue.   <\/p><p><b>3 &#8211;<\/b> <b><a href=\"https:\/\/pubmed.ncbi.nlm.nih.gov\/32002569\/\" target=\"_blank\" rel=\"nofollow noopener\" data-saferedirecturl=\"https:\/\/www.google.com\/url?q=https:\/\/pubmed.ncbi.nlm.nih.gov\/32002569\/&amp;source=gmail&amp;ust=1747745795240000&amp;usg=AOvVaw1E50VTT9OyWWI4rJJ8HjGL\">Le r\u00f4le des images pond\u00e9r\u00e9es en T2 dans l\u2019\u00e9valuation du grade d\u2019extension extraprostatique du carcinome de la prostate.<\/a><\/b><\/p><p>Onay A, Ertas G, Vural M, Colak E, Esen T, <b>Bakir B.<\/b>Abdom Radiol (NY). octobre 2020&nbsp;; 45(10):3293-3300. DOI : 10.1007\/S00261-020-02419-4.<wbr><\/wbr>PMID : 32002569  <\/p><p><b>4 &#8211; <a href=\"https:\/\/pubmed.ncbi.nlm.nih.gov\/31507143\/\" target=\"_blank\" rel=\"nofollow noopener\" data-saferedirecturl=\"https:\/\/www.google.com\/url?q=https:\/\/pubmed.ncbi.nlm.nih.gov\/31507143\/&amp;source=gmail&amp;ust=1747745795240000&amp;usg=AOvVaw1wG5Vk13N9DGTo7lXUBcoa\">Corr\u00e9lation des valeurs SUV(max) et des coefficients de diffusion apparente d\u00e9tect\u00e9s par TEP\/IRM Ga-68 PSMA dans les l\u00e9sions primitives de la prostate et leur importance dans les m\u00e9tastases ganglionnaires : r\u00e9sultats pr\u00e9liminaires d\u2019une \u00e9tude en cours.<\/a><\/b><\/p><p>Uslu-Be\u015fli L, <b>Bak\u0131r B<\/b>, Asa S, G\u00fcner E, Demirda\u011f \u00c7, \u015eahin OE, Karayel E, Sa\u011fer MS, Sayman HB, S\u00f6nmezo\u011flu K.Mol imaging radionucl ther. 6 sept. 2019; 28 (3): 104-111. DOI : 10.4274\/mirt.galenos.2019.<wbr><\/wbr>63825.PMID : 31507143  <\/p><p><b>5 &#8211; <a href=\"https:\/\/pubmed.ncbi.nlm.nih.gov\/36378618\/\" target=\"_blank\" rel=\"nofollow noopener\" data-saferedirecturl=\"https:\/\/www.google.com\/url?q=https:\/\/pubmed.ncbi.nlm.nih.gov\/36378618\/source=gmailust=1747745795240000usg=AOvVaw3SQYUETAd23NUj2CBQIrlQ\">TEP\/IRM hybride de l\u2019antig\u00e8ne membranaire sp\u00e9cifique de la prostate Ga-68 dans la d\u00e9tection des m\u00e9tastases squelettiques chez les patients atteints d\u2019un cancer de la prostate nouvellement diagnostiqu\u00e9 : contribution de chaque partie \u00e0 la performance diagnostique.<\/a><\/b><\/p><p>Asa S, Ozgur E, Uslu-Besli L, Ince B, Sager S, Demirdag C, Guner E, Sayman HB, <b>Bakir B<\/b>, Sonmezoglu K.Nucl Med Commun. 1er janvier 2023&nbsp;; 44(1):65-73. doi : 10.1097\/MNM.000000000001637. Epub 16 novembre 2022.PMID : 36378618   <\/p><p><b>6 &#8211; <a href=\"https:\/\/pubmed.ncbi.nlm.nih.gov\/34750082\/\" target=\"_blank\" rel=\"nofollow noopener\" data-saferedirecturl=\"https:\/\/www.google.com\/url?q=https:\/\/pubmed.ncbi.nlm.nih.gov\/34750082\/source=gmailust=1747745795240000usg=AOvVaw0PmYoUFLp8mhjveVPlIjiH\">L\u2019impact de la tumeur visible (PI-RADS 3) sur la mise \u00e0 niveau et la pathologie d\u00e9favorable \u00e0 la prostatectomie radicale chez les patients atteints d\u2019un cancer de la prostate \u00e0 faible risque : une analyse bas\u00e9e sur une biopsie.<\/a><\/b><\/p><p>\u00d6zkan A, K\u00f6seo\u011flu E, K\u0131l\u0131\u00e7 M, Baydar DE, Sa\u011fl\u0131can Y, Balbay MD, Canda AE, Kordan Y, Kiremit MC, \u00c7il B, Tu\u011fcu V, <b>Bak\u0131r B, Esen<\/b> T.Clin Genitourin Cancer. 2022 f\u00e9vr. 20(1)&nbsp;:e61 \u00e0 e67. DOI : 10.1016\/j.clgc.2021.09.007. Epub 9 octobre 2021.PMID&nbsp;: 34750082   <\/p><p><b>7 &#8211; <a href=\"https:\/\/pubmed.ncbi.nlm.nih.gov\/30777210\/\" target=\"_blank\" rel=\"nofollow noopener\" data-saferedirecturl=\"https:\/\/www.google.com\/url?q=https:\/\/pubmed.ncbi.nlm.nih.gov\/30777210\/source=gmailust=1747745795240000usg=AOvVaw3gSnw5EuAXAjIEVdN4zVYG\">\u00c9valuation de la s\u00e9quence d\u2019imagerie par r\u00e9sonance magn\u00e9tique multiparam\u00e9trique la plus optimale pour d\u00e9terminer la longueur pathologique du contact capsulaire.<\/a><\/b><\/p><p>Onay A, Vural M, Armutlu A, Ozel Y\u0131ld\u0131z S, Kiremit MC, Esen T, <b>Bak\u0131r B.<\/b>Eur J Radiol. 2019 mars; 112: 192-199. doi: 10.1016\/j.ejrad.2019.01.020. Epub 2019 Jan 22.PMID&nbsp;: 30777210<\/p><p><b>8 &#8211;  <a href=\"https:\/\/pubmed.ncbi.nlm.nih.gov\/31670596\/\" target=\"_blank\" rel=\"nofollow noopener\" data-saferedirecturl=\"https:\/\/www.google.com\/url?q=https:\/\/pubmed.ncbi.nlm.nih.gov\/31670596\/source=gmailust=1747745795240000usg=AOvVaw2MKlGgxSH-l9A9H_UtrDwl\">L&rsquo;extension extraprostatique peut-elle \u00eatre pr\u00e9dite par la longueur de contact tumeur-capsule dans le cancer de la prostate? Relation avec les groupes de grade de la Soci\u00e9t\u00e9 internationale des pathologies urologiques.<\/a><\/b><\/p><p><b>Bakir B<\/b>, Onay A, Vural M, Armutlu A, Y\u0131ld\u0131z S\u00d6, Esen T.AJR am J Roentgenol. mars 2020&nbsp;; 214(3):588-596.  doi : 10.2214\/AJR.19.21828. Epub 2019 Oct 31.PMID&nbsp;: 31670596<\/p><p><b>9 &#8211; <a href=\"https:\/\/pubmed.ncbi.nlm.nih.gov\/33862674\/\" target=\"_blank\" rel=\"nofollow noopener\" data-saferedirecturl=\"https:\/\/www.google.com\/url?q=https:\/\/pubmed.ncbi.nlm.nih.gov\/33862674\/source=gmailust=1747745795240000usg=AOvVaw28OaZJc5rdrx1-Xl97jBHo\">La relation entre la quantit\u00e9 d\u2019extension extra-prostatique et la longueur du contact capsulaire : performances \u00e0 partir d\u2019images IRM et d\u2019\u00e9chantillons de prostatectomie radicale.<\/a><\/b><\/p><p>Onay A, <b>Bak\u0131r B.<\/b>Turk J Med Sci. 30 ao\u00fbt 2021&nbsp;; 51(4):1940-1952. DOI : 10.3906\/SAG-2012-55. PMID : <wbr><\/wbr>33862674    <\/p>\t\t\t\t\t\t\t\t<\/div>\n\t\t\t\t<\/div>\n\t\t\t\t\t<\/div>\n\t\t<\/div>\n\t\t\t\t\t<\/div>\n\t\t<\/section>\n\t\t\t\t<\/div>\n\t\t","protected":false},"excerpt":{"rendered":"<p>NOS DERNI\u00c8RES PUBLICATIONS SUR LE CANCER DE LA PROSTATE 1 &#8211; Ablation primaire de la glande enti\u00e8re pour le traitement du cancer de la prostate cliniquement localis\u00e9 : une d\u00e9claration de bonnes pratiques de la Focal Therapy Society. Deivasigamani S, Kotamarti S, Rastinehad AR, Salas RS, de la Rosette JJMCH, Lepor H, Pinto P, Ahmed [&hellip;]<\/p>\n","protected":false},"author":1,"featured_media":0,"parent":0,"menu_order":0,"comment_status":"closed","ping_status":"closed","template":"","meta":{"footnotes":""},"class_list":["post-6932","page","type-page","status-publish","hentry"],"_links":{"self":[{"href":"https:\/\/prostatefocaltherapies.com\/fr\/wp-json\/wp\/v2\/pages\/6932","targetHints":{"allow":["GET"]}}],"collection":[{"href":"https:\/\/prostatefocaltherapies.com\/fr\/wp-json\/wp\/v2\/pages"}],"about":[{"href":"https:\/\/prostatefocaltherapies.com\/fr\/wp-json\/wp\/v2\/types\/page"}],"author":[{"embeddable":true,"href":"https:\/\/prostatefocaltherapies.com\/fr\/wp-json\/wp\/v2\/users\/1"}],"replies":[{"embeddable":true,"href":"https:\/\/prostatefocaltherapies.com\/fr\/wp-json\/wp\/v2\/comments?post=6932"}],"version-history":[{"count":1,"href":"https:\/\/prostatefocaltherapies.com\/fr\/wp-json\/wp\/v2\/pages\/6932\/revisions"}],"predecessor-version":[{"id":6935,"href":"https:\/\/prostatefocaltherapies.com\/fr\/wp-json\/wp\/v2\/pages\/6932\/revisions\/6935"}],"wp:attachment":[{"href":"https:\/\/prostatefocaltherapies.com\/fr\/wp-json\/wp\/v2\/media?parent=6932"}],"curies":[{"name":"wp","href":"https:\/\/api.w.org\/{rel}","templated":true}]}}