{"id":6933,"date":"2021-11-19T19:50:56","date_gmt":"2021-11-19T16:50:56","guid":{"rendered":"https:\/\/prostatefocaltherapies.com\/therapie-focale-avec-cryotherapie\/"},"modified":"2025-10-17T10:52:07","modified_gmt":"2025-10-17T07:52:07","slug":"therapie-focale-avec-cryotherapie","status":"publish","type":"page","link":"https:\/\/prostatefocaltherapies.com\/fr\/therapie-focale-avec-cryotherapie\/","title":{"rendered":"TH\u00c9RAPIE FOCALE (AVEC CRYOTH\u00c9RAPIE)"},"content":{"rendered":"\t\t<div data-elementor-type=\"wp-page\" data-elementor-id=\"6933\" class=\"elementor elementor-6933 elementor-1524\" data-elementor-post-type=\"page\">\n\t\t\t\t\t\t<section class=\"elementor-section elementor-top-section elementor-element elementor-element-58b76cc elementor-section-boxed elementor-section-height-default elementor-section-height-default\" data-id=\"58b76cc\" data-element_type=\"section\">\n\t\t\t\t\t\t<div class=\"elementor-container elementor-column-gap-default\">\n\t\t\t\t\t<div class=\"elementor-column elementor-col-100 elementor-top-column elementor-element elementor-element-ad0a159\" data-id=\"ad0a159\" data-element_type=\"column\" data-settings=\"{&quot;background_background&quot;:&quot;classic&quot;}\">\n\t\t\t<div class=\"elementor-widget-wrap elementor-element-populated\">\n\t\t\t\t\t\t<div class=\"elementor-element elementor-element-3e10bd9 elementor-widget elementor-widget-heading\" data-id=\"3e10bd9\" data-element_type=\"widget\" data-widget_type=\"heading.default\">\n\t\t\t\t<div class=\"elementor-widget-container\">\n\t\t\t\t\t<h1 class=\"elementor-heading-title elementor-size-default\">TH\u00c9RAPIE FOCALE (AVEC CRYOTH\u00c9RAPIE)<\/h1>\t\t\t\t<\/div>\n\t\t\t\t<\/div>\n\t\t\t\t\t<\/div>\n\t\t<\/div>\n\t\t\t\t\t<\/div>\n\t\t<\/section>\n\t\t\t\t<section class=\"elementor-section elementor-top-section elementor-element elementor-element-4b2000f elementor-section-boxed elementor-section-height-default elementor-section-height-default\" data-id=\"4b2000f\" data-element_type=\"section\">\n\t\t\t\t\t\t<div class=\"elementor-container elementor-column-gap-default\">\n\t\t\t\t\t<div class=\"elementor-column elementor-col-100 elementor-top-column elementor-element elementor-element-f3deed0\" data-id=\"f3deed0\" data-element_type=\"column\">\n\t\t\t<div class=\"elementor-widget-wrap elementor-element-populated\">\n\t\t\t\t\t\t<div class=\"elementor-element elementor-element-c2aecd8 elementor-widget elementor-widget-video\" data-id=\"c2aecd8\" data-element_type=\"widget\" data-settings=\"{&quot;youtube_url&quot;:&quot;https:\\\/\\\/youtu.be\\\/ck7_U8UIqzQ&quot;,&quot;end&quot;:50,&quot;yt_privacy&quot;:&quot;yes&quot;,&quot;video_type&quot;:&quot;youtube&quot;}\" data-widget_type=\"video.default\">\n\t\t\t\t<div class=\"elementor-widget-container\">\n\t\t\t\t\t\t\t<div class=\"elementor-wrapper elementor-open-inline\">\n\t\t\t<div class=\"elementor-video\"><\/div>\t\t<\/div>\n\t\t\t\t\t\t<\/div>\n\t\t\t\t<\/div>\n\t\t\t\t\t<\/div>\n\t\t<\/div>\n\t\t\t\t\t<\/div>\n\t\t<\/section>\n\t\t\t\t<section class=\"elementor-section elementor-top-section elementor-element elementor-element-e6dca64 elementor-section-boxed elementor-section-height-default elementor-section-height-default\" data-id=\"e6dca64\" data-element_type=\"section\">\n\t\t\t\t\t\t<div class=\"elementor-container elementor-column-gap-default\">\n\t\t\t\t\t<div class=\"elementor-column elementor-col-100 elementor-top-column elementor-element elementor-element-356690f\" data-id=\"356690f\" data-element_type=\"column\" data-settings=\"{&quot;background_background&quot;:&quot;classic&quot;,&quot;background_motion_fx_motion_fx_scrolling&quot;:&quot;yes&quot;,&quot;background_motion_fx_devices&quot;:[&quot;desktop&quot;,&quot;tablet&quot;,&quot;mobile&quot;]}\">\n\t\t\t<div class=\"elementor-widget-wrap elementor-element-populated\">\n\t\t\t\t\t\t<div class=\"elementor-element elementor-element-5c89c95 elementor-widget elementor-widget-text-editor\" data-id=\"5c89c95\" data-element_type=\"widget\" data-widget_type=\"text-editor.default\">\n\t\t\t\t<div class=\"elementor-widget-container\">\n\t\t\t\t\t\t\t\t\t<p><strong>\u00abNous utilisons des techniques d&rsquo;imagerie de pointe (IRM 3T, biopsie par fusion IRM, donn\u00e9es PSMA-PET\/CT et PSMA-PET\/MRI) pour s\u00e9lectionner les patients appropri\u00e9s pour les th\u00e9rapies focales et pour le suivi apr\u00e8s les proc\u00e9dures.\u00bb<\/strong><\/p>\t\t\t\t\t\t\t\t<\/div>\n\t\t\t\t<\/div>\n\t\t\t\t\t<\/div>\n\t\t<\/div>\n\t\t\t\t\t<\/div>\n\t\t<\/section>\n\t\t\t\t<section class=\"elementor-section elementor-top-section elementor-element elementor-element-578fb52b elementor-section-boxed elementor-section-height-default elementor-section-height-default\" data-id=\"578fb52b\" data-element_type=\"section\">\n\t\t\t\t\t\t<div class=\"elementor-container elementor-column-gap-default\">\n\t\t\t\t\t<div class=\"elementor-column elementor-col-100 elementor-top-column elementor-element elementor-element-53b56a30\" data-id=\"53b56a30\" data-element_type=\"column\">\n\t\t\t<div class=\"elementor-widget-wrap elementor-element-populated\">\n\t\t\t\t\t\t<div class=\"elementor-element elementor-element-638bc038 elementor-widget elementor-widget-text-editor\" data-id=\"638bc038\" data-element_type=\"widget\" data-widget_type=\"text-editor.default\">\n\t\t\t\t<div class=\"elementor-widget-container\">\n\t\t\t\t\t\t\t\t\t<p>La cryoth\u00e9rapie (\u00e9galement appel\u00e9e <strong>cryoablation<\/strong> ) consiste \u00e0 utiliser des temp\u00e9ratures tr\u00e8s froides pour geler et tuer les cellules canc\u00e9reuses de la prostate ainsi que la majeure partie de la prostate. Pendant la cryoth\u00e9rapie, de fines sondes m\u00e9talliques sont ins\u00e9r\u00e9es \u00e0 travers la peau et dans la prostate. Les sondes sont remplies d&rsquo;un gaz qui fait geler le tissu prostatique voisin, <em> <\/em><em>tout en \u00e9pargnant les structures environnantes telles que la vessie et l&rsquo;ur\u00e8tre<\/em><\/p><p>La cryoth\u00e9rapie peut \u00eatre utilis\u00e9e pour traiter le cancer de la prostate \u00e0 un stade pr\u00e9coce qui est limit\u00e9 \u00e0 une partie de la prostate si d&rsquo;autres traitements ne sont pas une option pour vous. La cryoth\u00e9rapie pour le cancer de la prostate peut \u00e9galement \u00eatre utilis\u00e9e lorsque le cancer est r\u00e9apparu apr\u00e8s le traitement initial.<\/p><p>Dans le pass\u00e9, la cryoth\u00e9rapie du cancer de la prostate \u00e9tait associ\u00e9e \u00e0 plus d&rsquo;effets secondaires \u00e0 long terme que les autres traitements du cancer de la prostate. Les progr\u00e8s technologiques ont r\u00e9duit ces effets secondaires.<\/p><figure class=\"wp-block-image size-full\"><img fetchpriority=\"high\" decoding=\"async\" width=\"496\" height=\"532\" class=\"wp-image-1500\" src=\"https:\/\/prostatefocaltherapies.com\/wp-content\/uploads\/2021\/11\/resim.png\" alt=\"\" srcset=\"https:\/\/prostatefocaltherapies.com\/wp-content\/uploads\/2021\/11\/resim.png 496w, https:\/\/prostatefocaltherapies.com\/wp-content\/uploads\/2021\/11\/resim-280x300.png 280w\" sizes=\"(max-width: 496px) 100vw, 496px\" \/><\/figure><p>Il est bien connu que lorsque les tissus humains sont expos\u00e9s \u00e0 des temp\u00e9ratures inf\u00e9rieures au point de cong\u00e9lation, des l\u00e9sions tissulaires se produisent. Avec des temp\u00e9ratures tombant de -7\u00b0 \u00e0 -10\u00b0 Celsius, l&rsquo;eau extracellulaire (eau dans les tissus mais \u00e0 l&rsquo;ext\u00e9rieur des cellules) commence \u00e0 se cristalliser. Cela augmente \u00e0 son tour la concentration d&rsquo;\u00e9lectrolytes dans le liquide extracellulaire et commence \u00e0 puiser de l&rsquo;eau \u00e0 l&rsquo;int\u00e9rieur des cellules. Lorsque la temp\u00e9rature descend \u00e0 \u00b0-15C, des cristaux de glace commencent \u00e0 se former \u00e0 l&rsquo;int\u00e9rieur des cellules. Les membranes cellulaires sont endommag\u00e9es et les cellules sont d\u00e9truites. Lorsque les tissus sont refroidis \u00e0 -40\u00b0C, tous les processus m\u00e9taboliques s&rsquo;arr\u00eatent.<\/p><figure class=\"wp-block-image size-full\"><img decoding=\"async\" width=\"748\" height=\"484\" class=\"wp-image-1501\" src=\"https:\/\/prostatefocaltherapies.com\/wp-content\/uploads\/2021\/11\/resim-1.png\" alt=\"\" srcset=\"https:\/\/prostatefocaltherapies.com\/wp-content\/uploads\/2021\/11\/resim-1.png 748w, https:\/\/prostatefocaltherapies.com\/wp-content\/uploads\/2021\/11\/resim-1-300x194.png 300w\" sizes=\"(max-width: 748px) 100vw, 748px\" \/><\/figure><h2><strong>La cryoablation en pratique clinique<\/strong><\/h2><p>L&rsquo;indication originale de la cryoablation de la prostate \u00e9tait la th\u00e9rapie de sauvetage chez les patients atteints d&rsquo;un cancer de la prostate qui avaient r\u00e9cidiv\u00e9 apr\u00e8s une radioth\u00e9rapie externe ou une curieth\u00e9rapie. Cependant, maintenant, la cryoth\u00e9rapie de la prostate est \u00e9galement indiqu\u00e9e pour le traitement primaire du cancer de la prostate.<\/p><p>Un patient typique est un patient plus \u00e2g\u00e9, en particulier un patient pr\u00e9sentant des sympt\u00f4mes mictionnels qui interdisent l&rsquo;application s\u00fbre de rayonnement. D&rsquo;autres indications incluraient les cancers \u00e0 faible risque et chez les patients pr\u00e9sentant des morbidit\u00e9s qui rendraient la chirurgie extr\u00eamement risqu\u00e9e.<\/p><h2><strong>Pourquoi c&rsquo;est fait<\/strong><\/h2><p>Votre m\u00e9decin peut recommander la cryoth\u00e9rapie pour le cancer de la prostate comme option \u00e0 diff\u00e9rents moments au cours de votre traitement contre le cancer et pour diff\u00e9rentes raisons. La cryoth\u00e9rapie peut \u00eatre recommand\u00e9e :<\/p><ul><li>Comme traitement initial du cancer si votre cancer est confin\u00e9 \u00e0 votre prostate et que d&rsquo;autres traitements ne sont pas une option pour vous<\/li><li>Comme traitement du cancer de la prostate qui r\u00e9appara\u00eet apr\u00e8s votre traitement initial<br><br><\/li><\/ul><p>La cryoth\u00e9rapie pour le cancer de la prostate n&rsquo;est g\u00e9n\u00e9ralement pas recommand\u00e9e si vous :<\/p><ul><li>A d\u00e9j\u00e0 subi une intervention chirurgicale pour un cancer rectal ou anal<\/li><li>Avoir une condition qui rend difficile ou impossible la surveillance de la prostate avec une sonde \u00e0 ultrasons pendant la proc\u00e9dure<\/li><li>Avoir une grosse tumeur qui ne peut pas \u00eatre trait\u00e9e par cryoth\u00e9rapie sans endommager les tissus et organes environnants, tels que le rectum ou la vessie<br><br><\/li><\/ul><p>Les chercheurs \u00e9tudient si la cryoth\u00e9rapie pour traiter une partie de la prostate pourrait \u00eatre une option pour le cancer qui est confin\u00e9 \u00e0 la prostate. Appel\u00e9e th\u00e9rapie focale, cette strat\u00e9gie identifie la zone de la prostate qui contient les cellules canc\u00e9reuses les plus agressives et ne traite que cette zone. Des \u00e9tudes ont montr\u00e9 que la th\u00e9rapie focale r\u00e9duit le risque d&rsquo;effets secondaires.<\/p><figure class=\"wp-block-image size-full\"><img decoding=\"async\" width=\"536\" height=\"382\" class=\"wp-image-1503\" src=\"https:\/\/prostatefocaltherapies.com\/wp-content\/uploads\/2021\/11\/resim-2.png\" alt=\"\" srcset=\"https:\/\/prostatefocaltherapies.com\/wp-content\/uploads\/2021\/11\/resim-2.png 536w, https:\/\/prostatefocaltherapies.com\/wp-content\/uploads\/2021\/11\/resim-2-300x214.png 300w\" sizes=\"(max-width: 536px) 100vw, 536px\" \/><\/figure><p>Ces aiguilles sont plac\u00e9es \u00e0 travers la peau p\u00e9rin\u00e9ale entre le scrotum et le rectum sous guidage \u00e9chographique \u00e0 l&rsquo;aide d&rsquo;un gabarit sp\u00e9cial, un peu comme les graines sont plac\u00e9es pour la curieth\u00e9rapie. Deux cycles de gel-d\u00e9gel sont termin\u00e9s, apr\u00e8s quoi un cath\u00e9ter est plac\u00e9 dans la vessie. La cryoth\u00e9rapie de la prostate prend environ une heure et il y a peu de douleur par la suite. Pendant la premi\u00e8re heure ou les deux premi\u00e8res heures, un patient ressentira g\u00e9n\u00e9ralement une envie d&rsquo;uriner qui se dissipe lentement. Il peut bien s\u00fbr y avoir du sang dans les urines et, comme indiqu\u00e9, le gonflement du scrotum est tr\u00e8s fr\u00e9quent et ne devrait pas concerner le patient. On demandera au patient de retirer son cath\u00e9ter six jours plus tard et de voir votre m\u00e9decin pour un essai mictionnel le lendemain. Occasionnellement, en particulier chez ceux qui ont des difficult\u00e9s urinaires pr\u00e9existantes, le cath\u00e9ter doit \u00eatre remplac\u00e9 temporairement.<\/p><figure class=\"wp-block-image size-full is-resized\"><img loading=\"lazy\" decoding=\"async\" class=\"wp-image-1504\" src=\"https:\/\/prostatefocaltherapies.com\/wp-content\/uploads\/2021\/11\/resim-3.png\" alt=\"\" width=\"552\" height=\"393\" srcset=\"https:\/\/prostatefocaltherapies.com\/wp-content\/uploads\/2021\/11\/resim-3.png 906w, https:\/\/prostatefocaltherapies.com\/wp-content\/uploads\/2021\/11\/resim-3-300x214.png 300w, https:\/\/prostatefocaltherapies.com\/wp-content\/uploads\/2021\/11\/resim-3-768x548.png 768w\" sizes=\"(max-width: 552px) 100vw, 552px\" \/><\/figure><h3><strong>Comment vous pr\u00e9parez-vous<\/strong><\/h3><p>Un jour avant l\u2019intervention, le patient est invit\u00e9 \u00e0 commencer \u00e0 prendre un antibiotique quinolone (levaquin ou cipro), \u00e0 suivre une pr\u00e9paration intestinale et \u00e0 adopter un r\u00e9gime pauvre en fibres. Le jour de l&rsquo;intervention, une anesth\u00e9sie g\u00e9n\u00e9rale ou rachidienne est n\u00e9cessaire.<\/p><h2><strong>Ce \u00e0 quoi vous pouvez vous attendre de<\/strong><strong>la cryoth\u00e9rapie pour le cancer de la prostate<\/strong><\/h2><p>La cryoth\u00e9rapie pour le cancer de la prostate se fait \u00e0 l&rsquo;h\u00f4pital. On peut vous donner un m\u00e9dicament appel\u00e9 anesth\u00e9sique g\u00e9n\u00e9ral pour vous mettre dans un \u00e9tat semblable \u00e0 celui du sommeil. Parfois, un anesth\u00e9sique r\u00e9gional est utilis\u00e9 pour que vous restiez conscient de votre environnement mais que vous ne ressentiez rien dans la zone de traitement.<\/p><h3><strong>Une fois que l&rsquo;anesth\u00e9sie fait effet, votre m\u00e9decin :<\/strong><\/h3><ul><li>Place une sonde \u00e0 ultrasons dans votre rectum.<br><br><\/li><li>Place un cath\u00e9ter \u00e0 l&rsquo;int\u00e9rieur du tube (ur\u00e8tre) qui transporte l&rsquo;urine hors du corps. Le cath\u00e9ter est rempli d&rsquo;une solution chauffante pour emp\u00eacher l&rsquo;ur\u00e8tre de geler pendant la proc\u00e9dure.<br><br><\/li><li>Ins\u00e8re plusieurs fines sondes ou aiguilles m\u00e9talliques \u00e0 travers la zone entre le scrotum et l&rsquo;anus (p\u00e9rin\u00e9e) dans la prostate.<br><br><\/li><li>Surveille les images g\u00e9n\u00e9r\u00e9es par la sonde \u00e0 ultrasons pour assurer un placement correct des aiguilles.<br><br><\/li><\/ul><ul><li>Lib\u00e8re un gaz pour circuler \u00e0 travers les sondes ou les aiguilles qui provoque le gel dans le tissu de la prostate.<br><br><\/li><li>Surveille et contr\u00f4le la temp\u00e9rature des aiguilles et la quantit\u00e9 de gel dans la prostate.<br><br><\/li><li>Peut placer un cath\u00e9ter dans votre vessie \u00e0 travers le bas de l&rsquo;abdomen pour aider \u00e0 drainer l&rsquo;urine apr\u00e8s la cryoth\u00e9rapie.<br><br><\/li><\/ul><p><img loading=\"lazy\" decoding=\"async\" class=\"wp-image-1505\" src=\"https:\/\/prostatefocaltherapies.com\/wp-content\/uploads\/2021\/11\/resim-4.png\" alt=\"\" width=\"510\" height=\"405\" srcset=\"https:\/\/prostatefocaltherapies.com\/wp-content\/uploads\/2021\/11\/resim-4.png 878w, https:\/\/prostatefocaltherapies.com\/wp-content\/uploads\/2021\/11\/resim-4-300x238.png 300w, https:\/\/prostatefocaltherapies.com\/wp-content\/uploads\/2021\/11\/resim-4-768x611.png 768w\" sizes=\"(max-width: 510px) 100vw, 510px\" \/><\/p><h3>Effets secondaires du traitement par cryoth\u00e9rapie pour le cancer de la prostate<\/h3><p><strong><em><u style=\"font-size: 20px; color: red;\">\u00ab LES TAUX DE COMPLICATIONS D\u00c9PENDENT FORTEMENT DE L\u2019EMPLACEMENT ET DE LA TAILLE DE LA L\u00c9SION DU PATIENT, AINSI QUE DE L\u2019EXP\u00c9RIENCE DE L\u2019OP\u00c9RATEUR. \u00bb<\/u><\/em><\/strong><\/p><p><strong>Effets secondaires pr\u00e9coces (imm\u00e9diatement apr\u00e8s le traitement et les premi\u00e8res semaines) :<\/strong><\/p><ul><li><strong>Fatigue et l\u00e9thargie :<\/strong> Les patients peuvent se sentir fatigu\u00e9s par l\u2019anesth\u00e9sie juste apr\u00e8s le traitement et peuvent continuer \u00e0 se sentir fatigu\u00e9s pendant 1 \u00e0 2 semaines pendant que le corps gu\u00e9rit. C&rsquo;est normal.<br><br><\/li><\/ul><ul><li><strong>Sympt\u00f4mes urinaires :<\/strong><ul><li>Urgence, fr\u00e9quence, se lever la nuit pour uriner<\/li><li>Inconfort ou br\u00fblure lors de l\u2019urine<\/li><li>D\u00e9bit d\u2019urine plus lent en raison de l\u2019enflure et de l\u2019inflammation de la prostate<br><br><\/li><\/ul><\/li><li>Ces sympt\u00f4mes urinaires s\u2019am\u00e9liorent g\u00e9n\u00e9ralement en 6 \u00e0 8 semaines, mais peuvent prendre jusqu\u2019\u00e0 3 mois chez certains patients.<br><br><\/li><li>La plupart des patients peuvent reprendre le travail de bureau apr\u00e8s 2-3 semaines et doivent \u00e9viter les activit\u00e9s intenses ou la pression abdominale pendant les 4 premi\u00e8res semaines, reprenant progressivement au cours des 2-3 semaines suivantes.<br><br><\/li><li><strong>Sang dans l\u2019urine :<\/strong> Du sang occasionnel, des caillots sanguins ou des d\u00e9bris tissulaires dans l\u2019urine sont fr\u00e9quents lorsque le corps expulse le tissu mort de la prostate, de la m\u00eame mani\u00e8re qu\u2019une cro\u00fbte se forme sur une plaie cutan\u00e9e.<br><br><\/li><li><strong>Infections:<\/strong><ul><li>Des infections des voies urinaires n\u00e9cessitant des antibiotiques peuvent survenir.<\/li><li>Rarement, des infections du testicule (\u00e9pididymo-orchite) peuvent se d\u00e9velopper.<\/li><li>Tr\u00e8s rarement, les infections peuvent n\u00e9cessiter une admission \u00e0 l\u2019h\u00f4pital pour des antibiotiques par voie intraveineuse.<br><br><\/li><\/ul><\/li><\/ul><p><strong>Complications rares li\u00e9es \u00e0 la chirurgie ou \u00e0 l\u2019anesth\u00e9sie :<\/strong><\/p><ul><li>Infections pulmonaires<\/li><li>Caillots sanguins dans les jambes (thrombose veineuse profonde) ou les poumons (embolie pulmonaire)<\/li><li>Les mesures pr\u00e9ventives telles que les bas de contention et les injections d\u2019anticoagulants pendant l\u2019op\u00e9ration sont courantes.<br><br><\/li><\/ul><h3><strong>Effets secondaires \u00e0 long terme :<\/strong><\/h3><ul><li><strong>Incontinence urinaire :<\/strong><ul><li>Le risque de devoir porter au moins une serviette hygi\u00e9nique par jour est tr\u00e8s rare (environ 0,2 \u00e0 0,5 %).<\/li><li>Le risque peut \u00eatre plus \u00e9lev\u00e9 si la tumeur se trouve pr\u00e8s du muscle du sphincter urinaire ; Votre m\u00e9decin vous informera si cela s\u2019applique.<\/li><li> <\/li><\/ul><\/li><li><strong>Dysfonction \u00e9rectile (DE) :<\/strong><ul><li>Le risque varie de 5 % \u00e0 15 % selon la quantit\u00e9 de tissu prostatique trait\u00e9e et la fonction \u00e9rectile de base.<\/li><li>Les patients ayant une bonne fonction de base ont un risque de 5 \u00e0 10 % ; Ceux qui ont une fonction plus faible ont un risque de 10 \u00e0 15 %.<\/li><li>Traiter les deux c\u00f4t\u00e9s de la prostate double \u00e0 peu pr\u00e8s le risque.<br><br><\/li><\/ul><\/li><li><strong>Orgasme sec (sans liquide s\u00e9minal) :<\/strong><ul><li>Le risque moyen est d\u2019environ 15-20 %.<\/li><li>Risque \u00e9lev\u00e9 si les deux c\u00f4t\u00e9s sont trait\u00e9s ou si le traitement est proche de la prostate moyenne o\u00f9 les tubes de liquide s\u00e9minal se rejoignent.<\/li><li>M\u00eame en pr\u00e9sence de liquide, le volume est g\u00e9n\u00e9ralement r\u00e9duit.<\/li><li>S\u2019il y a du liquide, il peut contenir des spermatozo\u00efdes viables \u2013 une contraception doit \u00eatre utilis\u00e9e si une grossesse n\u2019est pas souhait\u00e9e.<\/li><li>Il n\u2019existe actuellement aucun traitement efficace pour l\u2019orgasme sec.<br><br><\/li><\/ul><\/li><li><strong>Probl\u00e8mes intestinaux ou rectaux :<\/strong><ul><li>Les probl\u00e8mes intestinaux \u00e0 long terme sont tr\u00e8s rares.<\/li><li>Certains patients peuvent souffrir de constipation ou de troubles intestinaux peu de temps apr\u00e8s le traitement, se r\u00e9solvant g\u00e9n\u00e9ralement rapidement.<\/li><li>Risque tr\u00e8s rare (1 sur 1000 &#8211; 0,1 %) de fistule recto-ur\u00e9trale (un trou reliant le rectum et les voies urinaires).<\/li><li>En cas de fistule, un drainage \u00e0 long terme du cath\u00e9ter est n\u00e9cessaire pour la gu\u00e9rison&nbsp;; Une intervention chirurgicale peut \u00eatre n\u00e9cessaire si la gu\u00e9rison ne se produit pas.<br><br><\/li><\/ul><\/li><li><strong>R\u00e9tr\u00e9cissement de l\u2019ur\u00e8tre (r\u00e9tr\u00e9cissement) :<\/strong><ul><li>Se produit chez environ 0,1 \u00e0 1 % des patients.<\/li><li>Peut n\u00e9cessiter l\u2019ablation chirurgicale du tissu n\u00e9crotique ou du tissu cicatriciel par une proc\u00e9dure cystoscopique sous anesth\u00e9sie g\u00e9n\u00e9rale.<br><br><\/li><\/ul><\/li><\/ul><h2><strong>Apr\u00e8s cryoth\u00e9rapie du cancer de la prostate<\/strong><\/h2><p>Vous pourrez probablement rentrer chez vous le jour de votre intervention ou passer la nuit \u00e0 l&rsquo;h\u00f4pital. Le cath\u00e9ter peut devoir rester en place pendant environ deux semaines pour permettre la gu\u00e9rison. Vous pourriez \u00e9galement recevoir un antibiotique pour pr\u00e9venir l&rsquo;infection.<\/p><p>Apr\u00e8s la proc\u00e9dure, vous pouvez rencontrer:<\/p><ul><li>Douleur et ecchymose pendant plusieurs jours o\u00f9 les sondes ou les aiguilles ont \u00e9t\u00e9 plac\u00e9es<\/li><li>Du sang dans vos urines pendant plusieurs jours<\/li><li>Probl\u00e8mes de vidange de la vessie et des intestins, qui se r\u00e9solvent g\u00e9n\u00e9ralement avec le temps<br><br><\/li><\/ul><h2><strong>Comment se passe le suivi apr\u00e8s le traitement ?<\/strong><\/h2><p>Les taux de PSA doivent \u00eatre v\u00e9rifi\u00e9s tous les 3 mois.<\/p><p>Afin de v\u00e9rifier si votre cancer de la prostate est gu\u00e9ri ou non, vous subirez une IRM de la prostate \u00e0 des p\u00e9riodes sp\u00e9cifiques apr\u00e8s le traitement.<\/p><p>En cas de n\u00e9cessit\u00e9 clinique, une biopsie de la prostate peut \u00eatre utilis\u00e9e pour confirmer.<\/p><p>Si des cellules canc\u00e9reuses existent, un deuxi\u00e8me traitement de cryoth\u00e9rapie ou d\u2019autres proc\u00e9dures de th\u00e9rapie focale peuvent \u00eatre utilis\u00e9s.<\/p>\t\t\t\t\t\t\t\t<\/div>\n\t\t\t\t<\/div>\n\t\t\t\t\t<\/div>\n\t\t<\/div>\n\t\t\t\t\t<\/div>\n\t\t<\/section>\n\t\t\t\t<\/div>\n\t\t","protected":false},"excerpt":{"rendered":"<p>TH\u00c9RAPIE FOCALE (AVEC CRYOTH\u00c9RAPIE) https:\/\/youtu.be\/ck7_U8UIqzQ \u00abNous utilisons des techniques d&rsquo;imagerie de pointe (IRM 3T, biopsie par fusion IRM, donn\u00e9es PSMA-PET\/CT et PSMA-PET\/MRI) pour s\u00e9lectionner les patients appropri\u00e9s pour les th\u00e9rapies focales et pour le suivi apr\u00e8s les proc\u00e9dures.\u00bb La cryoth\u00e9rapie (\u00e9galement appel\u00e9e cryoablation ) consiste \u00e0 utiliser des temp\u00e9ratures tr\u00e8s froides pour geler et tuer [&hellip;]<\/p>\n","protected":false},"author":1,"featured_media":0,"parent":0,"menu_order":0,"comment_status":"closed","ping_status":"closed","template":"","meta":{"footnotes":""},"class_list":["post-6933","page","type-page","status-publish","hentry"],"_links":{"self":[{"href":"https:\/\/prostatefocaltherapies.com\/fr\/wp-json\/wp\/v2\/pages\/6933","targetHints":{"allow":["GET"]}}],"collection":[{"href":"https:\/\/prostatefocaltherapies.com\/fr\/wp-json\/wp\/v2\/pages"}],"about":[{"href":"https:\/\/prostatefocaltherapies.com\/fr\/wp-json\/wp\/v2\/types\/page"}],"author":[{"embeddable":true,"href":"https:\/\/prostatefocaltherapies.com\/fr\/wp-json\/wp\/v2\/users\/1"}],"replies":[{"embeddable":true,"href":"https:\/\/prostatefocaltherapies.com\/fr\/wp-json\/wp\/v2\/comments?post=6933"}],"version-history":[{"count":4,"href":"https:\/\/prostatefocaltherapies.com\/fr\/wp-json\/wp\/v2\/pages\/6933\/revisions"}],"predecessor-version":[{"id":7723,"href":"https:\/\/prostatefocaltherapies.com\/fr\/wp-json\/wp\/v2\/pages\/6933\/revisions\/7723"}],"wp:attachment":[{"href":"https:\/\/prostatefocaltherapies.com\/fr\/wp-json\/wp\/v2\/media?parent=6933"}],"curies":[{"name":"wp","href":"https:\/\/api.w.org\/{rel}","templated":true}]}}