{"id":6961,"date":"2025-05-19T18:28:14","date_gmt":"2025-05-19T15:28:14","guid":{"rendered":"https:\/\/prostatefocaltherapies.com\/therapie-focale-pour-le-cancer-de-la-prostate-radiorecidivant\/"},"modified":"2025-09-26T06:30:46","modified_gmt":"2025-09-26T03:30:46","slug":"therapie-focale-pour-le-cancer-de-la-prostate-radiorecidivant","status":"publish","type":"page","link":"https:\/\/prostatefocaltherapies.com\/fr\/therapie-focale-pour-le-cancer-de-la-prostate-radiorecidivant\/","title":{"rendered":"Th\u00e9rapie focale pour le cancer de la prostate radior\u00e9cidivant"},"content":{"rendered":"\t\t<div data-elementor-type=\"wp-page\" data-elementor-id=\"6961\" class=\"elementor elementor-6961 elementor-4857\" data-elementor-post-type=\"page\">\n\t\t\t\t\t\t<section class=\"elementor-section elementor-top-section elementor-element elementor-element-c3dba62 elementor-section-boxed elementor-section-height-default elementor-section-height-default\" data-id=\"c3dba62\" data-element_type=\"section\">\n\t\t\t\t\t\t<div class=\"elementor-container elementor-column-gap-default\">\n\t\t\t\t\t<div class=\"elementor-column elementor-col-100 elementor-top-column elementor-element elementor-element-e961236\" data-id=\"e961236\" data-element_type=\"column\" data-settings=\"{&quot;background_background&quot;:&quot;classic&quot;}\">\n\t\t\t<div class=\"elementor-widget-wrap elementor-element-populated\">\n\t\t\t\t\t\t<div class=\"elementor-element elementor-element-46e3f8d elementor-widget elementor-widget-heading\" data-id=\"46e3f8d\" data-element_type=\"widget\" data-widget_type=\"heading.default\">\n\t\t\t\t<div class=\"elementor-widget-container\">\n\t\t\t\t\t<h1 class=\"elementor-heading-title elementor-size-default\">Th\u00e9rapie focale pour le cancer de la prostate radior\u00e9cidivant<\/h1>\t\t\t\t<\/div>\n\t\t\t\t<\/div>\n\t\t\t\t\t<\/div>\n\t\t<\/div>\n\t\t\t\t\t<\/div>\n\t\t<\/section>\n\t\t\t\t<section class=\"elementor-section elementor-top-section elementor-element elementor-element-4f4f26a elementor-section-boxed elementor-section-height-default elementor-section-height-default\" data-id=\"4f4f26a\" data-element_type=\"section\">\n\t\t\t\t\t\t<div class=\"elementor-container elementor-column-gap-default\">\n\t\t\t\t\t<div class=\"elementor-column elementor-col-100 elementor-top-column elementor-element elementor-element-fe40e9c\" data-id=\"fe40e9c\" data-element_type=\"column\">\n\t\t\t<div class=\"elementor-widget-wrap elementor-element-populated\">\n\t\t\t\t\t\t<div class=\"elementor-element elementor-element-07f9824 elementor-widget elementor-widget-heading\" data-id=\"07f9824\" data-element_type=\"widget\" data-widget_type=\"heading.default\">\n\t\t\t\t<div class=\"elementor-widget-container\">\n\t\t\t\t\t<h2 class=\"elementor-heading-title elementor-size-default\">R\u00e9sultats de l\u2019IRM avant et apr\u00e8s le traitement IRE (\u00e9lectroporation irr\u00e9versible) chez un patient atteint d\u2019un cancer de la prostate r\u00e9cidivant sous radioth\u00e9rapie<\/h2>\t\t\t\t<\/div>\n\t\t\t\t<\/div>\n\t\t\t\t\t<\/div>\n\t\t<\/div>\n\t\t\t\t\t<\/div>\n\t\t<\/section>\n\t\t\t\t<section class=\"elementor-section elementor-top-section elementor-element elementor-element-4813bd2 elementor-section-boxed elementor-section-height-default elementor-section-height-default\" data-id=\"4813bd2\" data-element_type=\"section\">\n\t\t\t\t\t\t<div class=\"elementor-container elementor-column-gap-default\">\n\t\t\t\t\t<div class=\"elementor-column elementor-col-50 elementor-top-column elementor-element elementor-element-aedd25c\" data-id=\"aedd25c\" data-element_type=\"column\">\n\t\t\t<div class=\"elementor-widget-wrap elementor-element-populated\">\n\t\t\t\t\t\t<div class=\"elementor-element elementor-element-0950c35 elementor-widget elementor-widget-image\" data-id=\"0950c35\" data-element_type=\"widget\" data-widget_type=\"image.default\">\n\t\t\t\t<div class=\"elementor-widget-container\">\n\t\t\t\t\t\t\t\t\t\t\t\t\t\t\t<img fetchpriority=\"high\" decoding=\"async\" width=\"393\" height=\"377\" src=\"https:\/\/prostatefocaltherapies.com\/wp-content\/uploads\/2025\/07\/BEFORE-MRI-findings-before-and-after-IRE.jpg\" class=\"attachment-large size-large wp-image-6212\" alt=\"\" srcset=\"https:\/\/prostatefocaltherapies.com\/wp-content\/uploads\/2025\/07\/BEFORE-MRI-findings-before-and-after-IRE.jpg 393w, https:\/\/prostatefocaltherapies.com\/wp-content\/uploads\/2025\/07\/BEFORE-MRI-findings-before-and-after-IRE-300x288.jpg 300w\" sizes=\"(max-width: 393px) 100vw, 393px\" \/>\t\t\t\t\t\t\t\t\t\t\t\t\t\t\t<\/div>\n\t\t\t\t<\/div>\n\t\t\t\t<div class=\"elementor-element elementor-element-dbe3ac8 elementor-widget elementor-widget-text-editor\" data-id=\"dbe3ac8\" data-element_type=\"widget\" data-widget_type=\"text-editor.default\">\n\t\t\t\t<div class=\"elementor-widget-container\">\n\t\t\t\t\t\t\t\t\t<p><strong>AVANT LA PROC\u00c9DURE IRE (La tumeur est observ\u00e9e comme une zone blanche)<\/strong><\/p>\t\t\t\t\t\t\t\t<\/div>\n\t\t\t\t<\/div>\n\t\t\t\t\t<\/div>\n\t\t<\/div>\n\t\t\t\t<div class=\"elementor-column elementor-col-50 elementor-top-column elementor-element elementor-element-92b163f\" data-id=\"92b163f\" data-element_type=\"column\">\n\t\t\t<div class=\"elementor-widget-wrap elementor-element-populated\">\n\t\t\t\t\t\t<div class=\"elementor-element elementor-element-d71da40 elementor-widget elementor-widget-image\" data-id=\"d71da40\" data-element_type=\"widget\" data-widget_type=\"image.default\">\n\t\t\t\t<div class=\"elementor-widget-container\">\n\t\t\t\t\t\t\t\t\t\t\t\t\t\t\t<img decoding=\"async\" width=\"472\" height=\"378\" src=\"https:\/\/prostatefocaltherapies.com\/wp-content\/uploads\/2025\/07\/AFTER-MRI-findings-before-and-after-IRE.jpg\" class=\"attachment-large size-large wp-image-6213\" alt=\"\" srcset=\"https:\/\/prostatefocaltherapies.com\/wp-content\/uploads\/2025\/07\/AFTER-MRI-findings-before-and-after-IRE.jpg 472w, https:\/\/prostatefocaltherapies.com\/wp-content\/uploads\/2025\/07\/AFTER-MRI-findings-before-and-after-IRE-300x240.jpg 300w\" sizes=\"(max-width: 472px) 100vw, 472px\" \/>\t\t\t\t\t\t\t\t\t\t\t\t\t\t\t<\/div>\n\t\t\t\t<\/div>\n\t\t\t\t<div class=\"elementor-element elementor-element-3b0f767 elementor-widget elementor-widget-text-editor\" data-id=\"3b0f767\" data-element_type=\"widget\" data-widget_type=\"text-editor.default\">\n\t\t\t\t<div class=\"elementor-widget-container\">\n\t\t\t\t\t\t\t\t\t<p><strong>APR\u00c8S LA PROC\u00c9DURE IRE (Aucune tumeur d\u00e9tect\u00e9e)<\/strong><\/p>\t\t\t\t\t\t\t\t<\/div>\n\t\t\t\t<\/div>\n\t\t\t\t\t<\/div>\n\t\t<\/div>\n\t\t\t\t\t<\/div>\n\t\t<\/section>\n\t\t\t\t<section class=\"elementor-section elementor-top-section elementor-element elementor-element-ee50955 elementor-section-boxed elementor-section-height-default elementor-section-height-default\" data-id=\"ee50955\" data-element_type=\"section\">\n\t\t\t\t\t\t<div class=\"elementor-container elementor-column-gap-default\">\n\t\t\t\t\t<div class=\"elementor-column elementor-col-100 elementor-top-column elementor-element elementor-element-c95f67e\" data-id=\"c95f67e\" data-element_type=\"column\">\n\t\t\t<div class=\"elementor-widget-wrap elementor-element-populated\">\n\t\t\t\t\t\t<div class=\"elementor-element elementor-element-aa2fbd4 elementor-widget elementor-widget-text-editor\" data-id=\"aa2fbd4\" data-element_type=\"widget\" data-widget_type=\"text-editor.default\">\n\t\t\t\t<div class=\"elementor-widget-container\">\n\t\t\t\t\t\t\t\t\t<p>La r\u00e9cidive d\u2019un cancer de la prostate apr\u00e8s une radioth\u00e9rapie pr\u00e9sente un d\u00e9fi clinique important en raison de sa complexit\u00e9 biologique et de la variabilit\u00e9 de sa r\u00e9ponse au traitement. La prise en charge n\u00e9cessite une approche personnalis\u00e9e qui tient compte de l\u2019\u00e9tendue et de l\u2019agressivit\u00e9 de la maladie, de la sant\u00e9 du patient et des traitements ant\u00e9rieurs. Le traitement par privation androg\u00e9nique (TAMA) reste un traitement fondamental pour la r\u00e9cidive r\u00e9gionale ou \u00e0 distance, supprimant la croissance du cancer en ciblant les voies androg\u00e8nes. Lorsqu\u2019il est associ\u00e9 \u00e0 des agents de deuxi\u00e8me g\u00e9n\u00e9ration comme l\u2019abirat\u00e9rone ou l\u2019enzalutamide, l\u2019ADT peut retarder consid\u00e9rablement la progression et soulager les sympt\u00f4mes.   <\/p><p>Dans les cas o\u00f9 il n\u2019y a pas de propagation m\u00e9tastatique, la r\u00e9cidive locale peut \u00eatre mieux trait\u00e9e par des traitements de rattrapage. La prostatectomie radicale de rattrapage (PRS) peut offrir une option potentiellement curative pour certains patients, tandis que les techniques de radioth\u00e9rapie de rattrapage telles que la radioth\u00e9rapie st\u00e9r\u00e9otaxique corporelle (SBRT) et la curieth\u00e9rapie \u00e0 faible ou \u00e0 haut d\u00e9bit de dose (LDR\/HDR) sont des alternatives viables. Les approches mini-invasives, notamment la cryoth\u00e9rapie, les ultrasons focalis\u00e9s de haute intensit\u00e9 (HIFU) et l\u2019\u00e9lectroporation irr\u00e9versible (IRE), ont montr\u00e9 des r\u00e9sultats prometteurs lorsqu\u2019elles sont utilis\u00e9es comme th\u00e9rapies de rattrapage focales.  <\/p><p>L\u2019exploration de traitements innovants et la participation \u00e0 des essais cliniques restent essentielles pour am\u00e9liorer les r\u00e9sultats et personnaliser les soins aux patients atteints d\u2019une maladie radior\u00e9currente.<\/p><h3><strong>Traitements cibl\u00e9s de la r\u00e9cidive localis\u00e9e apr\u00e8s radioth\u00e9rapie<\/strong><\/h3><p>Environ un homme sur cinq qui re\u00e7oit une radioth\u00e9rapie pour un cancer de la prostate pr\u00e9sente une r\u00e9cidive locale, o\u00f9 le cancer revient dans la prostate elle-m\u00eame. Historiquement, de nombreux cas de ce type \u00e9taient pris en charge \u00e0 l\u2019aide d\u2019approches palliatives telles que l\u2019attente vigilante ou l\u2019hormonoth\u00e9rapie. Bien que l\u2019hormonoth\u00e9rapie puisse contr\u00f4ler le cancer pendant 2 \u00e0 3 ans, son utilisation \u00e0 long terme peut entra\u00eener des effets secondaires tels que des probl\u00e8mes m\u00e9taboliques (diab\u00e8te, maladies cardiovasculaires), une perte osseuse, une prise de poids, une gyn\u00e9comastie et de la fatigue.  <\/p><p>Dans ces cas, l\u2019ablation chirurgicale de la prostate (prostatectomie) comporte des risques importants. Les tissus endommag\u00e9s par les radiations deviennent fibreux et difficiles \u00e0 op\u00e9rer, ce qui augmente la probabilit\u00e9 de complications telles que l\u2019incontinence urinaire (chez presque tous les patients), des l\u00e9sions intestinales n\u00e9cessitant une stomie (environ 1 sur 20) et une perte compl\u00e8te de la fonction \u00e9rectile. Un rayonnement suppl\u00e9mentaire soul\u00e8ve des probl\u00e8mes de toxicit\u00e9 similaires et peut \u00eatre moins efficace si le cancer a d\u00e9j\u00e0 d\u00e9montr\u00e9 une r\u00e9sistance.  <\/p><p>En tant qu\u2019alternatives, l\u2019HIFU de r\u00e9cup\u00e9ration, l\u2019IRE et la cryoth\u00e9rapie sont apparus comme des options moins invasives. Ces th\u00e9rapies focales utilisent l\u2019imagerie (IRM) et des biopsies cibl\u00e9es pour identifier et traiter avec pr\u00e9cision la zone canc\u00e9reuse de la prostate, minimisant ainsi les dommages aux tissus sains environnants et r\u00e9duisant ainsi les effets secondaires. <\/p><p>Une \u00e9tude r\u00e9cente men\u00e9e au Royaume-Uni portant sur 356 hommes ayant subi un traitement focal pour une r\u00e9cidive post-radioth\u00e9rapie a r\u00e9v\u00e9l\u00e9 qu\u2019environ 75 % des patients n\u2019avaient pas progress\u00e9 apr\u00e8s six ans, \u00e9vitant ainsi la n\u00e9cessit\u00e9 d\u2019une nouvelle intervention chirurgicale ou d\u2019une hormonoth\u00e9rapie. \u00c9tant donn\u00e9 que le cancer de la prostate r\u00e9cidivant a tendance \u00e0 \u00eatre plus agressif que la tumeur d\u2019origine, ces r\u00e9sultats sont encourageants. De plus, les complications graves \u00e9taient rares, avec des l\u00e9sions rectales graves survenues dans seulement 0,3 % des cas.  <\/p><p>Bien que seul un nombre limit\u00e9 de centres dans le monde proposent actuellement des HIFU, des IRE et de la cryoth\u00e9rapie, leur disponibilit\u00e9 devrait augmenter \u00e0 mesure que de plus en plus de patients et de m\u00e9decins recherchent des traitements efficaces avec moins d\u2019effets secondaires.<\/p><p><img decoding=\"async\" class=\"alignnone wp-image-5086 size-full\" src=\"https:\/\/prostatefocaltherapies.com\/wp-content\/uploads\/2025\/07\/Focal-Therapy-for-Radiation-Recurrent-Prostate-Cancer-03.png\" alt=\"\" width=\"854\" height=\"679\" srcset=\"https:\/\/prostatefocaltherapies.com\/wp-content\/uploads\/2025\/07\/Focal-Therapy-for-Radiation-Recurrent-Prostate-Cancer-03.png 854w, https:\/\/prostatefocaltherapies.com\/wp-content\/uploads\/2025\/07\/Focal-Therapy-for-Radiation-Recurrent-Prostate-Cancer-03-300x239.png 300w, https:\/\/prostatefocaltherapies.com\/wp-content\/uploads\/2025\/07\/Focal-Therapy-for-Radiation-Recurrent-Prostate-Cancer-03-768x611.png 768w\" sizes=\"(max-width: 854px) 100vw, 854px\" \/><\/p><h3><strong>M\u00e9canisme et raison d\u2019\u00eatre de la th\u00e9rapie focale<\/strong><\/h3><p>Les deux tiers des hommes pr\u00e9sentant une r\u00e9cidive localis\u00e9e apr\u00e8s une radioth\u00e9rapie ont une maladie unifocale ou unilat\u00e9rale, g\u00e9n\u00e9ralement due au site de la l\u00e9sion d\u2019origine (index). Le cancer de la prostate est g\u00e9n\u00e9ralement multifocal, mais la l\u00e9sion index est le principal moteur de la progression et des m\u00e9tastases. Les l\u00e9sions secondaires ont tendance \u00e0 \u00eatre moins agressives et restent souvent dormantes ou sont efficacement \u00e9limin\u00e9es par la radioth\u00e9rapie.  <\/p><p>La recherche montre que dans 89 \u00e0 100 % des r\u00e9cidives, le cancer r\u00e9appara\u00eet \u00e0 partir des restes de la l\u00e9sion index d\u2019origine. Cela soutient la justification de l\u2019utilisation de th\u00e9rapies focales \u2013 telles que HIFU, IRE ou cryoth\u00e9rapie \u2013 pour cibler sp\u00e9cifiquement la l\u00e9sion index tout en \u00e9pargnant le reste de la prostate. <\/p><p>Avant le traitement focal, une imagerie compl\u00e8te (p. ex., IRM du corps entier ou TEP\/IRM PSMA) est essentielle pour confirmer que la maladie est confin\u00e9e \u00e0 la prostate. L\u2019IRM multiparam\u00e9trique (IRMmp), la TEP\/IRM PSMA et la biopsie guid\u00e9e par IRMmp sont essentielles pour une planification pr\u00e9cise du traitement. <\/p><p>Notre strat\u00e9gie pr\u00e9f\u00e9r\u00e9e implique l\u2019ablation de la l\u00e9sion index avec une marge de s\u00e9curit\u00e9. Selon l\u2019\u00e9tendue de la maladie, nous pouvons \u00e9galement effectuer une ablation du quadrant, de l\u2019h\u00e9miglande ou de la glande enti\u00e8re, bien que des zones de traitement plus larges soient associ\u00e9es \u00e0 un risque plus \u00e9lev\u00e9 d\u2019effets secondaires. <\/p><div id=\"gtx-trans\" style=\"position: absolute; left: 395px; top: 209.913px;\"><div class=\"gtx-trans-icon\"> <\/div><\/div>\t\t\t\t\t\t\t\t<\/div>\n\t\t\t\t<\/div>\n\t\t\t\t\t<\/div>\n\t\t<\/div>\n\t\t\t\t\t<\/div>\n\t\t<\/section>\n\t\t\t\t<section class=\"elementor-section elementor-top-section elementor-element elementor-element-e3d43dc elementor-section-boxed elementor-section-height-default elementor-section-height-default\" data-id=\"e3d43dc\" data-element_type=\"section\">\n\t\t\t\t\t\t<div class=\"elementor-container elementor-column-gap-default\">\n\t\t\t\t\t<div class=\"elementor-column elementor-col-100 elementor-top-column elementor-element elementor-element-af270b9\" data-id=\"af270b9\" data-element_type=\"column\">\n\t\t\t<div class=\"elementor-widget-wrap elementor-element-populated\">\n\t\t\t\t\t\t<div class=\"elementor-element elementor-element-1263063 elementor-widget elementor-widget-image\" data-id=\"1263063\" data-element_type=\"widget\" data-widget_type=\"image.default\">\n\t\t\t\t<div class=\"elementor-widget-container\">\n\t\t\t\t\t\t\t\t\t\t\t\t\t\t\t<img loading=\"lazy\" decoding=\"async\" width=\"800\" height=\"535\" src=\"https:\/\/prostatefocaltherapies.com\/wp-content\/uploads\/2025\/07\/Focal-Therapy-for-Radiation-Recurrent-Prostate-Cancer.jpg\" class=\"attachment-large size-large wp-image-6214\" alt=\"\" srcset=\"https:\/\/prostatefocaltherapies.com\/wp-content\/uploads\/2025\/07\/Focal-Therapy-for-Radiation-Recurrent-Prostate-Cancer.jpg 913w, https:\/\/prostatefocaltherapies.com\/wp-content\/uploads\/2025\/07\/Focal-Therapy-for-Radiation-Recurrent-Prostate-Cancer-300x200.jpg 300w, https:\/\/prostatefocaltherapies.com\/wp-content\/uploads\/2025\/07\/Focal-Therapy-for-Radiation-Recurrent-Prostate-Cancer-768x513.jpg 768w\" sizes=\"(max-width: 800px) 100vw, 800px\" \/>\t\t\t\t\t\t\t\t\t\t\t\t\t\t\t<\/div>\n\t\t\t\t<\/div>\n\t\t\t\t\t<\/div>\n\t\t<\/div>\n\t\t\t\t\t<\/div>\n\t\t<\/section>\n\t\t\t\t<\/div>\n\t\t","protected":false},"excerpt":{"rendered":"<p>Th\u00e9rapie focale pour le cancer de la prostate radior\u00e9cidivant R\u00e9sultats de l\u2019IRM avant et apr\u00e8s le traitement IRE (\u00e9lectroporation irr\u00e9versible) chez un patient atteint d\u2019un cancer de la prostate r\u00e9cidivant sous radioth\u00e9rapie AVANT LA PROC\u00c9DURE IRE (La tumeur est observ\u00e9e comme une zone blanche) APR\u00c8S LA PROC\u00c9DURE IRE (Aucune tumeur d\u00e9tect\u00e9e) La r\u00e9cidive d\u2019un cancer [&hellip;]<\/p>\n","protected":false},"author":1,"featured_media":0,"parent":0,"menu_order":0,"comment_status":"closed","ping_status":"closed","template":"","meta":{"footnotes":""},"class_list":["post-6961","page","type-page","status-publish","hentry"],"_links":{"self":[{"href":"https:\/\/prostatefocaltherapies.com\/fr\/wp-json\/wp\/v2\/pages\/6961","targetHints":{"allow":["GET"]}}],"collection":[{"href":"https:\/\/prostatefocaltherapies.com\/fr\/wp-json\/wp\/v2\/pages"}],"about":[{"href":"https:\/\/prostatefocaltherapies.com\/fr\/wp-json\/wp\/v2\/types\/page"}],"author":[{"embeddable":true,"href":"https:\/\/prostatefocaltherapies.com\/fr\/wp-json\/wp\/v2\/users\/1"}],"replies":[{"embeddable":true,"href":"https:\/\/prostatefocaltherapies.com\/fr\/wp-json\/wp\/v2\/comments?post=6961"}],"version-history":[{"count":1,"href":"https:\/\/prostatefocaltherapies.com\/fr\/wp-json\/wp\/v2\/pages\/6961\/revisions"}],"predecessor-version":[{"id":6966,"href":"https:\/\/prostatefocaltherapies.com\/fr\/wp-json\/wp\/v2\/pages\/6961\/revisions\/6966"}],"wp:attachment":[{"href":"https:\/\/prostatefocaltherapies.com\/fr\/wp-json\/wp\/v2\/media?parent=6961"}],"curies":[{"name":"wp","href":"https:\/\/api.w.org\/{rel}","templated":true}]}}