{"id":5979,"date":"2021-11-17T22:07:07","date_gmt":"2021-11-17T19:07:07","guid":{"rendered":"https:\/\/prostatefocaltherapies.com\/%d1%81%d0%b2%d1%8f%d0%b7%d0%b0%d1%82%d1%8c%d1%81%d1%8f-%d1%81-%d0%bd%d0%b0%d0%bc%d0%b8\/"},"modified":"2025-09-25T14:09:03","modified_gmt":"2025-09-25T11:09:03","slug":"%d1%81%d0%b2%d1%8f%d0%b7%d0%b0%d1%82%d1%8c%d1%81%d1%8f-%d1%81-%d0%bd%d0%b0%d0%bc%d0%b8","status":"publish","type":"page","link":"https:\/\/prostatefocaltherapies.com\/ru\/%d1%81%d0%b2%d1%8f%d0%b7%d0%b0%d1%82%d1%8c%d1%81%d1%8f-%d1%81-%d0%bd%d0%b0%d0%bc%d0%b8\/","title":{"rendered":"\u0421\u0432\u044f\u0437\u0430\u0442\u044c\u0441\u044f \u0441 \u043d\u0430\u043c\u0438"},"content":{"rendered":"\t\t<div data-elementor-type=\"wp-page\" data-elementor-id=\"5979\" class=\"elementor elementor-5979 elementor-1445\" data-elementor-post-type=\"page\">\n\t\t\t\t\t\t<section class=\"elementor-section elementor-top-section elementor-element elementor-element-02a487f elementor-section-boxed elementor-section-height-default elementor-section-height-default\" data-id=\"02a487f\" data-element_type=\"section\">\n\t\t\t\t\t\t<div class=\"elementor-container elementor-column-gap-default\">\n\t\t\t\t\t<div class=\"elementor-column elementor-col-100 elementor-top-column elementor-element elementor-element-227ca97\" data-id=\"227ca97\" data-element_type=\"column\" data-settings=\"{&quot;background_background&quot;:&quot;classic&quot;}\">\n\t\t\t<div class=\"elementor-widget-wrap elementor-element-populated\">\n\t\t\t\t\t\t<div class=\"elementor-element elementor-element-2f75f21 elementor-widget elementor-widget-heading\" data-id=\"2f75f21\" data-element_type=\"widget\" data-widget_type=\"heading.default\">\n\t\t\t\t<div class=\"elementor-widget-container\">\n\t\t\t\t\t<h1 class=\"elementor-heading-title elementor-size-default\">\u0421\u0432\u044f\u0437\u0430\u0442\u044c\u0441\u044f \u0441 \u043d\u0430\u043c\u0438<\/h1>\t\t\t\t<\/div>\n\t\t\t\t<\/div>\n\t\t\t\t\t<\/div>\n\t\t<\/div>\n\t\t\t\t\t<\/div>\n\t\t<\/section>\n\t\t\t\t<section class=\"elementor-section elementor-top-section elementor-element elementor-element-bbd47b5 elementor-section-boxed elementor-section-height-default elementor-section-height-default\" data-id=\"bbd47b5\" data-element_type=\"section\">\n\t\t\t\t\t\t<div class=\"elementor-container elementor-column-gap-default\">\n\t\t\t\t\t<div class=\"elementor-column elementor-col-50 elementor-top-column elementor-element elementor-element-e1aea2e\" data-id=\"e1aea2e\" data-element_type=\"column\">\n\t\t\t<div class=\"elementor-widget-wrap elementor-element-populated\">\n\t\t\t\t\t\t<div class=\"elementor-element elementor-element-8d216ac elementor-widget elementor-widget-image\" data-id=\"8d216ac\" data-element_type=\"widget\" data-widget_type=\"image.default\">\n\t\t\t\t<div class=\"elementor-widget-container\">\n\t\t\t\t\t\t\t\t\t\t\t\t\t\t\t<img fetchpriority=\"high\" decoding=\"async\" width=\"800\" height=\"450\" src=\"https:\/\/prostatefocaltherapies.com\/wp-content\/uploads\/2021\/11\/FileHandler-1024x576.jpg\" class=\"attachment-large size-large wp-image-5980\" alt=\"\" srcset=\"https:\/\/prostatefocaltherapies.com\/wp-content\/uploads\/2021\/11\/FileHandler-1024x576.jpg 1024w, https:\/\/prostatefocaltherapies.com\/wp-content\/uploads\/2021\/11\/FileHandler-300x169.jpg 300w, https:\/\/prostatefocaltherapies.com\/wp-content\/uploads\/2021\/11\/FileHandler-768x432.jpg 768w, https:\/\/prostatefocaltherapies.com\/wp-content\/uploads\/2021\/11\/FileHandler.jpg 1440w\" sizes=\"(max-width: 800px) 100vw, 800px\" \/>\t\t\t\t\t\t\t\t\t\t\t\t\t\t\t<\/div>\n\t\t\t\t<\/div>\n\t\t\t\t<div class=\"elementor-element elementor-element-90c7127 elementor-widget elementor-widget-text-editor\" data-id=\"90c7127\" data-element_type=\"widget\" data-widget_type=\"text-editor.default\">\n\t\t\t\t<div class=\"elementor-widget-container\">\n\t\t\t\t\t\t\t\t\t<p><b>\u0410\u0434\u0440\u0435\u0441-1:<\/b> \u0421\u0442\u0430\u043c\u0431\u0443\u043b\u044c\u0441\u043a\u0438\u0439 \u0443\u043d\u0438\u0432\u0435\u0440\u0441\u0438\u0442\u0435\u0442, \u0421\u0442\u0430\u043c\u0431\u0443\u043b \u0422\u0438\u043f \u0424\u0430\u043a\u044e\u043b\u0442\u0435\u0441\u0438, \u0420\u0430\u0434\u043e\u043b\u043e\u0434\u0436\u0438 \u0410\u043d\u0430\u0431\u0438\u043b\u0438\u043c \u0414\u0430\u043b\u0438, 34390, \u0427\u0430\u043f\u0430, \u0424\u0430\u0442\u0438\u0445\/\u0421\u0442\u0430\u043c\u0431\u0443\u043b.<\/p>\t\t\t\t\t\t\t\t<\/div>\n\t\t\t\t<\/div>\n\t\t\t\t\t<\/div>\n\t\t<\/div>\n\t\t\t\t<div class=\"elementor-column elementor-col-50 elementor-top-column elementor-element elementor-element-bcda0a8\" data-id=\"bcda0a8\" data-element_type=\"column\">\n\t\t\t<div class=\"elementor-widget-wrap elementor-element-populated\">\n\t\t\t\t\t\t<div class=\"elementor-element elementor-element-53fa71a elementor-widget elementor-widget-image\" data-id=\"53fa71a\" data-element_type=\"widget\" data-widget_type=\"image.default\">\n\t\t\t\t<div class=\"elementor-widget-container\">\n\t\t\t\t\t\t\t\t\t\t\t\t\t\t\t<img decoding=\"async\" width=\"800\" height=\"429\" src=\"https:\/\/prostatefocaltherapies.com\/wp-content\/uploads\/2021\/11\/ekranresmi20200520002137png9f8bminjpg_f8ee-1024x549.jpg\" class=\"attachment-large size-large wp-image-5981\" alt=\"\" srcset=\"https:\/\/prostatefocaltherapies.com\/wp-content\/uploads\/2021\/11\/ekranresmi20200520002137png9f8bminjpg_f8ee-1024x549.jpg 1024w, https:\/\/prostatefocaltherapies.com\/wp-content\/uploads\/2021\/11\/ekranresmi20200520002137png9f8bminjpg_f8ee-300x161.jpg 300w, https:\/\/prostatefocaltherapies.com\/wp-content\/uploads\/2021\/11\/ekranresmi20200520002137png9f8bminjpg_f8ee-768x412.jpg 768w, https:\/\/prostatefocaltherapies.com\/wp-content\/uploads\/2021\/11\/ekranresmi20200520002137png9f8bminjpg_f8ee-1536x824.jpg 1536w, https:\/\/prostatefocaltherapies.com\/wp-content\/uploads\/2021\/11\/ekranresmi20200520002137png9f8bminjpg_f8ee-2048x1098.jpg 2048w\" sizes=\"(max-width: 800px) 100vw, 800px\" \/>\t\t\t\t\t\t\t\t\t\t\t\t\t\t\t<\/div>\n\t\t\t\t<\/div>\n\t\t\t\t<div class=\"elementor-element elementor-element-a7e6aa2 elementor-widget elementor-widget-text-editor\" data-id=\"a7e6aa2\" data-element_type=\"widget\" data-widget_type=\"text-editor.default\">\n\t\t\t\t<div class=\"elementor-widget-container\">\n\t\t\t\t\t\t\t\t\t<p><b>\u0410\u0434\u0440\u0435\u0441-2:<\/b> \u041c\u0435\u043c\u043e\u0440\u0438\u0430\u043b\u044c\u043d\u0430\u044f \u0431\u043e\u043b\u044c\u043d\u0438\u0446\u0430 \u0411\u0430\u0445\u0447\u0435\u043b\u0438\u0435\u0432\u043b\u0435\u0440, \u043e\u0442\u0434\u0435\u043b\u0435\u043d\u0438\u0435 \u0440\u0430\u0434\u0438\u043e\u043b\u043e\u0433\u0438\u0438, \u043f\u0440\u043e\u0433\u0440\u0430\u043c\u043c\u0430 \u0444\u043e\u043a\u0430\u043b\u044c\u043d\u043e\u0439 \u0442\u0435\u0440\u0430\u043f\u0438\u0438 \u043f\u0440\u043e\u0441\u0442\u0430\u0442\u044b, Bah\u00e7elievler Mahallesi, Adnan Kahveci Bulvar\u0131, No:227 Bah\u00e7elievler\/\u0130stanbul<\/p>\t\t\t\t\t\t\t\t<\/div>\n\t\t\t\t<\/div>\n\t\t\t\t\t<\/div>\n\t\t<\/div>\n\t\t\t\t\t<\/div>\n\t\t<\/section>\n\t\t\t\t<\/div>\n\t\t","protected":false},"excerpt":{"rendered":"<p>\u0421\u0432\u044f\u0437\u0430\u0442\u044c\u0441\u044f \u0441 \u043d\u0430\u043c\u0438 \u0410\u0434\u0440\u0435\u0441-1: \u0421\u0442\u0430\u043c\u0431\u0443\u043b\u044c\u0441\u043a\u0438\u0439 \u0443\u043d\u0438\u0432\u0435\u0440\u0441\u0438\u0442\u0435\u0442, \u0421\u0442\u0430\u043c\u0431\u0443\u043b \u0422\u0438\u043f \u0424\u0430\u043a\u044e\u043b\u0442\u0435\u0441\u0438, \u0420\u0430\u0434\u043e\u043b\u043e\u0434\u0436\u0438 \u0410\u043d\u0430\u0431\u0438\u043b\u0438\u043c \u0414\u0430\u043b\u0438, 34390, \u0427\u0430\u043f\u0430, \u0424\u0430\u0442\u0438\u0445\/\u0421\u0442\u0430\u043c\u0431\u0443\u043b. \u0410\u0434\u0440\u0435\u0441-2: \u041c\u0435\u043c\u043e\u0440\u0438\u0430\u043b\u044c\u043d\u0430\u044f \u0431\u043e\u043b\u044c\u043d\u0438\u0446\u0430 \u0411\u0430\u0445\u0447\u0435\u043b\u0438\u0435\u0432\u043b\u0435\u0440, \u043e\u0442\u0434\u0435\u043b\u0435\u043d\u0438\u0435 \u0440\u0430\u0434\u0438\u043e\u043b\u043e\u0433\u0438\u0438, \u043f\u0440\u043e\u0433\u0440\u0430\u043c\u043c\u0430 \u0444\u043e\u043a\u0430\u043b\u044c\u043d\u043e\u0439 \u0442\u0435\u0440\u0430\u043f\u0438\u0438 \u043f\u0440\u043e\u0441\u0442\u0430\u0442\u044b, Bah\u00e7elievler Mahallesi, Adnan Kahveci Bulvar\u0131, No:227 Bah\u00e7elievler\/\u0130stanbul<\/p>\n","protected":false},"author":1,"featured_media":0,"parent":0,"menu_order":0,"comment_status":"closed","ping_status":"closed","template":"","meta":{"footnotes":""},"class_list":["post-5979","page","type-page","status-publish","hentry"],"_links":{"self":[{"href":"https:\/\/prostatefocaltherapies.com\/ru\/wp-json\/wp\/v2\/pages\/5979","targetHints":{"allow":["GET"]}}],"collection":[{"href":"https:\/\/prostatefocaltherapies.com\/ru\/wp-json\/wp\/v2\/pages"}],"about":[{"href":"https:\/\/prostatefocaltherapies.com\/ru\/wp-json\/wp\/v2\/types\/page"}],"author":[{"embeddable":true,"href":"https:\/\/prostatefocaltherapies.com\/ru\/wp-json\/wp\/v2\/users\/1"}],"replies":[{"embeddable":true,"href":"https:\/\/prostatefocaltherapies.com\/ru\/wp-json\/wp\/v2\/comments?post=5979"}],"version-history":[{"count":1,"href":"https:\/\/prostatefocaltherapies.com\/ru\/wp-json\/wp\/v2\/pages\/5979\/revisions"}],"predecessor-version":[{"id":6008,"href":"https:\/\/prostatefocaltherapies.com\/ru\/wp-json\/wp\/v2\/pages\/5979\/revisions\/6008"}],"wp:attachment":[{"href":"https:\/\/prostatefocaltherapies.com\/ru\/wp-json\/wp\/v2\/media?parent=5979"}],"curies":[{"name":"wp","href":"https:\/\/api.w.org\/{rel}","templated":true}]}}