{"id":6030,"date":"2021-10-27T00:14:29","date_gmt":"2021-10-26T21:14:29","guid":{"rendered":"https:\/\/prostatefocaltherapies.com\/hasta-danismanligi\/"},"modified":"2025-09-25T14:16:55","modified_gmt":"2025-09-25T11:16:55","slug":"hasta-danismanligi","status":"publish","type":"page","link":"https:\/\/prostatefocaltherapies.com\/tr\/hasta-danismanligi\/","title":{"rendered":"Hasta Dan\u0131\u015fmanl\u0131\u011f\u0131"},"content":{"rendered":"\t\t<div data-elementor-type=\"wp-page\" data-elementor-id=\"6030\" class=\"elementor elementor-6030 elementor-777\" data-elementor-post-type=\"page\">\n\t\t\t\t\t\t<section class=\"elementor-section elementor-top-section elementor-element elementor-element-66d39dc elementor-section-boxed elementor-section-height-default elementor-section-height-default\" data-id=\"66d39dc\" data-element_type=\"section\">\n\t\t\t\t\t\t<div class=\"elementor-container elementor-column-gap-default\">\n\t\t\t\t\t<div class=\"elementor-column elementor-col-100 elementor-top-column elementor-element elementor-element-fd76b84\" data-id=\"fd76b84\" data-element_type=\"column\" data-settings=\"{&quot;background_background&quot;:&quot;classic&quot;}\">\n\t\t\t<div class=\"elementor-widget-wrap elementor-element-populated\">\n\t\t\t\t\t\t<div class=\"elementor-element elementor-element-7e0fb5c elementor-widget elementor-widget-heading\" data-id=\"7e0fb5c\" data-element_type=\"widget\" data-widget_type=\"heading.default\">\n\t\t\t\t<div class=\"elementor-widget-container\">\n\t\t\t\t\t<h1 class=\"elementor-heading-title elementor-size-default\"> Hasta Dan\u0131\u015fmanl\u0131\u011f\u0131<\/h1>\t\t\t\t<\/div>\n\t\t\t\t<\/div>\n\t\t\t\t\t<\/div>\n\t\t<\/div>\n\t\t\t\t\t<\/div>\n\t\t<\/section>\n\t\t\t\t<section class=\"elementor-section elementor-top-section elementor-element elementor-element-34b397f2 elementor-section-boxed elementor-section-height-default elementor-section-height-default\" data-id=\"34b397f2\" data-element_type=\"section\">\n\t\t\t\t\t\t<div class=\"elementor-container elementor-column-gap-default\">\n\t\t\t\t\t<div class=\"elementor-column elementor-col-100 elementor-top-column elementor-element elementor-element-6f357158\" data-id=\"6f357158\" data-element_type=\"column\">\n\t\t\t<div class=\"elementor-widget-wrap elementor-element-populated\">\n\t\t\t\t\t\t<div class=\"elementor-element elementor-element-681b9a87 elementor-widget elementor-widget-text-editor\" data-id=\"681b9a87\" data-element_type=\"widget\" data-widget_type=\"text-editor.default\">\n\t\t\t\t<div class=\"elementor-widget-container\">\n\t\t\t\t\t\t\t\t\t<p><\/p>\n<p>L\u00fctfen prostatla ilgili t\u00fcm belgeleri (G\u00f6r\u00fcnt\u00fcleme raporlar\u0131, Laboratuvar sonu\u00e7lar\u0131 vb.) bu e-postaya g\u00f6nderin: <a href=\"mailto:drbarisbakir@yahoo.com\">drbarisbakir@yahoo.com<\/a><\/p>\n<p><\/p>\n<p>Not: Prostat G\u00f6r\u00fcnt\u00fcleme Verilerinizi (mpMRI, PSMA PET\/CT vb.) &#8216;<a href=\"https:\/\/wetransfer.com\/\" target=\"_blank\" rel=\"noopener\">WeTransfer<\/a>&#8216; adl\u0131 yaz\u0131l\u0131m\u0131 kullanarak ayn\u0131 e-postaya ( <a href=\"mailto:drbarisbakir@yahoo.com\">drbarisbakir@yahoo.com<\/a> ) g\u00f6nderebilirsiniz.<\/p>\n<p><\/p>\n<p>Bu yaz\u0131l\u0131m\u0131 Google&#8217;da arayabilir ve o sitede a\u00e7\u0131klanan basit talimatlar\u0131 takip edebilirsiniz.<\/p>\n<p><\/p>\n<figure class=\"wp-block-image size-full\"><img fetchpriority=\"high\" decoding=\"async\" width=\"906\" height=\"498\" class=\"wp-image-778\" src=\"https:\/\/prostatefocaltherapies.com\/wp-content\/uploads\/2021\/10\/resim.png\" alt=\"\" srcset=\"https:\/\/prostatefocaltherapies.com\/wp-content\/uploads\/2021\/10\/resim.png 906w, https:\/\/prostatefocaltherapies.com\/wp-content\/uploads\/2021\/10\/resim-300x165.png 300w, https:\/\/prostatefocaltherapies.com\/wp-content\/uploads\/2021\/10\/resim-768x422.png 768w\" sizes=\"(max-width: 906px) 100vw, 906px\" \/><\/figure>\n<p><\/p>\t\t\t\t\t\t\t\t<\/div>\n\t\t\t\t<\/div>\n\t\t\t\t\t<\/div>\n\t\t<\/div>\n\t\t\t\t\t<\/div>\n\t\t<\/section>\n\t\t\t\t<\/div>\n\t\t","protected":false},"excerpt":{"rendered":"<p>Hasta Dan\u0131\u015fmanl\u0131\u011f\u0131 L\u00fctfen prostatla ilgili t\u00fcm belgeleri (G\u00f6r\u00fcnt\u00fcleme raporlar\u0131, Laboratuvar sonu\u00e7lar\u0131 vb.) bu e-postaya g\u00f6nderin: drbarisbakir@yahoo.com Not: Prostat G\u00f6r\u00fcnt\u00fcleme Verilerinizi (mpMRI, PSMA PET\/CT vb.) &#8216;WeTransfer&#8216; adl\u0131 yaz\u0131l\u0131m\u0131 kullanarak ayn\u0131 e-postaya ( drbarisbakir@yahoo.com ) g\u00f6nderebilirsiniz. Bu yaz\u0131l\u0131m\u0131 Google&#8217;da arayabilir ve o sitede a\u00e7\u0131klanan basit talimatlar\u0131 takip edebilirsiniz.<\/p>\n","protected":false},"author":1,"featured_media":6029,"parent":0,"menu_order":0,"comment_status":"closed","ping_status":"closed","template":"","meta":{"footnotes":""},"class_list":["post-6030","page","type-page","status-publish","has-post-thumbnail","hentry"],"_links":{"self":[{"href":"https:\/\/prostatefocaltherapies.com\/tr\/wp-json\/wp\/v2\/pages\/6030","targetHints":{"allow":["GET"]}}],"collection":[{"href":"https:\/\/prostatefocaltherapies.com\/tr\/wp-json\/wp\/v2\/pages"}],"about":[{"href":"https:\/\/prostatefocaltherapies.com\/tr\/wp-json\/wp\/v2\/types\/page"}],"author":[{"embeddable":true,"href":"https:\/\/prostatefocaltherapies.com\/tr\/wp-json\/wp\/v2\/users\/1"}],"replies":[{"embeddable":true,"href":"https:\/\/prostatefocaltherapies.com\/tr\/wp-json\/wp\/v2\/comments?post=6030"}],"version-history":[{"count":3,"href":"https:\/\/prostatefocaltherapies.com\/tr\/wp-json\/wp\/v2\/pages\/6030\/revisions"}],"predecessor-version":[{"id":6033,"href":"https:\/\/prostatefocaltherapies.com\/tr\/wp-json\/wp\/v2\/pages\/6030\/revisions\/6033"}],"wp:featuredmedia":[{"embeddable":true,"href":"https:\/\/prostatefocaltherapies.com\/tr\/wp-json\/wp\/v2\/media\/6029"}],"wp:attachment":[{"href":"https:\/\/prostatefocaltherapies.com\/tr\/wp-json\/wp\/v2\/media?parent=6030"}],"curies":[{"name":"wp","href":"https:\/\/api.w.org\/{rel}","templated":true}]}}