{"id":6151,"date":"2025-05-21T13:42:04","date_gmt":"2025-05-21T10:42:04","guid":{"rendered":"https:\/\/prostatefocaltherapies.com\/transperineal-fuzyon-vektor-biyopsisi\/"},"modified":"2025-09-26T06:13:38","modified_gmt":"2025-09-26T03:13:38","slug":"transperineal-fuzyon-vektor-biyopsisi","status":"publish","type":"page","link":"https:\/\/prostatefocaltherapies.com\/tr\/transperineal-fuzyon-vektor-biyopsisi\/","title":{"rendered":"Transperineal F\u00fczyon Vekt\u00f6r Biyopsisi"},"content":{"rendered":"\t\t<div data-elementor-type=\"wp-page\" data-elementor-id=\"6151\" class=\"elementor elementor-6151 elementor-4971\" data-elementor-post-type=\"page\">\n\t\t\t\t\t\t<section class=\"elementor-section elementor-top-section elementor-element elementor-element-b85fca2 elementor-section-boxed elementor-section-height-default elementor-section-height-default\" data-id=\"b85fca2\" data-element_type=\"section\">\n\t\t\t\t\t\t<div class=\"elementor-container elementor-column-gap-default\">\n\t\t\t\t\t<div class=\"elementor-column elementor-col-100 elementor-top-column elementor-element elementor-element-4090d78\" data-id=\"4090d78\" data-element_type=\"column\" data-settings=\"{&quot;background_background&quot;:&quot;classic&quot;}\">\n\t\t\t<div class=\"elementor-widget-wrap elementor-element-populated\">\n\t\t\t\t\t\t<div class=\"elementor-element elementor-element-11bdf3d elementor-widget elementor-widget-heading\" data-id=\"11bdf3d\" data-element_type=\"widget\" data-widget_type=\"heading.default\">\n\t\t\t\t<div class=\"elementor-widget-container\">\n\t\t\t\t\t<h1 class=\"elementor-heading-title elementor-size-default\">TRANSPERINEAL F\u00dcZYON VEKT\u00d6R BIYOPSISI<\/h1>\t\t\t\t<\/div>\n\t\t\t\t<\/div>\n\t\t\t\t\t<\/div>\n\t\t<\/div>\n\t\t\t\t\t<\/div>\n\t\t<\/section>\n\t\t\t\t<section class=\"elementor-section elementor-top-section elementor-element elementor-element-976d99d elementor-section-boxed elementor-section-height-default elementor-section-height-default\" data-id=\"976d99d\" data-element_type=\"section\">\n\t\t\t\t\t\t<div class=\"elementor-container elementor-column-gap-default\">\n\t\t\t\t\t<div class=\"elementor-column elementor-col-100 elementor-top-column elementor-element elementor-element-f289c9c\" data-id=\"f289c9c\" data-element_type=\"column\">\n\t\t\t<div class=\"elementor-widget-wrap elementor-element-populated\">\n\t\t\t\t\t\t<div class=\"elementor-element elementor-element-571cc6b elementor-widget elementor-widget-video\" data-id=\"571cc6b\" data-element_type=\"widget\" data-settings=\"{&quot;youtube_url&quot;:&quot;https:\\\/\\\/www.youtube.com\\\/watch?v=oMtbOGHiGPs&amp;ab_channel=Prof.Dr.Bar%C4%B1%C5%9FBak%C4%B1r&quot;,&quot;video_type&quot;:&quot;youtube&quot;,&quot;controls&quot;:&quot;yes&quot;}\" data-widget_type=\"video.default\">\n\t\t\t\t<div class=\"elementor-widget-container\">\n\t\t\t\t\t\t\t<div class=\"elementor-wrapper elementor-open-inline\">\n\t\t\t<div class=\"elementor-video\"><\/div>\t\t<\/div>\n\t\t\t\t\t\t<\/div>\n\t\t\t\t<\/div>\n\t\t\t\t\t<\/div>\n\t\t<\/div>\n\t\t\t\t\t<\/div>\n\t\t<\/section>\n\t\t\t\t<section class=\"elementor-section elementor-top-section elementor-element elementor-element-196a608 elementor-section-boxed elementor-section-height-default elementor-section-height-default\" data-id=\"196a608\" data-element_type=\"section\">\n\t\t\t\t\t\t<div class=\"elementor-container elementor-column-gap-default\">\n\t\t\t\t\t<div class=\"elementor-column elementor-col-100 elementor-top-column elementor-element elementor-element-ec443af\" data-id=\"ec443af\" data-element_type=\"column\">\n\t\t\t<div class=\"elementor-widget-wrap elementor-element-populated\">\n\t\t\t\t\t\t<div class=\"elementor-element elementor-element-327907b elementor-widget elementor-widget-text-editor\" data-id=\"327907b\" data-element_type=\"widget\" data-widget_type=\"text-editor.default\">\n\t\t\t\t<div class=\"elementor-widget-container\">\n\t\t\t\t\t\t\t\t\t<p>Prostat f\u00fczyon biyopsisi, transrektal ve transperineal olmak \u00fczere iki ana teknik kullan\u0131larak ger\u00e7ekle\u015ftirilebilir. Transrektal yakla\u015f\u0131mda rektumdan ge\u00e7ilerek prostat bezine eri\u015fim sa\u011flan\u0131r. Tersine, transperineal yakla\u015f\u0131m, rektal duvarla temas etmeden perineal b\u00f6lge (anal kanal ile testisler aras\u0131ndaki b\u00f6lge) yoluyla prostata ula\u015fmay\u0131 i\u00e7erir.  <\/p><p>Prostat biyopsisi ile ili\u015fkili en \u00f6nemli risk, rektumdaki bakteriler kan dola\u015f\u0131m\u0131na girdi\u011finde ortaya \u00e7\u0131kan enfeksiyon, \u00f6zellikle sepsistir. Transperineal y\u00f6ntem rektumdan tamamen ka\u00e7\u0131nd\u0131\u011f\u0131 i\u00e7in transrektal tekni\u011fe g\u00f6re daha d\u00fc\u015f\u00fck enfeksiyon riski ile ili\u015fkilidir. <\/p>\t\t\t\t\t\t\t\t<\/div>\n\t\t\t\t<\/div>\n\t\t\t\t<div class=\"elementor-element elementor-element-007c622 elementor-widget elementor-widget-image\" data-id=\"007c622\" data-element_type=\"widget\" data-widget_type=\"image.default\">\n\t\t\t\t<div class=\"elementor-widget-container\">\n\t\t\t\t\t\t\t\t\t\t\t\t\t\t\t<img fetchpriority=\"high\" decoding=\"async\" width=\"800\" height=\"367\" src=\"https:\/\/prostatefocaltherapies.com\/wp-content\/uploads\/2025\/07\/TRANSPERINEAL-FUSION-VECTOR-BIOPSY-1024x470.png\" class=\"attachment-large size-large wp-image-6154\" alt=\"\" srcset=\"https:\/\/prostatefocaltherapies.com\/wp-content\/uploads\/2025\/07\/TRANSPERINEAL-FUSION-VECTOR-BIOPSY-1024x470.png 1024w, https:\/\/prostatefocaltherapies.com\/wp-content\/uploads\/2025\/07\/TRANSPERINEAL-FUSION-VECTOR-BIOPSY-300x138.png 300w, https:\/\/prostatefocaltherapies.com\/wp-content\/uploads\/2025\/07\/TRANSPERINEAL-FUSION-VECTOR-BIOPSY-768x353.png 768w, https:\/\/prostatefocaltherapies.com\/wp-content\/uploads\/2025\/07\/TRANSPERINEAL-FUSION-VECTOR-BIOPSY.png 1342w\" sizes=\"(max-width: 800px) 100vw, 800px\" \/>\t\t\t\t\t\t\t\t\t\t\t\t\t\t\t<\/div>\n\t\t\t\t<\/div>\n\t\t\t\t\t<\/div>\n\t\t<\/div>\n\t\t\t\t\t<\/div>\n\t\t<\/section>\n\t\t\t\t<section class=\"elementor-section elementor-top-section elementor-element elementor-element-7f9010e elementor-section-boxed elementor-section-height-default elementor-section-height-default\" data-id=\"7f9010e\" data-element_type=\"section\">\n\t\t\t\t\t\t<div class=\"elementor-container elementor-column-gap-default\">\n\t\t\t\t\t<div class=\"elementor-column elementor-col-100 elementor-top-column elementor-element elementor-element-6c9e627\" data-id=\"6c9e627\" data-element_type=\"column\">\n\t\t\t<div class=\"elementor-widget-wrap elementor-element-populated\">\n\t\t\t\t\t\t<div class=\"elementor-element elementor-element-326cbc4 elementor-widget elementor-widget-text-editor\" data-id=\"326cbc4\" data-element_type=\"widget\" data-widget_type=\"text-editor.default\">\n\t\t\t\t<div class=\"elementor-widget-container\">\n\t\t\t\t\t\t\t\t\t<p>Bu do\u011frultuda, Avrupa \u00dcroloji K\u0131lavuzlar\u0131 son \u00fc\u00e7 y\u0131ld\u0131r prostat biyopsisi i\u00e7in tercih edilen yakla\u015f\u0131m olarak transperineal y\u00f6ntemi \u00f6nermektedir.<\/p><p>Transperineal prostat f\u00fczyon biyopsisindeki son geli\u015fmelerden biri vekt\u00f6r y\u00f6nteminin kullan\u0131lmaya ba\u015flanmas\u0131d\u0131r. Perineal b\u00f6lgede 12 ila 24 ayr\u0131 i\u011fne deli\u011fi gerektirebilen geleneksel transperineal tekniklerin aksine, vekt\u00f6r y\u00f6ntemi sadece iki k\u00fc\u00e7\u00fck giri\u015f noktas\u0131 kullan\u0131r. Bunlar sayesinde numune toplamak i\u00e7in i\u011fne birden \u00e7ok kez yerle\u015ftirilebilir ve bu da travmay\u0131 \u00f6nemli \u00f6l\u00e7\u00fcde en aza indirir.  <\/p>\t\t\t\t\t\t\t\t<\/div>\n\t\t\t\t<\/div>\n\t\t\t\t<div class=\"elementor-element elementor-element-7d45c5a elementor-widget elementor-widget-image\" data-id=\"7d45c5a\" data-element_type=\"widget\" data-widget_type=\"image.default\">\n\t\t\t\t<div class=\"elementor-widget-container\">\n\t\t\t\t\t\t\t\t\t\t\t\t\t\t\t<img decoding=\"async\" width=\"800\" height=\"510\" src=\"https:\/\/prostatefocaltherapies.com\/wp-content\/uploads\/2025\/07\/TRANSPERINEAL-FUSION-VECTOR-BIOPSY-02-1024x653.png\" class=\"attachment-large size-large wp-image-6155\" alt=\"\" srcset=\"https:\/\/prostatefocaltherapies.com\/wp-content\/uploads\/2025\/07\/TRANSPERINEAL-FUSION-VECTOR-BIOPSY-02-1024x653.png 1024w, https:\/\/prostatefocaltherapies.com\/wp-content\/uploads\/2025\/07\/TRANSPERINEAL-FUSION-VECTOR-BIOPSY-02-300x191.png 300w, https:\/\/prostatefocaltherapies.com\/wp-content\/uploads\/2025\/07\/TRANSPERINEAL-FUSION-VECTOR-BIOPSY-02-768x489.png 768w, https:\/\/prostatefocaltherapies.com\/wp-content\/uploads\/2025\/07\/TRANSPERINEAL-FUSION-VECTOR-BIOPSY-02.png 1279w\" sizes=\"(max-width: 800px) 100vw, 800px\" \/>\t\t\t\t\t\t\t\t\t\t\t\t\t\t\t<\/div>\n\t\t\t\t<\/div>\n\t\t\t\t<div class=\"elementor-element elementor-element-9a64208 elementor-widget elementor-widget-text-editor\" data-id=\"9a64208\" data-element_type=\"widget\" data-widget_type=\"text-editor.default\">\n\t\t\t\t<div class=\"elementor-widget-container\">\n\t\t\t\t\t\t\t\t\t<p>Bu minimal invaziv teknik sayesinde, hastalar i\u015flemden sonra tipik olarak \u00e7ok az a\u011fr\u0131 hissederler veya hi\u00e7 a\u011fr\u0131 hissetmezler. \u00dcstelik bu y\u00f6ntem, transperineal biyopsinin lokal anestezi alt\u0131nda yap\u0131lmas\u0131 gereken durumlarda (hasta tercihi veya t\u0131bbi gereklilik nedeniyle) a\u00e7\u0131k bir avantaj sunar, \u00e7\u00fcnk\u00fc birden fazla i\u011fne giri\u015fi gerektiren grid y\u00f6ntemi gibi di\u011fer transperineal tekniklere g\u00f6re \u00e7ok daha az a\u011fr\u0131l\u0131d\u0131r. <\/p><p>Ek olarak, vekt\u00f6r y\u00f6ntemi, i\u011fnenin her y\u00f6ne milimetrik hassasiyetle hareket etmesine izin vererek, prostat bezi i\u00e7indeki belirli alanlar\u0131 do\u011fru bir \u015fekilde hedefleme ve \u00f6rnekleme yetene\u011fini geli\u015ftirir.<\/p>\t\t\t\t\t\t\t\t<\/div>\n\t\t\t\t<\/div>\n\t\t\t\t\t<\/div>\n\t\t<\/div>\n\t\t\t\t\t<\/div>\n\t\t<\/section>\n\t\t\t\t<\/div>\n\t\t","protected":false},"excerpt":{"rendered":"<p>TRANSPERINEAL F\u00dcZYON VEKT\u00d6R BIYOPSISI https:\/\/www.youtube.com\/watch?v=oMtbOGHiGPs&#038;ab_channel=Prof.Dr.Bar%C4%B1%C5%9FBak%C4%B1r Prostat f\u00fczyon biyopsisi, transrektal ve transperineal olmak \u00fczere iki ana teknik kullan\u0131larak ger\u00e7ekle\u015ftirilebilir. Transrektal yakla\u015f\u0131mda rektumdan ge\u00e7ilerek prostat bezine eri\u015fim sa\u011flan\u0131r. Tersine, transperineal yakla\u015f\u0131m, rektal duvarla temas etmeden perineal b\u00f6lge (anal kanal ile testisler aras\u0131ndaki b\u00f6lge) yoluyla prostata ula\u015fmay\u0131 i\u00e7erir. Prostat biyopsisi ile ili\u015fkili en \u00f6nemli risk, rektumdaki bakteriler kan [&hellip;]<\/p>\n","protected":false},"author":1,"featured_media":0,"parent":0,"menu_order":0,"comment_status":"closed","ping_status":"closed","template":"","meta":{"footnotes":""},"class_list":["post-6151","page","type-page","status-publish","hentry"],"_links":{"self":[{"href":"https:\/\/prostatefocaltherapies.com\/tr\/wp-json\/wp\/v2\/pages\/6151","targetHints":{"allow":["GET"]}}],"collection":[{"href":"https:\/\/prostatefocaltherapies.com\/tr\/wp-json\/wp\/v2\/pages"}],"about":[{"href":"https:\/\/prostatefocaltherapies.com\/tr\/wp-json\/wp\/v2\/types\/page"}],"author":[{"embeddable":true,"href":"https:\/\/prostatefocaltherapies.com\/tr\/wp-json\/wp\/v2\/users\/1"}],"replies":[{"embeddable":true,"href":"https:\/\/prostatefocaltherapies.com\/tr\/wp-json\/wp\/v2\/comments?post=6151"}],"version-history":[{"count":1,"href":"https:\/\/prostatefocaltherapies.com\/tr\/wp-json\/wp\/v2\/pages\/6151\/revisions"}],"predecessor-version":[{"id":6176,"href":"https:\/\/prostatefocaltherapies.com\/tr\/wp-json\/wp\/v2\/pages\/6151\/revisions\/6176"}],"wp:attachment":[{"href":"https:\/\/prostatefocaltherapies.com\/tr\/wp-json\/wp\/v2\/media?parent=6151"}],"curies":[{"name":"wp","href":"https:\/\/api.w.org\/{rel}","templated":true}]}}