{"id":6323,"date":"2021-10-27T06:55:04","date_gmt":"2021-10-27T03:55:04","guid":{"rendered":"https:\/\/prostatefocaltherapies.com\/uluslararasi-sunumlar\/"},"modified":"2025-09-26T06:30:16","modified_gmt":"2025-09-26T03:30:16","slug":"uluslararasi-sunumlar","status":"publish","type":"page","link":"https:\/\/prostatefocaltherapies.com\/tr\/uluslararasi-sunumlar\/","title":{"rendered":"ULUSLARARASI SUNUMLAR"},"content":{"rendered":"\t\t<div data-elementor-type=\"wp-page\" data-elementor-id=\"6323\" class=\"elementor elementor-6323 elementor-842\" data-elementor-post-type=\"page\">\n\t\t\t\t\t\t<section class=\"elementor-section elementor-top-section elementor-element elementor-element-200966f elementor-section-boxed elementor-section-height-default elementor-section-height-default\" data-id=\"200966f\" data-element_type=\"section\">\n\t\t\t\t\t\t<div class=\"elementor-container elementor-column-gap-default\">\n\t\t\t\t\t<div class=\"elementor-column elementor-col-100 elementor-top-column elementor-element elementor-element-0137aa2\" data-id=\"0137aa2\" data-element_type=\"column\" data-settings=\"{&quot;background_background&quot;:&quot;classic&quot;}\">\n\t\t\t<div class=\"elementor-widget-wrap elementor-element-populated\">\n\t\t\t\t\t\t<div class=\"elementor-element elementor-element-43d5dac elementor-widget elementor-widget-heading\" data-id=\"43d5dac\" data-element_type=\"widget\" data-widget_type=\"heading.default\">\n\t\t\t\t<div class=\"elementor-widget-container\">\n\t\t\t\t\t<h1 class=\"elementor-heading-title elementor-size-default\"> ULUSLARARASI SUNUMLAR<\/h1>\t\t\t\t<\/div>\n\t\t\t\t<\/div>\n\t\t\t\t\t<\/div>\n\t\t<\/div>\n\t\t\t\t\t<\/div>\n\t\t<\/section>\n\t\t\t\t<section class=\"elementor-section elementor-top-section elementor-element elementor-element-459aa05 elementor-section-boxed elementor-section-height-default elementor-section-height-default\" data-id=\"459aa05\" data-element_type=\"section\">\n\t\t\t\t\t\t<div class=\"elementor-container elementor-column-gap-default\">\n\t\t\t\t\t<div class=\"elementor-column elementor-col-100 elementor-top-column elementor-element elementor-element-1e570e39\" data-id=\"1e570e39\" data-element_type=\"column\">\n\t\t\t<div class=\"elementor-widget-wrap elementor-element-populated\">\n\t\t\t\t\t\t<div class=\"elementor-element elementor-element-5a639d37 elementor-widget elementor-widget-text-editor\" data-id=\"5a639d37\" data-element_type=\"widget\" data-widget_type=\"text-editor.default\">\n\t\t\t\t<div class=\"elementor-widget-container\">\n\t\t\t\t\t\t\t\t\t\n<p><strong>1.<\/strong> Tamam M, Adalet I, <strong>Bakir B,<\/strong> T\u00fcrkmen C, Darendeliler F, Ba\u015f F, Sanl\u0131 Y, Kuyumcu S, Cantez S. <em>&#8221;Konjenital hipotiroidi etiyolojisini belirlemede ultrasonografik ve sintigrafik y\u00f6ntemlerin rol\u00fc&#8221;<\/em> . Avrupa N\u00fckleer T\u0131p Derne\u011fi Y\u0131ll\u0131k Kongresi, Atina, 2006<\/p>\n\n<p><strong>2.<\/strong> Tamam M, <strong>Bakir B,<\/strong> Adalet I, Darendeliler F, Ba\u015f F, Sanl\u0131 Y, Cantez S. <em>&#8221;Konjenital hipotiroidizmi olan \u00e7ocuklarda ektopik tiroid bezinin renkli doppler ultrasonografi ve radyon\u00fcklid g\u00f6r\u00fcnt\u00fcleme ile de\u011ferlendirilmesi&#8221;.<\/em> Avrupa N\u00fckleer T\u0131p Derne\u011fi Y\u0131ll\u0131k Kongresi, Atina, 2006<\/p>\n\n<p><strong>3<\/strong> . Salmasl\u0131o\u011flu A, Tunac\u0131 M, Acunas G, <strong>Bak\u0131r B,<\/strong> U\u00e7ar A, G\u00fcven K, Adalet I, Erbil Y. <em>&#8221;Radio-guided localization of Boyun kitleleri: Yeni bir yakla\u015f\u0131m&#8221;<\/em> Avrupa Radyoloji Kongresi, Viyana, 2008<\/p>\n\n<p><strong>4<\/strong> . G\u00fcven K, Terziba\u015f\u0131o\u011flu E, U\u00e7ar A, <strong>Bak\u0131r B.<\/strong> <em>&#8221;Perk\u00fctan drenaj ile tedavi edilen angina semptomlar\u0131na neden olan \u00f6zofagus mukosel&#8221;<\/em> Avrupa Gastrointestinal ve Abdominal Radyoloji Derne\u011fi Y\u0131ll\u0131k Toplant\u0131s\u0131 ve Mezuniyet Sonras\u0131 Kursu, \u0130stanbul, 2008 <\/p>\n\n<p><strong>5.<\/strong> \u0130yibozkurt AC, Kalelio\u011flu \u0130, \u00c7etin C, Topuz S, <strong>Bak\u0131r B,<\/strong> Y\u0131ld\u0131r\u0131m A, Berkman S. <em>&#8221;Peutz-Jeghers sendromu ile ili\u015fkili iki nadir genital t\u00fcm\u00f6r vakas\u0131.&#8221;<\/em> Avrupa Jinekolojik Onkoloji Derne\u011fi 16. Uluslararas\u0131 Toplant\u0131s\u0131 (ESGO), Belgrad, S\u0131rbistan, 2009.<\/p>\n\n<p><strong>6.<\/strong> Y\u0131lmaz E, <strong><em>Bak\u0131r B,<\/em><\/strong> Kalelio\u011flu H.\u0130, Has R, Y\u00fcksel A, Ayd\u0131n K, Sencer S. <em>&#8221;Fetal manyetik rezonans g\u00f6r\u00fcnt\u00fclemenin santral sinir sistemi anomalilerinin prenatal sonografik tan\u0131s\u0131na ek bulgular\u0131&#8221;<\/em> The Society of Pediatric Radyoloji SPR 2010, Boston, Massachusetts, 2010<\/p>\n\n<p><strong>7.<\/strong> Y. \u015eanl\u0131, C. T\u00fcrkmen, <strong><em>B. Bak\u0131r,<\/em><\/strong> \u0130. Adalet, S. \u00dcnal, A. Mudun, C. \u0130yibozkurt, S. Topuz. <em>&#8221; Rahim a\u011fz\u0131 kanserli hastalarda terapi yan\u0131t\u0131n\u0131n evrelenmesi ve\/veya de\u011ferlendirilmesinde FDG-PET\/CT&#8217;nin rol\u00fc.&#8221;<\/em> Avrupa N\u00fckleer T\u0131p Derne\u011fi Y\u0131ll\u0131k Kongresi. Viyana, Avusturya, <em>2010<\/em><\/p>\n\n<p><strong>8. <\/strong> \u015eanl\u0131 Y; T\u00fcrkmen C; Mudun A; Adalet I; \u00dcnal A.\u015e.; Bak\u0131r B; Topuz S; \u0130yibozkurt C<sup>. <\/sup><em>&#8221;Yumurtal\u0131k kanserli hastalarda yeniden evreleme ve\/veya n\u00fcks\u00fcn de\u011ferlendirilmesinde FDG-PET\/BT ilk basamak g\u00f6r\u00fcnt\u00fcleme y\u00f6ntemi olmal\u0131 m\u0131?&#8221; <\/em>N\u00fckleer T\u0131p Derne\u011fi 57. Tuz G\u00f6l\u00fc \u015eehri, Utah. 2010<\/p>\n\n<p><strong>9.<\/strong> Ahmet G\u00f6\u00e7mez, Merve G\u00fclbiz Kartal, <strong>Bar\u0131<\/strong> <strong>\u015f<\/strong> <strong>Bak\u0131r<\/strong> , B\u00fclent Acuna\u015f. K\u00fc\u00e7\u00fck HCC tan\u0131s\u0131 i\u00e7in onuncu ve yirminci dakika gecikmeli gadoksetat disodyum (Gd-EOB-DTPA) ile geli\u015ftirilmi\u015f MR g\u00f6r\u00fcnt\u00fclerinin etkinli\u011finin kar\u015f\u0131la\u015ft\u0131r\u0131lmas\u0131 (2 cm&#8217;den az), ESGAR Prag, \u00c7ek Cumhuriyeti, 2016<\/p>\n\n<p><strong>10.<\/strong> Artur Salmasl\u0131oglu, Kubilay Ayd\u0131n, Arzu Poyanl\u0131, <strong>Bar\u0131\u015f Bak\u0131r<\/strong> , Mehmet Barbur, G\u00fclden Acunas, B\u00fclent Acunas, Radyolojide D\u00fc\u015f\u00fck Maliyetli 3D Yaz\u0131c\u0131lar ve A\u00e7\u0131k Kaynak Yaz\u0131l\u0131m Kullanarak 3D Printing, RSNA 2015, Chicago, ABD<\/p>\n\n<p><strong>11.<\/strong> Be\u015fli LU, Asa S, <strong>Bak\u0131r B,<\/strong> Sayman H, Sa\u011f\u0131r S, . Khosroshah BR, G\u00fcner E, Demirda\u011f \u00c7, Demir M, Uslu I, S\u00f6nmezo\u011flu K.<u> <\/u>Biparametrik prostat MRG ile Ga-68 PSMA PET\/CT ve Ga-68 PSMA PET\/MRI&#8217;nin primer prostat bezi t\u00fcm\u00f6r\u00fcn\u00fcn yeri ve uzant\u0131s\u0131 EANM 2018, D\u00fcsseldorf, Almanya<\/p>\n\n<p><strong>12.<\/strong> K\u00f6k\u00e7iyan N., T\u00fcrkay R., Dr., \u00dcsk\u00fcdarl\u0131 S., Yolum P., Acar B., Dr.; <strong>Bak\u0131r B<\/strong>., doktor. ONLIRA &#8211; RSNA \u015eikago, IL, ABD, 2013 Bildirilerinde Karaci\u011fer CT G\u00f6r\u00fcnt\u00fclerinin Semantik Bilgi Temsili<\/p>\n\n<p><strong>13.<\/strong> <a>N. G\u00fcrdal<\/a>,  <a>M.Fayda<\/a> , <a><strong>B. Bak\u0131r<\/strong><\/a> , <a>N. Alishev<\/a> , <a>U. Gezer<\/a> , <a>D. Ta\u015ftekin<\/a> , <a>R.\u00c7ift\u00e7i<\/a> , <a>U. Akba\u015f<\/a> , <a>D. \u015eahin<\/a> , <a>E. Bal\u0131k<\/a> , <a>H. Yanar<\/a> , <a>M. Keskin<\/a> , <a>M. \u0130lhan<\/a> , <a>R.N. Da\u011fo\u011flu<\/a>, <a>E.K. Sa\u011flam<\/a>, <a>E.N. Oral<\/a>, <a>F. Aykan<\/a>, <a>A. K\u0131z\u0131r<\/a>. Rektal adenokarsinomlarda e\u015f zamanl\u0131 kemoterapi ile e\u015f zamanl\u0131 neoadjuvan hacimsel mod\u00fclasyonlu ark tedavisi e\u015f zamanl\u0131 entegre destek (SIB-VMAT) ve patolojik yan\u0131t\u0131n dif\u00fczyon a\u011f\u0131rl\u0131kl\u0131 MRG ve apoptotik belirte\u00e7lerle korelasyonu. <a href=\"http:\/\/www.redjournal.org\/issue\/S0360-3016(15)X0016-2\" target=\"_blank\" rel=\"noopener\"><strong>1 Kas\u0131m 2015<\/strong><\/a> Cilt 93, Say\u0131 3, Ek, Sayfa E128 ASTRO&#8217;nun 57. Y\u0131ll\u0131k Toplant\u0131s\u0131, San Antonio, ABD.  2015<\/p>\n\n<p><strong>14.<\/strong> U\u011furlucan FG, Yasa C, Demir O, Ba\u015faran S, <strong>Bakir B,<\/strong> Yal\u00e7\u0131n O. Laparoskopik Sakrokolpopeksi Sonras\u0131 Spondilodiskit: Ola\u011fand\u0131\u015f\u0131 Bir Komplikasyon. IUGA <sup>40.<\/sup> Y\u0131ll\u0131k Toplant\u0131s\u0131, Nice, Fransa, 2015<\/p>\n\n<p><strong>15.<\/strong> Da\u011fo\u011flu Kartal MG, Akp\u0131nar Y, Yild\u0131r\u0131m G, \u00c7enek E, <strong>Bak\u0131r B,<\/strong> Acunas B. \u0130nflamatuar Hastal\u0131klar D\u0131\u015f\u0131ndaki \u0130nce Barsak Patolojilerinin De\u011ferlendirilmesinde BT Enterografinin Faydas\u0131 ESGAR, 2015<\/p>\n\n<p><strong>16.<\/strong> Da\u011fo\u011flu Kartal MG, \u00c7elenk E, <strong>Bak\u0131r B,<\/strong> Akp\u0131nar Y, Y\u0131ld\u0131r\u0131m G, Acunas B. Pankreas Aktinomikozlar\u0131 Olgusu ve literat\u00fcr\u00fcn g\u00f6zden ge\u00e7irilmesi ESGAR, 2015<\/p>\n\n<p><strong>17.<\/strong> KARTAL MERVE G\u00dcLBIZ,Davo\u011flu Rabia Nergiz,Karaman \u015eule,\u015eahin Dilek,BAKIR BA\u015eAR\u0130,ENG\u0130N G\u00dcLG\u00dcN, \u00d6ZDEN \u0130LG\u0130N,KAYTAN SA\u011eLAM ESRA,POYANLI \u0130ST\u0130K,ACUNAS B\u00dcLENT,KIZIR AHMET,ORAL ETHEM NEZ\u0130H Radyasyon tedavisi onkoloji grubu atlas\u0131 \u00fcst kar\u0131n normal organ konturunu postoperatif klatskin hastalar\u0131na uygulanabilir. RSNA (2015).<\/p>\n\n<p><strong>18.<\/strong> KARTAL MERVE G\u00dcLBIZ, AKPINAR YUNUS EMRE,G\u00d6\u00c7MEZ AHMET,\u00c7ELENK ERHAN,BAKIR BARI\u015e, ACUNAS B\u00dcLENT Pelvik taban bozukluklar\u0131n\u0131n tan\u0131s\u0131nda MR defekografinin rol\u00fc. ESGAR 2016 (Poster), (Kontrol No: 2721547) (2016).<\/p>\n\t\t\t\t\t\t\t\t<\/div>\n\t\t\t\t<\/div>\n\t\t\t\t\t<\/div>\n\t\t<\/div>\n\t\t\t\t\t<\/div>\n\t\t<\/section>\n\t\t\t\t<\/div>\n\t\t","protected":false},"excerpt":{"rendered":"<p>ULUSLARARASI SUNUMLAR 1. Tamam M, Adalet I, Bakir B, T\u00fcrkmen C, Darendeliler F, Ba\u015f F, Sanl\u0131 Y, Kuyumcu S, Cantez S. &#8221;Konjenital hipotiroidi etiyolojisini belirlemede ultrasonografik ve sintigrafik y\u00f6ntemlerin rol\u00fc&#8221; . Avrupa N\u00fckleer T\u0131p Derne\u011fi Y\u0131ll\u0131k Kongresi, Atina, 2006 2. Tamam M, Bakir B, Adalet I, Darendeliler F, Ba\u015f F, Sanl\u0131 Y, Cantez S. &#8221;Konjenital [&hellip;]<\/p>\n","protected":false},"author":1,"featured_media":0,"parent":0,"menu_order":0,"comment_status":"closed","ping_status":"closed","template":"","meta":{"footnotes":""},"class_list":["post-6323","page","type-page","status-publish","hentry"],"_links":{"self":[{"href":"https:\/\/prostatefocaltherapies.com\/tr\/wp-json\/wp\/v2\/pages\/6323","targetHints":{"allow":["GET"]}}],"collection":[{"href":"https:\/\/prostatefocaltherapies.com\/tr\/wp-json\/wp\/v2\/pages"}],"about":[{"href":"https:\/\/prostatefocaltherapies.com\/tr\/wp-json\/wp\/v2\/types\/page"}],"author":[{"embeddable":true,"href":"https:\/\/prostatefocaltherapies.com\/tr\/wp-json\/wp\/v2\/users\/1"}],"replies":[{"embeddable":true,"href":"https:\/\/prostatefocaltherapies.com\/tr\/wp-json\/wp\/v2\/comments?post=6323"}],"version-history":[{"count":11,"href":"https:\/\/prostatefocaltherapies.com\/tr\/wp-json\/wp\/v2\/pages\/6323\/revisions"}],"predecessor-version":[{"id":6388,"href":"https:\/\/prostatefocaltherapies.com\/tr\/wp-json\/wp\/v2\/pages\/6323\/revisions\/6388"}],"wp:attachment":[{"href":"https:\/\/prostatefocaltherapies.com\/tr\/wp-json\/wp\/v2\/media?parent=6323"}],"curies":[{"name":"wp","href":"https:\/\/api.w.org\/{rel}","templated":true}]}}