{"id":6333,"date":"2021-10-27T06:49:10","date_gmt":"2021-10-27T03:49:10","guid":{"rendered":"https:\/\/prostatefocaltherapies.com\/profesyonel-detaylar\/"},"modified":"2025-09-26T06:30:15","modified_gmt":"2025-09-26T03:30:15","slug":"profesyonel-detaylar","status":"publish","type":"page","link":"https:\/\/prostatefocaltherapies.com\/tr\/profesyonel-detaylar\/","title":{"rendered":"Profesyonel Detaylar"},"content":{"rendered":"\t\t<div data-elementor-type=\"wp-page\" data-elementor-id=\"6333\" class=\"elementor elementor-6333 elementor-823\" data-elementor-post-type=\"page\">\n\t\t\t\t\t\t<section class=\"elementor-section elementor-top-section elementor-element elementor-element-ba21469 elementor-section-boxed elementor-section-height-default elementor-section-height-default\" data-id=\"ba21469\" data-element_type=\"section\">\n\t\t\t\t\t\t<div class=\"elementor-container elementor-column-gap-default\">\n\t\t\t\t\t<div class=\"elementor-column elementor-col-100 elementor-top-column elementor-element elementor-element-2198740\" data-id=\"2198740\" data-element_type=\"column\" data-settings=\"{&quot;background_background&quot;:&quot;classic&quot;}\">\n\t\t\t<div class=\"elementor-widget-wrap elementor-element-populated\">\n\t\t\t\t\t\t<div class=\"elementor-element elementor-element-5f768f5 elementor-widget elementor-widget-heading\" data-id=\"5f768f5\" data-element_type=\"widget\" data-widget_type=\"heading.default\">\n\t\t\t\t<div class=\"elementor-widget-container\">\n\t\t\t\t\t<h1 class=\"elementor-heading-title elementor-size-default\">Profesyonel Detaylar<\/h1>\t\t\t\t<\/div>\n\t\t\t\t<\/div>\n\t\t\t\t\t<\/div>\n\t\t<\/div>\n\t\t\t\t\t<\/div>\n\t\t<\/section>\n\t\t\t\t<section class=\"elementor-section elementor-top-section elementor-element elementor-element-5eb536b5 elementor-section-boxed elementor-section-height-default elementor-section-height-default\" data-id=\"5eb536b5\" data-element_type=\"section\">\n\t\t\t\t\t\t<div class=\"elementor-container elementor-column-gap-default\">\n\t\t\t\t\t<div class=\"elementor-column elementor-col-100 elementor-top-column elementor-element elementor-element-45bf6e75\" data-id=\"45bf6e75\" data-element_type=\"column\">\n\t\t\t<div class=\"elementor-widget-wrap elementor-element-populated\">\n\t\t\t\t\t\t<div class=\"elementor-element elementor-element-4b23114a elementor-widget elementor-widget-text-editor\" data-id=\"4b23114a\" data-element_type=\"widget\" data-widget_type=\"text-editor.default\">\n\t\t\t\t<div class=\"elementor-widget-container\">\n\t\t\t\t\t\t\t\t\t<div class=\"wp-block-image\">\n<figure class=\"alignleft size-full is-resized\"><img fetchpriority=\"high\" decoding=\"async\" class=\"wp-image-833\" src=\"https:\/\/prostatefocaltherapies.com\/wp-content\/uploads\/2021\/10\/resim-29.png\" alt=\"\" width=\"1195\" height=\"633\" srcset=\"https:\/\/prostatefocaltherapies.com\/wp-content\/uploads\/2021\/10\/resim-29.png 906w, https:\/\/prostatefocaltherapies.com\/wp-content\/uploads\/2021\/10\/resim-29-300x159.png 300w, https:\/\/prostatefocaltherapies.com\/wp-content\/uploads\/2021\/10\/resim-29-768x407.png 768w\" sizes=\"(max-width: 1195px) 100vw, 1195px\" \/><\/figure>\n<\/div>\n<p><\/p>\n<p>Bar\u0131\u015f Bak\u0131r MD, \u0130stanbul \u00dcniversitesi \u0130stanbul T\u0131p Fak\u00fcltesi&#8217;nde Radyoloji Profes\u00f6r\u00fcd\u00fcr. 1999 y\u0131l\u0131nda Ankara \u00dcniversitesi&#8217;nde t\u0131p diplomas\u0131n\u0131 ald\u0131. 2005 y\u0131l\u0131nda \u0130stanbul \u00dcniversitesi \u0130stanbul T\u0131p Fak\u00fcltesi Radyoloji Anabilim Dal\u0131&#8217;nda ihtisas\u0131n\u0131 tamamlad\u0131. \u0130stanbul \u00dcniversitesi \u0130stanbul T\u0131p Fak\u00fcltesi&#8217;nde 2005-2010 y\u0131llar\u0131 aras\u0131nda daimi uzman hekim, 2010-2018 y\u0131llar\u0131 aras\u0131nda Do\u00e7ent olarak \u00e7al\u0131\u015ft\u0131. <\/p>\n<p>Bar\u0131\u015f Bak\u0131r&#8217;\u0131n ana uzmanl\u0131k alan\u0131 prostat g\u00f6r\u00fcnt\u00fclemedir. Bug\u00fcne kadar 10.000&#8217;in \u00fczerinde Multiparametrik Prostat MRI testini incelemi\u015f, konuyla ilgili bir\u00e7ok yay\u0131n\u0131 ve makalesi yan\u0131nda say\u0131s\u0131z vesilelerle kongre sunumlar\u0131 yapma tecr\u00fcbesine sahiptir. 2013 ve 2015 y\u0131llar\u0131nda Multiparametrik Prostat MR ile ilgili bilimsel geli\u015fmeleri takip etmek \u00fczere Prof.<\/p>\n<p>Multiparametrik Prostat MR testinin yan\u0131 s\u0131ra Cerrahpa\u015fa \u0130stanbul \u00dcniversitesi Cerrahpa\u015fa Fak\u00fcltesi ile prostat bezinin en geli\u015fmi\u015f g\u00f6r\u00fcnt\u00fcleme y\u00f6ntemlerinden biri olan molek\u00fcler hibrit g\u00f6r\u00fcnt\u00fcleme teknikleri (PSMA PET-mpMRI) konusunda klinik uygulama ve bilimsel ara\u015ft\u0131rmalarda \u00e7al\u0131\u015fmalar yapmaktad\u0131r. T\u0131p &#8211; N\u00fckleer T\u0131p Anabilim Dal\u0131. <\/p>\n<p>Ayr\u0131ca prostat bezine y\u00f6nelik tan\u0131sal ve tedavi edici giri\u015fimsel giri\u015fimler ilgi alanlar\u0131d\u0131r. Avrupa ve Amerika&#8217;da Prostat F\u00fczyon biyopsisi konusunda uzmanla\u015fm\u0131\u015f merkezleri ziyaret etmi\u015ftir. Helsinki Meilhati Hastanesinde Dr.Antti Sakari Ranniko ile ve Heidelberg Heidelberg \u00dcniversitesi \u00dcroloji B\u00f6l\u00fcm\u00fcnde Dr. Ionel Valentin Popeneciu ile prostat MR\/TRUS f\u00fczyon biyopsisi prosed\u00fcrlerine kat\u0131lm\u0131\u015ft\u0131r. Bug\u00fcne kadar 1000&#8217;in \u00fczerinde prostat MR\/TRUS f\u00fczyon biyopsi i\u015flemi ger\u00e7ekle\u015ftirdi.  <\/p>\n<p>Dr. Bar\u0131\u015f Bak\u0131r ayr\u0131ca Prostat Kanseri i\u00e7in fokal tedavilerle ilgilenmektedir ve yurtd\u0131\u015f\u0131nda Prostat Fokal konusunda uzmanla\u015fm\u0131\u015f merkezlerde \u00e7al\u0131\u015fm\u0131\u015ft\u0131r<span class=\"Apple-converted-space\">  <\/span>Muamele. Chicago \u00dcniversitesi&#8217;nde Prof. Dr. L. Shalhav, Kuzey Carolina&#8217;daki The Novant Health Cancer Clinic&#8217;te Dr. Samuel J. Peretsman, Heidelberg&#8217;deki Klinik f\u00fcr Prostate Therapie&#8217;de Dr. Martin Loehr taraf\u0131ndan ger\u00e7ekle\u015ftirilen prostat HIFU, Kriyothrapi ve Geri D\u00f6n\u00fc\u015f\u00fcms\u00fcz Elektroporasyon &#8211; IRE (Nanoknife) prosed\u00fcrlerine kat\u0131lm\u0131\u015ft\u0131r. Londra&#8217;daki Imperial College-Charing Cross Hastanesi&#8217;nden Hashim U. Ahmedi, Londra&#8217;daki King Edward VII&#8217;s Hastanesi&#8217;nden Prof. Dr. Mark Emberton ve Madrid&#8217;deki Navarra \u00dcniversitesi&#8217;nden Prof. Dr. Bernardino Mi\u00f1ana L\u00f3pez.   Prostat MR-HIFU (in-bore) sistemini incelemek i\u00e7in Heidelberg Heidelberg \u00dcniversitesi&#8217;nde Prof. Dr. Markus Hohenfellner&#8217;\u0131 ziyaret etti. Bar\u0131\u015f Bak\u0131r \u015fu anda 2019 y\u0131l\u0131ndan bu yana Prostat HIFU ve Geri D\u00f6n\u00fc\u015f\u00fcms\u00fcz Elektroporasyon &#8211; IRE (Nanoknife) tedavilerini ger\u00e7ekle\u015ftirmektedir. Kendi \u00fclkesinde bu alanda en deneyimli hekimlerden biridir. \u015eu ana kadar 300&#8217;\u00fcn \u00fczerinde prostat kanseri fokal tedavi prosed\u00fcr\u00fcn\u00fc ger\u00e7ekle\u015ftirdi.<\/p>\n<p>Ayr\u0131ca Bar\u0131\u015f Bak\u0131r&#8217;\u0131n 80&#8217;den fazla makalesi yay\u0131nlanm\u0131\u015f ve ulusal ve uluslararas\u0131 toplant\u0131larda 100&#8217;\u00fcn \u00fczerinde konferansa kat\u0131lm\u0131\u015ft\u0131r. T\u00fcrkiye&#8217;de Prostat MR ve Prostat F\u00fczyon Biyopsi y\u00f6ntemleri konusunda \u00e7e\u015fitli e\u011fitimler d\u00fczenlemi\u015ftir. Kuzey Amerika Radyoloji Derne\u011fi, Avrupa Radyoloji Derne\u011fi, Uluslararas\u0131 Fokal Tedavi Derne\u011fi, Avrupa Gastrointestinal Radyoloji Derne\u011fi, Avrupa \u00dcroradyoloji Derne\u011fi ve T\u00fcrk Radyoloji Derne\u011fi \u00fcyesidir.<\/p>\n<p> <\/p>\n<p>G\u00fcncelleme Tarihi: 15.02.2023<\/p>\n<p><\/p>\t\t\t\t\t\t\t\t<\/div>\n\t\t\t\t<\/div>\n\t\t\t\t\t<\/div>\n\t\t<\/div>\n\t\t\t\t\t<\/div>\n\t\t<\/section>\n\t\t\t\t<\/div>\n\t\t","protected":false},"excerpt":{"rendered":"<p>Profesyonel Detaylar Bar\u0131\u015f Bak\u0131r MD, \u0130stanbul \u00dcniversitesi \u0130stanbul T\u0131p Fak\u00fcltesi&#8217;nde Radyoloji Profes\u00f6r\u00fcd\u00fcr. 1999 y\u0131l\u0131nda Ankara \u00dcniversitesi&#8217;nde t\u0131p diplomas\u0131n\u0131 ald\u0131. 2005 y\u0131l\u0131nda \u0130stanbul \u00dcniversitesi \u0130stanbul T\u0131p Fak\u00fcltesi Radyoloji Anabilim Dal\u0131&#8217;nda ihtisas\u0131n\u0131 tamamlad\u0131. \u0130stanbul \u00dcniversitesi \u0130stanbul T\u0131p Fak\u00fcltesi&#8217;nde 2005-2010 y\u0131llar\u0131 aras\u0131nda daimi uzman hekim, 2010-2018 y\u0131llar\u0131 aras\u0131nda Do\u00e7ent olarak \u00e7al\u0131\u015ft\u0131. Bar\u0131\u015f Bak\u0131r&#8217;\u0131n ana uzmanl\u0131k alan\u0131 prostat g\u00f6r\u00fcnt\u00fclemedir. [&hellip;]<\/p>\n","protected":false},"author":1,"featured_media":0,"parent":0,"menu_order":0,"comment_status":"closed","ping_status":"closed","template":"","meta":{"footnotes":""},"class_list":["post-6333","page","type-page","status-publish","hentry"],"_links":{"self":[{"href":"https:\/\/prostatefocaltherapies.com\/tr\/wp-json\/wp\/v2\/pages\/6333","targetHints":{"allow":["GET"]}}],"collection":[{"href":"https:\/\/prostatefocaltherapies.com\/tr\/wp-json\/wp\/v2\/pages"}],"about":[{"href":"https:\/\/prostatefocaltherapies.com\/tr\/wp-json\/wp\/v2\/types\/page"}],"author":[{"embeddable":true,"href":"https:\/\/prostatefocaltherapies.com\/tr\/wp-json\/wp\/v2\/users\/1"}],"replies":[{"embeddable":true,"href":"https:\/\/prostatefocaltherapies.com\/tr\/wp-json\/wp\/v2\/comments?post=6333"}],"version-history":[{"count":9,"href":"https:\/\/prostatefocaltherapies.com\/tr\/wp-json\/wp\/v2\/pages\/6333\/revisions"}],"predecessor-version":[{"id":6369,"href":"https:\/\/prostatefocaltherapies.com\/tr\/wp-json\/wp\/v2\/pages\/6333\/revisions\/6369"}],"wp:attachment":[{"href":"https:\/\/prostatefocaltherapies.com\/tr\/wp-json\/wp\/v2\/media?parent=6333"}],"curies":[{"name":"wp","href":"https:\/\/api.w.org\/{rel}","templated":true}]}}