{"id":6397,"date":"2021-10-27T06:56:38","date_gmt":"2021-10-27T03:56:38","guid":{"rendered":"https:\/\/prostatefocaltherapies.com\/uluslararasi-kitap-bolumleri\/"},"modified":"2025-09-26T06:30:20","modified_gmt":"2025-09-26T03:30:20","slug":"uluslararasi-kitap-bolumleri","status":"publish","type":"page","link":"https:\/\/prostatefocaltherapies.com\/tr\/uluslararasi-kitap-bolumleri\/","title":{"rendered":"ULUSLARARASI K\u0130TAP B\u00d6L\u00dcMLER\u0130"},"content":{"rendered":"\t\t<div data-elementor-type=\"wp-page\" data-elementor-id=\"6397\" class=\"elementor elementor-6397 elementor-844\" data-elementor-post-type=\"page\">\n\t\t\t\t\t\t<section class=\"elementor-section elementor-top-section elementor-element elementor-element-5a5dd45 elementor-section-boxed elementor-section-height-default elementor-section-height-default\" data-id=\"5a5dd45\" data-element_type=\"section\">\n\t\t\t\t\t\t<div class=\"elementor-container elementor-column-gap-default\">\n\t\t\t\t\t<div class=\"elementor-column elementor-col-100 elementor-top-column elementor-element elementor-element-737ea23\" data-id=\"737ea23\" data-element_type=\"column\" data-settings=\"{&quot;background_background&quot;:&quot;classic&quot;}\">\n\t\t\t<div class=\"elementor-widget-wrap elementor-element-populated\">\n\t\t\t\t\t\t<div class=\"elementor-element elementor-element-9ab6a16 elementor-widget elementor-widget-heading\" data-id=\"9ab6a16\" data-element_type=\"widget\" data-widget_type=\"heading.default\">\n\t\t\t\t<div class=\"elementor-widget-container\">\n\t\t\t\t\t<h1 class=\"elementor-heading-title elementor-size-default\"> ULUSLARARASI K\u0130TAP B\u00d6L\u00dcMLER\u0130<\/h1>\t\t\t\t<\/div>\n\t\t\t\t<\/div>\n\t\t\t\t\t<\/div>\n\t\t<\/div>\n\t\t\t\t\t<\/div>\n\t\t<\/section>\n\t\t\t\t<section class=\"elementor-section elementor-top-section elementor-element elementor-element-3215e93c elementor-section-boxed elementor-section-height-default elementor-section-height-default\" data-id=\"3215e93c\" data-element_type=\"section\">\n\t\t\t\t\t\t<div class=\"elementor-container elementor-column-gap-default\">\n\t\t\t\t\t<div class=\"elementor-column elementor-col-100 elementor-top-column elementor-element elementor-element-2f40d5dd\" data-id=\"2f40d5dd\" data-element_type=\"column\">\n\t\t\t<div class=\"elementor-widget-wrap elementor-element-populated\">\n\t\t\t\t\t\t<div class=\"elementor-element elementor-element-3160a410 elementor-widget elementor-widget-text-editor\" data-id=\"3160a410\" data-element_type=\"widget\" data-widget_type=\"text-editor.default\">\n\t\t\t\t<div class=\"elementor-widget-container\">\n\t\t\t\t\t\t\t\t\t\n<p><strong>1.<\/strong> Artur Salmasl\u0131o\u011flu, <strong>Bar\u0131\u015f Bak\u0131r<\/strong> ve Merve G. Da\u011fo\u011flu Kartal Radyolojik G\u00f6r\u00fcnt\u00fclemeye Giri\u015f. Endokrin Patoloji, Edit\u00f6r \u00d6zg\u00fcr Mete ve Sylvia L. Asa. I.Ed. Cambridge University Press, Birle\u015fik Krall\u0131k, 2016<\/p>\n\n<p><strong>2.<\/strong> Artur Salmasl\u0131o\u011flu, <strong>Bar\u0131\u015f Bak\u0131r<\/strong> ve Merve G. Da\u011fo\u011flu Kartal Ultrasonografi. Endokrin Patoloji, Edit\u00f6r \u00d6zg\u00fcr Mete ve Sylvia L. Asa. I.Ed. Cambridge University Press, Birle\u015fik Krall\u0131k, 2016<\/p>\n\n<p><strong>3.<\/strong> Artur Salmasl\u0131o\u011flu, <strong>Bar\u0131\u015f Bak\u0131r<\/strong> ve Merve G. Da\u011fo\u011flu Kartal Ba\u015f ve boyun ultrasonografisi. Endokrin Patoloji, Edit\u00f6r \u00d6zg\u00fcr Mete ve Sylvia L. Asa. I.Ed. Cambridge University Press, Birle\u015fik Krall\u0131k, 2016<\/p>\n\n<p><strong>4.<\/strong> Merve G. Da\u011fo\u011flu Kartal, <strong>Bar\u0131\u015f Bak\u0131r<\/strong> ve Artur Salmasl\u0131o\u011flu, Toraks\u0131n BT ve MRG&#8217;si. Endokrin Patoloji, Edit\u00f6r \u00d6zg\u00fcr Mete ve Sylvia L. Asa. I.Ed. Cambridge University Press, Birle\u015fik Krall\u0131k, 2016<\/p>\n\n<p><strong>5.<\/strong> Merve G. Da\u011fo\u011flu Kartal, <strong>Bar\u0131\u015f Bak\u0131r<\/strong> ve Artur Salmasl\u0131o\u011flu, ,Kar\u0131n ultrasonografisi, BT ve MRG&#8217;si. Endokrin Patoloji, Edit\u00f6r \u00d6zg\u00fcr Mete ve Sylvia L. Asa. I.Ed. Cambridge University Press, Birle\u015fik Krall\u0131k, 2016<\/p>\n\t\t\t\t\t\t\t\t<\/div>\n\t\t\t\t<\/div>\n\t\t\t\t\t<\/div>\n\t\t<\/div>\n\t\t\t\t\t<\/div>\n\t\t<\/section>\n\t\t\t\t<\/div>\n\t\t","protected":false},"excerpt":{"rendered":"<p>ULUSLARARASI K\u0130TAP B\u00d6L\u00dcMLER\u0130 1. Artur Salmasl\u0131o\u011flu, Bar\u0131\u015f Bak\u0131r ve Merve G. Da\u011fo\u011flu Kartal Radyolojik G\u00f6r\u00fcnt\u00fclemeye Giri\u015f. Endokrin Patoloji, Edit\u00f6r \u00d6zg\u00fcr Mete ve Sylvia L. Asa. I.Ed. Cambridge University Press, Birle\u015fik Krall\u0131k, 2016 2. Artur Salmasl\u0131o\u011flu, Bar\u0131\u015f Bak\u0131r ve Merve G. Da\u011fo\u011flu Kartal Ultrasonografi. Endokrin Patoloji, Edit\u00f6r \u00d6zg\u00fcr Mete ve Sylvia L. Asa. I.Ed. Cambridge University [&hellip;]<\/p>\n","protected":false},"author":1,"featured_media":0,"parent":0,"menu_order":0,"comment_status":"closed","ping_status":"closed","template":"","meta":{"footnotes":""},"class_list":["post-6397","page","type-page","status-publish","hentry"],"_links":{"self":[{"href":"https:\/\/prostatefocaltherapies.com\/tr\/wp-json\/wp\/v2\/pages\/6397","targetHints":{"allow":["GET"]}}],"collection":[{"href":"https:\/\/prostatefocaltherapies.com\/tr\/wp-json\/wp\/v2\/pages"}],"about":[{"href":"https:\/\/prostatefocaltherapies.com\/tr\/wp-json\/wp\/v2\/types\/page"}],"author":[{"embeddable":true,"href":"https:\/\/prostatefocaltherapies.com\/tr\/wp-json\/wp\/v2\/users\/1"}],"replies":[{"embeddable":true,"href":"https:\/\/prostatefocaltherapies.com\/tr\/wp-json\/wp\/v2\/comments?post=6397"}],"version-history":[{"count":11,"href":"https:\/\/prostatefocaltherapies.com\/tr\/wp-json\/wp\/v2\/pages\/6397\/revisions"}],"predecessor-version":[{"id":6481,"href":"https:\/\/prostatefocaltherapies.com\/tr\/wp-json\/wp\/v2\/pages\/6397\/revisions\/6481"}],"wp:attachment":[{"href":"https:\/\/prostatefocaltherapies.com\/tr\/wp-json\/wp\/v2\/media?parent=6397"}],"curies":[{"name":"wp","href":"https:\/\/api.w.org\/{rel}","templated":true}]}}