{"id":6674,"date":"2021-11-19T19:50:56","date_gmt":"2021-11-19T16:50:56","guid":{"rendered":"https:\/\/prostatefocaltherapies.com\/odak-tedavi-kriyoterapi-ile\/"},"modified":"2025-10-17T10:39:23","modified_gmt":"2025-10-17T07:39:23","slug":"odak-tedavi-kriyoterapi-ile","status":"publish","type":"page","link":"https:\/\/prostatefocaltherapies.com\/tr\/odak-tedavi-kriyoterapi-ile\/","title":{"rendered":"PROSTAT KANSER\u0130 FOKAL TEDAV\u0130 (NANOKNIFE TEKN\u0130\u011e\u0130 \u0130LE)"},"content":{"rendered":"\t\t<div data-elementor-type=\"wp-page\" data-elementor-id=\"6674\" class=\"elementor elementor-6674 elementor-1524\" data-elementor-post-type=\"page\">\n\t\t\t\t\t\t<section class=\"elementor-section elementor-top-section elementor-element elementor-element-58b76cc elementor-section-boxed elementor-section-height-default elementor-section-height-default\" data-id=\"58b76cc\" data-element_type=\"section\">\n\t\t\t\t\t\t<div class=\"elementor-container elementor-column-gap-default\">\n\t\t\t\t\t<div class=\"elementor-column elementor-col-100 elementor-top-column elementor-element elementor-element-ad0a159\" data-id=\"ad0a159\" data-element_type=\"column\" data-settings=\"{&quot;background_background&quot;:&quot;classic&quot;}\">\n\t\t\t<div class=\"elementor-widget-wrap elementor-element-populated\">\n\t\t\t\t\t\t<div class=\"elementor-element elementor-element-3e10bd9 elementor-widget elementor-widget-heading\" data-id=\"3e10bd9\" data-element_type=\"widget\" data-widget_type=\"heading.default\">\n\t\t\t\t<div class=\"elementor-widget-container\">\n\t\t\t\t\t<h1 class=\"elementor-heading-title elementor-size-default\">PROSTAT KANSER\u0130 FOKAL TEDAV\u0130 (NANOKNIFE TEKN\u0130\u011e\u0130 \u0130LE)<\/h1>\t\t\t\t<\/div>\n\t\t\t\t<\/div>\n\t\t\t\t\t<\/div>\n\t\t<\/div>\n\t\t\t\t\t<\/div>\n\t\t<\/section>\n\t\t\t\t<section class=\"elementor-section elementor-top-section elementor-element elementor-element-4b2000f elementor-section-boxed elementor-section-height-default elementor-section-height-default\" data-id=\"4b2000f\" data-element_type=\"section\">\n\t\t\t\t\t\t<div class=\"elementor-container elementor-column-gap-default\">\n\t\t\t\t\t<div class=\"elementor-column elementor-col-100 elementor-top-column elementor-element elementor-element-f3deed0\" data-id=\"f3deed0\" data-element_type=\"column\">\n\t\t\t<div class=\"elementor-widget-wrap elementor-element-populated\">\n\t\t\t\t\t\t<div class=\"elementor-element elementor-element-c2aecd8 elementor-widget elementor-widget-video\" data-id=\"c2aecd8\" data-element_type=\"widget\" data-settings=\"{&quot;youtube_url&quot;:&quot;https:\\\/\\\/youtu.be\\\/ck7_U8UIqzQ&quot;,&quot;end&quot;:50,&quot;yt_privacy&quot;:&quot;yes&quot;,&quot;video_type&quot;:&quot;youtube&quot;}\" data-widget_type=\"video.default\">\n\t\t\t\t<div class=\"elementor-widget-container\">\n\t\t\t\t\t\t\t<div class=\"elementor-wrapper elementor-open-inline\">\n\t\t\t<div class=\"elementor-video\"><\/div>\t\t<\/div>\n\t\t\t\t\t\t<\/div>\n\t\t\t\t<\/div>\n\t\t\t\t\t<\/div>\n\t\t<\/div>\n\t\t\t\t\t<\/div>\n\t\t<\/section>\n\t\t\t\t<section class=\"elementor-section elementor-top-section elementor-element elementor-element-e6dca64 elementor-section-boxed elementor-section-height-default elementor-section-height-default\" data-id=\"e6dca64\" data-element_type=\"section\">\n\t\t\t\t\t\t<div class=\"elementor-container elementor-column-gap-default\">\n\t\t\t\t\t<div class=\"elementor-column elementor-col-100 elementor-top-column elementor-element elementor-element-356690f\" data-id=\"356690f\" data-element_type=\"column\" data-settings=\"{&quot;background_background&quot;:&quot;classic&quot;,&quot;background_motion_fx_motion_fx_scrolling&quot;:&quot;yes&quot;,&quot;background_motion_fx_devices&quot;:[&quot;desktop&quot;,&quot;tablet&quot;,&quot;mobile&quot;]}\">\n\t\t\t<div class=\"elementor-widget-wrap elementor-element-populated\">\n\t\t\t\t\t\t<div class=\"elementor-element elementor-element-d2d9142 elementor-widget elementor-widget-text-editor\" data-id=\"d2d9142\" data-element_type=\"widget\" data-widget_type=\"text-editor.default\">\n\t\t\t\t<div class=\"elementor-widget-container\">\n\t\t\t\t\t\t\t\t\t<p><strong>\u2018Fokal tedaviler i\u00e7in uygun hasta se\u00e7imi ve i\u015flem sonras\u0131 takip i\u00e7in en geli\u015fmi\u015f g\u00f6r\u00fcnt\u00fcleme tekniklerini (3T mpMRI, MR-f\u00fczyon biyopsisi, PSMA-PET\/CT ve PSMA-PET\/MRI verileri) kullan\u0131yoruz.\u2019<\/strong><\/p>\t\t\t\t\t\t\t\t<\/div>\n\t\t\t\t<\/div>\n\t\t\t\t\t<\/div>\n\t\t<\/div>\n\t\t\t\t\t<\/div>\n\t\t<\/section>\n\t\t\t\t<section class=\"elementor-section elementor-top-section elementor-element elementor-element-578fb52b elementor-section-boxed elementor-section-height-default elementor-section-height-default\" data-id=\"578fb52b\" data-element_type=\"section\">\n\t\t\t\t\t\t<div class=\"elementor-container elementor-column-gap-default\">\n\t\t\t\t\t<div class=\"elementor-column elementor-col-100 elementor-top-column elementor-element elementor-element-53b56a30\" data-id=\"53b56a30\" data-element_type=\"column\">\n\t\t\t<div class=\"elementor-widget-wrap elementor-element-populated\">\n\t\t\t\t\t\t<div class=\"elementor-element elementor-element-638bc038 elementor-widget elementor-widget-text-editor\" data-id=\"638bc038\" data-element_type=\"widget\" data-widget_type=\"text-editor.default\">\n\t\t\t\t<div class=\"elementor-widget-container\">\n\t\t\t\t\t\t\t\t\t<p>Kriyoterapi ( <strong>kriyoablasyon<\/strong> olarak da bilinir), prostat kanseri h\u00fccrelerinin yan\u0131 s\u0131ra prostat\u0131n \u00e7o\u011funu dondurmak ve \u00f6ld\u00fcrmek i\u00e7in \u00e7ok so\u011fuk s\u0131cakl\u0131klar\u0131n kullan\u0131lmas\u0131d\u0131r. Kriyoterapi s\u0131ras\u0131nda deriden ve prostata ince metal problar sokulur. Problar, yak\u0131ndaki prostat dokusunun donmas\u0131na neden olan bir gazla doldurulur, <em> <\/em><em>mesane ve \u00fcretra gibi \u00e7evreleyen yap\u0131lar\u0131 korurken<\/em><\/p><p>Kriyoterapi, di\u011fer tedaviler sizin i\u00e7in bir se\u00e7enek de\u011filse, prostat\u0131n bir k\u0131sm\u0131yla s\u0131n\u0131rl\u0131 olan erken evre prostat kanserini tedavi etmek i\u00e7in kullan\u0131labilir. Prostat kanseri i\u00e7in kriyoterapi, kanser ilk tedaviden sonra geri d\u00f6nd\u00fc\u011f\u00fcnde de kullan\u0131labilir.<\/p><p>Ge\u00e7mi\u015fte prostat kanseri i\u00e7in kriyoterapi, di\u011fer prostat kanseri tedavilerinden daha uzun vadeli yan etkilerle ili\u015fkilendirildi. Teknolojideki geli\u015fmeler bu yan etkileri azaltm\u0131\u015ft\u0131r.<\/p><figure class=\"wp-block-image size-full\"><img fetchpriority=\"high\" decoding=\"async\" width=\"496\" height=\"532\" class=\"wp-image-1500\" src=\"https:\/\/prostate.demowpsite.com\/wp-content\/uploads\/2021\/11\/resim.png\" alt=\"\" srcset=\"https:\/\/prostatefocaltherapies.com\/wp-content\/uploads\/2021\/11\/resim.png 496w, https:\/\/prostatefocaltherapies.com\/wp-content\/uploads\/2021\/11\/resim-280x300.png 280w\" sizes=\"(max-width: 496px) 100vw, 496px\" \/><\/figure><p>\u0130nsan dokusu donma noktas\u0131n\u0131n alt\u0131ndaki s\u0131cakl\u0131klara maruz kald\u0131\u011f\u0131nda doku hasar\u0131n\u0131n meydana geldi\u011fi iyi bilinmektedir. S\u0131cakl\u0131k -7\u00b0 ila -10\u00b0C&#8217;ye d\u00fc\u015ft\u00fc\u011f\u00fcnde h\u00fccre d\u0131\u015f\u0131 su (dokuda ancak h\u00fccrelerin d\u0131\u015f\u0131ndaki su) kristalle\u015fmeye ba\u015flar. Bu da h\u00fccre d\u0131\u015f\u0131 s\u0131v\u0131daki elektrolit konsantrasyonunu artt\u0131r\u0131r ve h\u00fccrelerin i\u00e7inden su \u00e7ekmeye ba\u015flar. S\u0131cakl\u0131k \u00b0-15C&#8217;ye d\u00fc\u015ft\u00fc\u011f\u00fcnde h\u00fccrelerin i\u00e7inde buz kristalleri olu\u015fmaya ba\u015flar. H\u00fccre zarlar\u0131 zarar g\u00f6r\u00fcr ve h\u00fccreler yok edilir. Doku -40\u00b0C&#8217;ye so\u011futuldu\u011funda t\u00fcm metabolik s\u00fcre\u00e7ler durur.<\/p><figure class=\"wp-block-image size-full\"><img decoding=\"async\" width=\"748\" height=\"484\" class=\"wp-image-1501\" src=\"https:\/\/prostate.demowpsite.com\/wp-content\/uploads\/2021\/11\/resim-1.png\" alt=\"\" srcset=\"https:\/\/prostatefocaltherapies.com\/wp-content\/uploads\/2021\/11\/resim-1.png 748w, https:\/\/prostatefocaltherapies.com\/wp-content\/uploads\/2021\/11\/resim-1-300x194.png 300w\" sizes=\"(max-width: 748px) 100vw, 748px\" \/><\/figure><h2><strong>Klinik Uygulamada Kriyoablasyon<\/strong><\/h2><p>Prostat\u0131n kriyoablasyonu i\u00e7in orijinal endikasyon, eksternal \u0131\u015f\u0131n radyoterapisi veya brakiterapiden sonra n\u00fcksetmi\u015f prostat kanseri hastalar\u0131nda kurtarma tedavisi i\u00e7indi. Bununla birlikte, \u015fimdi prostat kriyoterapisi, prostat kanserinin birincil tedavisi i\u00e7in de endikedir.<\/p><p>Tipik bir hasta, \u00f6zellikle radyasyonun g\u00fcvenli bir \u015fekilde uygulanmas\u0131n\u0131 engelleyen i\u015feme semptomlar\u0131 olan daha ya\u015fl\u0131 bir hastad\u0131r. Di\u011fer endikasyonlar aras\u0131nda daha d\u00fc\u015f\u00fck riskli kanserler ve cerrahiyi a\u015f\u0131r\u0131 riskli hale getirecek morbiditeleri olan hastalar bulunur.<\/p><h2><strong>neden yap\u0131ld\u0131<\/strong><\/h2><p>Doktorunuz, kanser tedaviniz s\u0131ras\u0131nda farkl\u0131 zamanlarda ve farkl\u0131 nedenlerle bir se\u00e7enek olarak prostat kanseri i\u00e7in kriyoterapi \u00f6nerebilir. Kriyoterapi \u00f6nerilebilir:<\/p><ul><li>Kanseriniz prostat\u0131n\u0131zla s\u0131n\u0131rl\u0131ysa ve di\u011fer tedaviler sizin i\u00e7in bir se\u00e7enek de\u011filse, kanserin ilk tedavisi olarak<\/li><li>\u0130lk tedavinizden sonra geri gelen prostat kanseri tedavisi olarak<br><br><\/li><\/ul><p>A\u015fa\u011f\u0131daki durumlarda prostat kanseri i\u00e7in kriyoterapi genellikle \u00f6nerilmez:<\/p><ul><li>Daha \u00f6nce rektum veya anal kanser ameliyat\u0131 ge\u00e7irmi\u015f olmak<\/li><li>\u0130\u015flem s\u0131ras\u0131nda prostat\u0131n ultrason probu ile izlenmesini zorla\u015ft\u0131ran veya imkans\u0131z hale getiren bir rahats\u0131zl\u0131\u011f\u0131n\u0131z varsa<\/li><li>Rektum veya mesane gibi \u00e7evreleyen doku ve organlara zarar vermeden kriyoterapi ile tedavi edilemeyen b\u00fcy\u00fck bir t\u00fcm\u00f6re sahip olmak<br><br><\/li><\/ul><p>Ara\u015ft\u0131rmac\u0131lar, prostat\u0131n bir b\u00f6l\u00fcm\u00fcn\u00fc tedavi etmek i\u00e7in kriyoterapinin prostatla s\u0131n\u0131rl\u0131 kanser i\u00e7in bir se\u00e7enek olup olmayaca\u011f\u0131n\u0131 ara\u015ft\u0131r\u0131yorlar. Fokal terapi olarak adland\u0131r\u0131lan bu strateji, prostat\u0131n en agresif kanser h\u00fccrelerini i\u00e7eren alan\u0131n\u0131 tan\u0131mlar ve sadece o b\u00f6lgeyi tedavi eder. \u00c7al\u0131\u015fmalar, fokal tedavinin yan etki riskini azaltt\u0131\u011f\u0131n\u0131 bulmu\u015ftur.<\/p><figure class=\"wp-block-image size-full\"><img decoding=\"async\" width=\"536\" height=\"382\" class=\"wp-image-1503\" src=\"https:\/\/prostate.demowpsite.com\/wp-content\/uploads\/2021\/11\/resim-2.png\" alt=\"\" srcset=\"https:\/\/prostatefocaltherapies.com\/wp-content\/uploads\/2021\/11\/resim-2.png 536w, https:\/\/prostatefocaltherapies.com\/wp-content\/uploads\/2021\/11\/resim-2-300x214.png 300w\" sizes=\"(max-width: 536px) 100vw, 536px\" \/><\/figure><p>Bu i\u011fneler, tohumlar\u0131n brakiterapi i\u00e7in yerle\u015ftirildi\u011fi gibi, \u00f6zel bir \u015fablon kullan\u0131larak ultrason rehberli\u011finde skrotum ve rektum aras\u0131ndaki perineal deriden yerle\u015ftirilir. \u0130ki donma-\u00e7\u00f6z\u00fclme d\u00f6ng\u00fcs\u00fc tamamlan\u0131r, bundan sonra mesaneye bir kateter yerle\u015ftirilir. Prostat kriyoterapisinin uygulanmas\u0131 yakla\u015f\u0131k bir saat s\u00fcrer ve sonras\u0131nda \u00e7ok az a\u011fr\u0131 olur. \u0130lk bir veya iki saat boyunca, hasta genellikle yava\u015f yava\u015f da\u011f\u0131lan idrara \u00e7\u0131kma d\u00fcrt\u00fcs\u00fc hissedecektir. \u0130drarda elbette kan olabilir ve belirtildi\u011fi gibi skrotal \u015fi\u015flik \u00e7ok yayg\u0131nd\u0131r ve hastay\u0131 ilgilendirmemelidir. Hastadan alt\u0131 g\u00fcn sonra kateterini \u00e7\u0131karmas\u0131 ve ertesi g\u00fcn i\u015feme denemesi i\u00e7in doktorunuzu g\u00f6rmesi istenecektir. Bazen, \u00f6zellikle \u00f6nceden var olan idrar zorlu\u011fu olanlarda, kateterin ge\u00e7ici olarak de\u011fi\u015ftirilmesi gerekir.<\/p><figure class=\"wp-block-image size-full is-resized\"><img loading=\"lazy\" decoding=\"async\" class=\"wp-image-1504\" src=\"https:\/\/prostate.demowpsite.com\/wp-content\/uploads\/2021\/11\/resim-3.png\" alt=\"\" width=\"552\" height=\"393\" srcset=\"https:\/\/prostatefocaltherapies.com\/wp-content\/uploads\/2021\/11\/resim-3.png 906w, https:\/\/prostatefocaltherapies.com\/wp-content\/uploads\/2021\/11\/resim-3-300x214.png 300w, https:\/\/prostatefocaltherapies.com\/wp-content\/uploads\/2021\/11\/resim-3-768x548.png 768w\" sizes=\"(max-width: 552px) 100vw, 552px\" \/><\/figure><h3><strong>nas\u0131l haz\u0131rlan\u0131rs\u0131n<\/strong><\/h3><p>\u0130\u015flemden bir g\u00fcn \u00f6nce hastaya kinolon antibiyotik (levaquin veya cipro) almaya ba\u015flamas\u0131, ba\u011f\u0131rsak haz\u0131rl\u0131\u011f\u0131 yapmas\u0131 ve d\u00fc\u015f\u00fck lifli bir diyet almas\u0131 talimat\u0131 verilir. \u0130\u015flem g\u00fcn\u00fc ya genel ya da spinal anestezi gereklidir.<\/p><h2><strong>Prostat kanseri i\u00e7in kriyoterapiden<\/strong> <strong>neler bekleyebilirsiniz<\/strong>?<\/h2><p>Prostat kanseri i\u00e7in kriyoterapi hastanede yap\u0131l\u0131r. Sizi uykuya benzer bir duruma sokmak i\u00e7in genel anestezi ad\u0131 verilen bir ila\u00e7 verilebilir. Bazen \u00e7evrenizden haberdar olman\u0131z ancak tedavi alan\u0131nda hi\u00e7bir \u015fey hissetmemeniz i\u00e7in b\u00f6lgesel anestezi kullan\u0131l\u0131r.<\/p><h3><strong>Anestezi etkisini g\u00f6sterdi\u011finde doktorunuz:<\/strong><\/h3><ul><li>Rektumunuza bir ultrason probu yerle\u015ftirir.<br><br><\/li><li>\u0130drar\u0131 v\u00fccuttan d\u0131\u015far\u0131 ta\u015f\u0131yan t\u00fcp\u00fcn (\u00fcretra) i\u00e7ine bir kateter yerle\u015ftirir. \u0130\u015flem s\u0131ras\u0131nda \u00fcretran\u0131n donmas\u0131n\u0131 \u00f6nlemek i\u00e7in kateter bir \u0131s\u0131tma sol\u00fcsyonu ile doldurulur.<br><br><\/li><li>Testis torbas\u0131 ve an\u00fcs (perine) aras\u0131ndaki alandan prostata birka\u00e7 ince metal prob veya i\u011fne sokar.<br><br><\/li><li>\u0130\u011fnelerin do\u011fru yerle\u015ftirilmesini sa\u011flamak i\u00e7in ultrason probu taraf\u0131ndan olu\u015fturulan g\u00f6r\u00fcnt\u00fcleri izler.<br><br><\/li><\/ul><ul><li>Prostat dokusunda donmaya neden olan problar veya i\u011fneler aras\u0131nda dola\u015fan bir gaz serbest b\u0131rak\u0131r.<br><br><\/li><li>\u0130\u011fnelerin s\u0131cakl\u0131\u011f\u0131n\u0131 ve prostat bezindeki donma miktar\u0131n\u0131 izler ve kontrol eder.<br><br><\/li><li>Kriyoterapiden sonra idrar\u0131n bo\u015falt\u0131lmas\u0131na yard\u0131mc\u0131 olmak i\u00e7in alt karn\u0131n\u0131zdan mesanenize bir kateter yerle\u015ftirebilir.<br><br><\/li><\/ul><p><img loading=\"lazy\" decoding=\"async\" class=\"wp-image-1505\" src=\"https:\/\/prostate.demowpsite.com\/wp-content\/uploads\/2021\/11\/resim-4.png\" alt=\"\" width=\"510\" height=\"405\" srcset=\"https:\/\/prostatefocaltherapies.com\/wp-content\/uploads\/2021\/11\/resim-4.png 878w, https:\/\/prostatefocaltherapies.com\/wp-content\/uploads\/2021\/11\/resim-4-300x238.png 300w, https:\/\/prostatefocaltherapies.com\/wp-content\/uploads\/2021\/11\/resim-4-768x611.png 768w\" sizes=\"(max-width: 510px) 100vw, 510px\" \/><\/p><h3>Prostat Kanseri i\u00e7in Kriyoterapi Tedavisinin Yan Etkileri<\/h3><p><strong><em><u style=\"font-size: 20px; color: red;\">&#8220;KOMPLIKASYON ORANLARI, B\u00dcY\u00dcK \u00d6L\u00c7\u00dcDE HASTANIN LEZYONUNUN YERI VE BOYUTUNUN YANI SIRA OPERAT\u00d6R\u00dcN DENEYIMINE DE BA\u011eLIDIR.&#8221;<\/u><\/em><\/strong><\/p><p><strong>Erken Yan Etkiler (Tedaviden Hemen Sonra ve \u0130lk Haftalar):<\/strong><\/p><ul><li><strong>Yorgunluk ve uyu\u015fukluk:<\/strong> Hastalar tedaviden hemen sonra anesteziden yorgun hissedebilir ve v\u00fccut iyile\u015ftik\u00e7e 1-2 hafta boyunca yorgunluk hissetmeye devam edebilirler. Bu normal.<br><br><\/li><\/ul><ul><li><strong>\u0130drar Belirtileri:<\/strong><ul><li>Aciliyet, s\u0131kl\u0131k, gece idrara \u00e7\u0131kmak i\u00e7in kalkma<\/li><li>\u0130drar yaparken rahats\u0131zl\u0131k veya yanma<\/li><li>Prostat \u015fi\u015fmesi ve iltihab\u0131 nedeniyle daha yava\u015f idrar ak\u0131\u015f\u0131<br><br><\/li><\/ul><\/li><li>Bu idrar semptomlar\u0131 tipik olarak 6 ila 8 hafta i\u00e7inde d\u00fczelir, ancak baz\u0131 hastalarda 3 aya kadar s\u00fcrebilir.<br><br><\/li><li>\u00c7o\u011fu hasta 2-3 hafta sonra masa ba\u015f\u0131 \u00e7al\u0131\u015fmaya d\u00f6nebilir ve ilk 4 hafta yorucu aktivitelerden veya kar\u0131n bas\u0131nc\u0131ndan ka\u00e7\u0131nmal\u0131, sonraki 2-3 hafta i\u00e7inde kademeli olarak devam etmelidir.<br><br><\/li><li><strong>\u0130drarda Kan:<\/strong> V\u00fccut \u00f6l\u00fc prostat dokusunu d\u0131\u015far\u0131 att\u0131\u011f\u0131ndan, cilt yaras\u0131nda kabuk olu\u015fumuna benzer \u015fekilde ara s\u0131ra kan, kan p\u0131ht\u0131lar\u0131 veya idrarda doku kal\u0131nt\u0131lar\u0131 yayg\u0131nd\u0131r.<br><br><\/li><li><strong>Enfeksiyon:<\/strong><ul><li>Antibiyotik gerektiren idrar yolu enfeksiyonlar\u0131 ortaya \u00e7\u0131kabilir.<\/li><li>Nadiren testiste enfeksiyonlar (epididimo-or\u015fit) geli\u015febilir.<\/li><li>\u00c7ok nadiren enfeksiyonlar intraven\u00f6z antibiyotik i\u00e7in hastaneye yat\u0131\u015f gerektirebilir.<br><br><\/li><\/ul><\/li><\/ul><p><strong>Ameliyat veya Anesteziye Ba\u011fl\u0131 Nadir Komplikasyonlar:<\/strong><\/p><ul><li>G\u00f6\u011f\u00fcs enfeksiyonlar\u0131<\/li><li>Bacaklarda (derin ven trombozu) veya akci\u011ferlerde (pulmoner emboli) kan p\u0131ht\u0131lar\u0131<\/li><li>Ameliyat s\u0131ras\u0131nda kompresyon \u00e7oraplar\u0131 ve kan suland\u0131r\u0131c\u0131 enjeksiyonlar gibi \u00f6nleyici tedbirler standartt\u0131r.<br><br><\/li><\/ul><h3><strong>Uzun Vadeli Yan Etkiler:<\/strong><\/h3><ul><li><strong>\u0130drar ka\u00e7\u0131rma:<\/strong><ul><li>G\u00fcnde en az bir ped takma ihtiyac\u0131 riski \u00e7ok nadirdir (yakla\u015f\u0131k %0,2-0,5).<\/li><li>T\u00fcm\u00f6r \u00fcriner sfinkter kas\u0131na yak\u0131nsa risk daha y\u00fcksek olabilir; Doktorunuz bunun ge\u00e7erli olup olmad\u0131\u011f\u0131n\u0131 bildirecektir.<\/li><li> <\/li><\/ul><\/li><li><strong>Erektil Disfonksiyon (ED):<\/strong><ul><li>Risk, ne kadar prostat dokusunun tedavi edildi\u011fine ve ba\u015flang\u0131\u00e7taki erektil fonksiyona ba\u011fl\u0131 olarak 5% ila 15% aras\u0131nda de\u011fi\u015fir.<\/li><li>Ba\u015flang\u0131\u00e7 fonksiyonu iyi olan hastalarda %5-10 risk vard\u0131r; Daha k\u00f6t\u00fc fonksiyona sahip olanlar %10-15 risk ta\u015f\u0131r.<\/li><li>Prostat\u0131n her iki taraf\u0131n\u0131 da tedavi etmek riski kabaca iki kat\u0131na \u00e7\u0131kar\u0131r.<br><br><\/li><\/ul><\/li><li><strong>Kuru Orgazm (Seminal S\u0131v\u0131 Yok):<\/strong><ul><li>Ortalama risk yakla\u015f\u0131k %15-20&#8217;dir.<\/li><li>Her iki taraf da tedavi edilirse veya tedavi seminal s\u0131v\u0131 t\u00fcplerinin birle\u015fti\u011fi orta prostata yak\u0131nsa y\u00fcksek risk.<\/li><li>S\u0131v\u0131 mevcut olsa bile, hacim genellikle azal\u0131r.<\/li><li>S\u0131v\u0131 varsa, canl\u0131 sperm i\u00e7erebilir &#8211; hamilelik istenmiyorsa do\u011fum kontrol\u00fc kullan\u0131lmal\u0131d\u0131r.<\/li><li>Kuru orgazm i\u00e7in \u015fu anda etkili bir tedavi yok.<br><br><\/li><\/ul><\/li><li><strong>Ba\u011f\u0131rsak veya Rektal Problemler:<\/strong><ul><li>Uzun s\u00fcreli ba\u011f\u0131rsak sorunlar\u0131 \u00e7ok nadirdir.<\/li><li>Baz\u0131 hastalar tedaviden k\u0131sa bir s\u00fcre sonra kab\u0131zl\u0131k veya ba\u011f\u0131rsak rahats\u0131zl\u0131\u011f\u0131 ya\u015fayabilir ve genellikle h\u0131zla d\u00fczelir.<\/li><li>\u00c7ok nadir (1000&#8217;de 1 &#8211; %0,1) rekto-\u00fcretral fist\u00fcl (rektum ile idrar yolunu birbirine ba\u011flayan bir delik) riski.<\/li><li>Fist\u00fcl olu\u015fursa, iyile\u015fme i\u00e7in uzun s\u00fcreli kateter drenaj\u0131 gerekir; \u0130yile\u015fme ger\u00e7ekle\u015fmezse ameliyat gerekebilir.<br><br><\/li><\/ul><\/li><li><strong>\u00dcretra Daralmas\u0131 (Darl\u0131k):<\/strong><ul><li>Hastalar\u0131n yakla\u015f\u0131k %0,1-1&#8217;inde g\u00f6r\u00fcl\u00fcr.<\/li><li>Genel anestezi alt\u0131nda sistoskopik bir prosed\u00fcrle nekrotik dokunun veya skar dokusunun cerrahi olarak \u00e7\u0131kar\u0131lmas\u0131n\u0131 gerektirebilir.<br><br><\/li><\/ul><\/li><\/ul><h2><strong>Prostat kanseri i\u00e7in kriyoterapi sonras\u0131<\/strong><\/h2><p>Muhtemelen i\u015fleminizin oldu\u011fu g\u00fcn eve gidebilirsiniz veya geceyi hastanede ge\u00e7irebilirsiniz. \u0130yile\u015fmeye izin vermek i\u00e7in kateterin yakla\u015f\u0131k iki hafta yerinde kalmas\u0131 gerekebilir. Enfeksiyonu \u00f6nlemek i\u00e7in size bir antibiyotik de verilebilir.<\/p><p>\u0130\u015flemden sonra \u015funlar\u0131 ya\u015fayabilirsiniz:<\/p><ul><li>Sondalar\u0131n veya i\u011fnelerin yerle\u015ftirildi\u011fi birka\u00e7 g\u00fcn boyunca a\u011fr\u0131 ve morarma<\/li><li>Birka\u00e7 g\u00fcn boyunca idrar\u0131n\u0131zda kan<\/li><li>Genellikle zamanla \u00e7\u00f6z\u00fclen mesanenizi ve ba\u011f\u0131rsaklar\u0131n\u0131z\u0131 bo\u015faltma sorunlar\u0131<br><br><\/li><\/ul><h2><strong>Tedavi sonras\u0131 takip nas\u0131ld\u0131r?<\/strong><\/h2><p>PSA seviyeleri her 3 ayda bir kontrol edilmelidir.<\/p><p>Prostat kanserinizin tedavi edilip edilmedi\u011fini kontrol etmek i\u00e7in tedaviden sonra belirli periyotlarda prostat MR \u00e7ektirirsiniz.<\/p><p>Herhangi bir klinik gereklilik durumunda, do\u011frulamak i\u00e7in prostat biyopsisi kullan\u0131labilir.<\/p><p>Kanser h\u00fccreleri mevcutsa, ikinci bir kriyoterapi tedavisi veya di\u011fer fokal terapi prosed\u00fcrleri kullan\u0131labilir.<\/p>\t\t\t\t\t\t\t\t<\/div>\n\t\t\t\t<\/div>\n\t\t\t\t\t<\/div>\n\t\t<\/div>\n\t\t\t\t\t<\/div>\n\t\t<\/section>\n\t\t\t\t<\/div>\n\t\t","protected":false},"excerpt":{"rendered":"<p>PROSTAT KANSER\u0130 FOKAL TEDAV\u0130 (NANOKNIFE TEKN\u0130\u011e\u0130 \u0130LE) https:\/\/youtu.be\/ck7_U8UIqzQ \u2018Fokal tedaviler i\u00e7in uygun hasta se\u00e7imi ve i\u015flem sonras\u0131 takip i\u00e7in en geli\u015fmi\u015f g\u00f6r\u00fcnt\u00fcleme tekniklerini (3T mpMRI, MR-f\u00fczyon biyopsisi, PSMA-PET\/CT ve PSMA-PET\/MRI verileri) kullan\u0131yoruz.\u2019 Kriyoterapi ( kriyoablasyon olarak da bilinir), prostat kanseri h\u00fccrelerinin yan\u0131 s\u0131ra prostat\u0131n \u00e7o\u011funu dondurmak ve \u00f6ld\u00fcrmek i\u00e7in \u00e7ok so\u011fuk s\u0131cakl\u0131klar\u0131n kullan\u0131lmas\u0131d\u0131r. Kriyoterapi s\u0131ras\u0131nda [&hellip;]<\/p>\n","protected":false},"author":1,"featured_media":0,"parent":0,"menu_order":0,"comment_status":"closed","ping_status":"closed","template":"","meta":{"footnotes":""},"class_list":["post-6674","page","type-page","status-publish","hentry"],"_links":{"self":[{"href":"https:\/\/prostatefocaltherapies.com\/tr\/wp-json\/wp\/v2\/pages\/6674","targetHints":{"allow":["GET"]}}],"collection":[{"href":"https:\/\/prostatefocaltherapies.com\/tr\/wp-json\/wp\/v2\/pages"}],"about":[{"href":"https:\/\/prostatefocaltherapies.com\/tr\/wp-json\/wp\/v2\/types\/page"}],"author":[{"embeddable":true,"href":"https:\/\/prostatefocaltherapies.com\/tr\/wp-json\/wp\/v2\/users\/1"}],"replies":[{"embeddable":true,"href":"https:\/\/prostatefocaltherapies.com\/tr\/wp-json\/wp\/v2\/comments?post=6674"}],"version-history":[{"count":7,"href":"https:\/\/prostatefocaltherapies.com\/tr\/wp-json\/wp\/v2\/pages\/6674\/revisions"}],"predecessor-version":[{"id":7653,"href":"https:\/\/prostatefocaltherapies.com\/tr\/wp-json\/wp\/v2\/pages\/6674\/revisions\/7653"}],"wp:attachment":[{"href":"https:\/\/prostatefocaltherapies.com\/tr\/wp-json\/wp\/v2\/media?parent=6674"}],"curies":[{"name":"wp","href":"https:\/\/api.w.org\/{rel}","templated":true}]}}