{"id":6947,"date":"2025-05-19T18:28:14","date_gmt":"2025-05-19T15:28:14","guid":{"rendered":"https:\/\/prostatefocaltherapies.com\/radyorekurlu-prostat-kanseri-icin-fokal-tedavi\/"},"modified":"2025-09-26T06:30:40","modified_gmt":"2025-09-26T03:30:40","slug":"radyorekurlu-prostat-kanseri-icin-fokal-tedavi","status":"publish","type":"page","link":"https:\/\/prostatefocaltherapies.com\/tr\/radyorekurlu-prostat-kanseri-icin-fokal-tedavi\/","title":{"rendered":"Radyorek\u00fcrl\u00fc Prostat Kanseri i\u00e7in Fokal Tedavi"},"content":{"rendered":"\t\t<div data-elementor-type=\"wp-page\" data-elementor-id=\"6947\" class=\"elementor elementor-6947 elementor-4857\" data-elementor-post-type=\"page\">\n\t\t\t\t\t\t<section class=\"elementor-section elementor-top-section elementor-element elementor-element-c3dba62 elementor-section-boxed elementor-section-height-default elementor-section-height-default\" data-id=\"c3dba62\" data-element_type=\"section\">\n\t\t\t\t\t\t<div class=\"elementor-container elementor-column-gap-default\">\n\t\t\t\t\t<div class=\"elementor-column elementor-col-100 elementor-top-column elementor-element elementor-element-e961236\" data-id=\"e961236\" data-element_type=\"column\" data-settings=\"{&quot;background_background&quot;:&quot;classic&quot;}\">\n\t\t\t<div class=\"elementor-widget-wrap elementor-element-populated\">\n\t\t\t\t\t\t<div class=\"elementor-element elementor-element-46e3f8d elementor-widget elementor-widget-heading\" data-id=\"46e3f8d\" data-element_type=\"widget\" data-widget_type=\"heading.default\">\n\t\t\t\t<div class=\"elementor-widget-container\">\n\t\t\t\t\t<h1 class=\"elementor-heading-title elementor-size-default\">Radyorek\u00fcrl\u00fc Prostat Kanseri i\u00e7in Fokal Tedavi<\/h1>\t\t\t\t<\/div>\n\t\t\t\t<\/div>\n\t\t\t\t\t<\/div>\n\t\t<\/div>\n\t\t\t\t\t<\/div>\n\t\t<\/section>\n\t\t\t\t<section class=\"elementor-section elementor-top-section elementor-element elementor-element-4f4f26a elementor-section-boxed elementor-section-height-default elementor-section-height-default\" data-id=\"4f4f26a\" data-element_type=\"section\">\n\t\t\t\t\t\t<div class=\"elementor-container elementor-column-gap-default\">\n\t\t\t\t\t<div class=\"elementor-column elementor-col-100 elementor-top-column elementor-element elementor-element-fe40e9c\" data-id=\"fe40e9c\" data-element_type=\"column\">\n\t\t\t<div class=\"elementor-widget-wrap elementor-element-populated\">\n\t\t\t\t\t\t<div class=\"elementor-element elementor-element-07f9824 elementor-widget elementor-widget-heading\" data-id=\"07f9824\" data-element_type=\"widget\" data-widget_type=\"heading.default\">\n\t\t\t\t<div class=\"elementor-widget-container\">\n\t\t\t\t\t<h2 class=\"elementor-heading-title elementor-size-default\">Radyasyonla tekrarlayan prostat kanserli bir hastada IRE (Geri D\u00f6n\u00fc\u015f\u00fcms\u00fcz Elektroporasyon) tedavisi \u00f6ncesi ve sonras\u0131 MRG bulgular\u0131<\/h2>\t\t\t\t<\/div>\n\t\t\t\t<\/div>\n\t\t\t\t\t<\/div>\n\t\t<\/div>\n\t\t\t\t\t<\/div>\n\t\t<\/section>\n\t\t\t\t<section class=\"elementor-section elementor-top-section elementor-element elementor-element-4813bd2 elementor-section-boxed elementor-section-height-default elementor-section-height-default\" data-id=\"4813bd2\" data-element_type=\"section\">\n\t\t\t\t\t\t<div class=\"elementor-container elementor-column-gap-default\">\n\t\t\t\t\t<div class=\"elementor-column elementor-col-50 elementor-top-column elementor-element elementor-element-aedd25c\" data-id=\"aedd25c\" data-element_type=\"column\">\n\t\t\t<div class=\"elementor-widget-wrap elementor-element-populated\">\n\t\t\t\t\t\t<div class=\"elementor-element elementor-element-0950c35 elementor-widget elementor-widget-image\" data-id=\"0950c35\" data-element_type=\"widget\" data-widget_type=\"image.default\">\n\t\t\t\t<div class=\"elementor-widget-container\">\n\t\t\t\t\t\t\t\t\t\t\t\t\t\t\t<img fetchpriority=\"high\" decoding=\"async\" width=\"393\" height=\"377\" src=\"https:\/\/prostatefocaltherapies.com\/wp-content\/uploads\/2025\/07\/BEFORE-MRI-findings-before-and-after-IRE.jpg\" class=\"attachment-large size-large wp-image-6165\" alt=\"\" srcset=\"https:\/\/prostatefocaltherapies.com\/wp-content\/uploads\/2025\/07\/BEFORE-MRI-findings-before-and-after-IRE.jpg 393w, https:\/\/prostatefocaltherapies.com\/wp-content\/uploads\/2025\/07\/BEFORE-MRI-findings-before-and-after-IRE-300x288.jpg 300w\" sizes=\"(max-width: 393px) 100vw, 393px\" \/>\t\t\t\t\t\t\t\t\t\t\t\t\t\t\t<\/div>\n\t\t\t\t<\/div>\n\t\t\t\t<div class=\"elementor-element elementor-element-dbe3ac8 elementor-widget elementor-widget-text-editor\" data-id=\"dbe3ac8\" data-element_type=\"widget\" data-widget_type=\"text-editor.default\">\n\t\t\t\t<div class=\"elementor-widget-container\">\n\t\t\t\t\t\t\t\t\t<p><strong>IRE \u0130\u015eLEM\u0130 \u00d6NCES\u0130 (T\u00fcm\u00f6r beyaz bir alan olarak g\u00f6zlenir)<\/strong><\/p>\t\t\t\t\t\t\t\t<\/div>\n\t\t\t\t<\/div>\n\t\t\t\t\t<\/div>\n\t\t<\/div>\n\t\t\t\t<div class=\"elementor-column elementor-col-50 elementor-top-column elementor-element elementor-element-92b163f\" data-id=\"92b163f\" data-element_type=\"column\">\n\t\t\t<div class=\"elementor-widget-wrap elementor-element-populated\">\n\t\t\t\t\t\t<div class=\"elementor-element elementor-element-d71da40 elementor-widget elementor-widget-image\" data-id=\"d71da40\" data-element_type=\"widget\" data-widget_type=\"image.default\">\n\t\t\t\t<div class=\"elementor-widget-container\">\n\t\t\t\t\t\t\t\t\t\t\t\t\t\t\t<img decoding=\"async\" width=\"472\" height=\"378\" src=\"https:\/\/prostatefocaltherapies.com\/wp-content\/uploads\/2025\/07\/AFTER-MRI-findings-before-and-after-IRE.jpg\" class=\"attachment-large size-large wp-image-6166\" alt=\"\" srcset=\"https:\/\/prostatefocaltherapies.com\/wp-content\/uploads\/2025\/07\/AFTER-MRI-findings-before-and-after-IRE.jpg 472w, https:\/\/prostatefocaltherapies.com\/wp-content\/uploads\/2025\/07\/AFTER-MRI-findings-before-and-after-IRE-300x240.jpg 300w\" sizes=\"(max-width: 472px) 100vw, 472px\" \/>\t\t\t\t\t\t\t\t\t\t\t\t\t\t\t<\/div>\n\t\t\t\t<\/div>\n\t\t\t\t<div class=\"elementor-element elementor-element-3b0f767 elementor-widget elementor-widget-text-editor\" data-id=\"3b0f767\" data-element_type=\"widget\" data-widget_type=\"text-editor.default\">\n\t\t\t\t<div class=\"elementor-widget-container\">\n\t\t\t\t\t\t\t\t\t<p><strong>IRE \u0130\u015eLEM\u0130 SONRASI (T\u00fcm\u00f6r tespit edilmedi)<\/strong><\/p>\t\t\t\t\t\t\t\t<\/div>\n\t\t\t\t<\/div>\n\t\t\t\t\t<\/div>\n\t\t<\/div>\n\t\t\t\t\t<\/div>\n\t\t<\/section>\n\t\t\t\t<section class=\"elementor-section elementor-top-section elementor-element elementor-element-ee50955 elementor-section-boxed elementor-section-height-default elementor-section-height-default\" data-id=\"ee50955\" data-element_type=\"section\">\n\t\t\t\t\t\t<div class=\"elementor-container elementor-column-gap-default\">\n\t\t\t\t\t<div class=\"elementor-column elementor-col-100 elementor-top-column elementor-element elementor-element-c95f67e\" data-id=\"c95f67e\" data-element_type=\"column\">\n\t\t\t<div class=\"elementor-widget-wrap elementor-element-populated\">\n\t\t\t\t\t\t<div class=\"elementor-element elementor-element-aa2fbd4 elementor-widget elementor-widget-text-editor\" data-id=\"aa2fbd4\" data-element_type=\"widget\" data-widget_type=\"text-editor.default\">\n\t\t\t\t<div class=\"elementor-widget-container\">\n\t\t\t\t\t\t\t\t\t<p>Radyoterapi sonras\u0131 tekrarlayan prostat kanseri, biyolojik karma\u015f\u0131kl\u0131\u011f\u0131 ve tedaviye yan\u0131t\u0131ndaki de\u011fi\u015fkenlik nedeniyle \u00f6nemli bir klinik zorluk te\u015fkil etmektedir. Y\u00f6netim, hastal\u0131\u011f\u0131n kapsam\u0131n\u0131 ve agresifli\u011fini, hasta sa\u011fl\u0131\u011f\u0131n\u0131 ve \u00f6nceki tedavileri hesaba katan \u00f6zel bir yakla\u015f\u0131m gerektirir. Androjen yoksunlu\u011fu tedavisi (ADT), androjen yollar\u0131n\u0131 hedef alarak kanser b\u00fcy\u00fcmesini bask\u0131layan, b\u00f6lgesel veya uzak n\u00fcks i\u00e7in temel bir tedavi olmaya devam etmektedir. ADT, abirateron veya enzalutamid gibi ikinci nesil ajanlarla birle\u015ftirildi\u011finde ilerlemeyi \u00f6nemli \u00f6l\u00e7\u00fcde geciktirebilir ve semptomlar\u0131 hafifletebilir.   <\/p><p>Metastatik yay\u0131l\u0131m\u0131 olmayan vakalarda, lokal n\u00fcks kurtarma tedavileri ile daha iyi ele al\u0131nabilir. Kurtarma radikal prostatektomi (SRP), se\u00e7ilmi\u015f hastalar i\u00e7in potansiyel olarak iyile\u015ftirici bir se\u00e7enek sunabilirken, stereotaktik v\u00fccut radyoterapisi (SBRT) ve d\u00fc\u015f\u00fck veya y\u00fcksek doz h\u0131zl\u0131 (LDR\/HDR) brakiterapi gibi kurtarma radyasyon teknikleri uygun alternatiflerdir. Kriyoterapi, y\u00fcksek yo\u011funluklu odaklanm\u0131\u015f ultrason (HIFU) ve geri d\u00f6n\u00fc\u015f\u00fcms\u00fcz elektroporasyon (IRE) dahil olmak \u00fczere minimal invaziv yakla\u015f\u0131mlar, fokal kurtarma tedavileri olarak kullan\u0131ld\u0131\u011f\u0131nda umut verici sonu\u00e7lar g\u00f6stermi\u015ftir.  <\/p><p>Yenilik\u00e7i tedavileri ke\u015ffetmek ve klinik ara\u015ft\u0131rmalara kat\u0131lmak, radyo-tekrarlayan hastal\u0131\u011f\u0131 olan hastalar i\u00e7in sonu\u00e7lar\u0131n iyile\u015ftirilmesi ve bak\u0131m\u0131n ki\u015fiselle\u015ftirilmesi a\u00e7\u0131s\u0131ndan hayati \u00f6nem ta\u015f\u0131yor.<\/p><h3><strong>Radyoterapi Sonras\u0131 Lokalize N\u00fcks i\u00e7in Hedefe Y\u00f6nelik Tedaviler<\/strong><\/h3><p>Prostat kanseri i\u00e7in radyoterapi alan yakla\u015f\u0131k be\u015f erkekten biri, kanserin prostat\u0131n kendi i\u00e7inde geri d\u00f6nd\u00fc\u011f\u00fc lokal bir n\u00fcks ya\u015far. Tarihsel olarak, bu t\u00fcr vakalar\u0131n \u00e7o\u011fu, dikkatli bekleme veya hormonal tedavi gibi palyatif yakla\u015f\u0131mlarla y\u00f6netilmi\u015ftir. Hormon tedavisi kanseri 2-3 y\u0131l boyunca kontrol alt\u0131na alabilirken, uzun s\u00fcreli kullan\u0131m\u0131 metabolik sorunlar (diyabet, kardiyovask\u00fcler hastal\u0131k), kemik kayb\u0131, kilo al\u0131m\u0131, jinekomasti ve yorgunluk gibi yan etkilere yol a\u00e7abilir.  <\/p><p>Bu durumlarda prostat\u0131n cerrahi olarak \u00e7\u0131kar\u0131lmas\u0131 (prostatektomi) \u00f6nemli riskler ta\u015f\u0131r. Radyasyondan zarar g\u00f6rm\u00fc\u015f doku fibrotik hale gelir ve ameliyat edilmesi zorla\u015f\u0131r, bu da idrar ka\u00e7\u0131rma (neredeyse t\u00fcm hastalarda), stoma gerektiren ba\u011f\u0131rsak hasar\u0131 (yakla\u015f\u0131k 20&#8217;de 1) ve erektil fonksiyonun tamamen kayb\u0131 gibi komplikasyon olas\u0131l\u0131\u011f\u0131n\u0131 art\u0131r\u0131r. Ek radyasyon benzer toksisite endi\u015feleri ta\u015f\u0131r ve kanser zaten diren\u00e7 g\u00f6stermi\u015fse daha az etkili olabilir.  <\/p><p>Alternatif olarak, kurtarma HIFU, IRE ve kriyoterapi daha az invaziv se\u00e7enekler olarak ortaya \u00e7\u0131km\u0131\u015ft\u0131r. Bu fokal tedaviler, prostat i\u00e7indeki kanserli b\u00f6lgeyi kesin olarak tan\u0131mlamak ve tedavi etmek i\u00e7in g\u00f6r\u00fcnt\u00fcleme (MRI) ve hedefe y\u00f6nelik biyopsiler kullan\u0131r, \u00e7evredeki sa\u011fl\u0131kl\u0131 dokuya verilen zarar\u0131 en aza indirir ve b\u00f6ylece yan etkileri azalt\u0131r. <\/p><p>Birle\u015fik Krall\u0131k&#8217;ta radyoterapi sonras\u0131 n\u00fcks i\u00e7in fokal tedavi g\u00f6ren 356 erke\u011fi kapsayan yak\u0131n tarihli bir ara\u015ft\u0131rma, hastalar\u0131n yakla\u015f\u0131k %75&#8217;inin alt\u0131 y\u0131l sonra progresyonsuz kald\u0131\u011f\u0131n\u0131 ve daha fazla ameliyat veya hormonal tedavi ihtiyac\u0131n\u0131 ortadan kald\u0131rd\u0131\u011f\u0131n\u0131 bildirdi. Tekrarlayan prostat kanserinin orijinal t\u00fcm\u00f6rden daha agresif olma e\u011filiminde oldu\u011fu d\u00fc\u015f\u00fcn\u00fcld\u00fc\u011f\u00fcnde, bu sonu\u00e7lar cesaret vericidir. Ayr\u0131ca, ciddi komplikasyonlar nadirdi ve vakalar\u0131n sadece %0.3&#8217;\u00fcnde ciddi rektal yaralanma meydana geldi.  <\/p><p>\u015eu anda d\u00fcnya \u00e7ap\u0131nda yaln\u0131zca s\u0131n\u0131rl\u0131 say\u0131da merkez HIFU, IRE ve kriyoterapi sunsa da, daha fazla hasta ve doktor daha az yan etki ile etkili tedaviler arad\u0131k\u00e7a bunlar\u0131n kullan\u0131labilirli\u011finin artmas\u0131 bekleniyor.<\/p><p><img decoding=\"async\" class=\"alignnone wp-image-5086 size-full\" src=\"https:\/\/prostatefocaltherapies.com\/wp-content\/uploads\/2025\/07\/Focal-Therapy-for-Radiation-Recurrent-Prostate-Cancer-03.png\" alt=\"\" width=\"854\" height=\"679\" srcset=\"https:\/\/prostatefocaltherapies.com\/wp-content\/uploads\/2025\/07\/Focal-Therapy-for-Radiation-Recurrent-Prostate-Cancer-03.png 854w, https:\/\/prostatefocaltherapies.com\/wp-content\/uploads\/2025\/07\/Focal-Therapy-for-Radiation-Recurrent-Prostate-Cancer-03-300x239.png 300w, https:\/\/prostatefocaltherapies.com\/wp-content\/uploads\/2025\/07\/Focal-Therapy-for-Radiation-Recurrent-Prostate-Cancer-03-768x611.png 768w\" sizes=\"(max-width: 854px) 100vw, 854px\" \/><\/p><h3><strong>Fokal Terapinin Mekanizmas\u0131 ve Gerek\u00e7esi<\/strong><\/h3><p>Radyoterapi sonras\u0131 lokalize n\u00fcks geli\u015fen erkeklerin \u00fc\u00e7te ikisinde, tipik olarak orijinal (indeks) lezyonun b\u00f6lgesinden kaynaklanan tek odakl\u0131 veya tek tarafl\u0131 hastal\u0131k vard\u0131r. Prostat kanseri genellikle multifokaldir, ancak indeks lezyon progresyon ve metastaz\u0131n birincil itici g\u00fcc\u00fcd\u00fcr. \u0130kincil lezyonlar daha az agresif olma e\u011filimindedir ve genellikle uykuda kal\u0131r veya radyoterapi ile etkili bir \u015fekilde ortadan kald\u0131r\u0131l\u0131r.  <\/p><p>Ara\u015ft\u0131rmalar, n\u00fckslerin %89-100&#8217;\u00fcnde kanserin orijinal indeks lezyonun kal\u0131nt\u0131lar\u0131ndan yeniden ortaya \u00e7\u0131kt\u0131\u011f\u0131n\u0131 g\u00f6stermektedir. Bu, prostat\u0131n geri kalan\u0131n\u0131 korurken indeks lezyonu spesifik olarak hedeflemek i\u00e7in HIFU, IRE veya kriyoterapi gibi fokal tedavilerin kullan\u0131lmas\u0131n\u0131n mant\u0131\u011f\u0131n\u0131 desteklemektedir. <\/p><p>Fokal tedaviden \u00f6nce, hastal\u0131\u011f\u0131n prostatla s\u0131n\u0131rl\u0131 oldu\u011funu do\u011frulamak i\u00e7in kapsaml\u0131 g\u00f6r\u00fcnt\u00fcleme (\u00f6rne\u011fin, t\u00fcm v\u00fccut MRI veya PSMA PET\/MRI) gereklidir. Y\u00fcksek kaliteli multiparametrik MRI (mpMRI), PSMA PET\/MRI ve mpMRI k\u0131lavuzlu\u011funda biyopsi, do\u011fru tedavi planlamas\u0131 i\u00e7in kritik \u00f6neme sahiptir. <\/p><p>Tercih etti\u011fimiz strateji, indeks lezyonun bir g\u00fcvenlik marj\u0131 ile ablasyonunu i\u00e7erir. Hastal\u0131\u011f\u0131n boyutuna ba\u011fl\u0131 olarak, kadran, hemi bezi veya t\u00fcm bez ablasyonu da yapabiliriz &#8211; ancak daha geni\u015f tedavi alanlar\u0131 daha y\u00fcksek yan etki riski ile ili\u015fkilidir. <\/p><div id=\"gtx-trans\" style=\"position: absolute; left: 395px; top: 209.913px;\"><div class=\"gtx-trans-icon\"> <\/div><\/div>\t\t\t\t\t\t\t\t<\/div>\n\t\t\t\t<\/div>\n\t\t\t\t\t<\/div>\n\t\t<\/div>\n\t\t\t\t\t<\/div>\n\t\t<\/section>\n\t\t\t\t<section class=\"elementor-section elementor-top-section elementor-element elementor-element-e3d43dc elementor-section-boxed elementor-section-height-default elementor-section-height-default\" data-id=\"e3d43dc\" data-element_type=\"section\">\n\t\t\t\t\t\t<div class=\"elementor-container elementor-column-gap-default\">\n\t\t\t\t\t<div class=\"elementor-column elementor-col-100 elementor-top-column elementor-element elementor-element-af270b9\" data-id=\"af270b9\" data-element_type=\"column\">\n\t\t\t<div class=\"elementor-widget-wrap elementor-element-populated\">\n\t\t\t\t\t\t<div class=\"elementor-element elementor-element-1263063 elementor-widget elementor-widget-image\" data-id=\"1263063\" data-element_type=\"widget\" data-widget_type=\"image.default\">\n\t\t\t\t<div class=\"elementor-widget-container\">\n\t\t\t\t\t\t\t\t\t\t\t\t\t\t\t<img loading=\"lazy\" decoding=\"async\" width=\"800\" height=\"535\" src=\"https:\/\/prostatefocaltherapies.com\/wp-content\/uploads\/2025\/07\/Focal-Therapy-for-Radiation-Recurrent-Prostate-Cancer.jpg\" class=\"attachment-large size-large wp-image-6167\" alt=\"\" srcset=\"https:\/\/prostatefocaltherapies.com\/wp-content\/uploads\/2025\/07\/Focal-Therapy-for-Radiation-Recurrent-Prostate-Cancer.jpg 913w, https:\/\/prostatefocaltherapies.com\/wp-content\/uploads\/2025\/07\/Focal-Therapy-for-Radiation-Recurrent-Prostate-Cancer-300x200.jpg 300w, https:\/\/prostatefocaltherapies.com\/wp-content\/uploads\/2025\/07\/Focal-Therapy-for-Radiation-Recurrent-Prostate-Cancer-768x513.jpg 768w\" sizes=\"(max-width: 800px) 100vw, 800px\" \/>\t\t\t\t\t\t\t\t\t\t\t\t\t\t\t<\/div>\n\t\t\t\t<\/div>\n\t\t\t\t\t<\/div>\n\t\t<\/div>\n\t\t\t\t\t<\/div>\n\t\t<\/section>\n\t\t\t\t<\/div>\n\t\t","protected":false},"excerpt":{"rendered":"<p>Radyorek\u00fcrl\u00fc Prostat Kanseri i\u00e7in Fokal Tedavi Radyasyonla tekrarlayan prostat kanserli bir hastada IRE (Geri D\u00f6n\u00fc\u015f\u00fcms\u00fcz Elektroporasyon) tedavisi \u00f6ncesi ve sonras\u0131 MRG bulgular\u0131 IRE \u0130\u015eLEM\u0130 \u00d6NCES\u0130 (T\u00fcm\u00f6r beyaz bir alan olarak g\u00f6zlenir) IRE \u0130\u015eLEM\u0130 SONRASI (T\u00fcm\u00f6r tespit edilmedi) Radyoterapi sonras\u0131 tekrarlayan prostat kanseri, biyolojik karma\u015f\u0131kl\u0131\u011f\u0131 ve tedaviye yan\u0131t\u0131ndaki de\u011fi\u015fkenlik nedeniyle \u00f6nemli bir klinik zorluk te\u015fkil etmektedir. [&hellip;]<\/p>\n","protected":false},"author":1,"featured_media":0,"parent":0,"menu_order":0,"comment_status":"closed","ping_status":"closed","template":"","meta":{"footnotes":""},"class_list":["post-6947","page","type-page","status-publish","hentry"],"_links":{"self":[{"href":"https:\/\/prostatefocaltherapies.com\/tr\/wp-json\/wp\/v2\/pages\/6947","targetHints":{"allow":["GET"]}}],"collection":[{"href":"https:\/\/prostatefocaltherapies.com\/tr\/wp-json\/wp\/v2\/pages"}],"about":[{"href":"https:\/\/prostatefocaltherapies.com\/tr\/wp-json\/wp\/v2\/types\/page"}],"author":[{"embeddable":true,"href":"https:\/\/prostatefocaltherapies.com\/tr\/wp-json\/wp\/v2\/users\/1"}],"replies":[{"embeddable":true,"href":"https:\/\/prostatefocaltherapies.com\/tr\/wp-json\/wp\/v2\/comments?post=6947"}],"version-history":[{"count":1,"href":"https:\/\/prostatefocaltherapies.com\/tr\/wp-json\/wp\/v2\/pages\/6947\/revisions"}],"predecessor-version":[{"id":6952,"href":"https:\/\/prostatefocaltherapies.com\/tr\/wp-json\/wp\/v2\/pages\/6947\/revisions\/6952"}],"wp:attachment":[{"href":"https:\/\/prostatefocaltherapies.com\/tr\/wp-json\/wp\/v2\/media?parent=6947"}],"curies":[{"name":"wp","href":"https:\/\/api.w.org\/{rel}","templated":true}]}}