{"id":6951,"date":"2025-05-19T16:00:04","date_gmt":"2025-05-19T13:00:04","guid":{"rendered":"https:\/\/prostatefocaltherapies.com\/prostat-kanseri-ile-ilgili-son-yayinlarimiz\/"},"modified":"2025-09-26T06:30:40","modified_gmt":"2025-09-26T03:30:40","slug":"prostat-kanseri-ile-ilgili-son-yayinlarimiz","status":"publish","type":"page","link":"https:\/\/prostatefocaltherapies.com\/tr\/prostat-kanseri-ile-ilgili-son-yayinlarimiz\/","title":{"rendered":"PROSTAT KANSER\u0130 \u0130LE \u0130LG\u0130L\u0130 SON YAYINLARIMIZ"},"content":{"rendered":"\t\t<div data-elementor-type=\"wp-page\" data-elementor-id=\"6951\" class=\"elementor elementor-6951 elementor-4809\" data-elementor-post-type=\"page\">\n\t\t\t\t\t\t<section class=\"elementor-section elementor-top-section elementor-element elementor-element-9b744d6 elementor-section-boxed elementor-section-height-default elementor-section-height-default\" data-id=\"9b744d6\" data-element_type=\"section\">\n\t\t\t\t\t\t<div class=\"elementor-container elementor-column-gap-default\">\n\t\t\t\t\t<div class=\"elementor-column elementor-col-100 elementor-top-column elementor-element elementor-element-03f4606\" data-id=\"03f4606\" data-element_type=\"column\" data-settings=\"{&quot;background_background&quot;:&quot;classic&quot;}\">\n\t\t\t<div class=\"elementor-widget-wrap elementor-element-populated\">\n\t\t\t\t\t\t<div class=\"elementor-element elementor-element-b466565 elementor-widget elementor-widget-heading\" data-id=\"b466565\" data-element_type=\"widget\" data-widget_type=\"heading.default\">\n\t\t\t\t<div class=\"elementor-widget-container\">\n\t\t\t\t\t<h1 class=\"elementor-heading-title elementor-size-default\">PROSTAT KANSER\u0130 \u0130LE \u0130LG\u0130L\u0130 SON YAYINLARIMIZ<\/h1>\t\t\t\t<\/div>\n\t\t\t\t<\/div>\n\t\t\t\t\t<\/div>\n\t\t<\/div>\n\t\t\t\t\t<\/div>\n\t\t<\/section>\n\t\t\t\t<section class=\"elementor-section elementor-top-section elementor-element elementor-element-399c013b elementor-section-boxed elementor-section-height-default elementor-section-height-default\" data-id=\"399c013b\" data-element_type=\"section\">\n\t\t\t\t\t\t<div class=\"elementor-container elementor-column-gap-default\">\n\t\t\t\t\t<div class=\"elementor-column elementor-col-100 elementor-top-column elementor-element elementor-element-346e1d87\" data-id=\"346e1d87\" data-element_type=\"column\">\n\t\t\t<div class=\"elementor-widget-wrap elementor-element-populated\">\n\t\t\t\t\t\t<div class=\"elementor-element elementor-element-e91a342 elementor-widget elementor-widget-text-editor\" data-id=\"e91a342\" data-element_type=\"widget\" data-widget_type=\"text-editor.default\">\n\t\t\t\t<div class=\"elementor-widget-container\">\n\t\t\t\t\t\t\t\t\t<p> <b>1 &#8211; <a href=\"https:\/\/pubmed.ncbi.nlm.nih.gov\/37419773\/\" target=\"_blank\" rel=\"nofollow noopener\" data-saferedirecturl=\"https:\/\/www.google.com\/url?q=https:\/\/pubmed.ncbi.nlm.nih.gov\/37419773\/&amp;source=gmail&amp;ust=1747745795240000&amp;usg=AOvVaw0wxRYishQ83ob35qMl8xqG\">Klinik Lokalize Prostat Kanserinin Tedavisi i\u00e7in Primer T\u00fcm Bez Ablasyonu: Bir Fokal Terapi Derne\u011fi En \u0130yi Uygulama Beyan\u0131.<\/a><\/b><\/p><p>Deivasigamani S, Kotamarti S, Rastinehad AR, Salas RS, de la Rosette JJMCH, Lepor H, Pinto P, Ahmed HU, Gill I, Klotz L, Taneja SS, Emberton M, Lawrentschuk N, Wysock J, Feller JF, Crouzet S, Kumar MP, Seguier D, Adams ES, Michael Z, Abreu A, Jack Tay K, Ward JF, Shinohara K, Katz AE, Villers A,  Chin JL, Stricker PD, Baco E, Macek P, Ahmad AE, Chiu PKF, Crawford ED, Rogers CG, Futterer JJ, Rais-Bahrami S, Robertson CN, Hadaschik B, Marra G, Valerio M, Chong KT, Kasivisvanathan V, Tan WP, Lomas D, Walz J, Guimaraes GC, Mertziotis NI, Becher E, Finelli A, Kasraeian A, Lebastchi AH, Vora A, Rosen MA, <b>Bakir B<\/b>,  Arcot R, Yee S, Netsch C, Meng X, de Reijke TM, Tan YG, Regusci S, Benjamin TGR, Olivares R, Noureldin M, Bianco FJ, Sivaraman A, Kim FJ, Given RW, Dason S, Sheetz TJ, Shoji S, Schulman A, Royce P, Shah TT, Scionti S, Salomon G, Laguna P, Tourinho-Barbosa R, Aminsharifi A, Cathelineau X, Gontero P, Stabile A,  Grummet J, Ledbetter L, Graton M, Stephen Jones J, Polascik TJ; Fokal Terapi Derne\u011fi.Eur Urol. 2023 Aral\u0131k; 84(6):547-560. doi: 10.1016\/j.eururo.2023.06.013. Epub 2023 5 Temmuz PMID: 37419773 \u0130ncelemesi.    <\/p><p><b>2 &#8211; <a href=\"https:\/\/pubmed.ncbi.nlm.nih.gov\/39232094\/\" target=\"_blank\" rel=\"nofollow noopener\" data-saferedirecturl=\"https:\/\/www.google.com\/url?q=https:\/\/pubmed.ncbi.nlm.nih.gov\/39232094\/&amp;source=gmail&amp;ust=1747745795240000&amp;usg=AOvVaw2BJgAMo2jsMBvr6Ezz6bEt\">mpMRI \u00e7a\u011f\u0131nda biyopsi stratejileri: kapsaml\u0131 bir inceleme.<\/a><\/b><\/p><p>Windisch O, Valerio M, Yee CH, Gontero P, <b>Bakir B<\/b>, Kastner C, Ahmed HU, De Nunzio C, de la Rosette J.Prostat Kanseri Prostat Dis. 2024 Eyl\u00fcl 4. doi: 10.1038\/s41391-024-00884-2. Bask\u0131dan \u00f6nce \u00e7evrimi\u00e7i. PMID: 39232094 \u0130ncelemesi.   <\/p><p><b>3 &#8211;<\/b> <b><a href=\"https:\/\/pubmed.ncbi.nlm.nih.gov\/32002569\/\" target=\"_blank\" rel=\"nofollow noopener\" data-saferedirecturl=\"https:\/\/www.google.com\/url?q=https:\/\/pubmed.ncbi.nlm.nih.gov\/32002569\/&amp;source=gmail&amp;ust=1747745795240000&amp;usg=AOvVaw1E50VTT9OyWWI4rJJ8HjGL\">Prostat karsinomunun ekstraprostatik yay\u0131l\u0131m derecesinin de\u011ferlendirilmesinde T2 a\u011f\u0131rl\u0131kl\u0131 g\u00f6r\u00fcnt\u00fclerin rol\u00fc.<\/a><\/b><\/p><p>Onay A, Erta\u015f G, Vural M, \u00c7olak E, Esen T, <b>Bak\u0131r B.<\/b>Abdom Radiol (NY). 2020 Ekim; 45(10):3293-3300. doi: 10.1007\/s00261-020-02419-4.<wbr><\/wbr>PMID: 32002569  <\/p><p><b>4 &#8211; <a href=\"https:\/\/pubmed.ncbi.nlm.nih.gov\/31507143\/\" target=\"_blank\" rel=\"nofollow noopener\" data-saferedirecturl=\"https:\/\/www.google.com\/url?q=https:\/\/pubmed.ncbi.nlm.nih.gov\/31507143\/&amp;source=gmail&amp;ust=1747745795240000&amp;usg=AOvVaw1wG5Vk13N9DGTo7lXUBcoa\">Primer Prostat Lezyonlar\u0131nda GA-68 PSMA PET\/MRI ile Saptanan SUV(max) ve G\u00f6r\u00fcn\u00fcr Dif\u00fczyon Katsay\u0131 De\u011ferlerinin Korelasyonu ve Lenf Nodu Metastaz\u0131ndaki \u00d6nemi: Devam Eden Bir \u00c7al\u0131\u015fman\u0131n \u00d6n Sonu\u00e7lar\u0131.<\/a><\/b><\/p><p>Uslu-Be\u015fli L, <b>Bak\u0131r B<\/b>, Asa S, G\u00fcner E, Demirda\u011f \u00c7, \u015eahin OE, Karayel E, Sa\u011fer MS, Sayman HB, S\u00f6nmezo\u011flu K.Mol G\u00f6r\u00fcnt\u00fcleme Radyon\u00fckl Ther. 2019 Eyl\u00fcl 6;28(3):104-111. doi: 10.4274\/mirt.galenos.2019.<wbr><\/wbr>63825.PMID: 31507143  <\/p><p><b>5 &#8211; <a href=\"https:\/\/pubmed.ncbi.nlm.nih.gov\/36378618\/\" target=\"_blank\" rel=\"nofollow noopener\" data-saferedirecturl=\"https:\/\/www.google.com\/url?q=https:\/\/pubmed.ncbi.nlm.nih.gov\/36378618\/&amp;source=gmail&amp;ust=1747745795240000&amp;usg=AOvVaw3SQYUETAd23NUj2CBQIrlQ\">Yeni tan\u0131 alm\u0131\u015f prostat kanserli hastalarda iskelet metastaz\u0131n\u0131n saptanmas\u0131nda hibrit Ga-68 prostat spesifik membran antijeni PET\/MRG: Her bir par\u00e7an\u0131n tan\u0131sal performansa katk\u0131s\u0131.<\/a><\/b><\/p><p>Asa S, \u00d6zg\u00fcr E, Uslu-Be\u015fli L, \u0130nce B, Sager S, Demirda\u011f C, G\u00fcner E, Sayman HB, <b>Bak\u0131r B<\/b>, S\u00f6nmezo\u011flu K.Nucl Med Kom\u00fcn. 2023 Ocak 1; 44(1):65-73. doi: 10.1097\/MNM.00000000000001637. Epub 2022 Kas\u0131m 16.PMID: 36378618   <\/p><p><b>6 &#8211; <a href=\"https:\/\/pubmed.ncbi.nlm.nih.gov\/34750082\/\" target=\"_blank\" rel=\"nofollow noopener\" data-saferedirecturl=\"https:\/\/www.google.com\/url?q=https:\/\/pubmed.ncbi.nlm.nih.gov\/34750082\/&amp;source=gmail&amp;ust=1747745795240000&amp;usg=AOvVaw0PmYoUFLp8mhjveVPlIjiH\">D\u00fc\u015f\u00fck Riskli Prostat Kanseri Hastalar\u0131nda Radikal Prostatektomide G\u00f6r\u00fcn\u00fcr T\u00fcm\u00f6r\u00fcn (PI-RADS 3) Y\u00fckseltme ve Olumsuz Patoloji \u00dczerindeki Etkisi: Biyopsi \u00c7ekirde\u011fine Dayal\u0131 Bir Analiz.<\/a><\/b><\/p><p>\u00d6zkan A, K\u00f6seo\u011flu E, K\u0131l\u0131\u00e7 M, Baydar DE, Sa\u011fl\u0131can Y, Balbay MD, Canda AE, Kordan Y, Kiremit MC, \u00c7il B, Tu\u011fcu V, <b>Bak\u0131r B<\/b>, Esen T.Clin Genitourin Kanser. 2022 \u015eubat; 20(1):e61-e67. doi: 10.1016\/j.clgc.2021.09.007. Epub 2021 9 Eki PMID: 34750082   <\/p><p><b>7 &#8211; <a href=\"https:\/\/pubmed.ncbi.nlm.nih.gov\/30777210\/\" target=\"_blank\" rel=\"nofollow noopener\" data-saferedirecturl=\"https:\/\/www.google.com\/url?q=https:\/\/pubmed.ncbi.nlm.nih.gov\/30777210\/&amp;source=gmail&amp;ust=1747745795240000&amp;usg=AOvVaw3gSnw5EuAXAjIEVdN4zVYG\">Kaps\u00fcler temas\u0131n patolojik uzunlu\u011funu belirlemek i\u00e7in en uygun multiparametrik manyetik rezonans g\u00f6r\u00fcnt\u00fcleme dizisinin de\u011ferlendirilmesi.<\/a><\/b><\/p><p>Onay A, Vural M, Armutlu A, \u00d6zel Y\u0131ld\u0131z S, Kiremit MC, Esen T, <b>Bak\u0131r B.<\/b>Eur J Radiol. 2019 Mart;112:192-199. doi: 10.1016\/j.ejrad.2019.01.020. Epub 2019 22 Ocak PMID: 30777210<\/p><p><b>8 &#8211;  <a href=\"https:\/\/pubmed.ncbi.nlm.nih.gov\/31670596\/\" target=\"_blank\" rel=\"nofollow noopener\" data-saferedirecturl=\"https:\/\/www.google.com\/url?q=https:\/\/pubmed.ncbi.nlm.nih.gov\/31670596\/&amp;source=gmail&amp;ust=1747745795240000&amp;usg=AOvVaw2MKlGgxSH-l9A9H_UtrDwl\">Prostat Kanserinde Ekstraprostatik Uzatma T\u00fcm\u00f6r Kaps\u00fcl Temas Uzunlu\u011fu \u0130le \u00d6ng\u00f6r\u00fclebilir mi? Uluslararas\u0131 \u00dcrolojik Patoloji Derece Gruplar\u0131 Derne\u011fi ile \u0130li\u015fki.<\/a><\/b><\/p><p><b>Bakir B<\/b>, Onay A, Vural M, Armutlu A, Y\u0131ld\u0131z S\u00d6, Esen T.AJR J Roentgenol. 2020 Mart; 214(3):588-596.  doi: 10.2214\/AJR.19.21828. Epub 2019 31 Ekim.PMID: 31670596<\/p><p><b>9 &#8211; <a href=\"https:\/\/pubmed.ncbi.nlm.nih.gov\/33862674\/\" target=\"_blank\" rel=\"nofollow noopener\" data-saferedirecturl=\"https:\/\/www.google.com\/url?q=https:\/\/pubmed.ncbi.nlm.nih.gov\/33862674\/&amp;source=gmail&amp;ust=1747745795240000&amp;usg=AOvVaw28OaZJc5rdrx1-Xl97jBHo\">Prostat d\u0131\u015f\u0131 ekstansiyon miktar\u0131 ile kaps\u00fcler temas s\u00fcresi aras\u0131ndaki ili\u015fki: MR g\u00f6r\u00fcnt\u00fclerinden ve radikal prostatektomi \u00f6rneklerinden elde edilen performanslar.<\/a><\/b><\/p><p>Onay A, <b>Bak\u0131r B.<\/b>T\u00fcrk J Med Sci. 2021 A\u011fustos 30; 51(4):1940-1952. doi: 10.3906\/sag-2012-55. PMID: <wbr><\/wbr>33862674    <\/p>\t\t\t\t\t\t\t\t<\/div>\n\t\t\t\t<\/div>\n\t\t\t\t\t<\/div>\n\t\t<\/div>\n\t\t\t\t\t<\/div>\n\t\t<\/section>\n\t\t\t\t<\/div>\n\t\t","protected":false},"excerpt":{"rendered":"<p>PROSTAT KANSER\u0130 \u0130LE \u0130LG\u0130L\u0130 SON YAYINLARIMIZ 1 &#8211; Klinik Lokalize Prostat Kanserinin Tedavisi i\u00e7in Primer T\u00fcm Bez Ablasyonu: Bir Fokal Terapi Derne\u011fi En \u0130yi Uygulama Beyan\u0131. Deivasigamani S, Kotamarti S, Rastinehad AR, Salas RS, de la Rosette JJMCH, Lepor H, Pinto P, Ahmed HU, Gill I, Klotz L, Taneja SS, Emberton M, Lawrentschuk N, Wysock [&hellip;]<\/p>\n","protected":false},"author":1,"featured_media":0,"parent":0,"menu_order":0,"comment_status":"closed","ping_status":"closed","template":"","meta":{"footnotes":""},"class_list":["post-6951","page","type-page","status-publish","hentry"],"_links":{"self":[{"href":"https:\/\/prostatefocaltherapies.com\/tr\/wp-json\/wp\/v2\/pages\/6951","targetHints":{"allow":["GET"]}}],"collection":[{"href":"https:\/\/prostatefocaltherapies.com\/tr\/wp-json\/wp\/v2\/pages"}],"about":[{"href":"https:\/\/prostatefocaltherapies.com\/tr\/wp-json\/wp\/v2\/types\/page"}],"author":[{"embeddable":true,"href":"https:\/\/prostatefocaltherapies.com\/tr\/wp-json\/wp\/v2\/users\/1"}],"replies":[{"embeddable":true,"href":"https:\/\/prostatefocaltherapies.com\/tr\/wp-json\/wp\/v2\/comments?post=6951"}],"version-history":[{"count":1,"href":"https:\/\/prostatefocaltherapies.com\/tr\/wp-json\/wp\/v2\/pages\/6951\/revisions"}],"predecessor-version":[{"id":6953,"href":"https:\/\/prostatefocaltherapies.com\/tr\/wp-json\/wp\/v2\/pages\/6951\/revisions\/6953"}],"wp:attachment":[{"href":"https:\/\/prostatefocaltherapies.com\/tr\/wp-json\/wp\/v2\/media?parent=6951"}],"curies":[{"name":"wp","href":"https:\/\/api.w.org\/{rel}","templated":true}]}}