{"id":6996,"date":"2021-10-27T06:22:51","date_gmt":"2021-10-27T03:22:51","guid":{"rendered":"https:\/\/prostatefocaltherapies.com\/prostat-bezi-buyumesi-bph\/"},"modified":"2025-09-26T06:30:59","modified_gmt":"2025-09-26T03:30:59","slug":"prostat-bezi-buyumesi-bph","status":"publish","type":"page","link":"https:\/\/prostatefocaltherapies.com\/tr\/prostat-bezi-buyumesi-bph\/","title":{"rendered":"Prostat Bezi B\u00fcy\u00fcmesi &#8211; BPH"},"content":{"rendered":"\t\t<div data-elementor-type=\"wp-page\" data-elementor-id=\"6996\" class=\"elementor elementor-6996 elementor-790\" data-elementor-post-type=\"page\">\n\t\t\t\t\t\t<section class=\"elementor-section elementor-top-section elementor-element elementor-element-2dd7f59 elementor-section-boxed elementor-section-height-default elementor-section-height-default\" data-id=\"2dd7f59\" data-element_type=\"section\">\n\t\t\t\t\t\t<div class=\"elementor-container elementor-column-gap-default\">\n\t\t\t\t\t<div class=\"elementor-column elementor-col-100 elementor-top-column elementor-element elementor-element-ced88cb\" data-id=\"ced88cb\" data-element_type=\"column\" data-settings=\"{&quot;background_background&quot;:&quot;classic&quot;}\">\n\t\t\t<div class=\"elementor-widget-wrap elementor-element-populated\">\n\t\t\t\t\t\t<div class=\"elementor-element elementor-element-7058cd2 elementor-widget elementor-widget-heading\" data-id=\"7058cd2\" data-element_type=\"widget\" data-widget_type=\"heading.default\">\n\t\t\t\t<div class=\"elementor-widget-container\">\n\t\t\t\t\t<h1 class=\"elementor-heading-title elementor-size-default\"> Prostat Bezi B\u00fcy\u00fcmesi \u2013 BPH<\/h1>\t\t\t\t<\/div>\n\t\t\t\t<\/div>\n\t\t\t\t\t<\/div>\n\t\t<\/div>\n\t\t\t\t\t<\/div>\n\t\t<\/section>\n\t\t\t\t<section class=\"elementor-section elementor-top-section elementor-element elementor-element-74f2ea74 elementor-section-boxed elementor-section-height-default elementor-section-height-default\" data-id=\"74f2ea74\" data-element_type=\"section\">\n\t\t\t\t\t\t<div class=\"elementor-container elementor-column-gap-default\">\n\t\t\t\t\t<div class=\"elementor-column elementor-col-100 elementor-top-column elementor-element elementor-element-404ddadc\" data-id=\"404ddadc\" data-element_type=\"column\">\n\t\t\t<div class=\"elementor-widget-wrap elementor-element-populated\">\n\t\t\t\t\t\t<div class=\"elementor-element elementor-element-e14034e elementor-widget elementor-widget-text-editor\" data-id=\"e14034e\" data-element_type=\"widget\" data-widget_type=\"text-editor.default\">\n\t\t\t\t<div class=\"elementor-widget-container\">\n\t\t\t\t\t\t\t\t\t<h2><strong>Prostat Bezi B\u00fcy\u00fcmesi \u2013 BPH<\/strong><\/h2><p>Prostat b\u00fcy\u00fcmesi olarak da bilinen iyi huylu prostat hiperplazisi (BPH), erkekler ya\u015fland\u0131k\u00e7a s\u0131k g\u00f6r\u00fclen bir durumdur. Prostat, idrar\u0131 ve meniyi v\u00fccuttan d\u0131\u015far\u0131 ta\u015f\u0131yan t\u00fcp olan \u00fcretran\u0131n bir k\u0131sm\u0131n\u0131 \u00e7evreler. B\u00fcy\u00fcm\u00fc\u015f bir prostat bezi, mesaneden idrar ak\u0131\u015f\u0131n\u0131 engellemek gibi rahats\u0131z edici idrar semptomlar\u0131na neden olabilir. Ayr\u0131ca mesane, idrar yolu veya b\u00f6brek sorunlar\u0131na da yol a\u00e7abilir.   <\/p><p>Prostat b\u00fcy\u00fcmesi i\u00e7in ila\u00e7lar, minimal invaziv tedaviler ve cerrahi dahil olmak \u00fczere \u00e7e\u015fitli etkili tedaviler vard\u0131r. Siz ve doktorunuz en iyi se\u00e7ene\u011fi se\u00e7erken semptomlar\u0131n\u0131z\u0131, prostat\u0131n\u0131z\u0131n boyutunu, sahip olabilece\u011finiz di\u011fer sa\u011fl\u0131k ko\u015fullar\u0131n\u0131 ve tercihlerinizi dikkate alacaks\u0131n\u0131z. <\/p><p><img fetchpriority=\"high\" decoding=\"async\" class=\"alignnone wp-image-5131 size-full\" src=\"https:\/\/prostatefocaltherapies.com\/wp-content\/uploads\/2025\/08\/Prostate-Gland-Enlargement-%E2%80%93-BPH-01.png\" alt=\"\" width=\"907\" height=\"483\"><\/p><h3><strong>\u0130yi huylu prostat hiperplazisi (BPH) ne kadar yayg\u0131nd\u0131r?<\/strong><\/h3><p>BPH erkeklerde en s\u0131k g\u00f6r\u00fclen prostat sorunudur. Neredeyse t\u00fcm erkekler ya\u015fland\u0131k\u00e7a bir miktar prostat b\u00fcy\u00fcmesi ya\u015farlar. 60 ya\u015f\u0131na gelindi\u011finde, erkeklerin yakla\u015f\u0131k %50&#8217;sinde baz\u0131 BPH semptomlar\u0131 g\u00f6r\u00fclecektir; 85 ya\u015f\u0131na gelindi\u011finde, yakla\u015f\u0131k %90&#8217;\u0131nda semptomlar olacakt\u0131r. Bu erkeklerin yakla\u015f\u0131k yar\u0131s\u0131nda tedavi gerektiren semptomlar geli\u015fecektir.  <\/p><h2><strong>Belirtiler<\/strong><\/h2><p>Prostat b\u00fcy\u00fcmesi olan ki\u015filerde semptomlar\u0131n \u015fiddeti de\u011fi\u015fir ancak zamanla k\u00f6t\u00fcle\u015fme e\u011filimindedir. BPH&#8217;nin yayg\u0131n belirtileri ve semptomlar\u0131 \u015funlar\u0131 i\u00e7erir:<\/p><ul><li>S\u0131k veya acil idrara \u00e7\u0131kma ihtiyac\u0131<\/li><li>Geceleri artan idrara \u00e7\u0131kma s\u0131kl\u0131\u011f\u0131 (nokt\u00fcri)<\/li><li>\u0130drara ba\u015flamada zorluk<\/li><li>Zay\u0131f idrar ak\u0131\u015f\u0131 veya ba\u015flayan ve duran bir ak\u0131\u015f<\/li><li>\u0130drar\u0131n sonunda top s\u00fcrme<\/li><li>Mesaneyi tamamen bo\u015faltamama<br><br><\/li><\/ul><p>Prostat\u0131n\u0131z\u0131n boyutu her zaman semptomlar\u0131n\u0131z\u0131n \u015fiddetini belirlemez. Prostat\u0131 sadece hafif b\u00fcy\u00fcm\u00fc\u015f baz\u0131 erkeklerde \u00f6nemli semptomlar olabilirken, \u00e7ok b\u00fcy\u00fcm\u00fc\u015f prostat\u0131 olan di\u011ferlerinde sadece k\u00fc\u00e7\u00fck idrar semptomlar\u0131 olabilir. <\/p><p>Baz\u0131 erkeklerde semptomlar zamanla stabilize olabilir ve hatta iyile\u015febilir.<\/p><p>A\u015fa\u011f\u0131daki belirtilerden herhangi birine sahipseniz derhal doktorunuzu g\u00f6rmelisiniz:<\/p><ul><li>\u0130drar yaparken alt kar\u0131n veya genital b\u00f6lgede a\u011fr\u0131<\/li><li>\u0130drar yapamama<\/li><li>Ate\u015f ve\/veya titremenin e\u015flik etti\u011fi a\u011fr\u0131l\u0131 idrara \u00e7\u0131kma<\/li><li>\u0130drarda kan<\/li><\/ul><h2><strong>\u0130yi huylu prostat hiperplazisine (BPH) sahip olmak prostat kanseri riskini art\u0131r\u0131r m\u0131?<\/strong><\/h2><p>Bug\u00fcne kadar yap\u0131lan ara\u015ft\u0131rmalar, BPH&#8217;ye sahip olman\u0131n prostat kanseri geli\u015ftirme riskinizi art\u0131rmad\u0131\u011f\u0131n\u0131 g\u00f6stermektedir. Bununla birlikte, BPH ve prostat kanseri benzer semptomlar\u0131 payla\u015f\u0131r ve BPH&#8217;li bir erkekte te\u015fhis edilmemi\u015f bir kanser mevcut olabilir. <\/p><h2><strong>\u0130yi huylu prostat hiperplazisi (BPH) nas\u0131l te\u015fhis edilir?<\/strong><\/h2><p>Doktorunuz t\u0131bbi ge\u00e7mi\u015finizi g\u00f6zden ge\u00e7irecek ve fizik muayene yapacakt\u0131r.<\/p><p>Durumu te\u015fhis etmeye yard\u0131mc\u0131 olmak i\u00e7in a\u015fa\u011f\u0131dakiler de dahil olmak \u00fczere baz\u0131 testler yap\u0131labilir:<\/p><ul><li>Belirtilerinizin ciddiyetini de\u011ferlendirme<\/li><li>\u0130drar ak\u0131\u015f\u0131n\u0131z\u0131n normale k\u0131yasla ne kadar yava\u015f oldu\u011funu \u00f6l\u00e7mek i\u00e7in bir ak\u0131\u015f \u00e7al\u0131\u015fmas\u0131<\/li><li>\u0130drar yapt\u0131ktan sonra mesanenizde ne kadar idrar kald\u0131\u011f\u0131n\u0131 g\u00f6rmek i\u00e7in i\u015feme sonras\u0131 rezid\u00fcel test (ultrason kullanarak)<\/li><li>Mesanenin i\u00e7ini incelemek i\u00e7in sistoskopi<\/li><\/ul><p><img decoding=\"async\" class=\"alignnone wp-image-5132 size-full\" src=\"https:\/\/prostatefocaltherapies.com\/wp-content\/uploads\/2025\/08\/Prostate-Gland-Enlargement-%E2%80%93-BPH-benign-prostatic-hyperplasia-02.png\" alt=\"\" width=\"582\" height=\"432\"><\/p><h2><strong>Tedavi<\/strong><\/h2><p>Prostat b\u00fcy\u00fcmesi i\u00e7in ila\u00e7lar, minimal invaziv tedaviler ve cerrahi dahil olmak \u00fczere \u00e7ok \u00e7e\u015fitli tedaviler mevcuttur. Sizin i\u00e7in en iyi tedavi, a\u015fa\u011f\u0131dakiler gibi \u00e7e\u015fitli fakt\u00f6rlere ba\u011fl\u0131d\u0131r: <\/p><ul><li>prostat\u0131n\u0131z\u0131n b\u00fcy\u00fckl\u00fc\u011f\u00fc<\/li><li>Ya\u015f\u0131n\u0131z<\/li><li>Genel sa\u011fl\u0131\u011f\u0131n\u0131z<\/li><li>Belirtilerinizin neden oldu\u011fu rahats\u0131zl\u0131k veya rahats\u0131zl\u0131k derecesi<br><br><\/li><\/ul><p>Belirtileriniz tolere edilebilirse, tedaviyi ertelemeyi ve belirtilerinizi izlemeyi se\u00e7ebilirsiniz. Baz\u0131 erkeklerde semptomlar tedavi olmaks\u0131z\u0131n d\u00fczelebilir. <\/p><h3><strong>Ila\u00e7<\/strong><\/h3><p>\u0130la\u00e7, prostat b\u00fcy\u00fcmesinin hafif ila orta dereceli semptomlar\u0131 i\u00e7in en yayg\u0131n tedavidir. Se\u00e7enekler \u015funlar\u0131 i\u00e7erir:<\/p><ul><li><strong>Alfa blokerler<\/strong>: Bu ila\u00e7lar prostattaki mesane boynu kaslar\u0131n\u0131 ve kas liflerini gev\u015feterek idrara \u00e7\u0131kmay\u0131 kolayla\u015ft\u0131r\u0131r. Alfuzosin (Uroxatral), doksazosin (Cardura), tamsulosin (Flomax) ve silodosin (Rapaflo) gibi alfa blokerler, nispeten k\u00fc\u00e7\u00fck prostatlar\u0131 olan erkeklerde genellikle h\u0131zl\u0131 \u00e7al\u0131\u015f\u0131r. Yan etkiler aras\u0131nda ba\u015f d\u00f6nmesi ve meninin penisten \u00e7\u0131kmak yerine mesaneye girdi\u011fi zarars\u0131z bir durum olan retrograd bo\u015falma say\u0131labilir.  <br><br><\/li><li><strong>5-alfa red\u00fcktaz inhibit\u00f6rleri<\/strong>: Bu ila\u00e7lar b\u00fcy\u00fcmeye neden olan hormonal de\u011fi\u015fiklikleri \u00f6nleyerek prostat\u0131 k\u00fc\u00e7\u00fclt\u00fcr. Finasterid (Proscar) ve dutasterid (Avodart) i\u00e7erirler. Bunlar\u0131n etkili olmas\u0131 alt\u0131 aya kadar s\u00fcrebilir. Yan etkiler retrograd ejak\u00fclasyonu i\u00e7erebilir.   <br><br><\/li><li><strong>Kombinasyon tedavisi<\/strong>: Bir ila\u00e7 tek ba\u015f\u0131na etkili de\u011filse, doktorunuz hem alfa bloker hem de 5-alfa red\u00fcktaz inhibit\u00f6r\u00fc kullanman\u0131z\u0131 \u00f6nerebilir.<br><br><\/li><li><strong>Tadalafil (Cialis): \u00c7al\u0131\u015fmalar<\/strong>, genellikle erektil disfonksiyonu tedavi etmek i\u00e7in kullan\u0131lan bu ilac\u0131n prostat b\u00fcy\u00fcmesinin tedavisine de yard\u0131mc\u0131 olabilece\u011fini d\u00fc\u015f\u00fcnd\u00fcrmektedir.<br><br><\/li><\/ul><h3><strong>Minimal invaziv veya cerrahi tedavi<\/strong><\/h3><p>A\u015fa\u011f\u0131daki durumlarda minimal invaziv veya cerrahi tedavi \u00f6nerilebilir:<\/p><ul><li>Orta ila \u015fiddetli semptomlar\u0131n\u0131z var<\/li><li>\u0130la\u00e7lar semptomlar\u0131n\u0131z\u0131 hafifletemez<\/li><li>\u0130drar yolu t\u0131kan\u0131kl\u0131\u011f\u0131n\u0131z, mesane ta\u015flar\u0131n\u0131z, idrar\u0131n\u0131zda kan veya b\u00f6brek problemleriniz var<\/li><li>Kesin bir tedaviyi tercih ediyorsunuz<\/li><\/ul><p>A\u015fa\u011f\u0131daki durumlarda minimal invaziv veya cerrahi tedavi bir se\u00e7enek olmayabilir:<\/p><ul><li>Tedavi edilmemi\u015f idrar yolu enfeksiyonu<\/li><li>\u00dcretra darl\u0131\u011f\u0131 hastal\u0131\u011f\u0131<\/li><li>Prostat radyasyonu veya idrar yolu ameliyat\u0131 \u00f6yk\u00fcs\u00fc<\/li><li>Parkinson hastal\u0131\u011f\u0131 veya multipl skleroz gibi n\u00f6rolojik bir bozukluk<\/li><\/ul><p>T\u00fcm prostat prosed\u00fcrleri baz\u0131 yan etkilere neden olabilir. Prosed\u00fcre ba\u011fl\u0131 olarak, komplikasyonlar \u015funlar\u0131 i\u00e7erebilir: <\/p><ul><li>Retrograd ejak\u00fclasyon<\/li><li>Ge\u00e7ici idrar yapma zorlu\u011fu<\/li><li>\u0130drar yolu enfeksiyonu<\/li><li>Kanama<\/li><li>Erektil disfonksiyon<\/li><li>Nadiren mesane kontrol\u00fcn\u00fcn kayb\u0131 (inkontinans)<\/li><\/ul><p>Minimal invaziv veya cerrahi tedavilerin bir\u00e7ok t\u00fcr\u00fc vard\u0131r:<\/p><h4><strong>Prostat\u0131n trans\u00fcretral rezeksiyonu (TURP)<\/strong><\/h4><p>\u00dcretran\u0131za \u0131\u015f\u0131kl\u0131 bir d\u00fcrb\u00fcn yerle\u015ftirilir ve cerrah prostat\u0131n d\u0131\u015f k\u0131sm\u0131 hari\u00e7 t\u00fcm\u00fcn\u00fc \u00e7\u0131kar\u0131r. TURP genellikle semptomlar\u0131 h\u0131zl\u0131 bir \u015fekilde hafifletir ve \u00e7o\u011fu erkek k\u0131sa s\u00fcre sonra daha g\u00fc\u00e7l\u00fc bir idrar ak\u0131\u015f\u0131na sahip olur. \u0130\u015flem sonras\u0131 mesanenizi bo\u015faltmak i\u00e7in ge\u00e7ici bir kateter gerekebilir. <\/p><p><img decoding=\"async\" class=\"alignnone wp-image-5133 size-full\" src=\"https:\/\/prostatefocaltherapies.com\/wp-content\/uploads\/2025\/08\/Prostate-Gland-Enlargement-%E2%80%93-BPH-03.png\" alt=\"\" width=\"714\" height=\"268\"><\/p><p><strong>Prostat\u0131n trans\u00fcretral insizyonu (TUIP)<\/strong><\/p><p>\u00dcretran\u0131za bir d\u00fcrb\u00fcn yerle\u015ftirilir ve cerrah idrar ak\u0131\u015f\u0131n\u0131 kolayla\u015ft\u0131rmak i\u00e7in prostatta bir veya iki k\u00fc\u00e7\u00fck kesi yapar. Bu prosed\u00fcr, prostatlar\u0131 daha k\u00fc\u00e7\u00fck ila orta derecede b\u00fcy\u00fcm\u00fc\u015f erkekler, \u00f6zellikle de di\u011fer ameliyatlar\u0131 daha riskli hale getiren ba\u015fka sa\u011fl\u0131k sorunlar\u0131 olan erkekler i\u00e7in bir se\u00e7enektir. <\/p><p><img loading=\"lazy\" decoding=\"async\" class=\"alignnone wp-image-5134 size-full\" src=\"https:\/\/prostatefocaltherapies.com\/wp-content\/uploads\/2025\/08\/Prostate-Gland-Enlargement-%E2%80%93-BPH-04.png\" alt=\"\" width=\"444\" height=\"352\"><\/p><p><strong>Trans\u00fcretral mikrodalga termoterapi (TUMT)<\/strong><\/p><p>\u00dcretra yoluyla prostat\u0131n\u0131za \u00f6zel bir elektrot yerle\u015ftirilir. Mikrodalga enerjisi, geni\u015flemi\u015f prostat\u0131n i\u00e7 k\u0131sm\u0131n\u0131 tahrip eder, boyutunu k\u00fc\u00e7\u00fclt\u00fcr ve idrar ak\u0131\u015f\u0131n\u0131 iyile\u015ftirir. TUMT semptomlar\u0131 yaln\u0131zca k\u0131smen hafifletebilir ve sonu\u00e7lar zaman alabilir. Tekrar tedavi gerekebilir, bu nedenle genellikle k\u00fc\u00e7\u00fck prostatl\u0131 \u00f6zel durumlar i\u00e7in ayr\u0131lm\u0131\u015ft\u0131r.   <\/p><p><img loading=\"lazy\" decoding=\"async\" class=\"alignnone wp-image-5135 size-full\" src=\"https:\/\/prostatefocaltherapies.com\/wp-content\/uploads\/2025\/08\/Prostate-Gland-Enlargement-%E2%80%93-BPH-05.png\" alt=\"\" width=\"534\" height=\"336\"><\/p><p><strong>Trans\u00fcretral i\u011fne ablasyonu (TUNA)<\/strong><\/p><p>\u00dcretraya, doktorun prostata i\u011fne yerle\u015ftirmesine izin veren bir d\u00fcrb\u00fcn yerle\u015ftirilir. Radyo dalgalar\u0131, fazla dokuyu \u0131s\u0131tmak ve yok etmek i\u00e7in i\u011fnelerden ge\u00e7er. TUNA g\u00fcn\u00fcm\u00fczde nadiren kullan\u0131lmaktad\u0131r ancak belirli durumlarda bir se\u00e7enek olabilir.  <\/p><p><img loading=\"lazy\" decoding=\"async\" class=\"alignnone wp-image-5139 size-full\" src=\"https:\/\/prostatefocaltherapies.com\/wp-content\/uploads\/2025\/08\/Prostate-Gland-Enlargement-%E2%80%93-BPH-06.png\" alt=\"\" width=\"690\" height=\"466\"><\/p><p><strong>lazer tedavisi<\/strong><\/p><p>Y\u00fcksek enerjili lazerler, fazla prostat dokusunu yok eder veya \u00e7\u0131kar\u0131r. Lazer tedavileri tipik olarak semptomlar\u0131 hemen hafifletir ve lazer d\u0131\u015f\u0131 ameliyatlara g\u00f6re daha d\u00fc\u015f\u00fck yan etki riskine sahiptir. \u00d6zellikle kan inceltici ila\u00e7lar nedeniyle ba\u015fka prosed\u00fcrler ge\u00e7iremeyen erkekler i\u00e7in faydal\u0131d\u0131rlar.  <\/p><p>Lazer tedavisi se\u00e7enekleri \u015funlar\u0131 i\u00e7erir:<\/p><ul><li><strong>Ablatif prosed\u00fcrler<\/strong>: Bunlar idrar ak\u0131\u015f\u0131n\u0131 art\u0131rmak i\u00e7in obstr\u00fcktif prostat dokusunu buharla\u015ft\u0131r\u0131r. \u00d6rnekler aras\u0131nda fotoselektif buharla\u015ft\u0131rma (PVP) ve prostat\u0131n holmium lazer ablasyonu (HoLAP) yer al\u0131r. Bunlar ameliyat sonras\u0131 idrar semptomlar\u0131na neden olabilir ve prosed\u00fcrlerin tekrarlanmas\u0131n\u0131 gerektirebilir.  <\/li><li><strong>En\u00fckleasyon prosed\u00fcrleri<\/strong>: Prostat\u0131n holmium lazer en\u00fckleasyonu (HoLEP) gibi prosed\u00fcrler t\u00fcm obstr\u00fcktif dokuyu \u00e7\u0131kar\u0131r ve yeniden b\u00fcy\u00fcmeyi \u00f6nler. \u00c7\u0131kar\u0131lan doku kanser veya di\u011fer durumlar i\u00e7in test edilebilir. Bunlar a\u00e7\u0131k prostatektomiye benzer.  <\/li><\/ul><p><img loading=\"lazy\" decoding=\"async\" class=\"alignnone wp-image-5140 size-full\" src=\"https:\/\/prostatefocaltherapies.com\/wp-content\/uploads\/2025\/08\/Prostate-Gland-Enlargement-%E2%80%93-BPH-07.png\" alt=\"\" width=\"444\" height=\"444\"><\/p><p><strong>Prostatik \u00fcretral kald\u0131rma (PUL)<\/strong><\/p><p>\u00d6zel implantlar, idrar ak\u0131\u015f\u0131n\u0131 art\u0131rmak i\u00e7in prostat\u0131n kenarlar\u0131n\u0131 s\u0131k\u0131\u015ft\u0131r\u0131r. Alt idrar yolu semptomlar\u0131n\u0131z varsa ve cinsel yan etkilerden endi\u015fe ediyorsan\u0131z bu \u00f6nerilebilir. TURP ile kar\u015f\u0131la\u015ft\u0131r\u0131ld\u0131\u011f\u0131nda, PUL&#8217;un bo\u015falma ve cinsel i\u015flev \u00fczerinde daha az etkisi vard\u0131r.  <\/p><h4><strong>Rezum<\/strong><\/h4><p>Rezum, a\u015f\u0131r\u0131 b\u00fcy\u00fcm\u00fc\u015f prostat dokusunu k\u00fc\u00e7\u00fcltmek i\u00e7in buhar (su buhar\u0131) kullan\u0131larak yap\u0131lan iyi huylu prostat b\u00fcy\u00fcmesi tedavisidir. Genel anestezi olmadan yap\u0131labilir. Geni\u015fleyen dokuya ula\u015fmak i\u00e7in penisin ucundan \u00fcretraya \u00f6zel bir cihaz yerle\u015ftirilir. Fazla dokuyu yok etmek i\u00e7in radyofrekans enerjisi kullan\u0131larak bir i\u011fne arac\u0131l\u0131\u011f\u0131yla buhar verilir. \u0130htiyaca g\u00f6re sa\u011f, sol ve orta loblara uygulanabilir. Her uygulama yakla\u015f\u0131k 9 saniye s\u00fcrer. \u0130\u015flem 10-30 dakika s\u00fcrer ve ayakta tedavi baz\u0131nda yap\u0131labilir.      <\/p><h4><strong>embolizasyon<\/strong><\/h4><p>Bu deneysel prosed\u00fcr, prostata giden veya prostattan kan ak\u0131\u015f\u0131n\u0131 se\u00e7ici olarak bloke ederek b\u00fcz\u00fclmeye yol a\u00e7may\u0131 i\u00e7erir. Etkinli\u011fine ili\u015fkin uzun vadeli veriler hen\u00fcz mevcut de\u011fil. <\/p><h4>FOKAL TERAP\u0130LER (Kriyoablasyon, HIFU, IRE)<\/h4><p>BPH i\u00e7in fokal tedavi, di\u011fer invaziv tekniklerin aksine, penil \u00fcretradan girmeden prostat\u0131n belirli k\u0131s\u0131mlar\u0131n\u0131 ablate etmek (yok etmek) i\u00e7in \u00e7e\u015fitli enerji kaynaklar\u0131 kullan\u0131r.<\/p><p>Bu y\u00f6ntemler, TURP veya HoLEP gibi standart y\u00f6ntemlerle kar\u015f\u0131la\u015ft\u0131r\u0131labilecek \u015fekilde BPH&#8217;yi minimum yan etkiyle etkili bir \u015fekilde tedavi edebilir. \u00d6nemli bir avantaj, darl\u0131k riskini azaltan \u00fcretral m\u00fcdahalelerden ka\u00e7\u0131nmakt\u0131r. <\/p><p>Kullan\u0131lan enerji kaynaklar\u0131 aras\u0131nda Kriyoablasyon, Geri D\u00f6n\u00fc\u015f\u00fcms\u00fcz Elektroporasyon (IRE) ve HIFU bulunur.<\/p><p><strong>Kriyoablasyon<\/strong>: \u0130nce metal problar deriden prostata yerle\u015ftirilir. Bir gaz, yak\u0131ndaki prostat dokusunu dondurur ve sperm kanallar\u0131, sinirler, mesane veya \u00fcretra gibi \u00e7evredeki yap\u0131lara zarar vermeden onu yok eder. <\/p><p><img loading=\"lazy\" decoding=\"async\" class=\"alignnone wp-image-5144 size-full\" src=\"https:\/\/prostatefocaltherapies.com\/wp-content\/uploads\/2025\/08\/Prostate-Gland-Enlargement-%E2%80%93-BPH-08.png\" alt=\"\" width=\"944\" height=\"750\"><\/p><p><strong>IRE (Geri D\u00f6n\u00fc\u015f\u00fcms\u00fcz Elektroporasyon):<\/strong> \u0130nce metal problar deriden prostata sokulur. Problar aras\u0131nda g\u00fc\u00e7l\u00fc elektrik alanlar\u0131 olu\u015fur ve hedeflenen b\u00f6lgelerde h\u00fccre \u00f6l\u00fcm\u00fcne neden olur. Bu, \u00e7evredeki yap\u0131lar\u0131 etkilemeden prostat dokusunu yok eder.  <\/p><p><img loading=\"lazy\" decoding=\"async\" class=\"alignnone wp-image-5148 size-full\" src=\"https:\/\/prostatefocaltherapies.com\/wp-content\/uploads\/2025\/08\/Prostate-Gland-Enlargement-%E2%80%93-BPH-09.png\" alt=\"\" width=\"944\" height=\"563\"><\/p><p><strong>HIFU (Y\u00fcksek Yo\u011funluklu Odaklanm\u0131\u015f Ultrason):<\/strong> Prostat dokusunu \u0131s\u0131tmak ve yok etmek i\u00e7in odaklanm\u0131\u015f ultrason dalgalar\u0131n\u0131 kullan\u0131r. Odak noktas\u0131nda saniyeler i\u00e7inde yakla\u015f\u0131k 90\u00b0C&#8217;ye ula\u015fan \u0131s\u0131, \u00e7evredeki sa\u011fl\u0131kl\u0131 b\u00f6lgelere zarar vermeden dokuyu tahrip eder. <\/p><p><img loading=\"lazy\" decoding=\"async\" class=\"alignnone wp-image-5149 size-full\" src=\"https:\/\/prostatefocaltherapies.com\/wp-content\/uploads\/2025\/08\/Prostate-Gland-Enlargement-%E2%80%93-BPH-10.png\" alt=\"\" width=\"864\" height=\"246\"><\/p><p><strong>A\u00e7\u0131k veya robot yard\u0131ml\u0131 prostatektomi<\/strong><\/p><p>Prostat dokusuna eri\u015fmek ve \u00e7\u0131karmak i\u00e7in alt kar\u0131n b\u00f6lgesinde cerrahi bir kesi yap\u0131l\u0131r. Bu genellikle prostat \u00e7ok b\u00fcy\u00fckse veya mesane hasar\u0131 veya ba\u015fka komplikasyonlar varsa yap\u0131l\u0131r. Genellikle k\u0131sa bir hastanede kal\u0131\u015f s\u00fcresi gerektirir ve daha y\u00fcksek kan transf\u00fczyonu riski ta\u015f\u0131r.  <\/p><h2><strong>Takip<\/strong><\/h2><p>Takip bak\u0131m\u0131, geni\u015flemi\u015f prostat\u0131n\u0131z\u0131 tedavi etmek i\u00e7in kullan\u0131lan \u00f6zel tekni\u011fe ba\u011fl\u0131d\u0131r.<\/p>\t\t\t\t\t\t\t\t<\/div>\n\t\t\t\t<\/div>\n\t\t\t\t\t<\/div>\n\t\t<\/div>\n\t\t\t\t\t<\/div>\n\t\t<\/section>\n\t\t\t\t<\/div>\n\t\t","protected":false},"excerpt":{"rendered":"<p>Prostat Bezi B\u00fcy\u00fcmesi \u2013 BPH Prostat Bezi B\u00fcy\u00fcmesi \u2013 BPH Prostat b\u00fcy\u00fcmesi olarak da bilinen iyi huylu prostat hiperplazisi (BPH), erkekler ya\u015fland\u0131k\u00e7a s\u0131k g\u00f6r\u00fclen bir durumdur. Prostat, idrar\u0131 ve meniyi v\u00fccuttan d\u0131\u015far\u0131 ta\u015f\u0131yan t\u00fcp olan \u00fcretran\u0131n bir k\u0131sm\u0131n\u0131 \u00e7evreler. B\u00fcy\u00fcm\u00fc\u015f bir prostat bezi, mesaneden idrar ak\u0131\u015f\u0131n\u0131 engellemek gibi rahats\u0131z edici idrar semptomlar\u0131na neden olabilir. Ayr\u0131ca [&hellip;]<\/p>\n","protected":false},"author":1,"featured_media":0,"parent":0,"menu_order":0,"comment_status":"closed","ping_status":"closed","template":"","meta":{"footnotes":""},"class_list":["post-6996","page","type-page","status-publish","hentry"],"_links":{"self":[{"href":"https:\/\/prostatefocaltherapies.com\/tr\/wp-json\/wp\/v2\/pages\/6996","targetHints":{"allow":["GET"]}}],"collection":[{"href":"https:\/\/prostatefocaltherapies.com\/tr\/wp-json\/wp\/v2\/pages"}],"about":[{"href":"https:\/\/prostatefocaltherapies.com\/tr\/wp-json\/wp\/v2\/types\/page"}],"author":[{"embeddable":true,"href":"https:\/\/prostatefocaltherapies.com\/tr\/wp-json\/wp\/v2\/users\/1"}],"replies":[{"embeddable":true,"href":"https:\/\/prostatefocaltherapies.com\/tr\/wp-json\/wp\/v2\/comments?post=6996"}],"version-history":[{"count":1,"href":"https:\/\/prostatefocaltherapies.com\/tr\/wp-json\/wp\/v2\/pages\/6996\/revisions"}],"predecessor-version":[{"id":7007,"href":"https:\/\/prostatefocaltherapies.com\/tr\/wp-json\/wp\/v2\/pages\/6996\/revisions\/7007"}],"wp:attachment":[{"href":"https:\/\/prostatefocaltherapies.com\/tr\/wp-json\/wp\/v2\/media?parent=6996"}],"curies":[{"name":"wp","href":"https:\/\/api.w.org\/{rel}","templated":true}]}}