{"id":6997,"date":"2021-10-27T00:20:54","date_gmt":"2021-10-26T21:20:54","guid":{"rendered":"https:\/\/prostatefocaltherapies.com\/bobrek-kanseri-icin-fokal-tedavisi\/"},"modified":"2025-09-26T06:30:59","modified_gmt":"2025-09-26T03:30:59","slug":"bobrek-kanseri-icin-fokal-tedavisi","status":"publish","type":"page","link":"https:\/\/prostatefocaltherapies.com\/tr\/bobrek-kanseri-icin-fokal-tedavisi\/","title":{"rendered":"B\u00f6brek Kanseri \u0130\u00e7in Fokal Tedavisi"},"content":{"rendered":"\t\t<div data-elementor-type=\"wp-page\" data-elementor-id=\"6997\" class=\"elementor elementor-6997 elementor-780\" data-elementor-post-type=\"page\">\n\t\t\t\t\t\t<section class=\"elementor-section elementor-top-section elementor-element elementor-element-e08487c elementor-section-boxed elementor-section-height-default elementor-section-height-default\" data-id=\"e08487c\" data-element_type=\"section\">\n\t\t\t\t\t\t<div class=\"elementor-container elementor-column-gap-default\">\n\t\t\t\t\t<div class=\"elementor-column elementor-col-100 elementor-top-column elementor-element elementor-element-811c1b3\" data-id=\"811c1b3\" data-element_type=\"column\" data-settings=\"{&quot;background_background&quot;:&quot;classic&quot;}\">\n\t\t\t<div class=\"elementor-widget-wrap elementor-element-populated\">\n\t\t\t\t\t\t<div class=\"elementor-element elementor-element-8b8d31d elementor-widget elementor-widget-heading\" data-id=\"8b8d31d\" data-element_type=\"widget\" data-widget_type=\"heading.default\">\n\t\t\t\t<div class=\"elementor-widget-container\">\n\t\t\t\t\t<h1 class=\"elementor-heading-title elementor-size-default\">B\u00f6brek Kanseri \u0130\u00e7in Fokal Tedavisi<\/h1>\t\t\t\t<\/div>\n\t\t\t\t<\/div>\n\t\t\t\t\t<\/div>\n\t\t<\/div>\n\t\t\t\t\t<\/div>\n\t\t<\/section>\n\t\t\t\t<section class=\"elementor-section elementor-top-section elementor-element elementor-element-4cf5b703 elementor-section-boxed elementor-section-height-default elementor-section-height-default\" data-id=\"4cf5b703\" data-element_type=\"section\">\n\t\t\t\t\t\t<div class=\"elementor-container elementor-column-gap-default\">\n\t\t\t\t\t<div class=\"elementor-column elementor-col-100 elementor-top-column elementor-element elementor-element-211a6e46\" data-id=\"211a6e46\" data-element_type=\"column\">\n\t\t\t<div class=\"elementor-widget-wrap elementor-element-populated\">\n\t\t\t\t\t\t<div class=\"elementor-element elementor-element-4be9cb17 elementor-widget elementor-widget-text-editor\" data-id=\"4be9cb17\" data-element_type=\"widget\" data-widget_type=\"text-editor.default\">\n\t\t\t\t<div class=\"elementor-widget-container\">\n\t\t\t\t\t\t\t\t\t<h2><strong>Ameliyats\u0131z B\u00f6brek Kanseri Tedavisi<\/strong><\/h2>\n<h2><img fetchpriority=\"high\" decoding=\"async\" width=\"908\" height=\"606\" class=\"wp-image-781\" src=\"https:\/\/prostatefocaltherapies.com\/wp-content\/uploads\/2021\/10\/resim-1.png\" alt=\"\" srcset=\"https:\/\/prostatefocaltherapies.com\/wp-content\/uploads\/2021\/10\/resim-1.png 908w, https:\/\/prostatefocaltherapies.com\/wp-content\/uploads\/2021\/10\/resim-1-300x200.png 300w, https:\/\/prostatefocaltherapies.com\/wp-content\/uploads\/2021\/10\/resim-1-768x513.png 768w\" sizes=\"(max-width: 908px) 100vw, 908px\" \/><\/h2>\n<p>B\u00f6brek kanseri yayg\u0131n bir kanser t\u00fcr\u00fc de\u011fildir, ancak son y\u0131llarda g\u00f6r\u00fclme s\u0131kl\u0131\u011f\u0131 artm\u0131\u015ft\u0131r; kemoterapi, radyoterapi ve hormon tedavisine diren\u00e7li oldu\u011fu i\u00e7in \u00f6nemlidir. G\u00fcn\u00fcm\u00fczde b\u00f6brek kanserlerinde ana tedavi cerrahi i\u015flemler, b\u00f6brek ve \u00e7evre dokular\u0131n tamam\u0131n\u0131n veya bir k\u0131sm\u0131n\u0131n \u00e7\u0131kar\u0131lmas\u0131 ve hedefe y\u00f6nelik ak\u0131ll\u0131 ila\u00e7lard\u0131r.&nbsp;&nbsp;Ak\u0131ll\u0131 ila\u00e7lar ve imm\u00fcnoterapiler ileri (<sup>4.<\/sup>) evre b\u00f6brek kanserlerinde etkilidir.&nbsp;&nbsp;Ancak altta yatan hastal\u0131klar, b\u00f6brek fonksiyonlar\u0131n\u0131n k\u0131s\u0131tl\u0131 olmas\u0131, tek b\u00f6bre\u011fin olmas\u0131, kanserin b\u00f6brek d\u0131\u015f\u0131na metastaz yapmas\u0131, ileri ya\u015f gibi bir\u00e7ok durumda bu i\u015flemler her zaman uygulanamamaktad\u0131r. Bu nedenle alternatif tedaviler ara\u015ft\u0131r\u0131lmaktad\u0131r.<\/p><p><img decoding=\"async\" width=\"906\" height=\"332\" class=\"wp-image-782\" src=\"https:\/\/prostatefocaltherapies.com\/wp-content\/uploads\/2021\/10\/resim-2.png\" alt=\"\" srcset=\"https:\/\/prostatefocaltherapies.com\/wp-content\/uploads\/2021\/10\/resim-2.png 906w, https:\/\/prostatefocaltherapies.com\/wp-content\/uploads\/2021\/10\/resim-2-300x110.png 300w, https:\/\/prostatefocaltherapies.com\/wp-content\/uploads\/2021\/10\/resim-2-768x281.png 768w\" sizes=\"(max-width: 906px) 100vw, 906px\" \/><\/p>\n<p>G\u00fcn\u00fcm\u00fcz teknolojisindeki geli\u015fmeler sayesinde k\u00fc\u00e7\u00fck b\u00f6brek t\u00fcm\u00f6rlerinde alternatif tedavi y\u00f6ntemlerinin say\u0131s\u0131 artmaktad\u0131r. Bu nedenle b\u00f6brek kanseri tedavileri i\u00e7in \u00e7e\u015fitli y\u00f6ntemler geli\u015ftirilmi\u015ftir. &nbsp;K\u00fc\u00e7\u00fck b\u00f6brek kanserleri bazen s\u0131cak ve so\u011fuk gibi cerrahi olmayan tedavilerle yok edilebilir. Ameliyat i\u00e7in risk olu\u015fturan sa\u011fl\u0131k sorunlar\u0131 olan ki\u015filer i\u00e7in bu i\u015flemler \u00e7ok iyi bir se\u00e7enek olabilir.<\/p>\n<p>Ameliyats\u0131z tedavi se\u00e7enekleri \u015funlar\u0131 i\u00e7erebilir:<\/p>\n<ul>\n<li><strong>Kanser h\u00fccrelerinin dondurularak tedavi edilmesi: kriyoablasyon tedavisi. <\/strong>Kriyoablasyon s\u0131ras\u0131nda, ultrasonografi veya di\u011fer g\u00f6r\u00fcnt\u00fcleme k\u0131lavuzlar\u0131 ile cildinize b\u00f6brek t\u00fcm\u00f6r\u00fcne \u00f6zel i\u00e7i bo\u015f bir i\u011fne sokulur. \u0130\u011fnedeki so\u011fuk gaz kanser h\u00fccrelerini dondurmak i\u00e7in kullan\u0131l\u0131r.<\/li>\n<li><strong>Kanser h\u00fccrelerini \u0131s\u0131tarak tedavi: radyofrekans ablasyon tedavisi (RFA). <\/strong>Radyofrekans ablasyon s\u0131ras\u0131nda, ultrasonografi veya di\u011fer g\u00f6r\u00fcnt\u00fcleme k\u0131lavuzlar\u0131 ile cildinize b\u00f6brek t\u00fcm\u00f6r\u00fcne \u00f6zel bir prob yerle\u015ftirilir. \u0130\u011fneden kanser h\u00fccrelerine bir elektrik ak\u0131m\u0131 uygulanarak h\u00fccrelerin \u0131s\u0131nmas\u0131na veya yanmas\u0131na neden olur.<\/li>\n<\/ul>\n<h2><strong>Radyofrekans Ablasyon Tedavisi (RFA)<\/strong><\/h2><h2><img decoding=\"async\" width=\"908\" height=\"360\" class=\"wp-image-785\" src=\"https:\/\/prostatefocaltherapies.com\/wp-content\/uploads\/2021\/10\/resim-4.png\" alt=\"\" style=\"font-size: 16px;\" srcset=\"https:\/\/prostatefocaltherapies.com\/wp-content\/uploads\/2021\/10\/resim-4.png 908w, https:\/\/prostatefocaltherapies.com\/wp-content\/uploads\/2021\/10\/resim-4-300x119.png 300w, https:\/\/prostatefocaltherapies.com\/wp-content\/uploads\/2021\/10\/resim-4-768x304.png 768w\" sizes=\"(max-width: 908px) 100vw, 908px\" \/><\/h2>\n<p>Radyofrekans ablasyon tedavisi, t\u00fcm\u00f6r\u00fc \u0131s\u0131tmak i\u00e7in y\u00fcksek enerjili radyo dalgalar\u0131n\u0131 kullanan bir tedavi y\u00f6ntemidir. \u0130nce, i\u011fneye benzer bir sonda deriye sokulur ve ucu t\u00fcm\u00f6r\u00fcn i\u00e7ine yerle\u015fene kadar ileri do\u011fru hareket ettirilir. Probun yerle\u015ftirilmesi, ultrasonografi veya CT (Tomografi) taramas\u0131 ile y\u00f6nlendirilir. Yerle\u015ftirildikten sonra, prob ucundan bir elektrik ak\u0131m\u0131 uygulan\u0131r. Bu, t\u00fcm\u00f6r\u00fc \u0131s\u0131t\u0131r ve kanser h\u00fccrelerini yok eder.<\/p>\n<p>RFA tedavisinin amac\u0131, t\u00fcm\u00f6r dokusunu \u00e7ok y\u00fcksek doku s\u0131cakl\u0131\u011f\u0131na \u0131s\u0131tarak t\u00fcm\u00f6r dokusunda h\u00fccre \u00f6l\u00fcm\u00fc ve p\u0131ht\u0131la\u015fma nekrozuna neden olmakt\u0131r. RFA, yumu\u015fak doku t\u00fcm\u00f6rlerinin tedavisi i\u00e7in FDA (ABD G\u0131da ve \u0130la\u00e7 Dairesi) taraf\u0131ndan onaylanm\u0131\u015f bir hipertermik ablasyon tedavi y\u00f6ntemidir. Karaci\u011fer, b\u00f6brek, akci\u011fer, kemik ve meme t\u00fcm\u00f6rlerinde de ba\u015far\u0131yla uygulanabilmektedir.<\/p>\n<p>RFA tedavisi hem laparoskopik hem de perk\u00fctan olarak uygulanabildi\u011finden hastalar minimal invaziv olarak tedavi edilebilir.<\/p>\n<p><strong>Laparoskopik transperitoneal y\u00f6ntemde<\/strong> kolon diseke edildikten sonra t\u00fcm\u00f6r dokusu \u00e7\u0131kar\u0131l\u0131r. T\u00fcm\u00f6r boyutu laparoskopik ultrasonografi probu ile belirlenir. RFA \u00f6ncesi biyopsi 18 G Tru-Cut i\u011fne ile yap\u0131lmal\u0131d\u0131r. RFA probu t\u00fcm\u00f6r y\u00fczeyine dik olarak yerle\u015ftirilir ve di\u015fleri a\u00e7\u0131l\u0131r. RFA probunun di\u015fleri ultrasonografi ile tekrar kontrol edildikten sonra ablasyon yap\u0131ld\u0131. T\u00fcm\u00f6r s\u0131n\u0131r\u0131na 0,5 cm&#8217;ye kadar ablasyon b\u00f6lgesi olu\u015fturulur.<\/p>\n<p><strong>Perk\u00fctan yakla\u015f\u0131m<\/strong> , ultrasonografi veya bilgisayarl\u0131 tomografi e\u015fli\u011finde sedasyon veya genel anestezi alt\u0131nda uygulanabilir. Bilgisayarl\u0131 tomografi e\u015fli\u011finde genel anestezi alt\u0131nda RFA tedavisi daha g\u00fcvenlidir. T\u00fcm\u00f6r boyutu ve uzant\u0131s\u0131 belirlenir. RFA \u00f6ncesinde 18 G Tru-Cut i\u011fne ile t\u00fcm\u00f6r biyopsisi yap\u0131lmal\u0131d\u0131r. RFA probu t\u00fcm\u00f6r dokusuna sokulur ve t\u00fcm\u00f6r dokusuna 0,5 cm&#8217;ye kadar ablasyon b\u00f6lgesi olu\u015fturulur.<\/p>\n<h2><strong>Prosed\u00fcr\u00fcn hangi yayg\u0131n kullan\u0131mlar\u0131 tercih edilir?<\/strong><\/h2><h2><img loading=\"lazy\" decoding=\"async\" width=\"908\" height=\"494\" class=\"wp-image-783\" src=\"https:\/\/prostatefocaltherapies.com\/wp-content\/uploads\/2021\/10\/resim-3.png\" alt=\"\" style=\"font-size: 16px;\" srcset=\"https:\/\/prostatefocaltherapies.com\/wp-content\/uploads\/2021\/10\/resim-3.png 908w, https:\/\/prostatefocaltherapies.com\/wp-content\/uploads\/2021\/10\/resim-3-300x163.png 300w, https:\/\/prostatefocaltherapies.com\/wp-content\/uploads\/2021\/10\/resim-3-768x418.png 768w\" sizes=\"(max-width: 908px) 100vw, 908px\" \/><\/h2>\n<p>Radyofrekans ablasyonu \u00f6ncelikle renal h\u00fccreli karsinomu (b\u00f6brek) tedavi etmek i\u00e7in kullan\u0131l\u0131r.<\/p>\n<p>t\u00fcm\u00f6rler).<\/p>\n<p>Ablasyon, a\u015fa\u011f\u0131daki durumlarda uygulanabilir ve etkili bir tedavi se\u00e7ene\u011fidir:<\/p>\n<ul>\n<li>Tek b\u00f6brekle hayat\u0131na devam eden bireylerde kanser tedavisi i\u00e7in,<\/li>\n<li>Ameliyat i\u00e7in kontrendike olan di\u011fer t\u0131bbi durumlar\u0131 olan hastalarda,<\/li>\n<li>\u0130leri ya\u015fta ve ameliyat sonras\u0131 iyile\u015fmede zorluk ya\u015fayabilecek hastalarda<\/li>\n<li>4 santimetreden k\u00fc\u00e7\u00fck t\u00fcm\u00f6r\u00fc olan hastalarda,<\/li>\n<li>Her iki b\u00f6brekte t\u00fcm\u00f6r bulunan veya birden fazla b\u00f6brek t\u00fcm\u00f6r\u00fcne ailesel yatk\u0131nl\u0131k (aile \u00f6yk\u00fcs\u00fc),<\/li>\n<li>Cerrahi rezeksiyon sonras\u0131 n\u00fckseden t\u00fcm\u00f6r\u00fc olan hastalar,<\/li>\n<\/ul>\n<p>Ablasyon tedavisi tercih edilir. Ameliyat s\u0131ras\u0131nda kan kayb\u0131n\u0131 azaltmak i\u00e7in ameliyat \u00f6ncesi bir y\u00f6ntem olarak da kullan\u0131labilir.<\/p>\n<h2><strong>Nas\u0131l performans<\/strong><\/h2><h2><img loading=\"lazy\" decoding=\"async\" width=\"908\" height=\"764\" class=\"wp-image-787\" src=\"https:\/\/prostatefocaltherapies.com\/wp-content\/uploads\/2021\/10\/resim-5.png\" alt=\"\" style=\"font-size: 16px;\" srcset=\"https:\/\/prostatefocaltherapies.com\/wp-content\/uploads\/2021\/10\/resim-5.png 908w, https:\/\/prostatefocaltherapies.com\/wp-content\/uploads\/2021\/10\/resim-5-300x252.png 300w, https:\/\/prostatefocaltherapies.com\/wp-content\/uploads\/2021\/10\/resim-5-768x646.png 768w\" sizes=\"(max-width: 908px) 100vw, 908px\" \/><\/h2>\n<p>\u0130lk olarak, i\u015flemden \u00f6nce gece yar\u0131s\u0131ndan sonra hi\u00e7bir \u015fey yememeniz veya i\u00e7memeniz istenecektir. Doktorunuz sabah alman\u0131z gereken ila\u00e7lar\u0131 size s\u00f6yleyecektir. B\u00f6breklerinizin fonksiyonel durumunu ve p\u0131ht\u0131la\u015fma durumunuzu belirlemek i\u00e7in kan\u0131n\u0131z da test edilebilir.<\/p>\n<p>\u0130\u015flem genellikle bir g\u00f6r\u00fcnt\u00fcleme y\u00f6ntemi (USG veya BT) rehberli\u011finde giri\u015fimsel radyoloji odas\u0131nda veya bazen ameliyathanede uzman bir radyolog taraf\u0131ndan ger\u00e7ekle\u015ftirilir. Kad\u0131nlar, hamilelik riski varsa her zaman doktorlar\u0131n\u0131 ve r\u00f6ntgen teknisyenini bilgilendirmelidir. Fetusun radyasyona maruz kalmas\u0131n\u0131 \u00f6nlemek i\u00e7in hamilelik s\u0131ras\u0131nda birka\u00e7 g\u00f6r\u00fcnt\u00fcleme testi kontrendikedir. R\u00f6ntgen gerekliyse, bebe\u011fe radyasyon maruziyetini en aza indirmek i\u00e7in \u00e7e\u015fitli \u00f6nlemler al\u0131nacakt\u0131r.<\/p>\n<p>Ablasyon genellikle ayakta tedavi protokol\u00fc olarak yap\u0131l\u0131r. \u00d6nl\u00fck giymeniz ve i\u015flem masas\u0131na yatman\u0131z istenecektir. Kalp at\u0131\u015f h\u0131z\u0131n\u0131z\u0131, kan bas\u0131nc\u0131n\u0131z\u0131, oksijen seviyenizi ve kalp at\u0131\u015f h\u0131z\u0131n\u0131z\u0131 takip etmek i\u00e7in monit\u00f6rlere ba\u011flanabilirsiniz. Bir hem\u015fire veya teknisyen, intraven\u00f6z (IV) sedasyon ilac\u0131n\u0131 uygulamak i\u00e7in elinizdeki veya kolunuzdaki bir damara intraven\u00f6z bir hat yerle\u015ftirecektir. Baz\u0131 durumlarda, anestezi uzman\u0131 sedasyonunuzu y\u00f6netebilir veya genel anestezi uygulayabilir.<\/p>\n<p>Birka\u00e7 t\u00fcm\u00f6r b\u00f6bre\u011fin idrar toplama alan\u0131na yak\u0131n veya \u00fcreterde bulunur. Bu gibi durumlarda \u00fcrolo\u011funuz \u00fcretran\u0131zdan \u00fcretere ge\u00e7ici bir stent yerle\u015ftirebilir. Ablasyon s\u0131ras\u0131nda, bu yap\u0131lar\u0131 \u0131s\u0131 hasar\u0131na kar\u015f\u0131 korumak i\u00e7in bu stentten so\u011fuk su yava\u015f\u00e7a damlat\u0131l\u0131r. Stent genellikle i\u015flemin sonunda \u00e7\u0131kar\u0131l\u0131r.<\/p>\n<p>\u0130\u011fne giri\u015f alan\u0131 sterilize edilecek ve steril bir \u00f6rt\u00fc ile kapat\u0131lacakt\u0131r. Doktorunuz b\u00f6lgeye lokal anestezi uygulayacakt\u0131r. Bu prosed\u00fcr, b\u00f6lge anestezi olmadan hemen \u00f6nce b\u00f6lgeyi yakabilir veya tahri\u015f edebilir. B\u00f6lgeye \u00e7ok k\u00fc\u00e7\u00fck bir cilt kesisi yap\u0131l\u0131r. Birden fazla i\u011fneye ihtiya\u00e7 duyulursa, birden fazla \u00e7entik yap\u0131labilir.<\/p>\n<p>G\u00f6r\u00fcnt\u00fcleme k\u0131lavuzunun rehberli\u011finde doktorunuz i\u011fne elektrodu deriden ge\u00e7irecek ve t\u00fcm\u00f6rl\u00fc b\u00f6lgeye do\u011fru ilerleyecektir. \u0130\u011fne elektrot yerle\u015ftirildikten sonra enerji uygulan\u0131r. B\u00fcy\u00fck bir t\u00fcm\u00f6r i\u00e7in, geride t\u00fcm\u00f6r dokusu kalmas\u0131n\u0131 \u00f6nlemek i\u00e7in i\u011fne elektrotunu yeniden konumland\u0131rarak veya t\u00fcm\u00f6r\u00fcn farkl\u0131 b\u00f6lgelerine birden fazla i\u011fne sokarak \u00e7oklu ablasyon gerekebilir.<\/p>\n<p>\u0130\u015flem sonunda i\u011fne elektrot \u00e7\u0131kar\u0131l\u0131r ve herhangi bir kanamay\u0131 durdurmak i\u00e7in bas\u0131n\u00e7 uygulan\u0131r ve ciltteki a\u00e7\u0131kl\u0131\u011f\u0131 kapatmak i\u00e7in pansuman yap\u0131l\u0131r. Diki\u015f gerekli de\u011fildir.<\/p>\n<p>Her ablasyon yakla\u015f\u0131k 10 ila 30 dakika s\u00fcrer ve birden fazla ablasyon i\u00e7in ek s\u00fcre gerekir. T\u00fcm s\u00fcre\u00e7 genellikle 1 ila 3 saat s\u00fcrer.<\/p>\n<p><strong>RFA tedavisi sonras\u0131<\/strong> hastalar <sup>6.<\/sup> hafta ve <sup>6.<\/sup> ayda kontrastl\u0131 bilgisayarl\u0131 tomografi, akci\u011fer grafisi, alkalin fosfataz \u00f6l\u00e7\u00fcm\u00fc, karaci\u011fer fonksiyon testleri,&nbsp; y\u0131lda iki kez fizik muayene. RFA&#8217;dan sonraki ilk alt\u0131nc\u0131 haftada manyetik rezonans g\u00f6r\u00fcnt\u00fcleme veya bilgisayarl\u0131 tomografide ablasyon zonunda art\u0131\u015f eksik ablasyon olarak tan\u0131mlan\u0131r. Ablasyon b\u00f6lgesinde n\u00fcks varsa veya eksik ablasyon varsa yeniden ablasyon veya di\u011fer cerrahi tedaviler uygulanabilir.<\/p>\n<h2><strong>RFA y\u00f6nteminin \u00e7e\u015fitli avantajlar\u0131<\/strong><\/h2>\n<ul>\n<li>Ablasyon nispeten h\u0131zl\u0131 bir i\u015flemdir ve iyile\u015fme h\u0131zl\u0131d\u0131r, bu nedenle kemoterapiye ihtiya\u00e7 duyan hastalarda hemen hemen devam edilebilir.<\/li>\n<li>Ablasyon di\u011fer tedavi se\u00e7eneklerine g\u00f6re daha ucuzdur.<\/li>\n<li>Cerrahi bir kesi gerekli de\u011fildir &#8211; diki\u015f gerektirmeyen ciltte k\u00fc\u00e7\u00fck bir \u00e7entik yeterlidir.<\/li>\n<li>Cerrahi tedaviden farkl\u0131 olarak bu i\u015flem b\u00f6bre\u011fi korur.<\/li>\n<li>Kan bas\u0131nc\u0131 \u00fczerinde etkisi yoktur.<\/li>\n<li>Tedavi edilecek b\u00f6lgenin geni\u015fli\u011fine g\u00f6re b\u00f6brek fonksiyonlar\u0131na etkisi olabilir veya olmayabilir.<\/li>\n<\/ul>\n<p><strong>Sonu\u00e7 olarak,<\/strong> geli\u015fen teknolojiye paralel olarak k\u00fc\u00e7\u00fck b\u00f6brek t\u00fcm\u00f6rl\u00fc hastalar\u0131n tedavisinde RFA tedavisi alternatif bir tedavi y\u00f6ntemi olarak kullan\u0131lmaya ba\u015flanm\u0131\u015f ve giderek yayg\u0131nla\u015fmaktad\u0131r.<\/p>\n<p>RFA tedavisi hem laparoskopik hem de perk\u00fctan olarak uygulanarak hastalar\u0131n minimal invaziv tedavi edilmesini sa\u011flar. K\u0131sa iyile\u015fme s\u00fcresi, azalm\u0131\u015f morbidite oran\u0131 ve uzun d\u00f6nem takiplerde g\u00fcvenilir onkolojik bulgular, RFA tedavisinin yayg\u0131n kullan\u0131m\u0131 i\u00e7in olduk\u00e7a umut verici bulgulard\u0131r.<\/p>\n<h2><strong>Kriyoablasyon Y\u00f6ntemi<\/strong><\/h2><h2><img loading=\"lazy\" decoding=\"async\" width=\"908\" height=\"546\" class=\"wp-image-788\" src=\"https:\/\/prostatefocaltherapies.com\/wp-content\/uploads\/2021\/10\/resim-6.png\" alt=\"\" style=\"font-size: 16px;\" srcset=\"https:\/\/prostatefocaltherapies.com\/wp-content\/uploads\/2021\/10\/resim-6.png 908w, https:\/\/prostatefocaltherapies.com\/wp-content\/uploads\/2021\/10\/resim-6-300x180.png 300w, https:\/\/prostatefocaltherapies.com\/wp-content\/uploads\/2021\/10\/resim-6-768x462.png 768w\" sizes=\"(max-width: 908px) 100vw, 908px\" \/><\/h2>\n<p>B\u00f6brek kanseri olan baz\u0131 gruplarda kriyoablasyon ( <strong>yok etmek i\u00e7in dondurmak<\/strong> ) tedavisinin \u00e7ok y\u00fcksek bir etkiye sahip oldu\u011fu g\u00f6r\u00fclmektedir.<\/p>\n<p>Ancak altta yatan hastal\u0131klar, b\u00f6brek fonksiyonlar\u0131n\u0131n k\u0131s\u0131tl\u0131 olmas\u0131, tek b\u00f6bre\u011fin olmas\u0131, kanserin b\u00f6brek d\u0131\u015f\u0131na metastaz yapmas\u0131, ileri ya\u015f gibi bir\u00e7ok durumda bu i\u015flemler her zaman uygulanamamaktad\u0131r. Bu nedenle alternatif tedaviler ara\u015ft\u0131r\u0131lmaktad\u0131r. Aralar\u0131nda,&nbsp; Kriyoablasyon, son y\u0131llarda tan\u0131t\u0131lan ve ba\u015far\u0131l\u0131 sonu\u00e7lar\u0131 olan bir y\u00f6ntemdir. Bu y\u00f6ntemde, ciltte k\u00fc\u00e7\u00fck bir delikten sokulan i\u011fneler yard\u0131m\u0131yla t\u00fcm\u00f6r h\u0131zla so\u011futulur ve dondurularak yok edilir.<\/p>\n<p>B\u00f6brek kanserinde kriyoablasyonun etkinli\u011fini de\u011ferlendiren birka\u00e7 \u00e7al\u0131\u015fman\u0131n 5 y\u0131ll\u0131k b\u00f6brek kanserine \u00f6zg\u00fc sa\u011fkal\u0131m oran\u0131 sonu\u00e7lar\u0131,&nbsp; kriyoablasyon ve parsiyel nefrektomi cerrahisi, b\u00f6bre\u011fin bir k\u0131sm\u0131n\u0131 \u00e7\u0131karma operasyonu. \u0130\u015flemler aras\u0131 yan etkiler kar\u015f\u0131la\u015ft\u0131r\u0131ld\u0131\u011f\u0131nda; 30 g\u00fcnde kriyoablasyon \u00fcrolojik olmayan yan etkiler a\u00e7\u0131s\u0131ndan daha avantajl\u0131yd\u0131. Ayr\u0131ca kriyoablasyonda b\u00f6brek yetmezli\u011fi insidans\u0131 parsiyel nefrektomiye g\u00f6re daha d\u00fc\u015f\u00fck bulundu.<\/p>\n<p><strong>Sonu\u00e7 olarak<\/strong>, kriyoablasyon tekni\u011finin b\u00f6brek kanserli belirli hasta gruplar\u0131n\u0131n tedavisinde \u00e7ok y\u00fcksek etkinlik ve g\u00fcvenlik profiline sahip oldu\u011fu ve klinik pratikte \u00e7ok daha fazla yer almay\u0131 hak etti\u011fi g\u00f6r\u00fclm\u00fc\u015ft\u00fcr. Ancak bu y\u00f6ntem t\u00fcm b\u00f6brek kanserleri i\u00e7in uygun de\u011fildir. 4 cm&#8217;ye kadar olan t\u00fcm\u00f6rlerde etkinlik oran\u0131 yakla\u015f\u0131k %98&#8217;dir, ancak daha b\u00fcy\u00fck t\u00fcm\u00f6rlerde yeterince etkili de\u011fildir. Bu nedenle kriyoablasyon y\u00f6ntemine uygun hasta gruplar\u0131n\u0131n iyi belirlenmesi \u00e7ok \u00f6nemlidir ve deneyimli merkezlerde yap\u0131lmal\u0131d\u0131r.<\/p>\t\t\t\t\t\t\t\t<\/div>\n\t\t\t\t<\/div>\n\t\t\t\t\t<\/div>\n\t\t<\/div>\n\t\t\t\t\t<\/div>\n\t\t<\/section>\n\t\t\t\t<\/div>\n\t\t","protected":false},"excerpt":{"rendered":"<p>B\u00f6brek Kanseri \u0130\u00e7in Fokal Tedavisi Ameliyats\u0131z B\u00f6brek Kanseri Tedavisi B\u00f6brek kanseri yayg\u0131n bir kanser t\u00fcr\u00fc de\u011fildir, ancak son y\u0131llarda g\u00f6r\u00fclme s\u0131kl\u0131\u011f\u0131 artm\u0131\u015ft\u0131r; kemoterapi, radyoterapi ve hormon tedavisine diren\u00e7li oldu\u011fu i\u00e7in \u00f6nemlidir. G\u00fcn\u00fcm\u00fczde b\u00f6brek kanserlerinde ana tedavi cerrahi i\u015flemler, b\u00f6brek ve \u00e7evre dokular\u0131n tamam\u0131n\u0131n veya bir k\u0131sm\u0131n\u0131n \u00e7\u0131kar\u0131lmas\u0131 ve hedefe y\u00f6nelik ak\u0131ll\u0131 ila\u00e7lard\u0131r.&nbsp;&nbsp;Ak\u0131ll\u0131 ila\u00e7lar ve imm\u00fcnoterapiler [&hellip;]<\/p>\n","protected":false},"author":1,"featured_media":0,"parent":0,"menu_order":0,"comment_status":"closed","ping_status":"closed","template":"","meta":{"footnotes":""},"class_list":["post-6997","page","type-page","status-publish","hentry"],"_links":{"self":[{"href":"https:\/\/prostatefocaltherapies.com\/tr\/wp-json\/wp\/v2\/pages\/6997","targetHints":{"allow":["GET"]}}],"collection":[{"href":"https:\/\/prostatefocaltherapies.com\/tr\/wp-json\/wp\/v2\/pages"}],"about":[{"href":"https:\/\/prostatefocaltherapies.com\/tr\/wp-json\/wp\/v2\/types\/page"}],"author":[{"embeddable":true,"href":"https:\/\/prostatefocaltherapies.com\/tr\/wp-json\/wp\/v2\/users\/1"}],"replies":[{"embeddable":true,"href":"https:\/\/prostatefocaltherapies.com\/tr\/wp-json\/wp\/v2\/comments?post=6997"}],"version-history":[{"count":1,"href":"https:\/\/prostatefocaltherapies.com\/tr\/wp-json\/wp\/v2\/pages\/6997\/revisions"}],"predecessor-version":[{"id":7003,"href":"https:\/\/prostatefocaltherapies.com\/tr\/wp-json\/wp\/v2\/pages\/6997\/revisions\/7003"}],"wp:attachment":[{"href":"https:\/\/prostatefocaltherapies.com\/tr\/wp-json\/wp\/v2\/media?parent=6997"}],"curies":[{"name":"wp","href":"https:\/\/api.w.org\/{rel}","templated":true}]}}